{"id":16220,"date":"2023-09-01T17:46:31","date_gmt":"2023-09-01T14:46:31","guid":{"rendered":"https:\/\/www.storycraft.ro\/shop\/?page_id=16220"},"modified":"2023-09-13T13:01:13","modified_gmt":"2023-09-13T10:01:13","slug":"ingerul-cartilor","status":"publish","type":"page","link":"https:\/\/www.storycraft.ro\/shop\/ingerul-cartilor\/","title":{"rendered":"Ingerul cartilor"},"content":{"rendered":"<div class=\"wpb-content-wrapper\"><p>[vc_row][vc_column][vc_zigzag color=&#8221;black&#8221; el_width=&#8221;10&#8243; css=&#8221;.vc_custom_1694599259684{padding-top: 1vw !important;padding-bottom: 1vw !important;}&#8221;][vc_column_text css=&#8221;.vc_custom_1694599228322{padding-right: 8vw !important;padding-left: 8vw !important;}&#8221;]<\/p>\n<h1 style=\"text-align: center;\">\u00cengerul C\u0103r\u021bilor<\/h1>\n<h3 style=\"text-align: center;\"><span style=\"color: #999999;\"><em>Originile editurii StoryCraft Publishing<\/em><\/span><\/h3>\n<p>[\/vc_column_text][\/vc_column][\/vc_row][vc_row][vc_column][vc_separator color=&#8221;white&#8221;][vc_single_image image=&#8221;16403&#8243; img_size=&#8221;large&#8221; alignment=&#8221;center&#8221;][\/vc_column][\/vc_row][vc_row][vc_column][vc_column_text css=&#8221;.vc_custom_1694597500656{padding-right: 12vw !important;padding-left: 12vw !important;}&#8221;]<span style=\"color: #000000;\">Asta este una dintre pove\u0219tile alea care m\u0103 fac s\u0103 \u00eenghit \u00een sec \u0219i s\u0103 mi se umezeasc\u0103 ochii. De\u0219i nu are nimic tragic \u00een ea.\u00a0\u00a0<\/span><\/p>\n<p><span style=\"color: #000000;\"><strong>Toat\u0103 via\u021ba m-am \u00eenconjurat de c\u0103r\u021bi<\/strong>, \u00eenc\u0103 de c\u00e2nd eram copil \u0219i nu ajungeam cu capul la clan\u021b\u0103. Era modul meu de a \u201cevada\u201d din realitatea pe care o aveam, de a imersa \u00een pove\u0219tile pe care le citeam.<\/span><\/p>\n<p><span style=\"color: #000000;\">Oriunde plecam de acas\u0103 pentru mai mult de o zi, \u00eemi umpleam un ghiozdan \u00eentreg cu c\u0103r\u021bi. Eram abonat la mai multe biblioteci deodat\u0103. \u0218i primul lucru pe care \u00eel f\u0103ceam, atunci c\u00e2nd ajungeam la cineva acas\u0103, era s\u0103 m\u0103 postez \u00een fa\u021ba bibliotecii lor, cu capul aplecat la 45 de grade, \u00eencerc\u00e2nd s\u0103 deslu\u0219esc titlurile de pe cotorul c\u0103r\u021bilor.<\/span><\/p>\n<p><span style=\"color: #000000;\"><strong>Biblioteca din casa p\u0103rin\u021bilor mei era una imens\u0103<\/strong>, \u201ccomunist\u0103\u201d, masiv\u0103, plin\u0103 de c\u0103r\u021bi de toate felurile: groase sau sub\u021biri, noi sau jerpelite, \u00eentregi sau cu pagini lips\u0103. Nu conta. \u00cemi f\u0103ceam tabele pe titluri \u0219i autori \u0219i le aranjam \u00een func\u021bie de preferin\u021be (dac\u0103 \u00eemi plac sau nu + c\u00e2teva rafturi cu c\u0103r\u021bile pe care \u00eenc\u0103 nu le citisem).<\/span><\/p>\n<p><span style=\"color: #000000;\">Biblioteca aia era greu de mul\u021bumit, pentru c\u0103 citeam mult (c\u00e2te 3-4-5 c\u0103r\u021bi \u00een paralel, mereu).<\/span><\/p>\n<p><span style=\"color: #000000;\">\u00centr-o zi, cel mai bun prieten pe care \u00eel aveam, cel de la care furam c\u0103r\u021bi de Sandra Brown, m-a anun\u021bat grav:<\/span><\/p>\n<p><span style=\"color: #000000;\">\u201cB\u0103i, facem cur\u0103\u021benie \u00een cas\u0103 \u0219i arunc\u0103m toate c\u0103r\u021bile!\u201d<\/span><\/p>\n<p><span style=\"color: #000000;\"><strong>Am ramas blocat.<\/strong> Mereu \u00eel invidiasem pentru biblioteca lui. El era cel care avea toat\u0103 colec\u021bia cu Sven Hassel, de exemplu. Rafturi \u00eentregi.<\/span><\/p>\n<p><span style=\"color: #000000;\">\u201cCum adic\u0103 le arunca\u021bi?\u201d<\/span><\/p>\n<p><span style=\"color: #000000;\">\u201cPur \u0219i simplu. Ne-am luat mobil\u0103 nou\u0103 \u0219i am pus toate c\u0103r\u021bile din mobila veche \u00een saci.\u201d<\/span><\/p>\n<p><span style=\"color: #000000;\">Am \u00eenghi\u021bit \u00een sec \u0219i i-am spus atunci:<\/span><\/p>\n<p><span style=\"color: #000000;\">\u201cP\u0103i\u2026 nu mi-i dai mie?\u201d<\/span><\/p>\n<p><span style=\"color: #000000;\">\u0218i uite a\u0219a, copilul de \u0219coal\u0103 general\u0103 a \u00eenceput s\u0103 care saci de c\u0103r\u021bi pe str\u0103zile din Ap\u0103r\u0103torii Patriei. Mama lui, care m\u0103 cuno\u0219tea foarte bine, mi-a zis, c\u00e2nd am luat ultimul sac:<\/span><\/p>\n<p><span style=\"color: #000000;\">\u201c\u0218i noi, care voiam s\u0103 \u00eei arunc\u0103m la ghen\u0103. E\u0219ti un fel de \u00eenger al c\u0103r\u021bilor, \u0219tiai asta?\u201d<\/span><\/p>\n<p><strong><span style=\"color: #000000;\">O simpl\u0103 replic\u0103. Dar a r\u0103mas ag\u0103\u021bat\u0103, undeva \u00een spatele creierului.<\/span><\/strong><\/p>\n<p><span style=\"color: #000000;\">\u00cen 2020 aceast\u0103 replic\u0103 s-a materializat \u00eentr-unul dintre cele mai frumoase proiecte care mi-au fost date pe m\u00e2n\u0103. Ne-am adunat o m\u00e2n\u0103 de nebuni, to\u021bi, \u0219i am pus la cale proiectul Storycraft, \u00een plin\u0103 pandemie.\u00a0<\/span><\/p>\n<p><span style=\"color: #000000;\">Au fost mul\u021bi care s-au uitat la noi cu scepticism, iar \u00eenceputul a p\u0103rut c\u0103 le d\u0103 dreptate. Am avut un start ceva mai greu, p\u00e2n\u0103 ne-am reglat procesele, p\u00e2n\u0103 am \u00een\u021beles cum s\u0103 facem lucrurile la un nivel profesionist.\u00a0<\/span><\/p>\n<p><strong><span style=\"color: #000000;\">Dar apoi, cre\u0219terea a fost fulminant\u0103.\u00a0<\/span><\/strong><\/p>\n<p><span style=\"color: #000000;\">Pentru asta a fost nevoie s\u0103 \u00een\u021belegem care sunt problemele de fond, cu care ne confrunt\u0103m:<\/span><\/p>\n<p><span style=\"color: #000000;\">\ud83d\udd0e <strong>autorii<\/strong>, \u00een primul r\u00e2nd, sunt prea pu\u021bin sprijini\u021bi sau proteja\u021bi \u00een pia\u021ba de carte din Rom\u00e2nia;<\/span><\/p>\n<p><span style=\"color: #000000;\">\ud83d\udd0e <strong>nu exist\u0103 meserii care sunt esen\u021biale \u00een pie\u021bele de carte din afar\u0103<\/strong> (sau sunt prea pu\u021bin \u00een\u021belese), cum ar fi cea de agent literar sau de editor consultativ, care face developmental editing;\u00a0<\/span><\/p>\n<p><span style=\"color: #000000;\">\ud83d\udd0e <strong>\u00een Rom\u00e2nia accentul cade mai mult pe stil \u0219i corectur\u0103<\/strong>, mai pu\u021bin pe no\u021biunea de developmental editing \u0219i scene by scene editing, procese de editare consultative \u0219i mult mai implicate \u00een rela\u021bia cu autorul \u0219i \u00een sprijinirea lui;<\/span><\/p>\n<p><span style=\"color: #000000;\">\ud83d\udd0e <strong>autorii nu tr\u0103iesc neap\u0103rat din scris<\/strong> (exist\u0103 o acceptare de facto c\u0103 un artist moare de foame), iar acest lucru \u00eei face destul de predispu\u0219i gre\u0219elilor \u0219i cinismului.<\/span><\/p>\n<p><span style=\"color: #000000;\">De partea cealalt\u0103, pia\u021ba de carte la nivel mondial bate recorduri dup\u0103 recorduri. \u00cen ace\u0219ti ani, contemporani nou\u0103, sunt cele mai multe c\u0103r\u021bi v\u00e2ndute din istorie, la nivel global, an de an. Este o pant\u0103 ascendent\u0103, un consum nemai\u00eent\u00e2lnit, cartea fizic\u0103 fiind, \u00een continuare, cea mai popular\u0103, ca format.\u00a0<\/span><\/p>\n<p><span style=\"color: #000000;\">Primul lucru pe care l-am \u00eenv\u0103\u021bat \u00een editur\u0103 a fost c\u0103 NU ESTE ADEV\u0102RAT C\u0102 OAMENII NU CITESC. Ei citesc chiar foarte mult, dar e nevoie de o mai mare responsabilitate din partea celor care scriu. Iar din partea celor care editeaz\u0103 &#8211; e nevoie de \u00een\u021belegerea rolului extrem de important pe care \u00eel joac\u0103 \u00een economia acestui joc.\u00a0<\/span><\/p>\n<p><span style=\"color: #000000;\"><strong>Pove\u0219tile TREBUIE s\u0103 te lase f\u0103r\u0103 aer<\/strong>, s\u0103 se lase citite cap-coad\u0103, \u00eentr-un timp record, s\u0103 te pun\u0103 pe g\u00e2nduri \u0219i s\u0103 trezeasc\u0103 reac\u021bii emo\u021bionale necontrolate. Au nevoie s\u0103 te fac\u0103 s\u0103 r\u00e2zi, s\u0103 pl\u00e2ngi, s\u0103 oftezi, s\u0103 speri, s\u0103 g\u00e2nde\u0219ti.\u00a0<\/span><\/p>\n<p><span style=\"color: #000000;\">Iar scopul nostru este s\u0103 public\u0103m c\u0103r\u021bi care schimb\u0103 min\u021bi, suflete, destine. C\u0103r\u021bi \u201cespresso\u201d, care se citesc ca \u0219i cum ai da pe g\u00e2t un shot tare de cafea, la prima or\u0103 a dimine\u021bii.<\/span><\/p>\n<p><span style=\"color: #000000;\">Avem cinci elemente pe care ne concentr\u0103m:<\/span>[\/vc_column_text][vc_single_image image=&#8221;16418&#8243; img_size=&#8221;large&#8221; alignment=&#8221;center&#8221;][vc_column_text css=&#8221;.vc_custom_1694597624792{padding-right: 12vw !important;padding-left: 12vw !important;}&#8221;]<span style=\"color: #000000;\">Procesul este precum o bucl\u0103 de feedback.<\/span><\/p>\n<p><span style=\"color: #000000;\">\ud83d\udd25 <strong>Autorii no\u0219tri sunt interni<\/strong>, fac parte din comunitate (nu accept\u0103m autori externi, pentru c\u0103 noi cre\u0103m identit\u0103\u021bi de scriitori \u0219i \u00eencerc\u0103m s\u0103 \u00eei educ\u0103m \u0219i s\u0103 \u00eei sprijinim pe termen lung). Facem form\u0103ri \u00een direc\u021bia asta, ateliere, cre\u0103m contexte de feedback, ca s\u0103 \u00eent\u0103rim abilit\u0103\u021bile lor de scris. Exist\u0103 consultan\u021bi care \u00eei sprijin\u0103, editori, procese pe care se bazeaz\u0103 etc.<\/span><\/p>\n<p><span style=\"color: #000000;\">\ud83d\udd25 <strong>Manuscrisul este atent prelucrat<\/strong>, odat\u0103 ce este preluat de un editor. Este citit cap-coad\u0103, se intervine cu noti\u021be \u0219i fi\u0219\u0103 de revizuire, cu observa\u021bii at\u00e2t structurale, c\u00e2t \u0219i la nivel de execu\u021bie. \u00cen func\u021bie de calitatea ini\u021bial\u0103, unele manuscrise sunt revizuite sau rescrise de mai multe ori, p\u00e2n\u0103 s\u0103 ajung\u0103 la stadiul de publicabil.<\/span><\/p>\n<p><span style=\"color: #000000;\">\ud83d\udd25 <strong>Editorul este un om extrem de pasionat de storytelling \u0219i format \u00een direc\u021bia asta<\/strong>. Nu este doar un om de litere, ci este un povestitor! Creeaz\u0103 rela\u021bie cu autorul, \u00eei d\u0103 feedback, de multe ori \u00een timp real, \u00eel ghideaz\u0103 c\u0103tre urm\u0103toarele c\u0103r\u021bi, \u00een func\u021bie de ce se \u00eent\u00e2mpl\u0103 \u00een pia\u021b\u0103. La noi \u00een editur\u0103, editorul este mai degrab\u0103 un consultant, care are cuno\u0219tin\u021be extrem de vaste despre cum s\u0103 scrii.<\/span><\/p>\n<p><span style=\"color: #000000;\">\ud83d\udd25 <strong>Cartea intr\u0103 \u00een etapa de \u201c\u00eempachetare &amp; marketing\u201d<\/strong>, \u00eencerc\u00e2nd s\u0103 o aducem \u00eentr-o form\u0103 c\u00e2t mai atractiv\u0103 pentru publicul nostru. De\u0219i pare o sarcin\u0103 banal\u0103, este una dintre cele mai importante, mai ales \u00een contextul nostru de pia\u021b\u0103. Dac\u0103 cititorii nu recunosc cartea, \u00ceNAINTE DE A O CUMPARA, ca av\u00e2nd o poveste bun\u0103, \u0219ansele ca ea s\u0103 fie vandabil\u0103 sunt aproape de zero.<\/span><\/p>\n<p><span style=\"color: #000000;\">\ud83d\udd25 <strong>Cititorul este extrem de important<\/strong> (tu e\u0219ti extrem de important!). Fiecare feedback, fiecare comentariu \u00een social media pe care \u00eel primim, fiecare recenzie &#8211; se transform\u0103 mai departe \u00eentr-un proces de \u00eenv\u0103\u021bare pentru autor. Astfel \u00eenc\u00e2t el s\u0103 revin\u0103 cu o nou\u0103 carte. MAI BUN\u0102.<\/span><\/p>\n<p><span style=\"color: #000000;\">Suntem \u00eentr-un r\u0103zboi cultural. Cel pu\u021bin noi a\u0219a percepem. \u0218i avem de g\u00e2nd s\u0103 \u00eel ducem p\u00e2n\u0103 la cap\u0103t.<\/span><\/p>\n<p><span style=\"color: #000000;\">P\u0103rerea mea este c\u0103 noi, ca rom\u00e2ni, nu avem o pia\u021b\u0103 de carte puternic\u0103 pentru c\u0103 scriitorii no\u0219tri scriu din hobby (\u00een timp ce se \u00eentre\u021bin din altceva). Nu au mintea conectat\u0103 la scris 24\/24.<\/span><\/p>\n<p><span style=\"color: #000000;\">Iar visul nostru este ca, la un moment dat, cu ajutorul t\u0103u, ca cititor, s\u0103 avem autori care tr\u0103iesc doar din asta.<\/span><\/p>\n<p><span style=\"color: #000000;\">Iar pentru tine, dorin\u021ba noastr\u0103 este s\u0103 \u021bii \u00een m\u00e2ini c\u0103r\u021bi a\u0219a cum nu ai mai \u00eent\u00e2lnit. Care vibreaz\u0103, care vorbesc cu tine, care \u00ee\u021bi ard m\u00e2inile \u0219i mintea, pe m\u0103sur\u0103 ce le parcurgi.\u00a0<\/span><\/p>\n<p><strong><span style=\"color: #000000;\">Visul nostru este ca tu s\u0103 ai parte de c\u0103r\u021bi capabile cu adev\u0103rat, care s\u0103 schimbe min\u021bi \u0219i s\u0103 mi\u0219te suflete.\u00a0<\/span><\/strong><\/p>\n<p><span style=\"color: #000000;\">Aceasta este misiunea noastr\u0103, \u00een Rom\u00e2nia.\u00a0<\/span><\/p>\n<p><span style=\"color: #000000;\">Aceasta este povestea din spatele Storycraft.\u00a0<\/span><\/p>\n<p><span style=\"color: #000000;\">\u00cen ce credem noi.\u00a0<\/span><\/p>\n<p><span style=\"color: #000000;\">Al t\u0103u \u00eenger al c\u0103r\u021bilor\ud83d\ude4f,<\/span><\/p>\n<p><em><span style=\"color: #000000;\">Daniel Z\u0103rnescu<\/span><\/em>[\/vc_column_text][vc_single_image image=&#8221;16421&#8243; img_size=&#8221;medium&#8221; css=&#8221;.vc_custom_1694598821929{padding-left: 12vw !important;}&#8221;][\/vc_column][\/vc_row]<\/p>\n<\/div>","protected":false},"excerpt":{"rendered":"<p>[vc_row][vc_column][vc_zigzag color=&#8221;black&#8221; el_width=&#8221;10&#8243; css=&#8221;.vc_custom_1694599259684{padding-top: 1vw !important;padding-bottom: 1vw !important;}&#8221;][vc_column_text css=&#8221;.vc_custom_1694599228322{padding-right: 8vw !important;padding-left: 8vw !important;}&#8221;] \u00cengerul C\u0103r\u021bilor Originile editurii StoryCraft Publishing [\/vc_column_text][\/vc_column][\/vc_row][vc_row][vc_column][vc_separator color=&#8221;white&#8221;][vc_single_image image=&#8221;16403&#8243; img_size=&#8221;large&#8221; alignment=&#8221;center&#8221;][\/vc_column][\/vc_row][vc_row][vc_column][vc_column_text css=&#8221;.vc_custom_1694597500656{padding-right: 12vw !important;padding-left: 12vw !important;}&#8221;]Asta este<\/p>\n","protected":false},"author":12567,"featured_media":0,"parent":0,"menu_order":0,"comment_status":"closed","ping_status":"closed","template":"","meta":{"_acf_changed":false,"footnotes":""},"class_list":["post-16220","page","type-page","status-publish","hentry"],"acf":[],"aioseo_notices":[],"_links":{"self":[{"href":"https:\/\/www.storycraft.ro\/shop\/wp-json\/wp\/v2\/pages\/16220","targetHints":{"allow":["GET"]}}],"collection":[{"href":"https:\/\/www.storycraft.ro\/shop\/wp-json\/wp\/v2\/pages"}],"about":[{"href":"https:\/\/www.storycraft.ro\/shop\/wp-json\/wp\/v2\/types\/page"}],"author":[{"embeddable":true,"href":"https:\/\/www.storycraft.ro\/shop\/wp-json\/wp\/v2\/users\/12567"}],"replies":[{"embeddable":true,"href":"https:\/\/www.storycraft.ro\/shop\/wp-json\/wp\/v2\/comments?post=16220"}],"version-history":[{"count":27,"href":"https:\/\/www.storycraft.ro\/shop\/wp-json\/wp\/v2\/pages\/16220\/revisions"}],"predecessor-version":[{"id":16426,"href":"https:\/\/www.storycraft.ro\/shop\/wp-json\/wp\/v2\/pages\/16220\/revisions\/16426"}],"wp:attachment":[{"href":"https:\/\/www.storycraft.ro\/shop\/wp-json\/wp\/v2\/media?parent=16220"}],"curies":[{"name":"wp","href":"https:\/\/api.w.org\/{rel}","templated":true}]}}