{"id":3,"date":"2019-04-12T08:07:27","date_gmt":"2019-04-12T08:07:27","guid":{"rendered":"http:\/\/stepout.ro\/?page_id=3"},"modified":"2025-01-05T14:12:53","modified_gmt":"2025-01-05T12:12:53","slug":"politica-de-confidentialitate","status":"publish","type":"page","link":"https:\/\/www.storycraft.ro\/shop\/politica-de-confidentialitate\/","title":{"rendered":"Politica de Confidentialitate"},"content":{"rendered":"<div class=\"wpb-content-wrapper\"><p>[vc_row][vc_column][vc_column_text css=&#8221;&#8221;]Conform cerintelor Regulamentului General de Protec\u021bie a Datelor Personale 679\/2016 pentru protectia persoanelor cu privire la prelucrarea datelor cu caracter personal si libera circulatie a acestor date, modificata si completata, Storycraft are obligatia de a administra in conditii de siguranta si numai pentru scopurile specificate, datele personale pe care ni le furnizati despre dumneavoastra.<\/p>\n<p>Am pregatit acest document prin care dorim sa va informam despre modul in care colectam, utilizam, transferam si protejam datele dvs cu caracter personal atunci cand interactionati cu noi in legatura cu produsele si serviciile noastre, inclusiv prin site-ul nostru web sau prin aplicatiile disponibile pe telefonul mobil.<\/p>\n<p>Ne rezervam dreptul de a actualiza si modifica periodic aceasta Politica de Confidentialitate si vom afisa pe website-ul nostru versiunea modificata a Politicii de Confidentialitate, motiv pentru care va rugam sa verificati periodic continutul acestei Politici de Confidentialitate.<\/p>\n<p><strong>Cine suntem si cum ne puteti contacta?<\/strong><\/p>\n<p>STEPOUT MARKET SRL este persoan\u0103 juridic\u0103, avand sediul social in Aleea Magura Vulturului nr 9, bl 435, sc A, et 3, ap 15, sector 2, Bucuresti cu numar de ordine in Registrul Comertului J40\/1178\/2016, cod unic de inregistrare fiscala RO35532655 (in continuare &#8220;Storycraft&#8221; sau &#8220;noi&#8221;), iar in sensul legislatiei cu privire la protectia datelor, suntem operator atunci cand prelucram datele dvs cu caracter personal.<\/p>\n<p><strong>Ce categorii de date cu caracter personal prelucram?<\/strong><\/p>\n<p>In general, colectam datele dvs cu caracter personal direct de la dumneavoastra, astfel incat aveti controlul asupra tipului de informatie pe care ne-o oferiti. Primim informatii de la dvs astfel:<\/p>\n<p>\u2022\u00a0\u00a0 \u00a0Cand va creati un cont ne transmiteti: adresa de e-mail.<\/p>\n<p>\u2022\u00a0\u00a0 \u00a0In cadrul paginii dvs personale (Contul meu) din platforma STORYCRAFT aveti posibilitatea sa adaugati informatii suplimentare, precum: nume, prenume, numar telefon mobil, adrese de livrare.<\/p>\n<p>\u2022\u00a0\u00a0 \u00a0Cand plasati o comanda, ne furnizati informatii precum: numele si prenumele, adresa de livrare, detalii de facturare, metoda de plata, numar de telefon, datele cardului bancar etc.<\/p>\n<p>Va oferim si posibilitatea de a va inregistra in platforma Storycraft Shop prin contul dvs Facebook, Google sau Yahoo. Daca optati pentru una dintre aceste variante, veti fi directionati catre o pagina administrata de Facebook Inc \/ Google LLC\/ Yahoo unde acestia va vor informa cu privire la transferul datelor dvs catre Storycraft. Puteti consulta politicile de confidentialitate Facebook, respectiv Google \u0219i YAHOO, folosind urmatroarele link-uri:<\/p>\n<p><a href=\"https:\/\/www.facebook.com\/about\/privacy\">https:\/\/www.facebook.com\/about\/privacy<\/a><\/p>\n<p><a href=\"https:\/\/policies.google.com\/privacy\">https:\/\/policies.google.com\/privacy<\/a><\/p>\n<p><a href=\"https:\/\/policies.oath.com\/us\/en\/oath\/privacy\/index.html\">https:\/\/policies.oath.com\/us\/en\/oath\/privacy\/index.html<\/a><\/p>\n<p>Putem, de asemenea, sa colectam si sa prelucram ulterior anumite informatii cu privire la comportamentul dvs in timpul vizitarii site-ului nostru web sau a folosirii aplicatiei smartphone, pentru a va personaliza experienta online si a va pune la dispozitie oferte adaptate profilului dvs. Va invitam sa aflati mai multe detalii in acest sens prin consultarea sectiunii privitoare la scopurile prelucrarii de mai jos.<\/p>\n<p>Pe site-ul nostru web si in aplicatia smartphone putem stoca si colecta informatii in cookie-uri si tehnologii similare, conform\u00a0Politicii de cookie-uri.<\/p>\n<p>Nu colectam si nu prelucram in alt mod date sensibile, incluse de Regulamentul general privind protectia datelor in categorii speciale de date cu caracter personal. De asemenea, nu dorim sa colectam sau sa prelucram date ale minorilor care nu au implinit varsta de 16 ani.<\/p>\n<p><strong>Care sunt scopurile si temeiurile prelucrarii<\/strong><\/p>\n<p>Vom utiliza datele dvs cu caracter personal in urmatoarele scopuri:<\/p>\n<p><strong>1. Pentru prestarea serviciilor Stepout Market SRL in beneficiul dvs.<\/strong><\/p>\n<p>Acest scop general poate include, dupa caz, urmatoarele:<\/p>\n<p>\u2022\u00a0\u00a0 \u00a0Crearea si administrarea contului in cadrul platformei;<br \/>\n\u2022\u00a0\u00a0 \u00a0Prelucrarea comenzilor, inclusiv preluarea, validarea, expedierea si facturarea acestora;<br \/>\n\u2022\u00a0\u00a0 \u00a0Solutionarea anularilor sau a problemelor de orice natura referitoare la o comanda, la bunurile sau serviciile achizitionate;<br \/>\n\u2022\u00a0\u00a0 \u00a0Returnarea produselor conform prevederilor legale;<br \/>\n\u2022\u00a0\u00a0 \u00a0Rambursarea contravalorii\u00a0 produselor conform prevederilor legale;<\/p>\n<p><strong>Cat timp pastram datele dvs cu caracter personal?<\/strong><\/p>\n<p>Ca regula generala, vom stoca datele dvs cu caracter personal cat timp aveti un cont in platforma Storycraft. Puteti sa ne solicitati oricand stergerea anumitor informatii sau inchiderea contului, si vom da curs acestor solicitari, sub rezerva pastrarii anumitor informatii inclusiv ulterior inchiderii contului, in situatiile in care legislatia aplicabila sau interesele noastre legitime o impun.<\/p>\n<p><strong>Cui transmitem datele dvs cu caracter personal<\/strong><\/p>\n<p>Dupa caz, putem transmite sau oferi acces la anumite date cu caracter personal ale dvs urmatoarelor categorii de destinatari:<\/p>\n<p>\u2022\u00a0\u00a0 \u00a0furnizorilor de servicii de curierat;<br \/>\n\u2022\u00a0\u00a0 \u00a0furnizorilor de servicii de plata\/bancare;<br \/>\n\u2022\u00a0\u00a0 \u00a0furnizorilor de servicii IT;<br \/>\n\u2022\u00a0\u00a0 \u00a0 In cazul In care ne revine o obligatie legala, sau daca este necesar pentru a ne apara un interes legitim, putem de asemenea divulga anumite date cu caracter personal unor autoritati publice.<\/p>\n<p>Ne asiguram ca accesul la datele dvs de catre tertii persoane juridice de drept privat se realizeaza In conformitate cu prevederile legale privind protectia datelor si confidentialitatea informatiilor, \u00een baza unor contracte Incheiate cu acestia.<\/p>\n<p><strong>In ce tari transferam datele dvs cu caracter personal?<\/strong><\/p>\n<p>In prezent, stocam si prelucram datele dvs cu caracter personal pe teritoriul Romaniei.<\/p>\n<p>Cu toate acestea, este posibil sa transferam anumite date ale dvs cu caracter personal unor entitati localizate In Uniunea Europeana sau in afara Uniunii, inclusiv In tari carora Comisia Europeana nu le-a recunoscut un nivel adecvat de protectie a datelor cu caracter personal.<\/p>\n<p>Vom lua intotdeauna masuri pentru a ne asigura ca orice transfer international de date cu caracter personal este gestionat cu atentie cu scopul de a va proteja drepturile si interesele. Transferurile catre furnizorii de servicii si alte parti terte vor fi Intotdeauna protejate prin angajamente contractuale si, dupa caz, prin alte garantii, cum ar fi clauzele contractuale standard emise de Comisia Europeana sau schemele de certificare, precum Scutul de confidentialitate pentru protectia datelor cu caracter personal transferate din interiorul UE catre Statele Unite ale Americii.<\/p>\n<p><strong>Cum protejam securitatea datelor dvs cu caracter personal?<\/strong><\/p>\n<p>Ne angajam sa asiguram securitatea datelor cu caracter personal prin implementarea unor masuri tehnice si organizatorice adecvate, conform standardelor industriei.<\/p>\n<p>Transmisia datelor dvs cu caracter personal se face folosind algoritmi de criptare de ultima generatie si le stocam pe servere securizate, asigurand in acelasi timp redundanta datelor.<\/p>\n<p>Pentru efectuarea platilor folosim serviciile procesatorului de plati Pl\u0103tionline.ro. Orice informatii privitoare la plati sunt criptate, folosind tehnologia HTTPS cu criptare TSL 1.2.<\/p>\n<p>In ciuda masurilor luate pentru a proteja datele dvs cu caracter personal, va atragem atentia ca transmiterea informatiilor prin Internet, In general, sau prin intermendiul altor retele publice, nu este complet sigura, existand riscul ca datele sa fie vazute \u015fi utilizate de catre terte parti neautorizate. Nu putem fi responsabili pentru astfel de vulnerabilitati ale unor sisteme care nu sunt sub controlul nostru.<\/p>\n<p><strong>Ce drepturi aveti?<\/strong><\/p>\n<p>Regulamentul general privind protectia datelor va recunoaste o serie drepturi in legatura cu datele dvs. cu caracter personal.<\/p>\n<p>Puteti solicita accesul la datele dvs., corectarea oricaror greseli sau va puteti opune la prelucrarea datelor dvs. cu caracter personal.<\/p>\n<p>Dreptul la \u0219tergerea datelor (&#8220;dreptul de a fi uitat&#8221;) \u2013 pute\u021bi ob\u021bine \u0219tergerea datelor, \u00een cazul \u00een care prelucrarea acestora nu a fost legal\u0103 sau \u00een alte cazuri prevazute de lege;<\/p>\n<p>Dreptul la restric\u021bionarea prelucr\u0103rii &#8211; po\u021bi solicita restric\u021bionarea prelucr\u0103rii i\u00ee cazul \u00een care se contest\u0103 exactitatea datelor, precum \u0219i \u00een alte cazuri prev\u0103zute de lege;<\/p>\n<p>Dreptul de opozi\u021bie \u2013 pute\u021bi s\u0103 v\u0103 opune\u021bi, \u00een special, prelucr\u0103rilor de date care se \u00eentemeiaz\u0103 pe interesul nostru legitim;<\/p>\n<p>Dreptul la portabilitatea datelor &#8211; pute\u021bi primi, \u00een anumite condi\u021bii, datele personale pe care ni le-a\u021bi furnizat, \u00eentr-un format care poate fi citit automat sau pute\u021bi solicita ca respectivele date s\u0103 fie transmise altui operator de date personale;<\/p>\n<p>Dreptul de a depune pl\u00e2ngere &#8211; po\u021bi depune pl\u00e2ngere fa\u021b\u0103 de modalitatea de prelucrare a datelor personale la Autoritatea Na\u021bional\u0103 de Supraveghere a Prelucrarii Datelor cu Caracter Personal.<\/p>\n<p>Autoritatea Nationala de Supraveghere a Prelucrarii Datelor cu Caracter Personal<\/p>\n<p>B-dul G-ral. Gheorghe Magheru nr. 28-30, Sector 1, cod postal 010336, Bucuresti, Romania<\/p>\n<p>Telefon: +40.318.059.211 sau +40.318.059.212;<\/p>\n<p>E-mail: <a href=\"mailto:anspdcp@dataprotection.ro\">anspdcp@dataprotection.ro<\/a><\/p>\n<p>&nbsp;<\/p>\n<p>Dreptul de retragere a consim\u021b\u0103m\u00e2ntului \u2013 \u00een cazurile \u00een care prelucrarea se \u00eentemeiaz\u0103 pe consim\u021b\u0103m\u00e2nt, \u00eel pute\u021bi retrage oric\u00e2nd. Retragerea consim\u021b\u0103m\u00e2ntului va avea efecte doar pentru viitor, prelucrarea efectuat\u0103 anterior retragerii r\u0103m\u00e2n\u00e2nd \u00een continuare valabil\u0103;<\/p>\n<p>Pentru a va putea exercita drepturile, ne puteti contacta folosind detaliile de shop@storycraft.ro.<\/p>\n<p>Luam in serios confidentialitatea tuturor inregistrarilor care contin date cu caracter personal. Din acest motiv, va rugam sa ne transmiteti cererile dvs cu privire la astfel de inregistrari folosind adresa de e-mail aferenta contului Storycraft. In caz contrar, ne rezervam dreptul de a va verifica identitatea prin solicitarea de informatii suplimentare care au ca scop confirmarea identitatii dvs.<\/p>\n<p>Nu vom solicita o taxa pentru a va exercita vreun drept in ceea ce priveste datele dvs. cu caracter personal, cu exceptia cazului In care solicitarea dvs. de acces la informatii este nefondata, respectiv repetitiva sau excesiva, caz in care vom percepe o suma rezonabila in asemenea circumstante.\u00a0 Va vom informa despre orice onorarii aplicate inainte de a va solutiona cererea.<\/p>\n<p>Ne propunem sa raspundem la orice solicitari valide in termen de maximum o luna, cu exceptia cazului in care acest lucru este deosebit de complicat sau daca ati facut mai multe solicitari, caz in care urmeaza sa raspundem in termen de maximum doua luni. Va vom anunta daca vom avea nevoie de mai mult de o luna.<\/p>\n<p>Reamintim faptul ca ne puteti contacta in orice prin transmiterea solicitarii dvs prin oricare dintre urmatoarele modalitati:<\/p>\n<p>\u00ac\u00a0\u00a0 \u00a0prin e-mail la adresa: shop@stropout.ro sau<br \/>\n\u00ac\u00a0\u00a0 \u00a0prin posta sau curier la adresa: Bucuresti, str Avrig nr 8, et 1, ap 2, sector 2[\/vc_column_text][\/vc_column][\/vc_row]<\/p>\n<\/div>","protected":false},"excerpt":{"rendered":"<p>[vc_row][vc_column][vc_column_text css=&#8221;&#8221;]Conform cerintelor Regulamentului General de Protec\u021bie a Datelor Personale 679\/2016 pentru protectia persoanelor cu privire la prelucrarea datelor cu caracter personal si libera circulatie a acestor date, modificata si<\/p>\n","protected":false},"author":1,"featured_media":0,"parent":0,"menu_order":0,"comment_status":"closed","ping_status":"closed","template":"","meta":{"_acf_changed":false,"footnotes":""},"class_list":["post-3","page","type-page","status-publish","hentry"],"acf":[],"aioseo_notices":[],"_links":{"self":[{"href":"https:\/\/www.storycraft.ro\/shop\/wp-json\/wp\/v2\/pages\/3","targetHints":{"allow":["GET"]}}],"collection":[{"href":"https:\/\/www.storycraft.ro\/shop\/wp-json\/wp\/v2\/pages"}],"about":[{"href":"https:\/\/www.storycraft.ro\/shop\/wp-json\/wp\/v2\/types\/page"}],"author":[{"embeddable":true,"href":"https:\/\/www.storycraft.ro\/shop\/wp-json\/wp\/v2\/users\/1"}],"replies":[{"embeddable":true,"href":"https:\/\/www.storycraft.ro\/shop\/wp-json\/wp\/v2\/comments?post=3"}],"version-history":[{"count":3,"href":"https:\/\/www.storycraft.ro\/shop\/wp-json\/wp\/v2\/pages\/3\/revisions"}],"predecessor-version":[{"id":26914,"href":"https:\/\/www.storycraft.ro\/shop\/wp-json\/wp\/v2\/pages\/3\/revisions\/26914"}],"wp:attachment":[{"href":"https:\/\/www.storycraft.ro\/shop\/wp-json\/wp\/v2\/media?parent=3"}],"curies":[{"name":"wp","href":"https:\/\/api.w.org\/{rel}","templated":true}]}}