{"id":5224,"date":"2019-04-18T04:04:52","date_gmt":"2019-04-18T04:04:52","guid":{"rendered":"http:\/\/stepout.ro\/?page_id=5224"},"modified":"2023-09-15T15:04:22","modified_gmt":"2023-09-15T12:04:22","slug":"grila-tarife-transport","status":"publish","type":"page","link":"https:\/\/www.storycraft.ro\/shop\/grila-tarife-transport\/","title":{"rendered":"Grila Tarife Transport"},"content":{"rendered":"\t\t<div data-elementor-type=\"wp-page\" data-elementor-id=\"5224\" class=\"elementor elementor-5224\" data-elementor-post-type=\"page\">\n\t\t\t\t\t\t<section class=\"elementor-section elementor-top-section elementor-element elementor-element-631bb2a1 elementor-section-boxed elementor-section-height-default elementor-section-height-default\" data-id=\"631bb2a1\" data-element_type=\"section\" data-e-type=\"section\">\n\t\t\t\t\t\t<div class=\"elementor-container elementor-column-gap-default\">\n\t\t\t\t\t<div class=\"elementor-column elementor-col-100 elementor-top-column elementor-element elementor-element-53a5104e\" data-id=\"53a5104e\" data-element_type=\"column\" data-e-type=\"column\">\n\t\t\t<div class=\"elementor-widget-wrap elementor-element-populated\">\n\t\t\t\t\t\t<div class=\"elementor-element elementor-element-3417f848 elementor-widget elementor-widget-text-editor\" data-id=\"3417f848\" data-element_type=\"widget\" data-e-type=\"widget\" data-widget_type=\"text-editor.default\">\n\t\t\t\t<div class=\"elementor-widget-container\">\n\t\t\t\t\t\t\t\t\t<div class=\"ty-mainbox-body\">\n<div class=\"ty-wysiwyg-content\">\n<div>\n<div class=\"ty-mainbox-body\">\n<div class=\"ty-wysiwyg-content\">\n<div>\n<p><strong>Not\u0103: magazinul nostru online v\u0103 calculeaz\u0103 automat costurile de transport la finalizarea comenzii, dup\u0103 introducerea adresei de destina\u021bie.<\/strong><\/p>\n<div>\n<p>Promo\u021bie pe termen nelimitat: Ai parte de transport gratuit din partea noastr\u0103 pentru comenzi valor\u00e2nd de la 120 de lei \u00een sus.<br>* se aplic\u0103 doar pentru destina\u021bii din Rom\u00e2nia<\/p>\n<\/div>\n<h2>Prin curier in Rom\u00e2nia<\/h2>\n<p>Aceasta metoda de livrare este disponibila la nivel national, pretul transportului fiind de 18 lei.<\/p>\n<hr>\n<h2>Transport international<\/h2>\n<p>Aceasta metoda de livrare este disponibila pentru destinatiile din afara Romaniei, avand un cost variabil&nbsp;in functie de numarul de produse comandate. Expedierea se face prin DPD Courier. Costurile de transport apar automat la selectarea zonei de livrare pe pagina <em>Detalii Comanda<\/em>.<\/p>\n<\/div>\n<\/div>\n<\/div>\n<\/div>\n<\/div>\n<\/div>\n<div style=\"max-width: 500px;\">\n<table id=\"tablepress-1\" class=\"tablepress tablepress-id-1\">\n<thead>\n<tr class=\"row-1\">\n\t<th class=\"column-1\">Tara<\/th><th class=\"column-2\">Durata<\/th><th class=\"column-3\">Pret (RON)<\/th>\n<\/tr>\n<\/thead>\n<tbody class=\"row-striping row-hover\">\n<tr class=\"row-2\">\n\t<td class=\"column-1\">Austria<\/td><td class=\"column-2\">3-4<\/td><td class=\"column-3\">83<\/td>\n<\/tr>\n<tr class=\"row-3\">\n\t<td class=\"column-1\">Belgia<\/td><td class=\"column-2\">3-4<\/td><td class=\"column-3\">112<\/td>\n<\/tr>\n<tr class=\"row-4\">\n\t<td class=\"column-1\">Bulgaria<\/td><td class=\"column-2\">1-2<\/td><td class=\"column-3\">23<\/td>\n<\/tr>\n<tr class=\"row-5\">\n\t<td class=\"column-1\">Cehia<\/td><td class=\"column-2\">5-6<\/td><td class=\"column-3\">112<\/td>\n<\/tr>\n<tr class=\"row-6\">\n\t<td class=\"column-1\">Croatia<\/td><td class=\"column-2\">5-6<\/td><td class=\"column-3\">111<\/td>\n<\/tr>\n<tr class=\"row-7\">\n\t<td class=\"column-1\">Danemarca<\/td><td class=\"column-2\">5-6<\/td><td class=\"column-3\">111<\/td>\n<\/tr>\n<tr class=\"row-8\">\n\t<td class=\"column-1\">Estonia<\/td><td class=\"column-2\">4-5<\/td><td class=\"column-3\">111<\/td>\n<\/tr>\n<tr class=\"row-9\">\n\t<td class=\"column-1\">Finlanda<\/td><td class=\"column-2\">4-5<\/td><td class=\"column-3\">172<\/td>\n<\/tr>\n<tr class=\"row-10\">\n\t<td class=\"column-1\">Franta<\/td><td class=\"column-2\">5-6<\/td><td class=\"column-3\">112<\/td>\n<\/tr>\n<tr class=\"row-11\">\n\t<td class=\"column-1\">Germania<\/td><td class=\"column-2\">3-4<\/td><td class=\"column-3\">83<\/td>\n<\/tr>\n<tr class=\"row-12\">\n\t<td class=\"column-1\">Grecia<\/td><td class=\"column-2\">3-4<\/td><td class=\"column-3\">38<\/td>\n<\/tr>\n<tr class=\"row-13\">\n\t<td class=\"column-1\">Italia<\/td><td class=\"column-2\">3-4<\/td><td class=\"column-3\">83<\/td>\n<\/tr>\n<tr class=\"row-14\">\n\t<td class=\"column-1\">Letonia<\/td><td class=\"column-2\">5-6<\/td><td class=\"column-3\">111<\/td>\n<\/tr>\n<tr class=\"row-15\">\n\t<td class=\"column-1\">Lituania<\/td><td class=\"column-2\">5-6<\/td><td class=\"column-3\">111<\/td>\n<\/tr>\n<tr class=\"row-16\">\n\t<td class=\"column-1\">Luxemburg<\/td><td class=\"column-2\">5-6<\/td><td class=\"column-3\">111<\/td>\n<\/tr>\n<tr class=\"row-17\">\n\t<td class=\"column-1\">Olanda<\/td><td class=\"column-2\">6-7<\/td><td class=\"column-3\">112<\/td>\n<\/tr>\n<tr class=\"row-18\">\n\t<td class=\"column-1\">Ungaria<\/td><td class=\"column-2\">1-2<\/td><td class=\"column-3\">26<\/td>\n<\/tr>\n<tr class=\"row-19\">\n\t<td class=\"column-1\">Portugalia<\/td><td class=\"column-2\">5-6<\/td><td class=\"column-3\">172<\/td>\n<\/tr>\n<tr class=\"row-20\">\n\t<td class=\"column-1\">Polonia<\/td><td class=\"column-2\">3-4<\/td><td class=\"column-3\">63<\/td>\n<\/tr>\n<tr class=\"row-21\">\n\t<td class=\"column-1\">Spania<\/td><td class=\"column-2\">6-7<\/td><td class=\"column-3\">112<\/td>\n<\/tr>\n<tr class=\"row-22\">\n\t<td class=\"column-1\">Slovacia<\/td><td class=\"column-2\">5-6<\/td><td class=\"column-3\">88<\/td>\n<\/tr>\n<tr class=\"row-23\">\n\t<td class=\"column-1\">Slovenia<\/td><td class=\"column-2\">5-6<\/td><td class=\"column-3\">111<\/td>\n<\/tr>\n<tr class=\"row-24\">\n\t<td class=\"column-1\">Suedia<\/td><td class=\"column-2\">5-6<\/td><td class=\"column-3\">156<\/td>\n<\/tr>\n<\/tbody>\n<\/table>\n<!-- #tablepress-1 from cache --><\/div>\t\t\t\t\t\t\t\t<\/div>\n\t\t\t\t<\/div>\n\t\t\t\t\t<\/div>\n\t\t<\/div>\n\t\t\t\t\t<\/div>\n\t\t<\/section>\n\t\t\t\t<\/div>\n\t\t","protected":false},"excerpt":{"rendered":"<p>Not\u0103: magazinul nostru online v\u0103 calculeaz\u0103 automat costurile de transport la finalizarea comenzii, dup\u0103 introducerea adresei de destina\u021bie. Promo\u021bie pe termen nelimitat: Ai parte de transport gratuit din partea noastr\u0103<\/p>\n","protected":false},"author":1,"featured_media":0,"parent":0,"menu_order":0,"comment_status":"closed","ping_status":"closed","template":"","meta":{"_acf_changed":false,"footnotes":""},"class_list":["post-5224","page","type-page","status-publish","hentry"],"acf":[],"aioseo_notices":[],"_links":{"self":[{"href":"https:\/\/www.storycraft.ro\/shop\/wp-json\/wp\/v2\/pages\/5224","targetHints":{"allow":["GET"]}}],"collection":[{"href":"https:\/\/www.storycraft.ro\/shop\/wp-json\/wp\/v2\/pages"}],"about":[{"href":"https:\/\/www.storycraft.ro\/shop\/wp-json\/wp\/v2\/types\/page"}],"author":[{"embeddable":true,"href":"https:\/\/www.storycraft.ro\/shop\/wp-json\/wp\/v2\/users\/1"}],"replies":[{"embeddable":true,"href":"https:\/\/www.storycraft.ro\/shop\/wp-json\/wp\/v2\/comments?post=5224"}],"version-history":[{"count":11,"href":"https:\/\/www.storycraft.ro\/shop\/wp-json\/wp\/v2\/pages\/5224\/revisions"}],"predecessor-version":[{"id":16471,"href":"https:\/\/www.storycraft.ro\/shop\/wp-json\/wp\/v2\/pages\/5224\/revisions\/16471"}],"wp:attachment":[{"href":"https:\/\/www.storycraft.ro\/shop\/wp-json\/wp\/v2\/media?parent=5224"}],"curies":[{"name":"wp","href":"https:\/\/api.w.org\/{rel}","templated":true}]}}