{"id":5241,"date":"2019-04-18T04:10:35","date_gmt":"2019-04-18T04:10:35","guid":{"rendered":"http:\/\/stepout.ro\/?page_id=5241"},"modified":"2025-01-05T14:08:01","modified_gmt":"2025-01-05T12:08:01","slug":"politica-de-cookies","status":"publish","type":"page","link":"https:\/\/www.storycraft.ro\/shop\/politica-de-cookies\/","title":{"rendered":"Politica de Cookies"},"content":{"rendered":"<div class=\"wpb-content-wrapper\"><p>[vc_row][vc_column][vc_column_text css=&#8221;&#8221;]Aceasta politica se refera la cookie-urile si la tehnologiile folosite, dupa caz, in website-ul operate de STEPOUT MARKET cu sediul social in Aleea Magura Vulturului nr 9, bl 435, sc A, et 3, ap 15, sector 2, Bucuresti.<\/p>\n<p>Aceasta politica se completeaza cu politica site-ului strpout.ro cu privire la protectia datelor personale in general pe care o puteti gasi\u00a0aici\u00a0si cu Termenii si Conditiile site-ului pe care le puteti gasi\u00a0aici, pe care va incurajam sa le cititi, acestea incluzand informatii utile, scopurile prelucrarilor de date, drepturile dumneavoastra, precum si exceptiile si limitele acestora etc.<\/p>\n<p><strong>Ce sunt Cookie-urile?<\/strong><\/p>\n<p>Cookie-ul este un fisier de mici dimensiuni, format din litere si numere, care va fi stocat pe computerul, terminalul mobil sau alte echipamente ale unui utilizator de pe care se acceseaza internetul. Cookie-ul este instalat prin solicitarea emisa de catre terminalul utilizatorului catre un server STEPOUT MARKET sau catre un server al unei terte parti.<\/p>\n<p><strong>La ce sunt folosite Cookie-urile?<\/strong><\/p>\n<p>Aceste fisiere fac posibila in principal recunoasterea terminalului utilizatorului si prezentarea continutului intr-un mod relevant, adaptat preferintelor utilizatorului. Cookie-urile asigura utilizatorilor o experienta placuta de navigare si sustin eforturile noastre pentru a oferi servicii\u00a0adaptate utilizatorilor, ex:\u00a0preferintele in materie de confidentialitate online, cosul de cumparaturi sau publicitate relevanta. De asemenea, sunt utilizate in pregatirea unor statistici anonime agregate care ne ajuta sa intelegem cum un utilizator beneficiaza de paginile noastre de internet, permitandu-ne imbunatatirea structurii si continutului lor, fara a permite identificarea personala a utilizatorului.<\/p>\n<p><strong>Ce Cookie-uri folosim?<\/strong><\/p>\n<p>Folosim doua tipuri de cookie-uri: per sesiune si fixe. Cookie-urile per sesiune\u00a0sunt fisiere temporare ce raman in terminalul utilizatorului pana la terminarea sesiunii sau inchiderea aplicatiei. Cookie-urile fixe raman pe terminalul utilizatorului pe o perioada determinata de parametrii cookie-ului sau pana sunt sterse manual de utilizator.<\/p>\n<p><strong>Cum sunt folosite cookie-urile de catre acest site?<\/strong><\/p>\n<p>O vizita pe acest site poate plasa urmatoarele tipuri de cookie-uri:<\/p>\n<p>&#8211;\u00a0 \u00a0cookie-uri strict necesare pentru functionarea site-ului<\/p>\n<p>&#8211;\u00a0 \u00a0cookie-uri de analiza<\/p>\n<p>&#8211;\u00a0 \u00a0cookie-uri pentru publicitate<\/p>\n<p>Cookie-urile si\/sau tehnologiile similare strict necesare sunt esentiale pentru buna functionare a site-ului, fiind setate pe dispozitivul dumneavoastra la accesarea site-ului sau in urma actiunilor efectuate in site, dupa caz. Puteti seta browser-ul dumneavoastra pentru a bloca cookie-urile, insa in acest caz anumite sectiuni ale site-ului nu vor functiona corect.<\/p>\n<p><strong>Google Analytics<\/strong><\/p>\n<p>Acest site foloseste tehnologie de profilare anonima a traficului. Pentru a imbunatati experienta utilizatorilor sai, acest website foloseste utilizeaz\u0103 Google Analytics, un serviciu de analiza a site-urilor web furnizat de Google Inc. (\u00een continuare, &#8220;Google&#8221;). Google Analytics utilizeaza, de asemenea, module cookie.<\/p>\n<p>Atunci c\u00e2nd se solicit\u0103 de c\u0103tre operatorul unui site Web, Google va utiliza aceste informa\u021bii pentru a evalua utilizarea site-ului web \u0219i pentru a genera rapoarte \u0219i servicii pe site-ul web pentru operatorul site-ului web.<\/p>\n<p>Puteti seta browserul dvs. pentru a preveni salvarea modulelor cookie; retineti ca acest lucru poate limita vizualizarea paginii si functiile utilizatorului.<\/p>\n<p>Cookie-uri de performan\u021b\u0103 folosite<\/p>\n<ul>\n<li>_ga<\/li>\n<li>\u00a0 \u00a0 \u00a0 gat<\/li>\n<li>_gid<\/li>\n<\/ul>\n<p><strong>Contin Cookie-urile date personale?<\/strong><\/p>\n<p>Cookie-urile sau tehnologiile similare in sine nu solicita informatii cu caracter personal pentru a putea fi utilizate si, in multe cazuri, nici nu identifica personal utilizatorii de internet. Exista insa situatii cand datele personale pot fi colectate prin utilizarea cookie-urilor pentru a facilita anumite functionalitati pentru utilizator sau pentru a oferi utilizatorului o experienta adaptata preferintelor sale. Astfel de date sunt criptate intr-un mod care face imposibil accesul persoanelor neautorizate la ele.<br \/>\n<strong>Ce sunt tehnologiile similare?<\/strong><\/p>\n<p>Exista alte tehnologii care pot fi utilizate in aceleasi scopuri precum cookie-urile.<\/p>\n<p>Site-ul steopout.ro utilizeaza ca tehnologie similara Local Storage care permite stocarea de informatie pe terminal (calculator, telefon mobil, etc).<\/p>\n<p><strong>Blocarea Cookie-urilor<\/strong><\/p>\n<p>Cele mai multe browsere sunt setate implicit sa accepte cookie-uri, dar aveti posibilitatea sa modificati setarile pentru a bloca unele sau toate cookie-urile.<\/p>\n<p>In cazul in care doriti sa blocati cookie-urile, unele functionalitati ale site\u2011ului vor fi oprite, iar acest lucru poate genera anumite disfunctionalitati sau erori in folosirea site-ului nostru. De exemplu, blocarea cookie-urilor va poate impiedica sa:<\/p>\n<p>&#8211;\u00a0 va autentificati in contul dumneavoastra<\/p>\n<p>&#8211;\u00a0 cumparati online<\/p>\n<p>In cazul in care esti de acord cu aceste limitari si doresti sa blochezi cookie-urile, urmeaza instructiunile de mai jos.<\/p>\n<p>Alege browser-ul tau din lista de mai jos pentru a afisa instructiunile pe care trebuie sa le parcurgeti dupa deschiderea browser-ului.<\/p>\n<p><strong><em>Microsoft Internet Explorer 9 (sistem de operare Windows 7)<\/em><\/strong><\/p>\n<p>&#8211;\u00a0 fa click pe pictograma Setari(dreapta sus)<\/p>\n<p>&#8211;\u00a0 fa click pe\u00a0Optiuni Internet<\/p>\n<p>&#8211;\u00a0 click pe\u00a0Confidentialitate\u00a0si apoi alege optiunile<\/p>\n<p>&#8211;\u00a0 click pe Aplicare si apoi pe OK pentru salvarea preferintelor<\/p>\n<p><strong><em>Google Chrome<\/em><\/strong><\/p>\n<p>&#8211;\u00a0 fa click pe pictograma cheie si selecteaza\u00a0Optiuni\u00a0din lista<\/p>\n<p>&#8211;\u00a0\u00a0click pe tabul \u201eSetari avansate\u201d<\/p>\n<p>&#8211;\u00a0 fa click pe\u00a0Setari\u00a0privind continutul din sectiunea Confidentialitate.<\/p>\n<p>&#8211;\u00a0 alege setarile pe care le doresti<\/p>\n<p>&#8211;\u00a0 click pe X pentru a inchide<\/p>\n<p><strong><em>Safari<\/em><\/strong><\/p>\n<p>&#8211;\u00a0 alege\u00a0Preferinte<\/p>\n<p>&#8211;\u00a0 fa click pe panoul de confidentialitate<\/p>\n<p>&#8211;\u00a0 alege setarile pe care le doresti<\/p>\n<p>&#8211;\u00a0 click pe X pentru a inchide<\/p>\n<p><strong><em>Mozilla Firefox<\/em><\/strong><\/p>\n<p>&#8211;\u00a0 selecteaza\u00a0Instrumente\u00a0din bara principala, apoi\u00a0Optiuni<\/p>\n<p>&#8211;\u00a0 click pe tabul Confidentialitate<\/p>\n<p>&#8211;\u00a0 alege setarile pe care le doresti<\/p>\n<p>&#8211;\u00a0 click pe OK pentru a inchide<\/p>\n<p>Setarile de mai sus sunt specifice fiecarui browser si compania noastra nu este responsabila pentru modul de functionare al acestora.<\/p>\n<p><strong>Administrarea preferintelor cu privire la plasarea de cookie-uri<\/strong><\/p>\n<p>In general, o aplicatie folosita pentru accesarea paginilor web permite salvarea cookie-urilor si\/sau a tehnologiilor similare pe terminal in mod implicit. Acestea sunt stocate pe perioade descrise mai jos. Aceste setari pot fi schimbate in asa fel incat administrarea automata a cookie-urilor sa fie blocata de browser-ul web sau utilizatorul sa fie informat de fiecare data cand cookie-uri sunt trimise catre terminalul sau. Informatii detaliate despre posibilitatile si modurile de administrare a cookie-urilor pot fi gasite in zona de setari a aplicatiei (browser-ului web). Limitarea folosirii cookie-urilor poate afecta anumite functionalitati ale website-ului.<\/p>\n<p><strong>De ce sunt cookie-urile importante pentru Internet?<\/strong><\/p>\n<p>Cookie-urile si\/sau tehnologiile similare reprezinta un punct central al functionarii eficiente a Internetului, ajutand la generarea unei experiente de navigare prietenoase si adaptate preferintelor si intereselor fiecarui utilizator. Refuzarea sau dezactivarea cookie-urilor poate face unele site-uri sau parti ale site-urilor imposibil de folosit.<\/p>\n<p>Dezactivarea cookie-urilor nu inseamna ca nu veti mai primi, cu respectarea legislatiei, publicitate online \u2013 ci doar ca aceasta nu va mai putea tine cont de preferintele si interesele dvs., evidentiate prin comportamentul de navigare.<br \/>\nExemple de intrebuintari importante ale cookie-urilor (care nu necesita autentificarea unui utilizator prin intermediul unui cont):<\/p>\n<p>&#8211;\u00a0 \u00a0Continut si servicii adaptate preferintelor utilizatorului \u2013 categorii de produse si servicii.<\/p>\n<p>&#8211;\u00a0 \u00a0Oferte adaptate intereselor utilizatorilor<\/p>\n<p>&#8211;\u00a0 \u00a0Retinerea parolelor<\/p>\n<p>&#8211;\u00a0 \u00a0Retinerea filtrelor de protectie a copiilor privind continutul pe Internet (optiuni family mode, functii de safe search).<\/p>\n<p>&#8211;\u00a0 \u00a0Limitarea frecventei de difuzare a reclamelor \u2013 limitarea numarului de afisari a unei reclame pentru un anumit utilizator pe un site.<\/p>\n<p>&#8211;\u00a0 \u00a0Furnizarea de publicitate relevanta pentru utilizator.<\/p>\n<p>&#8211;\u00a0 \u00a0Masurarea, optimizarea si adaptarea caracteristicilor de analiza \u2013 cum ar fi confirmarea unui anumit nivel de trafic pe un website, ce tip de continut este vizualizat si modul cum un utilizator ajunge pe un website (ex: prin motoare de cautare, direct, din alte website-uri etc.). Website-urile deruleaza aceste analize privitoare la utilizarea lor pentru a-si imbunatati serviciile in beneficiul utilizatorilor.<\/p>\n<p><strong>Securitate si aspecte legate de confidentialitate<\/strong><\/p>\n<p>In general browserele au integrate setari de confidentialitate care furnizeaza diferite niveluri de acceptare a cookie-urilor, perioada de valabilitate si stergere automata dupa ce utilizatorul a vizitat un anumit site.<\/p>\n<p>Alte aspecte de securitate legate de cookie-uri:<\/p>\n<p>&#8211;\u00a0 \u00a0Particularizarea setarilor browserului in ceea ce priveste cookie-urile pentru a reflecta un nivel confortabil pentru dumneavoastra al securitatii utilizarii cookie-urilor.<\/p>\n<p>&#8211;\u00a0 \u00a0Daca sunteti singura persoana care utilizeaza computerul, puteti seta, daca doriti, termene lungi de expirare pentru stocarea istoricului de navigare si a datelor personale de acces.<\/p>\n<p>&#8211;\u00a0 \u00a0Daca impartiti accesul la calculator, puteti lua in considerare setarea browserului pentru a sterge datele individuale de navigare de fiecare data cand inchideti browserul. Aceasta este o varianta de a accesa site-urile care plaseaza cookie-uri si de a sterge orice informatie de vizitare la inchiderea sesiunii de navigare.<\/p>\n<p><strong>Linkuri si informatii suplimentare utile<\/strong><\/p>\n<p>Daca doriti sa aflati mai multe informatii despre cookie-uri si la ce sunt utilizate, recomandam urmatoarele linkuri:<\/p>\n<p><a href=\"https:\/\/support.microsoft.com\/en-us\/help\/260971\/description-of-cookies\">Microsoft Cookie Guide<\/a><br \/>\n<a href=\"http:\/\/www.allaboutcookies.org\/\">All About Cookies<\/a><br \/>\n<a href=\"http:\/\/www.youronlinechoices.com\/ro\/\">http:\/\/www.youronlinechoices.com\/ro\/<\/a>[\/vc_column_text][\/vc_column][\/vc_row]<\/p>\n<\/div>","protected":false},"excerpt":{"rendered":"<p>[vc_row][vc_column][vc_column_text css=&#8221;&#8221;]Aceasta politica se refera la cookie-urile si la tehnologiile folosite, dupa caz, in website-ul operate de STEPOUT MARKET cu sediul social in Aleea Magura Vulturului nr 9, bl 435,<\/p>\n","protected":false},"author":1,"featured_media":0,"parent":0,"menu_order":0,"comment_status":"closed","ping_status":"closed","template":"","meta":{"_acf_changed":false,"footnotes":""},"class_list":["post-5241","page","type-page","status-publish","hentry"],"acf":[],"aioseo_notices":[],"_links":{"self":[{"href":"https:\/\/www.storycraft.ro\/shop\/wp-json\/wp\/v2\/pages\/5241","targetHints":{"allow":["GET"]}}],"collection":[{"href":"https:\/\/www.storycraft.ro\/shop\/wp-json\/wp\/v2\/pages"}],"about":[{"href":"https:\/\/www.storycraft.ro\/shop\/wp-json\/wp\/v2\/types\/page"}],"author":[{"embeddable":true,"href":"https:\/\/www.storycraft.ro\/shop\/wp-json\/wp\/v2\/users\/1"}],"replies":[{"embeddable":true,"href":"https:\/\/www.storycraft.ro\/shop\/wp-json\/wp\/v2\/comments?post=5241"}],"version-history":[{"count":2,"href":"https:\/\/www.storycraft.ro\/shop\/wp-json\/wp\/v2\/pages\/5241\/revisions"}],"predecessor-version":[{"id":26910,"href":"https:\/\/www.storycraft.ro\/shop\/wp-json\/wp\/v2\/pages\/5241\/revisions\/26910"}],"wp:attachment":[{"href":"https:\/\/www.storycraft.ro\/shop\/wp-json\/wp\/v2\/media?parent=5241"}],"curies":[{"name":"wp","href":"https:\/\/api.w.org\/{rel}","templated":true}]}}