{"id":5397,"date":"2019-05-13T05:26:05","date_gmt":"2019-05-13T05:26:05","guid":{"rendered":"http:\/\/stepout.ro\/?page_id=5397"},"modified":"2022-12-27T18:35:24","modified_gmt":"2022-12-27T16:35:24","slug":"cele-mai-noi-aparitii","status":"publish","type":"page","link":"https:\/\/www.storycraft.ro\/shop\/cele-mai-noi-aparitii\/","title":{"rendered":"Cele mai noi aparitii"},"content":{"rendered":"<div class=\"wpb-content-wrapper\"><p>[vc_row][vc_column]<div class=\"woocommerce columns-4 \"><ul data-view=\"grid\" data-bs-toggle=\"regular-products\" class=\"products products list-unstyled row g-0 row-cols-2 row-cols-md-3 row-cols-lg-4 row-cols-xl-4 row-cols-xxl-4\"><li class=\"product type-product post-11521 status-publish first instock product_cat-politist product_tag-produse-individuale has-post-thumbnail sale taxable shipping-taxable purchasable product-type-simple\">\n\t<div class=\"product-outer product-item__outer\"><div class=\"product-inner product-item__inner\"><div class=\"product-loop-header product-item__header\"><span class=\"loop-product-categories\"><a href=\"https:\/\/www.storycraft.ro\/shop\/politist\/\" rel=\"tag\">Politist<\/a><\/span><a href=\"https:\/\/www.storycraft.ro\/shop\/asasinul-siberian\/\" class=\"woocommerce-LoopProduct-link woocommerce-loop-product__link\"><h2 class=\"woocommerce-loop-product__title\">Asasinul Siberian<\/h2><div class=\"product-thumbnail product-item__thumbnail\">\r\n<span class=\"product-label product-label--bestseller\">Bestseller<\/span>\r\n\n\t<span class=\"onsale\">-<span class=\"percentage\">28%<\/span><\/span>\n\t<img fetchpriority=\"high\" decoding=\"async\" width=\"300\" height=\"467\" src=\"https:\/\/www.storycraft.ro\/shop\/wp-content\/uploads\/2025\/01\/Storycraft-Shop-Asasinul-Siberian-min-300x467.png\" class=\"attachment-woocommerce_thumbnail size-woocommerce_thumbnail\" alt=\"Asasinul Siberian\" \/><\/div><\/a><\/div><!-- \/.product-loop-header --><div class=\"product-loop-body product-item__body\"><span class=\"loop-product-categories\"><a href=\"https:\/\/www.storycraft.ro\/shop\/politist\/\" rel=\"tag\">Politist<\/a><\/span><a href=\"https:\/\/www.storycraft.ro\/shop\/asasinul-siberian\/\" class=\"woocommerce-LoopProduct-link woocommerce-loop-product__link\"><h2 class=\"woocommerce-loop-product__title\">Asasinul Siberian<\/h2>\t\t<div class=\"product-rating\">\n\t\t\t<div class=\"star-rating\" title=\"Rated 0 out of 5\"><span style=\"width:0%\"><strong class=\"rating\">0<\/strong> out of 5<\/span><\/div> (0)\n\t\t<\/div>\n\t\t\t\t<div class=\"product-short-description\">\n\t\t\t<div class=\"et_pb_module et_pb_text et_pb_text_22 et_pb_text_align_left et_pb_bg_layout_light\">\n<div class=\"et_pb_text_inner\">\n<div class=\"et_pb_column et_pb_column_1_2 et_pb_column_28 et_pb_css_mix_blend_mode_passthrough\">\n<div class=\"et_pb_module et_pb_text et_pb_text_56 et_pb_text_align_left et_pb_bg_layout_light\">\n<div class=\"et_pb_text_inner\">\n<div class=\"et_pb_text_inner\">\n<p>Asasinul Siberian: <span style=\"color: #000000\"><strong>Jack Wyler, un detectiv particular din ora\u0219ul Jacksonville,<\/strong> a fost martor c\u00e2nd so\u021bia sa a fost \u00eempu\u0219cat\u0103 de un asasin periculos.<\/span><\/p>\n<ul>\n<li><span style=\"color: #000000\"><strong>Genul:<\/strong> Poli\u021bist<\/span><\/li>\n<li><span style=\"color: #000000\"><strong>Editura:<\/strong>\u00a0StoryCraft Publishing<\/span><\/li>\n<li><span style=\"color: #000000\"><strong>Cod ISBN:<\/strong>\u00a0<small>978-606-95057-8-6<\/small><\/span><\/li>\n<li><span style=\"color: #000000\"><strong>Format:<\/strong> 19,5 * 12,5 cm<\/span><\/li>\n<li><span style=\"color: #000000\"><strong>Coperta:<\/strong>\u00a0bro\u0219at\u0103<\/span><\/li>\n<li><span style=\"color: #000000\"><strong>Nr. pagini la interior:<\/strong> 320<\/span><\/li>\n<\/ul>\n<\/div>\n<\/div>\n<\/div>\n<div class=\"et_pb_module et_pb_text et_pb_text_58 et_pb_text_align_left et_pb_bg_layout_light\">\n<div class=\"et_pb_text_inner\">\n<p>&nbsp;<\/p>\n<\/div>\n<\/div>\n<\/div>\n<\/div>\n<\/div>\n\t\t<\/div>\n\t\t\t\t<div class=\"product-sku\">SKU: ASA<\/div><\/a><\/div><!-- \/.product-loop-body --><div class=\"product-loop-footer product-item__footer\"><div class=\"price-add-to-cart\">\n\t<span class=\"price\"><span class=\"electro-price\"><ins><span class=\"woocommerce-Price-amount amount\"><bdi>49<sup class=\"woocommerce-Price-decimals\">90<\/sup>&nbsp;<span class=\"woocommerce-Price-currencySymbol\">lei<\/span><\/bdi><\/span><\/ins> <del><span class=\"woocommerce-Price-amount amount\"><bdi>69<sup class=\"woocommerce-Price-decimals\">00<\/sup>&nbsp;<span class=\"woocommerce-Price-currencySymbol\">lei<\/span><\/bdi><\/span><\/del><\/span><\/span>\n<div class=\"add-to-cart-wrap\" data-bs-toggle=\"tooltip\" data-bs-title=\"Adaug\u0103 \u00een co\u0219\"><a href=\"\/shop\/wp-json\/wp\/v2\/pages\/5397?add-to-cart=11521\" aria-describedby=\"woocommerce_loop_add_to_cart_link_describedby_11521\" data-quantity=\"1\" class=\"button product_type_simple add_to_cart_button ajax_add_to_cart\" data-product_id=\"11521\" data-product_sku=\"ASA\" aria-label=\"Adaug\u0103 \u00een co\u0219: &amp;lbquo;Asasinul Siberian&rdquo;\" rel=\"nofollow\" data-success_message=\"&ldquo;Asasinul Siberian&rdquo; has been added to your cart\" role=\"button\">Adaug\u0103 \u00een co\u0219<\/a><\/div>\t<span id=\"woocommerce_loop_add_to_cart_link_describedby_11521\" class=\"screen-reader-text\">\n\t\t\t<\/span>\n<\/div><!-- \/.price-add-to-cart --><div class=\"hover-area\"><div class=\"action-buttons\"><\/div><\/div><\/div><!-- \/.product-loop-footer --><\/div><!-- \/.product-inner --><\/div><!-- \/.product-outer --><\/li>\n<li class=\"product type-product post-11518 status-publish instock product_cat-comedie product_cat-dragoste product_tag-produse-individuale has-post-thumbnail sale taxable shipping-taxable purchasable product-type-simple\">\n\t<div class=\"product-outer product-item__outer\"><div class=\"product-inner product-item__inner\"><div class=\"product-loop-header product-item__header\"><span class=\"loop-product-categories\"><a href=\"https:\/\/www.storycraft.ro\/shop\/comedie\/\" rel=\"tag\">Comedie<\/a>, <a href=\"https:\/\/www.storycraft.ro\/shop\/dragoste\/\" rel=\"tag\">Dragoste<\/a><\/span><a href=\"https:\/\/www.storycraft.ro\/shop\/compozitie-pentru-lorena\/\" class=\"woocommerce-LoopProduct-link woocommerce-loop-product__link\"><h2 class=\"woocommerce-loop-product__title\">Compozi\u021bie pentru Lorena<\/h2><div class=\"product-thumbnail product-item__thumbnail\">\n\t<span class=\"onsale\">-<span class=\"percentage\">27%<\/span><\/span>\n\t<img decoding=\"async\" width=\"300\" height=\"467\" src=\"https:\/\/www.storycraft.ro\/shop\/wp-content\/uploads\/2025\/01\/Storycraft-Shop-Compozitie-pentru-Lorena-min-300x467.png\" class=\"attachment-woocommerce_thumbnail size-woocommerce_thumbnail\" alt=\"Compozi\u021bie pentru Lorena\" \/><\/div><\/a><\/div><!-- \/.product-loop-header --><div class=\"product-loop-body product-item__body\"><span class=\"loop-product-categories\"><a href=\"https:\/\/www.storycraft.ro\/shop\/comedie\/\" rel=\"tag\">Comedie<\/a>, <a href=\"https:\/\/www.storycraft.ro\/shop\/dragoste\/\" rel=\"tag\">Dragoste<\/a><\/span><a href=\"https:\/\/www.storycraft.ro\/shop\/compozitie-pentru-lorena\/\" class=\"woocommerce-LoopProduct-link woocommerce-loop-product__link\"><h2 class=\"woocommerce-loop-product__title\">Compozi\u021bie pentru Lorena<\/h2>\t\t<div class=\"product-rating\">\n\t\t\t<div class=\"star-rating\" title=\"Rated 0 out of 5\"><span style=\"width:0%\"><strong class=\"rating\">0<\/strong> out of 5<\/span><\/div> (0)\n\t\t<\/div>\n\t\t\t\t<div class=\"product-short-description\">\n\t\t\t<div class=\"et_pb_module et_pb_text et_pb_text_22 et_pb_text_align_left et_pb_bg_layout_light\">\n<div class=\"et_pb_text_inner\">\n<ul>\n<li><span style=\"color: #000000\"><strong>Genul:<\/strong> Comedie, Romantic<\/span><\/li>\n<li><span style=\"color: #000000\"><strong>Editura:<\/strong>\u00a0StoryCraft Publishing<\/span><\/li>\n<li><span style=\"color: #000000\"><strong>Cod ISBN:<\/strong> <small>978-606-95057-7-9<\/small><\/span><\/li>\n<li><span style=\"color: #000000\"><strong>Format:<\/strong> 19,5 * 12,5 cm<\/span><\/li>\n<li><span style=\"color: #000000\"><strong>Coperta:<\/strong>\u00a0bro\u0219at\u0103<\/span><\/li>\n<li><span style=\"color: #000000\"><strong>Nr. pagini la interior:<\/strong> 370<\/span><\/li>\n<\/ul>\n<p>&nbsp;<\/p>\n<\/div>\n<\/div>\n\t\t<\/div>\n\t\t\t\t<div class=\"product-sku\">SKU: COM<\/div><\/a><\/div><!-- \/.product-loop-body --><div class=\"product-loop-footer product-item__footer\"><div class=\"price-add-to-cart\">\n\t<span class=\"price\"><span class=\"electro-price\"><ins><span class=\"woocommerce-Price-amount amount\"><bdi>39<sup class=\"woocommerce-Price-decimals\">90<\/sup>&nbsp;<span class=\"woocommerce-Price-currencySymbol\">lei<\/span><\/bdi><\/span><\/ins> <del><span class=\"woocommerce-Price-amount amount\"><bdi>54<sup class=\"woocommerce-Price-decimals\">75<\/sup>&nbsp;<span class=\"woocommerce-Price-currencySymbol\">lei<\/span><\/bdi><\/span><\/del><\/span><\/span>\n<div class=\"add-to-cart-wrap\" data-bs-toggle=\"tooltip\" data-bs-title=\"Adaug\u0103 \u00een co\u0219\"><a href=\"\/shop\/wp-json\/wp\/v2\/pages\/5397?add-to-cart=11518\" aria-describedby=\"woocommerce_loop_add_to_cart_link_describedby_11518\" data-quantity=\"1\" class=\"button product_type_simple add_to_cart_button ajax_add_to_cart\" data-product_id=\"11518\" data-product_sku=\"COM\" aria-label=\"Adaug\u0103 \u00een co\u0219: &amp;lbquo;Compozi\u021bie pentru Lorena&rdquo;\" rel=\"nofollow\" data-success_message=\"&ldquo;Compozi\u021bie pentru Lorena&rdquo; has been added to your cart\" role=\"button\">Adaug\u0103 \u00een co\u0219<\/a><\/div>\t<span id=\"woocommerce_loop_add_to_cart_link_describedby_11518\" class=\"screen-reader-text\">\n\t\t\t<\/span>\n<\/div><!-- \/.price-add-to-cart --><div class=\"hover-area\"><div class=\"action-buttons\"><\/div><\/div><\/div><!-- \/.product-loop-footer --><\/div><!-- \/.product-inner --><\/div><!-- \/.product-outer --><\/li>\n<li class=\"product type-product post-10787 status-publish instock product_cat-young-adult product_cat-dark-fiction product_cat-horror product_tag-produse-individuale has-post-thumbnail sale taxable shipping-taxable purchasable product-type-simple\">\n\t<div class=\"product-outer product-item__outer\"><div class=\"product-inner product-item__inner\"><div class=\"product-loop-header product-item__header\"><span class=\"loop-product-categories\"><a href=\"https:\/\/www.storycraft.ro\/shop\/young-adult\/\" rel=\"tag\">Colec\u021bia TEENS<\/a>, <a href=\"https:\/\/www.storycraft.ro\/shop\/dark-fiction\/\" rel=\"tag\">Dark fiction<\/a>, <a href=\"https:\/\/www.storycraft.ro\/shop\/horror\/\" rel=\"tag\">Horror<\/a><\/span><a href=\"https:\/\/www.storycraft.ro\/shop\/liceul-13\/\" class=\"woocommerce-LoopProduct-link woocommerce-loop-product__link\"><h2 class=\"woocommerce-loop-product__title\">Liceul 13<\/h2><div class=\"product-thumbnail product-item__thumbnail\">\r\n<span class=\"product-label product-label--custom\" style=\"background-color:#dd3333;color:#ffffff\">STOC EPUIZAT<\/span>\r\n\n\t<span class=\"onsale\">-<span class=\"percentage\">25%<\/span><\/span>\n\t<img decoding=\"async\" width=\"300\" height=\"467\" src=\"https:\/\/www.storycraft.ro\/shop\/wp-content\/uploads\/2025\/01\/Storycraft-Shop-Liceul-13-min-300x467.png\" class=\"attachment-woocommerce_thumbnail size-woocommerce_thumbnail\" alt=\"Liceul 13\" \/><\/div><\/a><\/div><!-- \/.product-loop-header --><div class=\"product-loop-body product-item__body\"><span class=\"loop-product-categories\"><a href=\"https:\/\/www.storycraft.ro\/shop\/young-adult\/\" rel=\"tag\">Colec\u021bia TEENS<\/a>, <a href=\"https:\/\/www.storycraft.ro\/shop\/dark-fiction\/\" rel=\"tag\">Dark fiction<\/a>, <a href=\"https:\/\/www.storycraft.ro\/shop\/horror\/\" rel=\"tag\">Horror<\/a><\/span><a href=\"https:\/\/www.storycraft.ro\/shop\/liceul-13\/\" class=\"woocommerce-LoopProduct-link woocommerce-loop-product__link\"><h2 class=\"woocommerce-loop-product__title\">Liceul 13<\/h2>\t\t<div class=\"product-rating\">\n\t\t\t<div class=\"star-rating\" title=\"Rated 0 out of 5\"><span style=\"width:0%\"><strong class=\"rating\">0<\/strong> out of 5<\/span><\/div> (0)\n\t\t<\/div>\n\t\t\t\t<div class=\"product-short-description\">\n\t\t\t<p><strong><span style=\"color: #000000\">\u00centr-o noapte de iarn\u0103, Maria Stanciu, elev\u0103 \u00een clasa a XII-a A la Liceul 13 \u201cScarlat Demetrescu\u201d, se sinucide arunc\u00e2ndu-se \u00een fa\u021ba unui tren. <\/span><\/strong><\/p>\n<ul>\n<li><span style=\"color: #000000\"><strong>Genul:<\/strong> Horror, Paranormal<\/span><\/li>\n<li><span style=\"color: #000000\"><strong>Editura:<\/strong>\u00a0StoryCraft Publishing<\/span><\/li>\n<li><span style=\"color: #000000\"><strong>Cod ISBN:<\/strong> 978-606-95057-6-2<\/span><\/li>\n<li><span style=\"color: #000000\"><strong>Format:<\/strong> 19,5 * 12,5 cm<\/span><\/li>\n<li><span style=\"color: #000000\"><strong>Coperta:<\/strong>\u00a0bro\u0219at\u0103<\/span><\/li>\n<li><span style=\"color: #000000\"><strong>Nr. pagini la interior:<\/strong> 324<\/span><\/li>\n<\/ul>\n<p>&nbsp;<\/p>\n\t\t<\/div>\n\t\t\t\t<div class=\"product-sku\">SKU: LIC<\/div><\/a><\/div><!-- \/.product-loop-body --><div class=\"product-loop-footer product-item__footer\"><div class=\"price-add-to-cart\">\n\t<span class=\"price\"><span class=\"electro-price\"><ins><span class=\"woocommerce-Price-amount amount\"><bdi>44<sup class=\"woocommerce-Price-decimals\">50<\/sup>&nbsp;<span class=\"woocommerce-Price-currencySymbol\">lei<\/span><\/bdi><\/span><\/ins> <del><span class=\"woocommerce-Price-amount amount\"><bdi>59<sup class=\"woocommerce-Price-decimals\">50<\/sup>&nbsp;<span class=\"woocommerce-Price-currencySymbol\">lei<\/span><\/bdi><\/span><\/del><\/span><\/span>\n<div class=\"add-to-cart-wrap\" data-bs-toggle=\"tooltip\" data-bs-title=\"Adaug\u0103 \u00een co\u0219\"><a href=\"\/shop\/wp-json\/wp\/v2\/pages\/5397?add-to-cart=10787\" aria-describedby=\"woocommerce_loop_add_to_cart_link_describedby_10787\" data-quantity=\"1\" class=\"button product_type_simple add_to_cart_button ajax_add_to_cart\" data-product_id=\"10787\" data-product_sku=\"LIC\" aria-label=\"Adaug\u0103 \u00een co\u0219: &amp;lbquo;Liceul 13&rdquo;\" rel=\"nofollow\" data-success_message=\"&ldquo;Liceul 13&rdquo; has been added to your cart\" role=\"button\">Adaug\u0103 \u00een co\u0219<\/a><\/div>\t<span id=\"woocommerce_loop_add_to_cart_link_describedby_10787\" class=\"screen-reader-text\">\n\t\t\t<\/span>\n<\/div><!-- \/.price-add-to-cart --><div class=\"hover-area\"><div class=\"action-buttons\"><\/div><\/div><\/div><!-- \/.product-loop-footer --><\/div><!-- \/.product-inner --><\/div><!-- \/.product-outer --><\/li>\n<\/ul>\n<\/div>[\/vc_column][\/vc_row]<\/p>\n<\/div>","protected":false},"excerpt":{"rendered":"<p>[vc_row][vc_column][\/vc_column][\/vc_row]<\/p>\n","protected":false},"author":1,"featured_media":0,"parent":0,"menu_order":0,"comment_status":"closed","ping_status":"closed","template":"","meta":{"_acf_changed":false,"footnotes":""},"class_list":["post-5397","page","type-page","status-publish","hentry"],"acf":[],"aioseo_notices":[],"_links":{"self":[{"href":"https:\/\/www.storycraft.ro\/shop\/wp-json\/wp\/v2\/pages\/5397","targetHints":{"allow":["GET"]}}],"collection":[{"href":"https:\/\/www.storycraft.ro\/shop\/wp-json\/wp\/v2\/pages"}],"about":[{"href":"https:\/\/www.storycraft.ro\/shop\/wp-json\/wp\/v2\/types\/page"}],"author":[{"embeddable":true,"href":"https:\/\/www.storycraft.ro\/shop\/wp-json\/wp\/v2\/users\/1"}],"replies":[{"embeddable":true,"href":"https:\/\/www.storycraft.ro\/shop\/wp-json\/wp\/v2\/comments?post=5397"}],"version-history":[{"count":9,"href":"https:\/\/www.storycraft.ro\/shop\/wp-json\/wp\/v2\/pages\/5397\/revisions"}],"predecessor-version":[{"id":11675,"href":"https:\/\/www.storycraft.ro\/shop\/wp-json\/wp\/v2\/pages\/5397\/revisions\/11675"}],"wp:attachment":[{"href":"https:\/\/www.storycraft.ro\/shop\/wp-json\/wp\/v2\/media?parent=5397"}],"curies":[{"name":"wp","href":"https:\/\/api.w.org\/{rel}","templated":true}]}}