{"id":10003,"date":"2021-06-01T12:37:38","date_gmt":"2021-06-01T09:37:38","guid":{"rendered":"https:\/\/www.storycraft.ro\/shop\/?post_type=product&#038;p=10003"},"modified":"2026-01-19T09:44:12","modified_gmt":"2026-01-19T07:44:12","slug":"pachet-aventura","status":"publish","type":"product","link":"https:\/\/www.storycraft.ro\/shop\/pachet-aventura\/","title":{"rendered":"Pachet Aventura"},"content":{"rendered":"<h3><strong>Pachetul \u201cAventur\u0103\u201d contine:<\/strong><\/h3>\n<ol>\n<li>Cartea &#8220;Bastardul&#8221; de Daniel Z\u0103rnescu<\/li>\n<li>Cartea &#8220;Revolta Akienilor&#8221; de Daniel Z\u0103rnescu<\/li>\n<\/ol>\n<p>_______________________________________________________________________________________________________________________________________________________________________<\/p>\n<h3><strong>Cartea \u201cBastardul\u201d:<\/strong><\/h3>\n<ul>\n<li>\n<div><b>Cod ISBN:<\/b>\u00a0978-606-8655-63-5<\/div>\n<\/li>\n<li>\n<div><b>Categoria:<\/b>\u00a0Beletristic\u0103, Fic\u021biune istoric\u0103<\/div>\n<\/li>\n<li>\n<div><b>Editura:<\/b>\u00a0Stepout Publishing House<\/div>\n<\/li>\n<li>\n<div><b>Colectie:<\/b>\u00a0Ghiozdanul cu c\u0103r\u021bi<\/div>\n<\/li>\n<li>\n<div><b>Coperta:<\/b>\u00a0bro\u0219at\u0103<\/div>\n<\/li>\n<li>\n<div><strong>Format:<\/strong> 20 * 13 cm<\/div>\n<\/li>\n<li>\n<div><strong>Nr. pagini la interior:<\/strong>\u00a0304<\/div>\n<\/li>\n<\/ul>\n<div><em>C\u00e2teodat\u0103, c\u00e2nd te afli \u00een mijlocul b\u0103t\u0103liei, mintea \u00ee\u021bi joac\u0103 feste \u0219i iei decizii necugetate. Deja linia noastr\u0103 era format\u0103 din jum\u0103tate de centurie, ca num\u0103r, iar el \u2013 un singur c\u0103l\u0103re\u021b cu calul lui. \u0218i venea direct c\u0103tre noi. C\u0103tre mine! Am l\u0103sat scutul jos.<\/em><\/div>\n<div><\/div>\n<div><em>\u201cSoldaaaat!\u201d, s-a auzit vocea disperat\u0103 a lui Flavius, din spatele meu. \u201cCe faci? Scutul sus! \u021aine linia!\u201d<\/em><\/div>\n<div><\/div>\n<div><em>Atunci m-a recunoscut, pentru c\u0103 i-am sim\u021bit nervii p\u00e2n\u0103 \u00een spatele urechilor. Dac\u0103 ar fi fost l\u00e2ng\u0103 mine, m-ar fi sf\u00e2\u0219iat cu m\u00e2inile goale.<\/em><\/div>\n<div><\/div>\n<div><em>\u201cTiberiuuuuus! Mi\u0219c\u0103-\u021bi curul \u00eenapoi \u0219i \u021bine linia! E<\/em><\/div>\n<div><em>un ordin!\u201d<\/em><\/div>\n<div><\/div>\n<div>***<\/div>\n<div><\/div>\n<div>Suntem pe teritoriul Celor Trei Dacii, tres Daciae, in anul 270 d.Hr. Imparatul Aurelian, proaspat numit pe tron, decide sa ii urmareasca pe tervingi si pe infamul lor lider, Cannabaudes, dincolo de Dunare.<\/div>\n<div><\/div>\n<div>Scopul este sa ii goneasca o data pentru totdeauna din propriul teritoriu, ca sa se poata concentra pe lucrurile cu adevarat importante.<\/div>\n<div><\/div>\n<div>Imperiul este pe marginea prapastiei. La nord: Britannia, Gallia si Hispania s-au desprins de Roma si au format Imperiul Galic. La est: Siria, Palestina si Egipt au format si ele Imperiul de la Palmira.<\/div>\n<div><\/div>\n<div>Trei imperii, trei imparati. Ce se intampla in Dacia va duce la renasterea Romei sau la disparitia ei.<\/div>\n<div>\n<p>_______________________________________________________________________________________________________________________________________________________________________<\/p>\n<h3><strong>Cartea \u201cRevolta Akienilor\u201d:<\/strong><\/h3>\n<ul>\n<li>\n<div><b>Cod ISBN:<\/b>\u00a0978-606-8655-55-0<\/div>\n<\/li>\n<li>\n<div><b>Genul:<\/b>\u00a0Aventur\u0103, Fantasy, Young Adults<\/div>\n<\/li>\n<li>\n<div><b>Editura:<\/b>\u00a0Stepout Publishing House<\/div>\n<\/li>\n<li>\n<div><b>Colectie:<\/b>\u00a0Ghiozdanul cu c\u0103r\u021bi<\/div>\n<\/li>\n<li>\n<div><b>Coperta:<\/b>\u00a0bro\u0219at\u0103<\/div>\n<\/li>\n<li>\n<div><strong>Format:<\/strong>\u00a020 * 13 cm<\/div>\n<\/li>\n<li>\n<div><strong>Nr. pagini la interior:<\/strong>\u00a0176<\/div>\n<\/li>\n<\/ul>\n<p>\u201cCartea e o surpriza uriasa pentru cititorii lui Daniel Zarnescu.\u00a0Revolta akienilor te ia de mana si te trece prin momente speciale din viata unui copil, care conduce o armata puternica de ganduri. Micutul general si stapan al akienilor isi planifica pas cu pas miscarile trupelor sale.<\/p>\n<p>Intriga, umorul, suspansul si toate actiunile sunt detaliate cu lux de amanunte, astfel incat ai impresia ca te uiti la un film dar nu din fotoliu sau de pe un scaun de la cinema, ci din mijlocul actiunii.\u00a0Momentele care alterneaza spectaculos, de la ras la plans, de la furie la calm, de la revolta la capitulare, te fac sa nu lasi cartea din mana pana nu o termini de citit.<\/p>\n<p>O \u201ccarte-film\u201d care te tine cu sufletul la gura de la inceput pana la final.\u201d<\/p>\n<\/div>\n","protected":false},"excerpt":{"rendered":"<p>Pachetul \u201cAventur\u0103\u201d contine:<\/p>\n<ol>\n<li>Cartea &#8220;Bastardul&#8221; de Daniel Z\u0103rnescu<\/li>\n<li>Cartea &#8220;Revolta Akienilor&#8221; de Daniel Z\u0103rnescu<\/li>\n<\/ol>\n","protected":false},"featured_media":10000,"template":"","meta":{"_acf_changed":false},"product_brand":[],"product_cat":[261],"product_tag":[311],"class_list":{"0":"post-10003","1":"product","2":"type-product","3":"status-publish","4":"has-post-thumbnail","6":"product_cat-pachete","7":"product_tag-pachete","8":"pa_autori-daniel-zarnescu","10":"first","11":"instock","12":"sale","13":"taxable","14":"shipping-taxable","15":"purchasable","16":"product-type-simple"},"acf":[],"aioseo_notices":[],"_links":{"self":[{"href":"https:\/\/www.storycraft.ro\/shop\/wp-json\/wp\/v2\/product\/10003","targetHints":{"allow":["GET"]}}],"collection":[{"href":"https:\/\/www.storycraft.ro\/shop\/wp-json\/wp\/v2\/product"}],"about":[{"href":"https:\/\/www.storycraft.ro\/shop\/wp-json\/wp\/v2\/types\/product"}],"wp:featuredmedia":[{"embeddable":true,"href":"https:\/\/www.storycraft.ro\/shop\/wp-json\/wp\/v2\/media\/10000"}],"wp:attachment":[{"href":"https:\/\/www.storycraft.ro\/shop\/wp-json\/wp\/v2\/media?parent=10003"}],"wp:term":[{"taxonomy":"product_brand","embeddable":true,"href":"https:\/\/www.storycraft.ro\/shop\/wp-json\/wp\/v2\/product_brand?post=10003"},{"taxonomy":"product_cat","embeddable":true,"href":"https:\/\/www.storycraft.ro\/shop\/wp-json\/wp\/v2\/product_cat?post=10003"},{"taxonomy":"product_tag","embeddable":true,"href":"https:\/\/www.storycraft.ro\/shop\/wp-json\/wp\/v2\/product_tag?post=10003"}],"curies":[{"name":"wp","href":"https:\/\/api.w.org\/{rel}","templated":true}]}}