{"id":10077,"date":"2021-09-22T11:57:45","date_gmt":"2021-09-22T08:57:45","guid":{"rendered":"https:\/\/www.storycraft.ro\/shop\/?post_type=product&#038;p=10077"},"modified":"2026-04-08T10:40:07","modified_gmt":"2026-04-08T07:40:07","slug":"intersectii","status":"publish","type":"product","link":"https:\/\/www.storycraft.ro\/shop\/intersectii\/","title":{"rendered":"Intersec\u021bii"},"content":{"rendered":"<p><span style=\"color: #000000;\"><strong>Bucure\u0219ti, 2018. Adrian Ploie\u0219teanu este un antreprenor multimilionar<\/strong>, care \u0219i-a f\u0103cut averea \u00een Rom\u00e2nia postdecembrist\u0103, dar care se lupt\u0103 pentru supravie\u021buirea afacerilor lui \u0219i a imaginii construite \u00een zeci de ani de capitalism mioritic. Manipulator, bun psiholog, impulsiv, foarte bun \u00een negociere, este dispus s\u0103 fac\u0103 orice ca s\u0103 r\u0103m\u00e2n\u0103 \u00een v\u00e2rful lan\u021bului trofic. <\/span><\/p>\n<p><span style=\"color: #000000;\"><strong>\u00centr-o zi, \u00eentr-un alt col\u021b al \u021b\u0103rii, un str\u0103in misterios, aparent nebun, vagabond \u0219i cer\u0219etor<\/strong>, \u00ee\u0219i face apari\u021bia \u00eentr-un or\u0103\u0219el de provincie, cu un secret teribil pe care \u00eel poart\u0103 cu el. Dou\u0103 destine, aparent f\u0103r\u0103 nicio legatur\u0103 \u00eentre ele, se \u00eentretaie \u00eentr-o poveste vie, care pulseaz\u0103 a realism, cu fiecare pagin\u0103 pe care o cite\u0219ti.<\/span><\/p>\n","protected":false},"excerpt":{"rendered":"<ul>\n<li><span style=\"color: #000000;\"><strong>Genul:<\/strong> Horror, Paranormal<\/span><\/li>\n<li><span style=\"color: #000000;\"><strong>Editura:<\/strong>\u00a0StoryCraft Publishing<\/span><\/li>\n<li><span style=\"color: #000000;\"><strong>Cod ISBN:<\/strong> 978-606-8655-54-3<\/span><\/li>\n<li><span style=\"color: #000000;\"><strong>Format:<\/strong> 19,5 * 12,5 cm<\/span><\/li>\n<li><span style=\"color: #000000;\"><strong>Coperta:<\/strong>\u00a0bro\u0219at\u0103<\/span><\/li>\n<li><span style=\"color: #000000;\"><strong>Nr. pagini la interior:<\/strong> 324<\/span><\/li>\n<\/ul>\n<p>&nbsp;<\/p>\n<p>&nbsp;<\/p>\n<p>&nbsp;<\/p>\n<p>&nbsp;<\/p>\n","protected":false},"featured_media":27235,"template":"","meta":{"_acf_changed":false},"product_brand":[],"product_cat":[281],"product_tag":[312],"class_list":{"0":"post-10077","1":"product","2":"type-product","3":"status-publish","4":"has-post-thumbnail","6":"product_cat-contemporan","7":"product_tag-produse-individuale","8":"pa_autori-daniel-zarnescu","10":"first","11":"instock","12":"sale","13":"taxable","14":"shipping-taxable","15":"purchasable","16":"product-type-simple"},"acf":[],"aioseo_notices":[],"_links":{"self":[{"href":"https:\/\/www.storycraft.ro\/shop\/wp-json\/wp\/v2\/product\/10077","targetHints":{"allow":["GET"]}}],"collection":[{"href":"https:\/\/www.storycraft.ro\/shop\/wp-json\/wp\/v2\/product"}],"about":[{"href":"https:\/\/www.storycraft.ro\/shop\/wp-json\/wp\/v2\/types\/product"}],"wp:featuredmedia":[{"embeddable":true,"href":"https:\/\/www.storycraft.ro\/shop\/wp-json\/wp\/v2\/media\/27235"}],"wp:attachment":[{"href":"https:\/\/www.storycraft.ro\/shop\/wp-json\/wp\/v2\/media?parent=10077"}],"wp:term":[{"taxonomy":"product_brand","embeddable":true,"href":"https:\/\/www.storycraft.ro\/shop\/wp-json\/wp\/v2\/product_brand?post=10077"},{"taxonomy":"product_cat","embeddable":true,"href":"https:\/\/www.storycraft.ro\/shop\/wp-json\/wp\/v2\/product_cat?post=10077"},{"taxonomy":"product_tag","embeddable":true,"href":"https:\/\/www.storycraft.ro\/shop\/wp-json\/wp\/v2\/product_tag?post=10077"}],"curies":[{"name":"wp","href":"https:\/\/api.w.org\/{rel}","templated":true}]}}