{"id":10272,"date":"2021-10-27T06:38:01","date_gmt":"2021-10-27T03:38:01","guid":{"rendered":"https:\/\/www.storycraft.ro\/shop\/?post_type=product&#038;p=10272"},"modified":"2025-01-07T22:33:45","modified_gmt":"2025-01-07T20:33:45","slug":"antreprenoriat","status":"publish","type":"product","link":"https:\/\/www.storycraft.ro\/shop\/antreprenoriat\/","title":{"rendered":"Antreprenoriat"},"content":{"rendered":"<p><span style=\"color: #000000\"><strong>Pentru cine este cartea?<\/strong><\/span><\/p>\n<ul class=\"checklist\">\n<li><span style=\"color: #000000\"><strong>Pentru start-up-eri, ini\u021biatori \u0219i deschiz\u0103tori de drumuri:<\/strong>\u00a0oameni care \u00ee\u0219i asum\u0103 proiecte \u0219i care inoveaz\u0103 \u00een activitatea lor.<\/span><\/li>\n<li><span style=\"color: #000000\"><strong>Pentru antreprenori care au la activ deja afaceri construite de la zero<\/strong>\u00a0\u0219i vor s\u0103 \u00een\u021beleag\u0103 \u0219i mai bine procesul din spate, dar vor s\u0103 \u0219i \u00eent\u00e2lneasc\u0103 oameni la fel de nebuni ca ei.<\/span><\/li>\n<li><span style=\"color: #000000\"><strong>Pentru marketeri \u0219i copywriteri, pasiona\u021bi de psihologia v\u00e2nz\u0103rilor,<\/strong>\u00a0care vor s\u0103 \u00ee\u0219i creasc\u0103 propriile conversii (antreprenoriatul \u00eenseamn\u0103 v\u00e2nzare, \u00eentr-un final)<\/span><\/li>\n<li><span style=\"color: #000000\"><strong>Pentru freelancerii<\/strong>\u00a0care vor s\u0103 \u00een\u021beleag\u0103 cum s\u0103 se promoveze mai bine \u0219i s\u0103 tr\u0103iasc\u0103 din serviciile pe care le ofer\u0103.<\/span><\/li>\n<li><span style=\"color: #000000\"><strong>Pentru angaja\u021bii<\/strong>\u00a0c\u0103rora le-a trecut m\u0103car o dat\u0103 prin minte ideea unei afaceri.<\/span><\/li>\n<\/ul>\n<p><span style=\"color: #000000\"><strong>Ce afli din ea?<\/strong><\/span><\/p>\n<ul>\n<li><span style=\"color: #000000\"><strong>Cum sa construiesti o afacere de la zero,<\/strong>\u00a0fara investitii majore, din pozitia angajatului care merge la birou intre 9 si 5, zi de zi<\/span><\/li>\n<li><span style=\"color: #000000\"><strong>Cum stii ca ideea ta de afaceri are potential,<\/strong>\u00a0cum sa o validezi inainte de a arunca cu bani in ea<\/span><\/li>\n<li><span style=\"color: #000000\"><strong>Cum gasesti primii tai clienti,<\/strong>\u00a0cum le vinzi produsele si serviciile tale si cum ii fidelizezi<\/span><\/li>\n<\/ul>\n<p><span style=\"color: #000000\"><strong>Cartea de fa\u021b\u0103, \u201cAntreprenoriat\u201d, este ultima dintr-o serie de trei volume numit\u0103 \u201eConstruim Imperii\u201d<\/strong>, similar blogului care adun\u0103, \u00eenc\u0103 din 2011, newslettere \u0219i articole despre antreprenoriat, leadership, performan\u021b\u0103 sau educa\u021bie financiar\u0103.<\/span><\/p>\n<p><span style=\"color: #000000\"><strong>Prezentul volum este o culegere a celor mai bune articole publicate p\u00e2n\u0103 \u00een prezent<\/strong>, dar \u0219i newslettere trimise comunit\u0103\u021bii de-a lungul timpului (cu peste 50 000 de abona\u021bi), sau de \u00eensemn\u0103ri personale ale autorului \u2013\u00a0care au luat na\u0219tere odat\u0103 cu blogul ConstruimImperii.ro \u2013\u00a0despre tot ce \u00eenseamn\u0103 sau duce c\u0103tre antreprenoriat, Start-up-uri \u0219i\u00a0diferite aspecte ale vie\u021bii unui antreprenor.<\/span><\/p>\n<p>&nbsp;<\/p>\n","protected":false},"excerpt":{"rendered":"<ul>\n<li><span style=\"color: #000000\"><strong>Genul:<\/strong> Horror, Paranormal<\/span><\/li>\n<li><span style=\"color: #000000\"><strong>Editura:<\/strong>\u00a0StoryCraft Publishing<\/span><\/li>\n<li><span style=\"color: #000000\"><strong>Cod ISBN:<\/strong> 978-606-8655-54-3<\/span><\/li>\n<li><span style=\"color: #000000\"><strong>Format:<\/strong> 19,5 * 12,5 cm<\/span><\/li>\n<li><span style=\"color: #000000\"><strong>Coperta:<\/strong>\u00a0bro\u0219at\u0103<\/span><\/li>\n<li><span style=\"color: #000000\"><strong>Nr. pagini la interior:<\/strong> 324<\/span><\/li>\n<\/ul>\n<p>&nbsp;<\/p>\n<p>&nbsp;<\/p>\n<p>&nbsp;<\/p>\n<p>&nbsp;<\/p>\n","protected":false},"featured_media":10281,"template":"","meta":{"_acf_changed":false},"product_brand":[],"product_cat":[283],"product_tag":[312],"class_list":{"0":"post-10272","1":"product","2":"type-product","3":"status-publish","4":"has-post-thumbnail","6":"product_cat-carti-dezvoltare-personala","7":"product_tag-produse-individuale","8":"pa_autori-daniel-zarnescu","10":"first","11":"instock","12":"sale","13":"taxable","14":"shipping-taxable","15":"purchasable","16":"product-type-simple"},"acf":[],"aioseo_notices":[],"_links":{"self":[{"href":"https:\/\/www.storycraft.ro\/shop\/wp-json\/wp\/v2\/product\/10272","targetHints":{"allow":["GET"]}}],"collection":[{"href":"https:\/\/www.storycraft.ro\/shop\/wp-json\/wp\/v2\/product"}],"about":[{"href":"https:\/\/www.storycraft.ro\/shop\/wp-json\/wp\/v2\/types\/product"}],"wp:featuredmedia":[{"embeddable":true,"href":"https:\/\/www.storycraft.ro\/shop\/wp-json\/wp\/v2\/media\/10281"}],"wp:attachment":[{"href":"https:\/\/www.storycraft.ro\/shop\/wp-json\/wp\/v2\/media?parent=10272"}],"wp:term":[{"taxonomy":"product_brand","embeddable":true,"href":"https:\/\/www.storycraft.ro\/shop\/wp-json\/wp\/v2\/product_brand?post=10272"},{"taxonomy":"product_cat","embeddable":true,"href":"https:\/\/www.storycraft.ro\/shop\/wp-json\/wp\/v2\/product_cat?post=10272"},{"taxonomy":"product_tag","embeddable":true,"href":"https:\/\/www.storycraft.ro\/shop\/wp-json\/wp\/v2\/product_tag?post=10272"}],"curies":[{"name":"wp","href":"https:\/\/api.w.org\/{rel}","templated":true}]}}