{"id":10283,"date":"2021-10-27T07:04:40","date_gmt":"2021-10-27T04:04:40","guid":{"rendered":"https:\/\/www.storycraft.ro\/shop\/?post_type=product&#038;p=10283"},"modified":"2025-01-07T22:32:25","modified_gmt":"2025-01-07T20:32:25","slug":"performanta","status":"publish","type":"product","link":"https:\/\/www.storycraft.ro\/shop\/performanta\/","title":{"rendered":"Performan\u021b\u0103"},"content":{"rendered":"<div id=\"yui_3_16_0_ym19_1_1490085437638_46717\">\n<p><strong>Prezentul volum este o culegere a celor mai bune articole publicate p\u00e2n\u0103 \u00een prezent<\/strong>, dar \u0219i newslettere trimise comunit\u0103\u021bii de-a lungul timpului (cu peste 50 000 de abona\u021bi), sau de \u00eensemn\u0103ri personale ale autorului despre tot ce \u00eenseamn\u0103 sau duce c\u0103tre performan\u021b\u0103 pe orice domeniu de activitate.<\/p>\n<\/div>\n<div id=\"yui_3_16_0_ym19_1_1490085437638_47158\"><strong>\u0218tii c\u0103 acest volum este pentru tine dac\u0103:<\/strong><\/div>\n<ul id=\"yui_3_16_0_ym19_1_1490085437638_46712\">\n<li id=\"yui_3_16_0_ym19_1_1490085437638_47188\">e\u0219ti o persoan\u0103 realmente interesat\u0103 de performan\u021b\u0103 \u0219i excelen\u021b\u0103<\/li>\n<li id=\"yui_3_16_0_ym19_1_1490085437638_47189\">mai mult de at\u00e2t, cau\u021bi constant metode creative, inovative prin care s\u0103 te surprinzi chiar \u0219i pe tine, prin care s\u0103 dai un randament mai bun, s\u0103 visezi mai departe, s\u0103 \u00ee\u021bi materializezi visurile unul c\u00e2te unul.<\/li>\n<li id=\"yui_3_16_0_ym19_1_1490085437638_47190\">de\u0219i ai b\u0103t\u0103liile tale pierdute, ca orice om, g\u0103se\u0219ti puterea s\u0103 treci peste e\u0219ecuri \u0219i cau\u021bi \u00een continuare s\u0103 te perfec\u021bionezi, c\u0103ut\u00e2nd r\u0103spunsuri \u0219i experiment\u00e2nd tehnici noi.<\/li>\n<li id=\"yui_3_16_0_ym19_1_1490085437638_47191\">te surprinzi constant c\u0103 visezi cu ochii deschi\u0219i la viitorul t\u0103u, la cum vrei s\u0103 arate \u2013 \u0219i te cuprinde un entuziasm frenetic, care te \u00eempinge de la spate.<\/li>\n<li id=\"yui_3_16_0_ym19_1_1490085437638_46711\">ai dep\u0103\u0219it cu mult a\u0219tept\u0103rile celor din jurul t\u0103u, de atunci c\u00e2nd erai copil, \u0219i asta \u00ee\u021bi d\u0103 \u00eencredere c\u0103 po\u021bi s\u0103 ajungi mult mai departe.<\/li>\n<li id=\"yui_3_16_0_ym19_1_1490085437638_47192\">crezi c\u0103 e\u0219ti un super-erou \u0219i chiar reu\u0219e\u0219ti, pentru momente limitate de timp, s\u0103 te folose\u0219ti de super-puterile tale.<\/li>\n<\/ul>\n<p><strong><span style=\"color: #000000\">Performan\u021b\u0103 \u2013 Cum s\u0103 opre\u0219ti timpul \u00een loc \u0219i s\u0103 mi\u0219ti realitatea \u00een care tr\u0103ie\u0219ti Cartea I din seria Construim Imperii.<\/span><\/strong><\/p>\n<p><span style=\"color: #000000\">Cartea de fa\u021b\u0103, \u201cPERFORMAN\u021a\u0102\u201d, este prima dintr-o serie de trei volume numit\u0103 \u201eConstruim Imperii\u201d, similar blogului care adun\u0103, \u00eenc\u0103 din 2011, newslettere \u0219i articole despre antreprenoriat, leadership, performan\u021b\u0103 sau educa\u021bie financiar\u0103.<\/span><\/p>\n<div id=\"yui_3_16_0_ym19_1_1490085437638_46859\"><em><span style=\"color: #000000\">6 ani de articole, newsletter-e \u0219i \u00eensemn\u0103ri personale!<\/span><\/em><\/div>\n","protected":false},"excerpt":{"rendered":"<ul>\n<li><span style=\"color: #000000\"><strong>Genul:<\/strong> Horror, Paranormal<\/span><\/li>\n<li><span style=\"color: #000000\"><strong>Editura:<\/strong>\u00a0StoryCraft Publishing<\/span><\/li>\n<li><span style=\"color: #000000\"><strong>Cod ISBN:<\/strong> 978-606-8655-52-9<\/span><\/li>\n<li><span style=\"color: #000000\"><strong>Format:<\/strong> 19,5 * 12,5 cm<\/span><\/li>\n<li><span style=\"color: #000000\"><strong>Coperta:<\/strong>\u00a0bro\u0219at\u0103<\/span><\/li>\n<li><span style=\"color: #000000\"><strong>Nr. pagini la interior:<\/strong> 324<\/span><\/li>\n<\/ul>\n<p>&nbsp;<\/p>\n<p>&nbsp;<\/p>\n<p>&nbsp;<\/p>\n<p>&nbsp;<\/p>\n","protected":false},"featured_media":10280,"template":"","meta":{"_acf_changed":false},"product_brand":[],"product_cat":[283],"product_tag":[312],"class_list":{"0":"post-10283","1":"product","2":"type-product","3":"status-publish","4":"has-post-thumbnail","6":"product_cat-carti-dezvoltare-personala","7":"product_tag-produse-individuale","8":"pa_autori-daniel-zarnescu","10":"first","11":"instock","12":"sale","13":"taxable","14":"shipping-taxable","15":"purchasable","16":"product-type-simple"},"acf":[],"aioseo_notices":[],"_links":{"self":[{"href":"https:\/\/www.storycraft.ro\/shop\/wp-json\/wp\/v2\/product\/10283","targetHints":{"allow":["GET"]}}],"collection":[{"href":"https:\/\/www.storycraft.ro\/shop\/wp-json\/wp\/v2\/product"}],"about":[{"href":"https:\/\/www.storycraft.ro\/shop\/wp-json\/wp\/v2\/types\/product"}],"wp:featuredmedia":[{"embeddable":true,"href":"https:\/\/www.storycraft.ro\/shop\/wp-json\/wp\/v2\/media\/10280"}],"wp:attachment":[{"href":"https:\/\/www.storycraft.ro\/shop\/wp-json\/wp\/v2\/media?parent=10283"}],"wp:term":[{"taxonomy":"product_brand","embeddable":true,"href":"https:\/\/www.storycraft.ro\/shop\/wp-json\/wp\/v2\/product_brand?post=10283"},{"taxonomy":"product_cat","embeddable":true,"href":"https:\/\/www.storycraft.ro\/shop\/wp-json\/wp\/v2\/product_cat?post=10283"},{"taxonomy":"product_tag","embeddable":true,"href":"https:\/\/www.storycraft.ro\/shop\/wp-json\/wp\/v2\/product_tag?post=10283"}],"curies":[{"name":"wp","href":"https:\/\/api.w.org\/{rel}","templated":true}]}}