{"id":10286,"date":"2021-10-27T07:11:07","date_gmt":"2021-10-27T04:11:07","guid":{"rendered":"https:\/\/www.storycraft.ro\/shop\/?post_type=product&#038;p=10286"},"modified":"2025-01-07T22:33:17","modified_gmt":"2025-01-07T20:33:17","slug":"mentalitate","status":"publish","type":"product","link":"https:\/\/www.storycraft.ro\/shop\/mentalitate\/","title":{"rendered":"Mentalitate"},"content":{"rendered":"<p><span style=\"color: #000000\"><strong>Cartea aceasta este pentru tine dac\u0103:<\/strong><\/span><\/p>\n<ul>\n<li><span style=\"color: #000000\">renun\u0163i u\u015for, \u00eenainte de a face pa\u015fi c\u0103tre ceea ce \u00ee\u0163i dore\u015fti.<\/span><\/li>\n<li><span style=\"color: #000000\">\u0163i-este fric\u0103 atunci c\u00e2nd porne\u015fti un proiect pe cont propriu sau urm\u0103re\u015fti un vis al t\u0103u\u200b\u200b.\u200b<\/span><\/li>\n<li><span style=\"color: #000000\">te afecteaz\u0103 criticile celor din jur \u015fi ai sentimentul c\u0103 te \u00eempiedic\u0103 s\u0103 \u00ee\u0163i atingi poten\u0163ialul\u200b.\u200b<\/span><\/li>\n<li><span style=\"color: #000000\">ai dimine\u0163i \u00een care pur \u015fi simplu nu te po\u0163i da jos din pat, pentru c\u0103 ai senza\u0163ia c\u0103 tr\u0103ie\u015fti o via\u0163\u0103 care nu este a ta.<\/span><\/li>\n<li><span style=\"color: #000000\">ai momente \u00een care nu te po\u0163i uit\u200ba\u200b \u00een oglind\u0103, pentru c\u0103 nu \u00ee\u0163i place ceea ce vezi\u200b.<\/span><\/li>\n<li><span style=\"color: #000000\">sim\u0163i c\u0103 e\u015fti mult mai mult dec\u00e2t \u00ee\u0163i spun ceilal\u0163i c\u0103 e\u015fti.<\/span><\/li>\n<li><span style=\"color: #000000\">m\u0103car o dat\u0103 \u00een via\u0163\u0103 ai fost caracterizat cu o vorb\u0103 \u201cdin b\u0103tr\u00e2ni\u201d \u2013 \u201cbr\u00e2nz\u0103 bun\u0103 \u00een burduf de c\u00e2ine\u201d.<\/span><\/li>\n<li><span style=\"color: #000000\">\u00eenc\u0103 mai \u200bc\u200brezi c\u0103 e\u015fti un super-erou \u015fi vrei s\u0103 dai de un maestru shaolin, un Yoda, ceva, care s\u0103 te \u00eenve\u0163e s\u0103 te folose\u015fti de nenorocitele alea de superputeri pe care \u015ftii c\u0103 le ai undeva \u00een interiorul t\u0103u\u200b.\u200b<\/span><\/li>\n<li><span style=\"color: #000000\">vrei \u201ccodul\u201d dup\u0103 care se ghideaz\u0103 \u0103\u015ftia de dau impresia c\u0103 pentru ei totul este u\u015for, care reu\u015fesc acolo unde majoritatea clacheaz\u0103 \u015fi se vait\u0103\u200b.\u200b<\/span><\/li>\n<li><span style=\"color: #000000\">vrei s\u0103 fii nemuritor, m\u0103car pentru o scurt\u0103 perioad\u0103 de timp\u2026<\/span><\/li>\n<\/ul>\n<p><span style=\"color: #000000\"><strong>Cartea de fa\u021b\u0103, \u201cMentalitate\u201d, este a doua dintr-o serie de trei volume numit\u0103 \u201eConstruim Imperii\u201d<\/strong>, similar blogului care adun\u0103, \u00eenc\u0103 din 2011, newslettere \u0219i articole despre antreprenoriat, leadership, performan\u021b\u0103 sau educa\u021bie financiar\u0103.<\/span><\/p>\n<p><span style=\"color: #000000\"><strong>Prezentul volum este o culegere a celor mai bune articole publicate p\u00e2n\u0103 \u00een prezent<\/strong>, dar \u0219i newslettere trimise comunit\u0103\u021bii de-a lungul timpului (cu peste 50 000 de abona\u021bi), sau de \u00eensemn\u0103ri personale ale autorului despre tot ce \u00eenseamn\u0103 sau duce c\u0103tre performan\u021b\u0103 pe orice domeniu de activitate.<\/span><\/p>\n","protected":false},"excerpt":{"rendered":"<ul>\n<li><span style=\"color: #000000\"><strong>Genul:<\/strong> Horror, Paranormal<\/span><\/li>\n<li><span style=\"color: #000000\"><strong>Editura:<\/strong>\u00a0StoryCraft Publishing<\/span><\/li>\n<li><span style=\"color: #000000\"><strong>Cod ISBN:<\/strong> <span class=\"il\" style=\"color: #000000\">978-606-8655-53-6<\/span><\/span><\/li>\n<li><span style=\"color: #000000\"><strong>Format:<\/strong> 19,5 * 12,5 cm<\/span><\/li>\n<li><span style=\"color: #000000\"><strong>Coperta:<\/strong>\u00a0bro\u0219at\u0103<\/span><\/li>\n<li><span style=\"color: #000000\"><strong>Nr. pagini la interior:<\/strong> 324<\/span><\/li>\n<\/ul>\n<p>&nbsp;<\/p>\n<p>&nbsp;<\/p>\n<p>&nbsp;<\/p>\n<p>&nbsp;<\/p>\n","protected":false},"featured_media":10279,"template":"","meta":{"_acf_changed":false},"product_brand":[],"product_cat":[283],"product_tag":[312],"class_list":{"0":"post-10286","1":"product","2":"type-product","3":"status-publish","4":"has-post-thumbnail","6":"product_cat-carti-dezvoltare-personala","7":"product_tag-produse-individuale","8":"pa_autori-daniel-zarnescu","10":"first","11":"instock","12":"sale","13":"taxable","14":"shipping-taxable","15":"purchasable","16":"product-type-simple"},"acf":[],"aioseo_notices":[],"_links":{"self":[{"href":"https:\/\/www.storycraft.ro\/shop\/wp-json\/wp\/v2\/product\/10286","targetHints":{"allow":["GET"]}}],"collection":[{"href":"https:\/\/www.storycraft.ro\/shop\/wp-json\/wp\/v2\/product"}],"about":[{"href":"https:\/\/www.storycraft.ro\/shop\/wp-json\/wp\/v2\/types\/product"}],"wp:featuredmedia":[{"embeddable":true,"href":"https:\/\/www.storycraft.ro\/shop\/wp-json\/wp\/v2\/media\/10279"}],"wp:attachment":[{"href":"https:\/\/www.storycraft.ro\/shop\/wp-json\/wp\/v2\/media?parent=10286"}],"wp:term":[{"taxonomy":"product_brand","embeddable":true,"href":"https:\/\/www.storycraft.ro\/shop\/wp-json\/wp\/v2\/product_brand?post=10286"},{"taxonomy":"product_cat","embeddable":true,"href":"https:\/\/www.storycraft.ro\/shop\/wp-json\/wp\/v2\/product_cat?post=10286"},{"taxonomy":"product_tag","embeddable":true,"href":"https:\/\/www.storycraft.ro\/shop\/wp-json\/wp\/v2\/product_tag?post=10286"}],"curies":[{"name":"wp","href":"https:\/\/api.w.org\/{rel}","templated":true}]}}