{"id":10410,"date":"2021-11-09T14:37:31","date_gmt":"2021-11-09T12:37:31","guid":{"rendered":"https:\/\/www.storycraft.ro\/shop\/?post_type=product&#038;p=10410"},"modified":"2025-10-04T12:51:52","modified_gmt":"2025-10-04T09:51:52","slug":"pachet-seria-construim-imperii","status":"publish","type":"product","link":"https:\/\/www.storycraft.ro\/shop\/pachet-seria-construim-imperii\/","title":{"rendered":"Pachet Seria Construim Imperii"},"content":{"rendered":"<p><strong>Ce prime\u0219ti?<\/strong><\/p>\n<p><strong>1. Cartea \u201ePerforman\u021b\u0103\u201d<\/strong> &#8211; ISBN: 978-606-8655-52-9<br \/>\n&#8211; &#8220;<em>Cum s\u0103 opre\u0219ti timpul \u00een loc \u0219i s\u0103 mi\u0219ti realitatea \u00een care tr\u0103ie\u0219ti&#8221;<\/em> &#8211; Cartea I din seria Construim Imperii<br \/>\n&#8211; Calitate premium, copert\u0103 carton, cusut\u0103, semn de carte textil ro\u0219u, <strong>542 de pagini la interior<\/strong>.<\/p>\n<p><strong>2. Varianta audio a c\u0103r\u021bii \u201cPerforman\u021b\u0103\u201d<\/strong> &#8211; Fi\u0219ier downloadabil, \u00een lectura Veronic\u0103i O\u021bel;<br \/>\n&#8211; <strong>peste 7 ore de \u00eenregistrare<\/strong>, po\u021bi asculta cartea \u00een timpii mor\u021bi (\u00een ma\u0219in\u0103, transport \u00een comun, etc.).<\/p>\n<p><strong>3. Bonus &#8211; Interviu video<\/strong>, downloadabil <strong>\u201eCum intri \u00een stare de flux\u201d<\/strong> &#8211; cu Marius Simion, MasterTrainer NLP<\/p>\n<p><strong>4. Cartea \u201cMentalitate\u201d<\/strong> &#8211; ISBN: 978-606-8655-53-6<br \/>\n&#8211; <em>&#8220;<\/em><em>Codul m\u00e2necilor suflecate \u0219i al r\u0103zboinicului modern&#8221;<\/em> &#8211;<br \/>\nedi\u0163ie de lux, cu coperta cartonat\u0103, legat\u0103 prin coasere, h\u00e2rtie volumetric\u0103 la interior, care ajut\u0103<br \/>\nochii la citit, \u015fi nu mai pu\u0163in de <strong>623 de pagini la interior<\/strong><\/p>\n<p><strong>5. Varianta audio a c\u0103r\u021bii \u201cMentalitate\u201d<\/strong> &#8211; Fi\u0219ier downloadabil, \u00een lectura Veronic\u0103i O\u021bel;<br \/>\n&#8211; <strong>peste 12 ore de \u00eenregistrare<\/strong>, po\u021bi asculta cartea \u00een timpii mor\u021bi (\u00een ma\u0219in\u0103, transport \u00een comun, etc.).<\/p>\n<p><strong>6. Bonus Video \u201cSecretul concentr\u0103rii &#8211; cum s\u0103 \u00ee\u021bi \u00eencepi ziua, astfel \u00eenc\u00e2t s\u0103 te sim\u021bi imbatabil emo\u021bional\u201d<\/strong><br \/>\nMaterial video, downloadabil, \u00een care \u00eenve\u021bi o serie de trucuri mentale simple, u\u0219or de aplicat,<br \/>\ncare \u00ee\u021bi dau un plus major de \u00eencredere atunci c\u00e2nd ie\u0219i pe us\u0103.<\/p>\n<p><strong>7. Cartea &#8220;Antreprenoriat&#8221;\u00a0<\/strong>&#8211;\u00a0ISBN: 978-606-8655-54-3<br \/>\n&#8211;\u00a0<em>&#8220;Drumul personal de la angajat la antreprenor&#8221; &#8211;<br \/>\n<\/em>edi\u0163ie de lux, cu coperta cartonat\u0103, legat\u0103 prin coasere, h\u00e2rtie volumetric\u0103 la interior, care ajut\u0103<br \/>\nochii la citit, \u015fi nu mai pu\u0163in de\u00a0<strong>672 de pagini la interior<\/strong><em><br \/>\n<\/em><\/p>\n<p><strong>8. Varianta audio a c\u0103r\u021bii \u201cAntreprenoriat\u201d\u00a0<\/strong>&#8211; Fi\u0219ier downloadabil, \u00een lectura Veronic\u0103i O\u021bel;<strong><br \/>\n&#8211;\u00a0peste 14 ore de \u00eenregistrare, <\/strong>po\u021bi asculta cartea \u00een timpii mor\u021bi (\u00een ma\u0219in\u0103, transport \u00een comun, etc.).<\/p>\n<p><strong>9.\u00a0Bonus Interviuri Start-up-er &#8211;\u00a0<\/strong>Fi\u0219ier dowbloadabil, 6 interviuri cu 6 antreprenori de succes, despre \u00eenceputurile lor \u00een afaceri.<\/p>\n<p><strong>&#8211; Garan\u021bie 100% banii \u00eenapoi \u2013<\/strong><br \/>\nDac\u0103 nu e\u0219ti mul\u021bumit de calitatea c\u0103r\u021bii, prime\u0219ti banii \u00eenapoi din partea noastr\u0103 f\u0103r\u0103 s\u0103 \u021bi se pun\u0103 nicio \u00eentrebare<\/p>\n","protected":false},"excerpt":{"rendered":"<p>Ce prime\u0219ti? 1. Cartea \u201ePerforman\u021b\u0103\u201d &#8211; ISBN: 978-606-8655-52-9 &#8211; &#8220;Cum s\u0103 opre\u0219ti timpul \u00een loc \u0219i s\u0103 mi\u0219ti realitatea \u00een care tr\u0103ie\u0219ti&#8221; &#8211; Cartea I din seria Construim Imperii &#8211;<\/p>\n","protected":false},"featured_media":33104,"template":"","meta":{"_acf_changed":false},"product_brand":[],"product_cat":[283],"product_tag":[311],"class_list":{"0":"post-10410","1":"product","2":"type-product","3":"status-publish","4":"has-post-thumbnail","6":"product_cat-carti-dezvoltare-personala","7":"product_tag-pachete","8":"pa_autori-daniel-zarnescu","10":"first","11":"instock","12":"sale","13":"taxable","14":"shipping-taxable","15":"purchasable","16":"product-type-simple"},"acf":[],"aioseo_notices":[],"_links":{"self":[{"href":"https:\/\/www.storycraft.ro\/shop\/wp-json\/wp\/v2\/product\/10410","targetHints":{"allow":["GET"]}}],"collection":[{"href":"https:\/\/www.storycraft.ro\/shop\/wp-json\/wp\/v2\/product"}],"about":[{"href":"https:\/\/www.storycraft.ro\/shop\/wp-json\/wp\/v2\/types\/product"}],"wp:featuredmedia":[{"embeddable":true,"href":"https:\/\/www.storycraft.ro\/shop\/wp-json\/wp\/v2\/media\/33104"}],"wp:attachment":[{"href":"https:\/\/www.storycraft.ro\/shop\/wp-json\/wp\/v2\/media?parent=10410"}],"wp:term":[{"taxonomy":"product_brand","embeddable":true,"href":"https:\/\/www.storycraft.ro\/shop\/wp-json\/wp\/v2\/product_brand?post=10410"},{"taxonomy":"product_cat","embeddable":true,"href":"https:\/\/www.storycraft.ro\/shop\/wp-json\/wp\/v2\/product_cat?post=10410"},{"taxonomy":"product_tag","embeddable":true,"href":"https:\/\/www.storycraft.ro\/shop\/wp-json\/wp\/v2\/product_tag?post=10410"}],"curies":[{"name":"wp","href":"https:\/\/api.w.org\/{rel}","templated":true}]}}