{"id":10540,"date":"2021-12-17T14:03:20","date_gmt":"2021-12-17T12:03:20","guid":{"rendered":"https:\/\/www.storycraft.ro\/shop\/?post_type=product&#038;p=10540"},"modified":"2026-04-17T16:00:49","modified_gmt":"2026-04-17T13:00:49","slug":"atingeri-de-vanilie-pachet","status":"publish","type":"product","link":"https:\/\/www.storycraft.ro\/shop\/atingeri-de-vanilie-pachet\/","title":{"rendered":"Pachet &#8211; 2x Atingeri de Vanilie"},"content":{"rendered":"","protected":false},"excerpt":{"rendered":"<p>Chinuit\u0103 de un trecut traumatizant \u0219i o rela\u021bie toxic\u0103 cu mama ei, rebela \u0219i ireverentioasa Ela \u0219i-a g\u0103sit lini\u0219tea \u0219i stabilitatea \u00eentr-un job \u201ec\u0103ldu\u021b\u201d de corporatist\u0103. Noul CEO, Max, stric\u0103 totul c\u00e2nd schimb\u0103 regulile \u0219i o aduce s\u0103 lucreze aproape de el.<\/p>\n<p>Pornind de la un joc de atrac\u021bie aparent nevinovat, cei doi se trezesc prin\u0219i \u00eentr-o poveste de iubire visceral\u0103, pasional\u0103 \u0219i epuizant\u0103, \u00een care fiecare reprezint\u0103 pentru cel\u0103lalt eliberarea de propriul trecut \u0219i de traume.<\/p>\n<p>Sco\u021b\u00e2nd la iveal\u0103 frica de prejudec\u0103\u021bi \u0219i nevoia dureroas\u0103 de a fi iubi\u021bi,\u00a0<em>Atingeri de vanilie<\/em>, spune povestea a doi \u00eendr\u0103gosti\u021bi care nu au dreptul la fericire \u00eempreun\u0103 \u0219i ne las\u0103 cu o \u00eentrebare: \u201eC\u00e2te bariere poate sparge un simplu sentiment?<\/p>\n","protected":false},"featured_media":10637,"template":"","meta":{"_acf_changed":false},"product_brand":[],"product_cat":[261],"product_tag":[311],"class_list":{"0":"post-10540","1":"product","2":"type-product","3":"status-publish","4":"has-post-thumbnail","6":"product_cat-pachete","7":"product_tag-pachete","8":"pa_autori-daniela-dumitru","10":"first","11":"outofstock","12":"sale","13":"taxable","14":"shipping-taxable","15":"purchasable","16":"product-type-simple"},"acf":[],"aioseo_notices":[],"_links":{"self":[{"href":"https:\/\/www.storycraft.ro\/shop\/wp-json\/wp\/v2\/product\/10540","targetHints":{"allow":["GET"]}}],"collection":[{"href":"https:\/\/www.storycraft.ro\/shop\/wp-json\/wp\/v2\/product"}],"about":[{"href":"https:\/\/www.storycraft.ro\/shop\/wp-json\/wp\/v2\/types\/product"}],"wp:featuredmedia":[{"embeddable":true,"href":"https:\/\/www.storycraft.ro\/shop\/wp-json\/wp\/v2\/media\/10637"}],"wp:attachment":[{"href":"https:\/\/www.storycraft.ro\/shop\/wp-json\/wp\/v2\/media?parent=10540"}],"wp:term":[{"taxonomy":"product_brand","embeddable":true,"href":"https:\/\/www.storycraft.ro\/shop\/wp-json\/wp\/v2\/product_brand?post=10540"},{"taxonomy":"product_cat","embeddable":true,"href":"https:\/\/www.storycraft.ro\/shop\/wp-json\/wp\/v2\/product_cat?post=10540"},{"taxonomy":"product_tag","embeddable":true,"href":"https:\/\/www.storycraft.ro\/shop\/wp-json\/wp\/v2\/product_tag?post=10540"}],"curies":[{"name":"wp","href":"https:\/\/api.w.org\/{rel}","templated":true}]}}