{"id":10787,"date":"2022-03-17T18:58:24","date_gmt":"2022-03-17T16:58:24","guid":{"rendered":"https:\/\/www.storycraft.ro\/shop\/?post_type=product&#038;p=10787"},"modified":"2026-05-06T11:05:14","modified_gmt":"2026-05-06T08:05:14","slug":"liceul-13","status":"publish","type":"product","link":"https:\/\/www.storycraft.ro\/shop\/liceul-13\/","title":{"rendered":"Liceul 13"},"content":{"rendered":"<p><strong><span style=\"color: #000000;\">\u00centr-o noapte de iarn\u0103, Maria Stanciu, elev\u0103 \u00een clasa a XII-a A a Colegiului Na\u021bional \u201cScarlat Demetrescu\u201d, se sinucide arunc\u00e2ndu-se \u00een fa\u021ba unui tren. <\/span><\/strong><span style=\"color: #000000;\">Vlad Dinu, colegul de clasa al Mariei, ajunge \u00een posesia jurnalului fetei \u0219i dezvolt\u0103 o curiozitate puternic\u0103 fa\u021b\u0103 de motivul din spatele gestului ei. \u00cen cur\u00e2nd, \u00eens\u0103, un lan\u021b de mor\u021bi \u00eenfior\u0103toare, aparent accidentale, \u00eei vizeaz\u0103, unul c\u00e2te unul, pe fo\u0219tii ei colegi.<\/span><\/p>\n<p><span style=\"color: #000000;\"><strong>Vlad ajunge s\u0103 fie prins \u00eentr-un joc periculos<\/strong>, \u00een care trebuie s\u0103 afle cine este criminalul, \u00eenainte ca acesta s\u0103 ajung\u0103 la el \u0219i la restul colegilor lui. \u00cens\u0103 \u0219ocul absolut \u00eel are \u00een momentul \u00een care observ\u0103 c\u0103 toate indiciile duc spre\u2026 Maria Stanciu.<\/span><\/p>\n<p>&nbsp;<\/p>\n","protected":false},"excerpt":{"rendered":"<p><strong><span style=\"color: #000000;\">\u00centr-o noapte de iarn\u0103, Maria Stanciu, elev\u0103 \u00een clasa a XII-a A la Liceul 13 \u201cScarlat Demetrescu\u201d, se sinucide arunc\u00e2ndu-se \u00een fa\u021ba unui tren. <\/span><\/strong><\/p>\n<ul>\n<li><span style=\"color: #000000;\"><strong>Genul:<\/strong> Horror, Paranormal<\/span><\/li>\n<li><span style=\"color: #000000;\"><strong>Editura:<\/strong>\u00a0StoryCraft Publishing<\/span><\/li>\n<li><span style=\"color: #000000;\"><strong>Cod ISBN:<\/strong> 978-606-95057-6-2<\/span><\/li>\n<li><span style=\"color: #000000;\"><strong>Format:<\/strong> 19,5 * 12,5 cm<\/span><\/li>\n<li><span style=\"color: #000000;\"><strong>Coperta:<\/strong>\u00a0bro\u0219at\u0103<\/span><\/li>\n<li><span style=\"color: #000000;\"><strong>Nr. pagini la interior:<\/strong> 324<\/span><\/li>\n<\/ul>\n<p>&nbsp;<\/p>\n","protected":false},"featured_media":27214,"template":"","meta":{"_acf_changed":false},"product_brand":[],"product_cat":[267,277,288],"product_tag":[312],"class_list":{"0":"post-10787","1":"product","2":"type-product","3":"status-publish","4":"has-post-thumbnail","6":"product_cat-young-adult","7":"product_cat-dark-fiction","8":"product_cat-horror","9":"product_tag-produse-individuale","10":"pa_autori-radu-octavian","12":"first","13":"instock","14":"sale","15":"taxable","16":"shipping-taxable","17":"purchasable","18":"product-type-simple"},"acf":[],"aioseo_notices":[],"_links":{"self":[{"href":"https:\/\/www.storycraft.ro\/shop\/wp-json\/wp\/v2\/product\/10787","targetHints":{"allow":["GET"]}}],"collection":[{"href":"https:\/\/www.storycraft.ro\/shop\/wp-json\/wp\/v2\/product"}],"about":[{"href":"https:\/\/www.storycraft.ro\/shop\/wp-json\/wp\/v2\/types\/product"}],"wp:featuredmedia":[{"embeddable":true,"href":"https:\/\/www.storycraft.ro\/shop\/wp-json\/wp\/v2\/media\/27214"}],"wp:attachment":[{"href":"https:\/\/www.storycraft.ro\/shop\/wp-json\/wp\/v2\/media?parent=10787"}],"wp:term":[{"taxonomy":"product_brand","embeddable":true,"href":"https:\/\/www.storycraft.ro\/shop\/wp-json\/wp\/v2\/product_brand?post=10787"},{"taxonomy":"product_cat","embeddable":true,"href":"https:\/\/www.storycraft.ro\/shop\/wp-json\/wp\/v2\/product_cat?post=10787"},{"taxonomy":"product_tag","embeddable":true,"href":"https:\/\/www.storycraft.ro\/shop\/wp-json\/wp\/v2\/product_tag?post=10787"}],"curies":[{"name":"wp","href":"https:\/\/api.w.org\/{rel}","templated":true}]}}