{"id":11122,"date":"2022-10-28T10:48:38","date_gmt":"2022-10-28T07:48:38","guid":{"rendered":"https:\/\/www.storycraft.ro\/shop\/?post_type=product&#038;p=11122"},"modified":"2026-04-01T10:49:26","modified_gmt":"2026-04-01T07:49:26","slug":"liceul-13-sapte-porti-bastardul","status":"publish","type":"product","link":"https:\/\/www.storycraft.ro\/shop\/liceul-13-sapte-porti-bastardul\/","title":{"rendered":"Liceul 13 + \u0218apte Por\u021bi + Bastardul"},"content":{"rendered":"<p><span style=\"color: #333333;\">Pachetul <strong>\u201cLiceul 13 + \u0218apte Por\u021bi + Bastardul\u201d<\/strong> con\u021bine:<\/span><\/p>\n<ol>\n<li>Cartea \u201cLiceul 13\u201d de Radu Octavian<\/li>\n<li>Cartea \u201c\u0218apte Por\u021bi\u201d de Radu Octavian<\/li>\n<li>Cartea \u201cBastardul\u201d de Daniel Z\u0103rnescu<\/li>\n<\/ol>\n<hr \/>\n<p><span style=\"color: #333333;\"><strong>&#8220;Liceul 13&#8221;<\/strong> de Radu Octavian<\/span><\/p>\n<ul>\n<li><strong>Genul:<\/strong> Horror, Paranormal<\/li>\n<li><strong>Editura:<\/strong>\u00a0StoryCraft Publishing<\/li>\n<li><strong>Cod ISBN:<\/strong> 978-606-95057-6-2<\/li>\n<li><strong>Format:<\/strong> 19 * 12 cm<\/li>\n<li><strong>Coperta:<\/strong>\u00a0bro\u0219at\u0103<\/li>\n<li><strong>Nr. pagini la interior:<\/strong> 324<\/li>\n<\/ul>\n<p><span style=\"color: #808080;\">\u00centr-o noapte de iarn\u0103, Maria Stanciu, elev\u0103 \u00een clasa a XII-a A a Colegiului Na\u021bional \u201cScarlat Demetrescu\u201d, se sinucide arunc\u00e2ndu-se \u00een fa\u021ba unui tren.\u2028Vlad Dinu, colegul de clasa al Mariei, ajunge \u00een posesia jurnalului fetei \u0219i dezvolt\u0103 o curiozitate puternic\u0103 fa\u021b\u0103 de motivul din spatele gestului ei. \u00cen cur\u00e2nd, \u00eens\u0103, un lan\u021b de mor\u021bi \u00eenfior\u0103toare, aparent accidentale, \u00eei vizeaz\u0103, unul c\u00e2te unul, pe fo\u0219tii ei colegi.\u2028Vlad ajunge s\u0103 fie prins \u00eentr-un joc periculos, \u00een care trebuie s\u0103 afle cine este criminalul, \u00eenainte ca acesta s\u0103 ajung\u0103 la el \u0219i la restul colegilor lui. \u00cens\u0103 \u0219ocul absolut \u00eel are \u00een momentul \u00een care observ\u0103 c\u0103 toate indiciile duc spre\u2026 Maria Stanciu.<\/span><\/p>\n<hr \/>\n<p><span style=\"color: #333333;\"><strong>&#8220;\u0218apte Por\u021bi&#8221; <\/strong>de Radu Octavian<\/span><\/p>\n<ul>\n<li><b>Genul:<\/b> Fantasy, Dark Fiction<\/li>\n<li><b>Editura:<\/b> StoryCraft Publishing<\/li>\n<li><b>Cod ISBN:<\/b> 978-606-9505-70-0<\/li>\n<li><strong>Format:<\/strong> 20 * 13 cm<\/li>\n<li><b>Coperta:<\/b>\u00a0bro\u0219at\u0103<\/li>\n<li><strong>Nr. pagini la interior:<\/strong> 256<\/li>\n<\/ul>\n<p><span style=\"color: #808080;\">Jayden Wiker, un t\u00e2n\u0103r student de 22 de ani, b\u0103iat de bani gata dintr-o familie disfunc\u021bional\u0103, considerat de profesorii s\u0103i unul dintre cei mai de\u0219tep\u021bi elevi din district, ajunge obsedat de ideea de a deveni supraom.\u2028Adus la disperare de inutilitatea \u00eencerc\u0103rilor lui, intr\u0103 \u00een contact cu un individ misterios, pe nume Randall Blackwell, care \u00eei ofer\u0103 o unealt\u0103 cu care poate conjura demoni. Astfel, ajunge s\u0103 interac\u021bioneze cu o entitate care pare s\u0103 aib\u0103 inten\u021bii malefice.<\/span><\/p>\n<hr \/>\n<p><span style=\"color: #333333;\"><strong>&#8220;Bastardul\u201d <\/strong>de Daniel Z\u0103rnescu<\/span><\/p>\n<ul>\n<li><b>Genul:<\/b> Fic\u021biune istoric\u0103<\/li>\n<li><b>Editura:<\/b> Stepout Publishing House<\/li>\n<li><b>Cod ISBN:<\/b> 978-606-8655-63-5<\/li>\n<li><strong>Format:<\/strong> 20 * 19 cm<\/li>\n<li><b>Coperta:<\/b> bro\u0219at\u0103<\/li>\n<li><strong>Nr. pagini la interior:<\/strong> 304<\/li>\n<\/ul>\n<p><span style=\"color: #808080;\">Suntem pe teritoriul Celor Trei Dacii, tres Daciae, in anul 270 d.Hr. Imparatul Aurelian, proaspat numit pe tron, decide sa ii urmareasca pe tervingi si pe infamul lor lider, Cannabaudes, dincolo de Dunare.\u2028Scopul este sa ii goneasca o data pentru totdeauna din propriul teritoriu, ca sa se poata concentra pe lucrurile cu adevarat importante.\u2028Imperiul este pe marginea prapastiei. La nord: Britannia, Gallia si Hispania s-au desprins de Roma si au format Imperiul Galic. La est: Siria, Palestina si Egipt au format si ele Imperiul de la Palmira.\u2028Trei imperii, trei imparati. Ce se intampla in Dacia va duce la renasterea Romei sau la disparitia ei.<\/span><\/p>\n","protected":false},"excerpt":{"rendered":"<div class=\"woocommerce-product-details__short-description\">\n<p>Pachetul \u201c<strong>Liceul 13 + \u0218apte Por\u021bi + Bastardul<\/strong>\u201d con\u021bine:<\/p>\n<ol>\n<li>Cartea \u201cLiceul 13\u201d de Radu Octavian<\/li>\n<li>Cartea \u201c\u0218apte Por\u021bi\u201d de Radu Octavian<\/li>\n<li>Cartea \u201cBastardul\u201d de Daniel Z\u0103rnescu<\/li>\n<\/ol>\n<\/div>\n","protected":false},"featured_media":11123,"template":"","meta":{"_acf_changed":false},"product_brand":[],"product_cat":[261],"product_tag":[311],"class_list":{"0":"post-11122","1":"product","2":"type-product","3":"status-publish","4":"has-post-thumbnail","6":"product_cat-pachete","7":"product_tag-pachete","8":"pa_autori-daniel-zarnescu","9":"pa_autori-radu-octavian","11":"first","12":"outofstock","13":"sale","14":"taxable","15":"shipping-taxable","16":"purchasable","17":"product-type-simple"},"acf":[],"aioseo_notices":[],"_links":{"self":[{"href":"https:\/\/www.storycraft.ro\/shop\/wp-json\/wp\/v2\/product\/11122","targetHints":{"allow":["GET"]}}],"collection":[{"href":"https:\/\/www.storycraft.ro\/shop\/wp-json\/wp\/v2\/product"}],"about":[{"href":"https:\/\/www.storycraft.ro\/shop\/wp-json\/wp\/v2\/types\/product"}],"wp:featuredmedia":[{"embeddable":true,"href":"https:\/\/www.storycraft.ro\/shop\/wp-json\/wp\/v2\/media\/11123"}],"wp:attachment":[{"href":"https:\/\/www.storycraft.ro\/shop\/wp-json\/wp\/v2\/media?parent=11122"}],"wp:term":[{"taxonomy":"product_brand","embeddable":true,"href":"https:\/\/www.storycraft.ro\/shop\/wp-json\/wp\/v2\/product_brand?post=11122"},{"taxonomy":"product_cat","embeddable":true,"href":"https:\/\/www.storycraft.ro\/shop\/wp-json\/wp\/v2\/product_cat?post=11122"},{"taxonomy":"product_tag","embeddable":true,"href":"https:\/\/www.storycraft.ro\/shop\/wp-json\/wp\/v2\/product_tag?post=11122"}],"curies":[{"name":"wp","href":"https:\/\/api.w.org\/{rel}","templated":true}]}}