{"id":11135,"date":"2022-11-01T10:03:04","date_gmt":"2022-11-01T08:03:04","guid":{"rendered":"https:\/\/www.storycraft.ro\/shop\/?post_type=product&#038;p=11135"},"modified":"2026-05-06T11:05:11","modified_gmt":"2026-05-06T08:05:11","slug":"liceul-13-esenta-eficientei","status":"publish","type":"product","link":"https:\/\/www.storycraft.ro\/shop\/liceul-13-esenta-eficientei\/","title":{"rendered":"Liceul 13 + Esen\u021ba Eficien\u021bei"},"content":{"rendered":"<p><span style=\"color: #333333;\">Pachetul <strong>\u201cLiceul 13 + Esen\u021ba eficien\u021bei\u201d<\/strong> con\u021bine:<\/span><\/p>\n<ol>\n<li>Cartea \u201cLiceul 13\u201d de Radu Octavian<\/li>\n<li>Cartea \u201cEsen\u021ba eficien\u021bei\u201d de Daniel Z\u0103rnescu<\/li>\n<\/ol>\n<hr \/>\n<p><span style=\"color: #333333;\"><strong>&#8220;Liceul 13&#8221;<\/strong> de Radu Octavian<\/span><\/p>\n<ul>\n<li><strong>Genul:<\/strong> Horror, Paranormal<\/li>\n<li><strong>Editura:<\/strong>\u00a0StoryCraft Publishing<\/li>\n<li><strong>Cod ISBN:<\/strong> 978-606-95057-6-2<\/li>\n<li><strong>Format:<\/strong> 19 * 12 cm<\/li>\n<li><strong>Coperta:<\/strong>\u00a0bro\u0219at\u0103<\/li>\n<li><strong>Nr. pagini la interior:<\/strong> 324<\/li>\n<\/ul>\n<p><span style=\"color: #808080;\">\u00centr-o noapte de iarn\u0103, Maria Stanciu, elev\u0103 \u00een clasa a XII-a A a Colegiului Na\u021bional \u201cScarlat Demetrescu\u201d, se sinucide arunc\u00e2ndu-se \u00een fa\u021ba unui tren.\u2028Vlad Dinu, colegul de clasa al Mariei, ajunge \u00een posesia jurnalului fetei \u0219i dezvolt\u0103 o curiozitate puternic\u0103 fa\u021b\u0103 de motivul din spatele gestului ei. \u00cen cur\u00e2nd, \u00eens\u0103, un lan\u021b de mor\u021bi \u00eenfior\u0103toare, aparent accidentale, \u00eei vizeaz\u0103, unul c\u00e2te unul, pe fo\u0219tii ei colegi.\u2028Vlad ajunge s\u0103 fie prins \u00eentr-un joc periculos, \u00een care trebuie s\u0103 afle cine este criminalul, \u00eenainte ca acesta s\u0103 ajung\u0103 la el \u0219i la restul colegilor lui. \u00cens\u0103 \u0219ocul absolut \u00eel are \u00een momentul \u00een care observ\u0103 c\u0103 toate indiciile duc spre\u2026 Maria Stanciu.<\/span><\/p>\n<hr \/>\n<p><span style=\"color: #333333;\"><strong>&#8220;Esen\u021ba eficien\u021bei&#8221; <\/strong>de Daniel Z\u0103rnescu<br \/>\n<\/span><\/p>\n<ul>\n<li><b>Genul:<\/b> Auto-cunoa\u0219tere, Productivitate<\/li>\n<li><b>Editura:<\/b> Stepout Publishing House<\/li>\n<li><b>Cod ISBN:<\/b> 978-606-93520-9-0<\/li>\n<li><strong>Format:<\/strong> 20 * 13 cm<\/li>\n<li><b>Coperta:<\/b>\u00a0bro\u0219at\u0103<\/li>\n<li><strong>Nr. pagini la interior:<\/strong> 310<\/li>\n<\/ul>\n<div class=\"woocommerce-product-details__short-description\">\n<div class=\"electro-description clearfix\">\n<p><i>Esen\u021ba eficien\u021bei. Abilitatea de a atinge orice obiectiv \u00ee\u021bi pui \u00een minte<\/i><\/p>\n<div>\u2022 Indiferent de c\u00e2t de lene\u0219, dezorganizat sau lipsit de rezultate e\u0219ti, \u00ee\u021bi va ar\u0103ta ce s\u0103 faci pentru a construi propria ta misiune personal\u0103;<\/div>\n<div>\u2022 Tipuri de g\u00e2ndire \u0219i cum influen\u021beaz\u0103 ele via\u021ba ta (cel pu\u021bin 9\/10 oameni dezvolt\u0103 un tipar nociv de g\u00e2ndire, care atrage lipsa de rezultate \u0219i incapacitate de evolu\u021bie personal\u0103);<\/div>\n<div>\u2022 Amprenta rezultatelor (sau cum arat\u0103 un rezultat, din prisma cuiva care ob\u021bine performan\u021b\u0103);<\/div>\n<div>\u2022 Diferen\u021ba dintre obiective, dorin\u021be, visuri, decizii \u0219i scopuri \u2013 cum s\u0103 \u00ee\u021bi materializezi dorin\u021bele pornind de la un simplu g\u00e2nd;<\/div>\n<div>\u2022 Sisteme de lucru pe obiective, strategii de vizualizare \u0219i definire a obiectivelor, tehnici de productivitate;<\/div>\n<div>\u2022 multe, multe altele.<\/div>\n<\/div>\n<\/div>\n<p><span style=\"color: #808080;\">\u00a0<\/span><\/p>\n","protected":false},"excerpt":{"rendered":"<p>Pachetul <strong>\u201cLiceul 13 + Esen\u021ba eficien\u021bei\u201d<\/strong> con\u021bine:<\/p>\n<ol>\n<li>Cartea \u201cLiceul 13\u201d de Radu Octavian<\/li>\n<li>Cartea \u201cEsen\u021ba eficien\u021bei\u201d de Daniel Z\u0103rnescu<\/li>\n<\/ol>\n","protected":false},"featured_media":11136,"template":"","meta":{"_acf_changed":false},"product_brand":[],"product_cat":[261],"product_tag":[311],"class_list":{"0":"post-11135","1":"product","2":"type-product","3":"status-publish","4":"has-post-thumbnail","6":"product_cat-pachete","7":"product_tag-pachete","8":"pa_autori-daniel-zarnescu","9":"pa_autori-radu-octavian","11":"first","12":"instock","13":"sale","14":"taxable","15":"shipping-taxable","16":"purchasable","17":"product-type-simple"},"acf":[],"aioseo_notices":[],"_links":{"self":[{"href":"https:\/\/www.storycraft.ro\/shop\/wp-json\/wp\/v2\/product\/11135","targetHints":{"allow":["GET"]}}],"collection":[{"href":"https:\/\/www.storycraft.ro\/shop\/wp-json\/wp\/v2\/product"}],"about":[{"href":"https:\/\/www.storycraft.ro\/shop\/wp-json\/wp\/v2\/types\/product"}],"wp:featuredmedia":[{"embeddable":true,"href":"https:\/\/www.storycraft.ro\/shop\/wp-json\/wp\/v2\/media\/11136"}],"wp:attachment":[{"href":"https:\/\/www.storycraft.ro\/shop\/wp-json\/wp\/v2\/media?parent=11135"}],"wp:term":[{"taxonomy":"product_brand","embeddable":true,"href":"https:\/\/www.storycraft.ro\/shop\/wp-json\/wp\/v2\/product_brand?post=11135"},{"taxonomy":"product_cat","embeddable":true,"href":"https:\/\/www.storycraft.ro\/shop\/wp-json\/wp\/v2\/product_cat?post=11135"},{"taxonomy":"product_tag","embeddable":true,"href":"https:\/\/www.storycraft.ro\/shop\/wp-json\/wp\/v2\/product_tag?post=11135"}],"curies":[{"name":"wp","href":"https:\/\/api.w.org\/{rel}","templated":true}]}}