{"id":11155,"date":"2022-11-10T14:16:39","date_gmt":"2022-11-10T12:16:39","guid":{"rendered":"https:\/\/www.storycraft.ro\/shop\/?post_type=product&#038;p=11155"},"modified":"2023-10-30T16:41:34","modified_gmt":"2023-10-30T14:41:34","slug":"captiveaza-ti-elevii-in-online-mai-ceva-ca-in-clasa","status":"publish","type":"product","link":"https:\/\/www.storycraft.ro\/shop\/captiveaza-ti-elevii-in-online-mai-ceva-ca-in-clasa\/","title":{"rendered":"Captiveaz\u0103-\u021bi elevii \u00een online mai ceva ca \u00een clas\u0103"},"content":{"rendered":"<div id=\"content_description\" class=\"ty-wysiwyg-content content-description\">\n<div>\n<div id=\"description-body\" class=\"collapse-offset in\">\n<div>In perioada COVID-19 dascalii s-au lovit de predarea ONLINE ca de un zid!<\/div>\n<\/div>\n<\/div>\n<\/div>\n<div><\/div>\n<div id=\"content_description\" class=\"ty-wysiwyg-content content-description\">\n<div>\n<div id=\"description-body\" class=\"collapse-offset in\">\n<div>Dupa o serie de 13 webinarii pentru adaptarea predarii in online, la care au participat in total peste 3.000 de profesori si educatori, autorii s-au gandit sa faca ceva mai mult pentru sistemul de invatamant din Romania.<\/div>\n<\/div>\n<\/div>\n<\/div>\n<div><\/div>\n<div id=\"content_description\" class=\"ty-wysiwyg-content content-description\">\n<div>\n<div id=\"description-body\" class=\"collapse-offset in\">\n<div>In acest sens, ei au ascultat nevoile cadrelor didactice, au empatizat cu durerile parintilor si au inteles provocarile elevilor. Mai mult decat atat, au luat legatura cu experti in educatie, au studiat jurnale de specialitate si au descoperit metode si unelte foarte utile in procesul educational online.<\/div>\n<\/div>\n<\/div>\n<\/div>\n<div><\/div>\n<div id=\"content_description\" class=\"ty-wysiwyg-content content-description\">\n<div>\n<div id=\"description-body\" class=\"collapse-offset in\">\n<div>Rezultatul a fost crearea a 258 pagini destinate daramarii \u201ezidului\u201d metaforic si consolidarea predarii captivante in online.<\/div>\n<\/div>\n<\/div>\n<\/div>\n<div><\/div>\n<div id=\"content_description\" class=\"ty-wysiwyg-content content-description\">\n<div>\n<div id=\"description-body\" class=\"collapse-offset in\">\n<div>De ce merita sa citesti cartea? Pentru ca doar astfel vei invata:<\/div>\n<div>&#8211; Cum sa-ti ADAPTEZI materia predata din offline in exercitii ONLINE dinamice care sa genereze implicare, interes si dorinta de invatare;<\/div>\n<div>&#8211; Ce INSTRUMENTE DIGITALE sa folosesti pentru a crea un spatiu colaborativ adaptat studentilor tai;<\/div>\n<div>&#8211; Cum sa creezi INTERACTIUNE si sa-ti energizezi elevii intr-un mod dinamic, chiar daca sunt la un monitor distanta de tine;<\/div>\n<div>&#8211; MENTALITATEA si ATITUDINEA educatorului online de succes;<\/div>\n<div>&#8211; Cum sa-ti alegi OBIECTIVELE de predare si sa faci cursuri in online de nota 10;<\/div>\n<div>&#8211; EXEMPLE CONCRETE de lectii predate in mediul online intr-un mod interactiv si captivant;<\/div>\n<div>&#8211; Cum sa te filmezi cu A DOUA CAMERA (sau cu telefonul) pentru predarea scriind pe foaie (pentru materii cum ar fi chimia, fizica sau matematica);<\/div>\n<div>&#8211; STORYTELLING: 5 povesti care fac minuni cand vrei sa-i fascinezi pe elevi;<\/div>\n<div>&#8211; Cum sa conectezi triunghiul magic PROFESOR &#8211; PARINTE &#8211; ELEV in online;<\/div>\n<\/div>\n<\/div>\n<\/div>\n<div><\/div>\n<div id=\"content_description\" class=\"ty-wysiwyg-content content-description\">\n<div>\n<div id=\"description-body\" class=\"collapse-offset in\">\n<div>Toate acestea, transmise prin exemple concrete pe indelete si gata de aplicat in educatie online.<\/div>\n<\/div>\n<\/div>\n<\/div>\n<div><\/div>\n<div id=\"content_description\" class=\"ty-wysiwyg-content content-description\">\n<div>\n<div id=\"description-body\" class=\"collapse-offset in\">\n<div>Nu te invitam doar la citit, ci te indemnam la o transformare a metodologiei de predare de la catedra cea clasica catre mediul online!<\/div>\n<div><\/div>\n<div>Aceasta carte este pentru fiecare dascal, trainer, formator, antreprenor, terapeut si pentru oricine doreste sa transmita informatia intr-un mod captivant in mediul ONLINE!<\/div>\n<\/div>\n<\/div>\n<\/div>\n","protected":false},"excerpt":{"rendered":"<p>Citind cartea vei invata:<br \/>\n\u2013 Cum sa-ti adaptezi materia predata din offline in exercitii online dinamice care sa genereze implicare, interes si dorinta de invatare;<br \/>\n\u2013 Ce instrumente digitale sa folosesti pentru a crea un spatiu colaborativ adaptat studentilor tai;<br \/>\n\u2013 Cum sa creezi interactiune si sa-ti energizezi elevii intr-un mod dinamic, chiar daca sunt la un monitor distanta de tine;<br \/>\n\u2013 Mentalitatea si atitudinea educatorului online de succes.<\/p>\n","protected":false},"featured_media":11156,"template":"","meta":{"_acf_changed":false},"product_brand":[],"product_cat":[283],"product_tag":[312],"class_list":{"0":"post-11155","1":"product","2":"type-product","3":"status-publish","4":"has-post-thumbnail","6":"product_cat-carti-dezvoltare-personala","7":"product_tag-produse-individuale","9":"first","10":"instock","11":"taxable","12":"shipping-taxable","13":"purchasable","14":"product-type-simple"},"acf":[],"aioseo_notices":[],"_links":{"self":[{"href":"https:\/\/www.storycraft.ro\/shop\/wp-json\/wp\/v2\/product\/11155","targetHints":{"allow":["GET"]}}],"collection":[{"href":"https:\/\/www.storycraft.ro\/shop\/wp-json\/wp\/v2\/product"}],"about":[{"href":"https:\/\/www.storycraft.ro\/shop\/wp-json\/wp\/v2\/types\/product"}],"wp:featuredmedia":[{"embeddable":true,"href":"https:\/\/www.storycraft.ro\/shop\/wp-json\/wp\/v2\/media\/11156"}],"wp:attachment":[{"href":"https:\/\/www.storycraft.ro\/shop\/wp-json\/wp\/v2\/media?parent=11155"}],"wp:term":[{"taxonomy":"product_brand","embeddable":true,"href":"https:\/\/www.storycraft.ro\/shop\/wp-json\/wp\/v2\/product_brand?post=11155"},{"taxonomy":"product_cat","embeddable":true,"href":"https:\/\/www.storycraft.ro\/shop\/wp-json\/wp\/v2\/product_cat?post=11155"},{"taxonomy":"product_tag","embeddable":true,"href":"https:\/\/www.storycraft.ro\/shop\/wp-json\/wp\/v2\/product_tag?post=11155"}],"curies":[{"name":"wp","href":"https:\/\/api.w.org\/{rel}","templated":true}]}}