{"id":11234,"date":"2022-11-14T14:18:25","date_gmt":"2022-11-14T12:18:25","guid":{"rendered":"https:\/\/www.storycraft.ro\/shop\/?post_type=product&#038;p=11234"},"modified":"2023-10-30T16:41:34","modified_gmt":"2023-10-30T14:41:34","slug":"carte-audio-rebeliunea","status":"publish","type":"product","link":"https:\/\/www.storycraft.ro\/shop\/carte-audio-rebeliunea\/","title":{"rendered":"Carte Audio Rebeliunea"},"content":{"rendered":"<p>Pera Novacovici \u0219i Daniel Z\u0103rnescu te invit\u0103 \u00eentr-o c\u0103l\u0103torie spre succes \u0219i eficien\u021b\u0103.<\/p>\n<p>Cartea audio <strong>Rebeliunea<\/strong> contine o serie de 23 de track-uri audio\u00a0special concepute s\u0103 fie u\u0219oare, s\u0103 nu fie nevoie s\u0103 depui foarte mult efort \u0219i s\u0103 te po\u021bi concentra doar pe \u201dlec\u021bia zilei\u201d.<\/p>\n<h3><strong>Ce o s\u0103 c\u00e2\u0219tigi \u00een urma cursului audio &#8220;Rebeliunea&#8221;:<\/strong><\/h3>\n<h3><strong>Profesional:<\/strong><\/h3>\n<ul>\n<li>Te vei putea concentra s\u0103-\u021bi faci treaba \u0219i s\u0103 nu te mai pierzi \u00een detalii irelevante.<\/li>\n<li>\u00ce\u021bi vei putea pl\u0103nui cu acurate\u021be munca, \u0219tiind exact c\u00e2t timp \u00ee\u021bi ia s\u0103 faci orice.<\/li>\n<li>Vei fi mult mai pu\u021bin stresat din cauz\u0103 c\u0103 atunci c\u00e2nd te concentrezi, faci lucrurile cu 30% mai repede.<\/li>\n<li>Vei putea intra \u00een starea de \u201dFLOW\u201d \u00een care po\u021bi face munca a 2 zile \u00een doar 4 ore, dac\u0103 ai condi\u021biile potrivite.<\/li>\n<li>Vei \u0219tii c\u00e2t de tare te consum\u0103 orice, \u0219i vei \u0219tii c\u00e2nd s\u0103 \u201dte retragi\u201d dintr-o activitate pentru c\u0103 nu te mai \u021bin bateriile.<\/li>\n<li>Vei descoperi abilitatea de a face planuri CARE CHIAR SE \u00ceNT\u00c2MPL\u0102.<\/li>\n<li>Vei \u00eenv\u0103\u021ba cum s\u0103 nu mai procrastinezi &#8211; adic\u0103 s\u0103 nu mai am\u00e2ni ceva pentru c\u0103 nu ai chef.<\/li>\n<li>Vei putea concentra la momentul prezent, cu \u00eencrederea omului care \u0219tie c\u0103 nu-\u0219i pierde vremea.<\/li>\n<li>Vei \u00eenv\u0103\u021ba cum s\u0103-\u021bi faci ordine \u00een via\u021b\u0103 ca s\u0103 ai timp pentru tine dar \u0219i s\u0103-\u021bi termini treaba.<\/li>\n<\/ul>\n<h3>Personal:<\/h3>\n<ul>\n<li>Vei descoperi magia de \u201da fi prezent\u201d \u00een rela\u021bie. Aten\u021bia noastr\u0103 este cel mai de pre\u021b dar pe care-l putem face cuiva.<\/li>\n<li>Deoarece eficien\u021ba este str\u00e2ns legat\u0103 de autocunoa\u0219tere, aceast\u0103 c\u0103l\u0103torie \u00ee\u021bi va deschide calea spre o dezvoltare personal\u0103 mult mai rapid\u0103, pe toate planurile.<\/li>\n<li>\u00ce\u021bi va fi mult mai u\u0219or s\u0103 \u0219tii ce-\u021bi dore\u0219ti \u0219i ce nu-\u021bi dore\u0219ti \u00een rela\u021bie \u0219i vei putea s\u0103 comunici aceste lucruri mult mai clar \u0219i mai tare.<\/li>\n<li>Vei \u00eenv\u0103\u021ba ce te ajut\u0103 cu adev\u0103rat \u0219i ce te face doar s\u0103-\u021bi pierzi timpul \u0219i energia.<\/li>\n<li>Vei putea s\u0103-\u021bi aju\u021bi to\u021bi apropia\u021bii s\u0103 devin\u0103 mai eficien\u021bi, deoarece ai \u00eenceput s\u0103 vezi to\u021bi \u201dvampirii de timp\u201d din jurul t\u0103u.<\/li>\n<li>\u021ai se va p\u0103rea mult mai u\u0219or s\u0103-\u021bi ascul\u021bi vocea interioar\u0103 deoarece vei \u00eenv\u0103\u021ba cum s\u0103 \u00ee\u021bi faci lini\u0219te \u00een cap.<\/li>\n<\/ul>\n<p><strong>Am mai putea scrie multe beneficii, pentru c\u0103 eficien\u021ba SE LEAG\u0102 DE ABSOLUT TOT CE FACEM NOI \u00ceN FIECARE ZI\u2026 dar \u021bine minte at\u00e2t:<br \/>\n<\/strong><\/p>\n<ul>\n<li>Dac\u0103 schimbi ceva din jurul t\u0103u, ai schimbat un lucru.<\/li>\n<li>Dac\u0103 te schimbi pe tine, ai schimbat TOAT\u0102 LUMEA din jurul t\u0103u.<\/li>\n<\/ul>\n","protected":false},"excerpt":{"rendered":"<div><strong>AUTORI:<\/strong> Daniel Z\u0103rnescu | Pera Novacovici<\/div>\n<div>\n<p>Cartea audio\u00a0<strong>\u201cRebeliunea \u2013 18 arme pentru obiective imposibile \u0219i visuri uitate<\/strong><strong>\u201d<\/strong> con\u021bine o serie de 23 de track-uri audio special concepute s\u0103 fie u\u0219oare, s\u0103 nu fie nevoie s\u0103 depui foarte mult efort \u0219i s\u0103 te po\u021bi concentra doar pe \u201dlec\u021bia zilei\u201d.<\/p>\n<\/div>\n","protected":false},"featured_media":11235,"template":"","meta":{"_acf_changed":false},"product_brand":[],"product_cat":[292,283],"product_tag":[312],"class_list":{"0":"post-11234","1":"product","2":"type-product","3":"status-publish","4":"has-post-thumbnail","6":"product_cat-carti-audio","7":"product_cat-carti-dezvoltare-personala","8":"product_tag-produse-individuale","9":"pa_autori-daniel-zarnescu","11":"first","12":"instock","13":"virtual","14":"taxable","15":"purchasable","16":"product-type-simple"},"acf":[],"aioseo_notices":[],"_links":{"self":[{"href":"https:\/\/www.storycraft.ro\/shop\/wp-json\/wp\/v2\/product\/11234","targetHints":{"allow":["GET"]}}],"collection":[{"href":"https:\/\/www.storycraft.ro\/shop\/wp-json\/wp\/v2\/product"}],"about":[{"href":"https:\/\/www.storycraft.ro\/shop\/wp-json\/wp\/v2\/types\/product"}],"wp:featuredmedia":[{"embeddable":true,"href":"https:\/\/www.storycraft.ro\/shop\/wp-json\/wp\/v2\/media\/11235"}],"wp:attachment":[{"href":"https:\/\/www.storycraft.ro\/shop\/wp-json\/wp\/v2\/media?parent=11234"}],"wp:term":[{"taxonomy":"product_brand","embeddable":true,"href":"https:\/\/www.storycraft.ro\/shop\/wp-json\/wp\/v2\/product_brand?post=11234"},{"taxonomy":"product_cat","embeddable":true,"href":"https:\/\/www.storycraft.ro\/shop\/wp-json\/wp\/v2\/product_cat?post=11234"},{"taxonomy":"product_tag","embeddable":true,"href":"https:\/\/www.storycraft.ro\/shop\/wp-json\/wp\/v2\/product_tag?post=11234"}],"curies":[{"name":"wp","href":"https:\/\/api.w.org\/{rel}","templated":true}]}}