{"id":11236,"date":"2022-11-14T14:35:41","date_gmt":"2022-11-14T12:35:41","guid":{"rendered":"https:\/\/www.storycraft.ro\/shop\/?post_type=product&#038;p=11236"},"modified":"2023-10-30T16:41:34","modified_gmt":"2023-10-30T14:41:34","slug":"kitul-omului-prosper","status":"publish","type":"product","link":"https:\/\/www.storycraft.ro\/shop\/kitul-omului-prosper\/","title":{"rendered":"Kitul omului prosper"},"content":{"rendered":"<p><span style=\"color: #333333;\"><strong>Ce \u00ee\u021bi aduce Kitul Omului prosper \u0219i liber financiar \u00een secolul XXI:<\/strong><\/span><\/p>\n<ul>\n<li><span style=\"color: #333333;\"><strong>Afli caracteristicile specifice celor trei stadii ale prosperit\u0103\u021bii:<\/strong> <strong>Dator &#8211; Liber Financiar \u2013 Prosper<\/strong> \u0219i \u00ee\u021bi ofer\u0103 inclusiv principiile din spatele fiecarei mentalit\u0103\u021bi, la pachet cu modalit\u0103\u021bi prin care s\u0103 \u021bi le \u00eensu\u0219e\u0219ti.<\/span><\/li>\n<li><span style=\"color: #333333;\">\u00ce\u021bi ofer\u0103 \u00een detaliu un plan practic format din 5 pa\u0219i (cu fi\u0219e de lucru, exerci\u021bii \u0219i obiceiuri pe care sa \u021bi le implementezi) care te ajut\u0103 s\u0103 treci din:<\/span><br \/>\n<span style=\"color: #333333;\">&#8211; stadiul 1 &#8211; cel \u00een care e\u0219ti dator v\u00e2ndut bancilor \u0219i e\u0219ti plin de datorii<\/span><br \/>\n<span style=\"color: #333333;\">&#8211; \u00een stadiul 2 &#8211; cel al eliber\u0103rii financiare, c\u00e2nd consumi mai pu\u021bin dec\u00e2t produci \u0219i c\u00e2nd economiile tale cresc de la lun\u0103 la lun\u0103.<\/span><\/li>\n<li><span style=\"color: #333333;\">afli cum a luat na\u0219tere societatea de consum \u0219i cum ai ajuns tu \u00eensu\u021bi un \u201cprodus de consum\u201d;<\/span><\/li>\n<li><span style=\"color: #333333;\">vei lua decizii mai bune c\u00e2nd vine vorba de investi\u021bii \u0219i achizi\u021bii de bunuri \u0219i produse ca s\u0103 nu mai regre\u021bi alegerile f\u0103cute;<\/span><\/li>\n<li><span style=\"color: #333333;\">afli inclusiv p\u00e2rghiile prin care e\u0219ti \u201cobligat\u201d s\u0103 cumperi produse de care nu ai nevoie sau de proast\u0103 calitate;<\/span><\/li>\n<li><span style=\"color: #333333;\">vei \u0219ti cum s\u0103 te protejezi de o v\u00e2nzare agresiv\u0103 \u0219i s\u0103 alegi con\u0219tient ce faci cu banii t\u0103i;<\/span><\/li>\n<li><span style=\"color: #333333;\">cape\u021bi o inteligen\u021b\u0103 superioar\u0103 c\u00e2nd vine vorba de deciziile de cump\u0103rare;<\/span><\/li>\n<li><span style=\"color: #333333;\">vei \u0219ti clar ce po\u021bi face tu ca s\u0103 nu mai depinzi de salariul de la finalul lunii \u0219i s\u0103 nu tr\u0103ie\u0219ti doar din el;<\/span><\/li>\n<li><span style=\"color: #333333;\">vei deveni disciplinat financiar f\u0103r\u0103 s\u0103 fii nevoit s\u0103 sacrifici stilul actual de via\u021b\u0103;<\/span><\/li>\n<li><span style=\"color: #333333;\">afli ce fac oamenii boga\u021bi \u2013 atitudini \u0219i comportamente pe care s\u0103racii le resping \u00een totalitate;<\/span><\/li>\n<li><span style=\"color: #333333;\">vei avea \u00een arsenal principii financiare care duc spre prosperitate &#8211; Ce ar trebui s\u0103 \u0219tii atunci c\u00e2nd \u00ee\u021bi cumperi o cas\u0103, o ma\u0219in\u0103 sau un simplu laptop;<\/span><\/li>\n<li><span style=\"color: #333333;\">cum s\u0103 te compor\u021bi cu banii astfel \u00eenc\u00e2t banii s\u0103 vin\u0103 la tine \u2013 mentalitatea oamenilor boga\u021bi pus\u0103 sub lup\u0103;<\/span><\/li>\n<li><span style=\"color: #333333;\">principii puternice de negociere care te ajut\u0103 s\u0103 nu mai arunci bani pe fereastr\u0103 \u0219i s\u0103 ob\u021bii mereu cel mai mic pre\u021b de pe pia\u021b\u0103.<\/span><\/li>\n<\/ul>\n","protected":false},"excerpt":{"rendered":"<p>Ce prime\u0219ti \u00een acest Kit?<\/p>\n<div><strong>1. Audiobook-ul \u201cCum s\u0103 scapi de datorii\u201d<\/strong> &#8211; un plan practic prin care po\u021bi s\u0103 ajungi de la datorii la prosperitate &#8211; format din 24 \u00eenregistr\u0103ri audio (2 ore 33 min) format MP3 + 12 Fi\u0219e cu sinteze, pa\u0219i de ac\u021biune \u0219i exerci\u021bii simple \u0219i practice.<\/div>\n<div><\/div>\n<div><strong>2. Audiobook-ul \u201cGhidul clientului inteligent\u201d<\/strong> &#8211; cum s\u0103 nu te la\u0219i manipulat c\u00e2nd te duci la cump\u0103r\u0103turi &#8211; con\u021bine 4 \u00eenregistr\u0103ri audio (2 ore 22 min) format MP3 cu Daniel Z\u0103rnescu \u0219i Alina Ioni\u021b\u0103, expert acreditat \u00een achizi\u021bii strategice \u0219i psihologia consumatorului + 7 Fi\u0219e cu sinteze, pa\u0219i de ac\u021biune \u0219i exerci\u021bii simple \u0219i practice.<\/div>\n<div>\n<p><strong>3. Transcriptul audiobook-ului \u201dCum s\u0103 scapi de datorii\u201d &#8211; <\/strong>64 pagini format PDF pentru cei care prefer\u0103 informa\u021biile \u0219i \u00een varianta scris\u0103 la care sunt ata\u0219ate toate fi\u0219ele suport ca s\u0103 le po\u021bi printa.<\/p>\n<\/div>\n","protected":false},"featured_media":11238,"template":"","meta":{"_acf_changed":false},"product_brand":[],"product_cat":[292,283],"product_tag":[312],"class_list":{"0":"post-11236","1":"product","2":"type-product","3":"status-publish","4":"has-post-thumbnail","6":"product_cat-carti-audio","7":"product_cat-carti-dezvoltare-personala","8":"product_tag-produse-individuale","9":"pa_autori-daniel-zarnescu","11":"first","12":"instock","13":"sale","14":"virtual","15":"taxable","16":"purchasable","17":"product-type-simple"},"acf":[],"aioseo_notices":[],"_links":{"self":[{"href":"https:\/\/www.storycraft.ro\/shop\/wp-json\/wp\/v2\/product\/11236","targetHints":{"allow":["GET"]}}],"collection":[{"href":"https:\/\/www.storycraft.ro\/shop\/wp-json\/wp\/v2\/product"}],"about":[{"href":"https:\/\/www.storycraft.ro\/shop\/wp-json\/wp\/v2\/types\/product"}],"wp:featuredmedia":[{"embeddable":true,"href":"https:\/\/www.storycraft.ro\/shop\/wp-json\/wp\/v2\/media\/11238"}],"wp:attachment":[{"href":"https:\/\/www.storycraft.ro\/shop\/wp-json\/wp\/v2\/media?parent=11236"}],"wp:term":[{"taxonomy":"product_brand","embeddable":true,"href":"https:\/\/www.storycraft.ro\/shop\/wp-json\/wp\/v2\/product_brand?post=11236"},{"taxonomy":"product_cat","embeddable":true,"href":"https:\/\/www.storycraft.ro\/shop\/wp-json\/wp\/v2\/product_cat?post=11236"},{"taxonomy":"product_tag","embeddable":true,"href":"https:\/\/www.storycraft.ro\/shop\/wp-json\/wp\/v2\/product_tag?post=11236"}],"curies":[{"name":"wp","href":"https:\/\/api.w.org\/{rel}","templated":true}]}}