{"id":11242,"date":"2022-11-15T11:05:40","date_gmt":"2022-11-15T09:05:40","guid":{"rendered":"https:\/\/www.storycraft.ro\/shop\/?post_type=product&#038;p=11242"},"modified":"2025-04-23T17:05:37","modified_gmt":"2025-04-23T14:05:37","slug":"fata-criminalului","status":"publish","type":"product","link":"https:\/\/www.storycraft.ro\/shop\/fata-criminalului\/","title":{"rendered":"Fata criminalului"},"content":{"rendered":"","protected":false},"excerpt":{"rendered":"<p>Autor: Abigaela B\u00eelb\u00eeie<\/p>\n<p>O t\u00e2n\u0103r\u0103 tr\u0103ie\u0219te drama vie\u021bii ei.<\/p>\n<p>Av\u00e2nd tat\u0103l \u00eenchis pentru crim\u0103 \u0219i cunoscut\u0103 de to\u021bi ca \u201eFata criminalului\u201d, protagonista \u00ee\u0219i ia via\u021ba \u00een m\u00e2ini \u0219i \u00eencearc\u0103 s\u0103 se desprind\u0103 de trecutul s\u0103r\u0103c\u0103cios.<\/p>\n<p>O poveste care uneori poate p\u0103rea prea dur\u0103 \u00eens\u0103 foarte bun\u0103 pentru cei care cred c\u0103 lor nu li se poate \u00eent\u00e2mpla a\u0219a ceva. Un adev\u0103rat carusel emo\u021bional prin care protagoni\u0219tii trec de la agonie la extaz de nenum\u0103rate ori.<\/p>\n<p>Drame, pierderi, desp\u0103r\u021biri, piste false \u0219i invita\u021bi surpriz\u0103.<\/p>\n<p>O poveste de via\u021b\u0103 care te \u021bine cu sufletul la gur\u0103 \u0219i \u00een care \u00eent\u00e2mpl\u0103rile \u00eentorc scenariul \u00een mod radical, p\u00e2n\u0103 \u00een ultima clip\u0103. Clipa deslu\u0219irii misterului.<\/p>\n","protected":false},"featured_media":11243,"template":"","meta":{"_acf_changed":false},"product_brand":[],"product_cat":[15],"product_tag":[312],"class_list":{"0":"post-11242","1":"product","2":"type-product","3":"status-publish","4":"has-post-thumbnail","6":"product_cat-uncategorized","7":"product_tag-produse-individuale","9":"first","10":"outofstock","11":"taxable","12":"shipping-taxable","13":"purchasable","14":"product-type-simple"},"acf":[],"aioseo_notices":[],"_links":{"self":[{"href":"https:\/\/www.storycraft.ro\/shop\/wp-json\/wp\/v2\/product\/11242","targetHints":{"allow":["GET"]}}],"collection":[{"href":"https:\/\/www.storycraft.ro\/shop\/wp-json\/wp\/v2\/product"}],"about":[{"href":"https:\/\/www.storycraft.ro\/shop\/wp-json\/wp\/v2\/types\/product"}],"wp:featuredmedia":[{"embeddable":true,"href":"https:\/\/www.storycraft.ro\/shop\/wp-json\/wp\/v2\/media\/11243"}],"wp:attachment":[{"href":"https:\/\/www.storycraft.ro\/shop\/wp-json\/wp\/v2\/media?parent=11242"}],"wp:term":[{"taxonomy":"product_brand","embeddable":true,"href":"https:\/\/www.storycraft.ro\/shop\/wp-json\/wp\/v2\/product_brand?post=11242"},{"taxonomy":"product_cat","embeddable":true,"href":"https:\/\/www.storycraft.ro\/shop\/wp-json\/wp\/v2\/product_cat?post=11242"},{"taxonomy":"product_tag","embeddable":true,"href":"https:\/\/www.storycraft.ro\/shop\/wp-json\/wp\/v2\/product_tag?post=11242"}],"curies":[{"name":"wp","href":"https:\/\/api.w.org\/{rel}","templated":true}]}}