{"id":11297,"date":"2022-11-22T13:04:46","date_gmt":"2022-11-22T11:04:46","guid":{"rendered":"https:\/\/www.storycraft.ro\/shop\/?post_type=product&#038;p=11297"},"modified":"2023-10-30T16:41:34","modified_gmt":"2023-10-30T14:41:34","slug":"pachet-audio-fabrica-de-bani","status":"publish","type":"product","link":"https:\/\/www.storycraft.ro\/shop\/pachet-audio-fabrica-de-bani\/","title":{"rendered":"Pachet Audio &#8220;Fabrica de Bani&#8221; &#8211; Editiile 1 si 2"},"content":{"rendered":"<p><strong>\u00cen exclusivitate, cei mai titra\u021bi 4 creatori de con\u021binut de dezvoltare personal\u0103 \u0219i profesional\u0103 din Rom\u00e2nia \u0219i-au unit for\u021bele!<\/strong><\/p>\n<p><strong>Ce vei \u00eenv\u0103\u021ba din Cursul Fabrica de Bani 1? <\/strong><\/p>\n<ul>\n<li>Cum s\u0103 \u00ee\u021bi programezi succesul financiar<\/li>\n<li>Adev\u0103rul despre bani<\/li>\n<li>Cum s\u0103 faci bani cu voca\u021bia ta<\/li>\n<li>Cum s\u0103 ob\u021bii tot ce \u00ee\u021bi pui \u00een minte<\/li>\n<\/ul>\n<p><strong>Ce vei \u00eenv\u0103\u021ba din Cursul Fabrica de Bani 2? <\/strong><\/p>\n<ul>\n<li>Drumul personal de la angajat la antreprenor<\/li>\n<li>Psihologia subtil\u0103 a banilor, a v\u00e2nz\u0103rilor \u0219i a marketingului<\/li>\n<li>De ce nu suntem mai boga\u021bi?<\/li>\n<li>Inteligen\u021ba emo\u021bional\u0103 a oamenilor boga\u021bi<\/li>\n<\/ul>\n<p><strong>Bonusuri:<\/strong><\/p>\n<ul>\n<li>Ghidul clientului inteligent &#8211; Daniel Z\u0103rnescu<\/li>\n<li>Psihologia subtil\u0103 a banilor, v\u00e2nz\u0103rilor \u0219i marketingului &#8211; Pera Novacovici<\/li>\n<li>Interviu despre start-up-uri cu Adelina Hobeanu, antreprenor. &#8211; Pera Novacovici<\/li>\n<li>Cartea \u201cPrimii 12 ani \u00een propria afacere\u201d \u00een format audio. &#8211; Lorand Soares Szasz<\/li>\n<li>C\u0103l\u0103toria Eroului &#8211; Cele 6 etape ale (R)Evolu\u021biei financiare prin care au trecut to\u021bi oamenii de succes! &#8211; Marius Simion<\/li>\n<\/ul>\n<p>&nbsp;<\/p>\n","protected":false},"excerpt":{"rendered":"<p><strong>Pachetul \u201dFabrica de bani\u201d editiile 1 si 2 contine 8 carti audio in format mp3<\/strong><\/p>\n<p><strong>Despre autori: <\/strong>Lorand Soares Szasz, Daniel Zarnescu, Marius Simion si Pera Novacovici sunt liderii a patru comunitati care influenteaza puternic dezvoltarea personala in Romania.<\/p>\n<p>Fiecare carte audio are peste 120 de minute de material consistent si concentrat pe cele mai importante aspecte interne si externe ale prosperitatii financiare.<\/p>\n<p>Acest material este un curs \u00een format audio (audiobook), foarte u\u0219or de parcurs, care te va ajuta s\u0103 \u00ee\u021bi c\u00e2\u0219tigi independen\u021ba financiar\u0103. Este format din 8 p\u0103r\u021bi, \u00eensum\u00e2nd aproximativ 40 de ore de curs. Materialul este \u00een format mp3 \u0219i \u00eel po\u021bi desc\u0103rca instant pe telefon, laptop, calculator sau pe orice alt dispozitiv.<\/p>\n<p>&nbsp;<\/p>\n","protected":false},"featured_media":11307,"template":"","meta":{"_acf_changed":false},"product_brand":[],"product_cat":[292,283,261],"product_tag":[312],"class_list":{"0":"post-11297","1":"product","2":"type-product","3":"status-publish","4":"has-post-thumbnail","6":"product_cat-carti-audio","7":"product_cat-carti-dezvoltare-personala","8":"product_cat-pachete","9":"product_tag-produse-individuale","11":"first","12":"instock","13":"sale","14":"virtual","15":"taxable","16":"purchasable","17":"product-type-simple"},"acf":[],"aioseo_notices":[],"_links":{"self":[{"href":"https:\/\/www.storycraft.ro\/shop\/wp-json\/wp\/v2\/product\/11297","targetHints":{"allow":["GET"]}}],"collection":[{"href":"https:\/\/www.storycraft.ro\/shop\/wp-json\/wp\/v2\/product"}],"about":[{"href":"https:\/\/www.storycraft.ro\/shop\/wp-json\/wp\/v2\/types\/product"}],"wp:featuredmedia":[{"embeddable":true,"href":"https:\/\/www.storycraft.ro\/shop\/wp-json\/wp\/v2\/media\/11307"}],"wp:attachment":[{"href":"https:\/\/www.storycraft.ro\/shop\/wp-json\/wp\/v2\/media?parent=11297"}],"wp:term":[{"taxonomy":"product_brand","embeddable":true,"href":"https:\/\/www.storycraft.ro\/shop\/wp-json\/wp\/v2\/product_brand?post=11297"},{"taxonomy":"product_cat","embeddable":true,"href":"https:\/\/www.storycraft.ro\/shop\/wp-json\/wp\/v2\/product_cat?post=11297"},{"taxonomy":"product_tag","embeddable":true,"href":"https:\/\/www.storycraft.ro\/shop\/wp-json\/wp\/v2\/product_tag?post=11297"}],"curies":[{"name":"wp","href":"https:\/\/api.w.org\/{rel}","templated":true}]}}