{"id":11310,"date":"2022-11-22T13:29:34","date_gmt":"2022-11-22T11:29:34","guid":{"rendered":"https:\/\/www.storycraft.ro\/shop\/?post_type=product&#038;p=11310"},"modified":"2023-10-30T16:41:33","modified_gmt":"2023-10-30T14:41:33","slug":"carte-audio-fabrica-de-bani-2","status":"publish","type":"product","link":"https:\/\/www.storycraft.ro\/shop\/carte-audio-fabrica-de-bani-2\/","title":{"rendered":"Carte Audio Fabrica de Bani 2"},"content":{"rendered":"<p><strong>\u00cenva\u021b\u0103 \u00een 20 de ore cum s\u0103 \u00ee\u021bi c\u00e2\u0219tigi independen\u021ba financiar\u0103<\/strong><\/p>\n<p><strong>\u00cen exclusivitate, cei mai titra\u021bi 4 creatori de con\u021binut de dezvoltare personal\u0103 \u0219i profesional\u0103 din Rom\u00e2nia \u0219i-au unit for\u021bele!<\/strong><\/p>\n<p>Acest material este un curs \u00een format audio (audiobook), foarte u\u0219or de parcurs, care te va ajuta s\u0103 \u00ee\u021bi c\u00e2\u0219tigi independen\u021ba financiar\u0103. Este format din 4 p\u0103r\u021bi, \u00eensum\u00e2nd aproximativ 20 de ore de curs. Materialul este \u00een format mp3 \u0219i \u00eel po\u021bi desc\u0103rca instant pe telefon, laptop, calculator sau pe orice alt dispozitiv. De asemenea, materialul \u00eel prime\u0219ti \u0219i \u00eentr-un pachet cu 4 CD-uri la tine acas\u0103.<\/p>\n<p><strong>Ce vei \u00eenv\u0103\u021ba din Cursul Fabrica de Bani 2? <\/strong><\/p>\n<ul>\n<li>Drumul personal de la angajat la antreprenor<\/li>\n<li>Psihologia subtil\u0103 a banilor, a v\u00e2nz\u0103rilor \u0219i a marketingului<\/li>\n<li>De ce nu suntem mai boga\u021bi?<\/li>\n<li>Inteligen\u021ba emo\u021bional\u0103 a oamenilor boga\u021bi<\/li>\n<\/ul>\n<p>&nbsp;<\/p>\n","protected":false},"excerpt":{"rendered":"<p><strong>Prin cursul Fabrica de Bani 2 te putem ajuta s\u0103 \u00eenve\u021bi exact lucrurile de care ai nevoie pentru a-\u021bi c\u00e2\u0219tiga independe\u021ba financiar\u0103<\/strong><\/p>\n<p><strong>Ce con\u021bine Cursul Fabrica de Bani 2?<\/strong><\/p>\n<p><strong>Format mp3 <\/strong>&#8211; Acest material este mp3, \u015fi dup\u0103 achizi\u0163ionare poate fi desc\u0103rcat instant pe dispozitivul t\u0103u preferat de pe care ascul\u021bi materiale audio. Vei primi peste 60 de materiale mp3 cu durata total\u0103 de 20 de ore.<\/p>\n<p><strong>Bonusuri<\/strong> &#8211; Fiecare dintre cele 4 audiobook-uri din partea celor 4 autori are bonusuri \u00een format text, video \u0219i audio. La achizi\u021bionarea produsului vei avea parte de toate bonusurile din partea tuturor autorilor, al\u0103turi de materialele de curs<\/p>\n<p><strong>Format electronic \u0219i fizic <\/strong>&#8211; acest material \u00eel prime\u0219ti \u00een form\u0103 electronic\u0103 prin e-mail imediat ce avem confirmarea pl\u0103\u021bii tale \u00een shop \u0219i de asemenea va fi expediat\u0103 \u0219i varianta fizic\u0103 \u00een cutie prin curier rapid.<\/p>\n","protected":false},"featured_media":11311,"template":"","meta":{"_acf_changed":false},"product_brand":[],"product_cat":[292,283],"product_tag":[312],"class_list":{"0":"post-11310","1":"product","2":"type-product","3":"status-publish","4":"has-post-thumbnail","6":"product_cat-carti-audio","7":"product_cat-carti-dezvoltare-personala","8":"product_tag-produse-individuale","10":"first","11":"instock","12":"sale","13":"taxable","14":"shipping-taxable","15":"purchasable","16":"product-type-simple"},"acf":[],"aioseo_notices":[],"_links":{"self":[{"href":"https:\/\/www.storycraft.ro\/shop\/wp-json\/wp\/v2\/product\/11310","targetHints":{"allow":["GET"]}}],"collection":[{"href":"https:\/\/www.storycraft.ro\/shop\/wp-json\/wp\/v2\/product"}],"about":[{"href":"https:\/\/www.storycraft.ro\/shop\/wp-json\/wp\/v2\/types\/product"}],"wp:featuredmedia":[{"embeddable":true,"href":"https:\/\/www.storycraft.ro\/shop\/wp-json\/wp\/v2\/media\/11311"}],"wp:attachment":[{"href":"https:\/\/www.storycraft.ro\/shop\/wp-json\/wp\/v2\/media?parent=11310"}],"wp:term":[{"taxonomy":"product_brand","embeddable":true,"href":"https:\/\/www.storycraft.ro\/shop\/wp-json\/wp\/v2\/product_brand?post=11310"},{"taxonomy":"product_cat","embeddable":true,"href":"https:\/\/www.storycraft.ro\/shop\/wp-json\/wp\/v2\/product_cat?post=11310"},{"taxonomy":"product_tag","embeddable":true,"href":"https:\/\/www.storycraft.ro\/shop\/wp-json\/wp\/v2\/product_tag?post=11310"}],"curies":[{"name":"wp","href":"https:\/\/api.w.org\/{rel}","templated":true}]}}