{"id":11376,"date":"2022-11-25T18:06:41","date_gmt":"2022-11-25T16:06:41","guid":{"rendered":"https:\/\/www.storycraft.ro\/shop\/?post_type=product&#038;p=11376"},"modified":"2026-05-06T11:05:10","modified_gmt":"2026-05-06T08:05:10","slug":"liceul-13-sapte-porti-oferta","status":"publish","type":"product","link":"https:\/\/www.storycraft.ro\/shop\/liceul-13-sapte-porti-oferta\/","title":{"rendered":"Liceul 13 + Sapte porti (oferta)"},"content":{"rendered":"<p>_______<\/p>\n<h3><strong>Cartea \u201e\u0218apte Por\u021bi\u201d:<\/strong><\/h3>\n<ul>\n<li>\n<div><b>Cod ISBN:<\/b>\u00a0978-606-9505-70-0<\/div>\n<\/li>\n<li>\n<div><b>Genul:<\/b>\u00a0Fantasy, Dark Fiction<\/div>\n<\/li>\n<li>\n<div><b>Editura:<\/b>\u00a0StoryCraft Publishing<\/div>\n<\/li>\n<li>\n<div><b>Coperta:<\/b>\u00a0bro\u0219at\u0103<\/div>\n<\/li>\n<li>\n<div><strong>Format:<\/strong>\u00a020 * 13 cm<\/div>\n<\/li>\n<li>\n<div><strong>Nr. pagini la interior:<\/strong>\u00a0256<\/div>\n<\/li>\n<\/ul>\n<p>Jayden Wiker, un t\u00e2n\u0103r student de 22 de ani, b\u0103iat de bani gata dintr-o familie disfunc\u021bional\u0103, considerat de profesorii s\u0103i unul dintre cei mai de\u0219tep\u021bi elevi din district, ajunge obsedat de ideea de a deveni supraom.<\/p>\n<p>Adus la disperare de inutilitatea \u00eencerc\u0103rilor lui, intr\u0103 \u00een contact cu un individ misterios, pe nume Randall Blackwell, care \u00eei ofer\u0103 o unealt\u0103 cu care poate conjura demoni.<\/p>\n<p>***<\/p>\n<p>La jum\u0103tate de metru distan\u021b\u0103 de raftul cu c\u0103r\u021bi am putut deja s\u0103 disting scrisul de pe cotorul c\u0103r\u021bii: \u0218apte Por\u021bi. Ca hipnotizat am sim\u021bit nevoia s\u0103 \u00eentind m\u00e2na c\u0103tre carte.<\/p>\n<p>\u201cN-o atinge, prostule!\u201d, a strigat Randall, de parc\u0103 un copil avea de g\u00e2nd s\u0103 \u00ee\u0219i introduc\u0103 m\u00e2na \u00een foc. \u201cR\u0103m\u00e2i acolo \u0219i ascult\u0103-m\u0103! Din momentul \u00een care vei atinge acea carte nu va mai exista cale de \u00eentoarcere. Vei p\u0103\u0219i pe un drum \u00een care spiritul t\u0103u va fi supus la grele \u00eencerc\u0103ri. Vei descoperi o lume care va dep\u0103\u0219i imagina\u021bia min\u021bii, o lume \u00een care vei vedea cum se organizeaz\u0103 c\u0103peteniile \u00eentunericului \u0219i armatele de \u00eengeri. Vei fi prins \u00een acest r\u0103zboi \u0219i, \u00een cazul \u00een care te vei dovedi un r\u0103zboinic abil pe c\u00e2mpul de lupt\u0103 al lumilor paralele, vei avea controlul asupra unor for\u021be de care majoritatea oamenilor sunt speria\u021bi p\u00e2n\u0103 \u00een m\u0103duva oaselor. Ai auzit clar ce am spus?\u201d<\/p>\n<p>\u201cDa\u2026\u201d, am zis eu cu un nod \u00een g\u00e2t.<\/p>\n<p>_______<\/p>\n<h3><strong>Cartea \u201eLiceul 13\u201d:<\/strong><\/h3>\n<ul>\n<li><strong>Genul:<\/strong>\u00a0Horror, Paranormal<\/li>\n<li><strong>Editura:<\/strong>\u00a0StoryCraft Publishing<\/li>\n<li><strong>Cod ISBN:<\/strong>\u00a0978-606-95057-6-2<\/li>\n<li><strong>Format:<\/strong>\u00a019 * 12 cm<\/li>\n<li><strong>Coperta:<\/strong>\u00a0bro\u0219at\u0103<\/li>\n<li><strong>Nr. pagini la interior:<\/strong>\u00a0324<\/li>\n<\/ul>\n<p>Sinopsis: \u00centr-o noapte de iarn\u0103, Maria Stanciu, elev\u0103 \u00een clasa a XII-a A a Colegiului Na\u021bional \u201cScarlat Demetrescu\u201d, se sinucide arunc\u00e2ndu-se \u00een fa\u021ba unui tren.<\/p>\n<p>Vlad Dinu, colegul de clasa al Mariei, ajunge \u00een posesia jurnalului fetei \u0219i dezvolt\u0103 o curiozitate puternic\u0103 fa\u021b\u0103 de motivul din spatele gestului ei. \u00cen cur\u00e2nd, \u00eens\u0103, un lan\u021b de mor\u021bi \u00eenfior\u0103toare, aparent accidentale, \u00eei vizeaz\u0103, unul c\u00e2te unul, pe fo\u0219tii ei colegi.<\/p>\n<p>Vlad ajunge s\u0103 fie prins \u00eentr-un joc periculos, \u00een care trebuie s\u0103 afle cine este criminalul, \u00eenainte ca acesta s\u0103 ajung\u0103 la el \u0219i la restul colegilor lui. \u00cens\u0103 \u0219ocul absolut \u00eel are \u00een momentul \u00een care observ\u0103 c\u0103 toate indiciile duc spre\u2026 Maria Stanciu.<\/p>\n","protected":false},"excerpt":{"rendered":"<p>Pachetul contine:<\/p>\n<ol>\n<li>Cartea \u201e\u0218apte Por\u021bi\u201d<\/li>\n<li>Cartea \u201eLiceul 13\u201d<\/li>\n<\/ol>\n","protected":false},"featured_media":11378,"template":"","meta":{"_acf_changed":false},"product_brand":[],"product_cat":[261],"product_tag":[311],"class_list":{"0":"post-11376","1":"product","2":"type-product","3":"status-publish","4":"has-post-thumbnail","6":"product_cat-pachete","7":"product_tag-pachete","8":"pa_autori-radu-octavian","10":"first","11":"instock","12":"sale","13":"taxable","14":"shipping-taxable","15":"purchasable","16":"product-type-simple"},"acf":[],"aioseo_notices":[],"_links":{"self":[{"href":"https:\/\/www.storycraft.ro\/shop\/wp-json\/wp\/v2\/product\/11376","targetHints":{"allow":["GET"]}}],"collection":[{"href":"https:\/\/www.storycraft.ro\/shop\/wp-json\/wp\/v2\/product"}],"about":[{"href":"https:\/\/www.storycraft.ro\/shop\/wp-json\/wp\/v2\/types\/product"}],"wp:featuredmedia":[{"embeddable":true,"href":"https:\/\/www.storycraft.ro\/shop\/wp-json\/wp\/v2\/media\/11378"}],"wp:attachment":[{"href":"https:\/\/www.storycraft.ro\/shop\/wp-json\/wp\/v2\/media?parent=11376"}],"wp:term":[{"taxonomy":"product_brand","embeddable":true,"href":"https:\/\/www.storycraft.ro\/shop\/wp-json\/wp\/v2\/product_brand?post=11376"},{"taxonomy":"product_cat","embeddable":true,"href":"https:\/\/www.storycraft.ro\/shop\/wp-json\/wp\/v2\/product_cat?post=11376"},{"taxonomy":"product_tag","embeddable":true,"href":"https:\/\/www.storycraft.ro\/shop\/wp-json\/wp\/v2\/product_tag?post=11376"}],"curies":[{"name":"wp","href":"https:\/\/api.w.org\/{rel}","templated":true}]}}