{"id":11662,"date":"2022-12-27T15:58:40","date_gmt":"2022-12-27T13:58:40","guid":{"rendered":"https:\/\/www.storycraft.ro\/shop\/?post_type=product&#038;p=11662"},"modified":"2026-01-19T09:44:11","modified_gmt":"2026-01-19T07:44:11","slug":"asasinul-siberian-pretul-sangelui-bastardul","status":"publish","type":"product","link":"https:\/\/www.storycraft.ro\/shop\/asasinul-siberian-pretul-sangelui-bastardul\/","title":{"rendered":"Asasinul Siberian + Pre\u021bul S\u00e2ngelui + Bastardul"},"content":{"rendered":"<p><span style=\"color: #333333;\">Pachetul <strong>\u201cAsasinul Siberian + Pre\u021bul S\u00e2ngelui + Bastardul\u201d<\/strong> con\u021bine:<\/span><\/p>\n<ol>\n<li>Cartea \u201cAsasinul Siberian\u201d de C\u0103t\u0103lin Ioni\u021b\u0103<\/li>\n<li>Cartea \u201cPre\u021bul S\u00e2ngelui\u201d de C\u0103t\u0103lin Ioni\u021b\u0103<\/li>\n<li>Cartea \u201cBastardul\u201d de Daniel Z\u0103rnescu<\/li>\n<\/ol>\n<hr \/>\n<p><span style=\"color: #333333;\"><strong>&#8220;Asasinul siberian&#8221;<\/strong> de C\u0103t\u0103lin Ioni\u021b\u0103<br \/>\n<\/span><\/p>\n<ul>\n<li><strong>Genul:<\/strong> Poli\u021bist<\/li>\n<li><strong>Editura:<\/strong>\u00a0StoryCraft Publishing<\/li>\n<li><strong>Cod ISBN:<\/strong> 978-606-95057-8-6<\/li>\n<li><strong>Format:<\/strong> 19,5 * 12,5 cm<\/li>\n<li><strong>Coperta:<\/strong>\u00a0bro\u0219at\u0103<\/li>\n<li><strong>Nr. pagini la interior:<\/strong> 320<\/li>\n<\/ul>\n<div class=\"woocommerce-product-details__short-description\">\n<div class=\"et_pb_module et_pb_text et_pb_text_22 et_pb_text_align_left et_pb_bg_layout_light\">\n<div class=\"et_pb_text_inner\">\n<div class=\"et_pb_column et_pb_column_1_2 et_pb_column_28 et_pb_css_mix_blend_mode_passthrough\">\n<div class=\"et_pb_module et_pb_text et_pb_text_56 et_pb_text_align_left et_pb_bg_layout_light\">\n<div class=\"et_pb_text_inner\">\n<div class=\"et_pb_text_inner\">\n<p><span style=\"color: #808080;\">Jack Wyler, un detectiv particular din ora\u0219ul Jacksonville a fost martor c\u00e2nd so\u021bia sa a fost \u00eempu\u0219cat\u0103 de un asasin periculos \u0219i de atunci a decis c\u0103 se va r\u0103zbuna.<\/span><\/p>\n<\/div>\n<\/div>\n<\/div>\n<div class=\"et_pb_module et_pb_text et_pb_text_58 et_pb_text_align_left et_pb_bg_layout_light\">\n<div class=\"et_pb_text_inner\">\n<p><span style=\"color: #808080;\">C\u00e2nd destinul \u00eei aduce din nou \u00een acela\u0219i loc, lupta devine inevitabil\u0103. Un aliat nea\u0219teptat \u0219i un prieten vechi sunt singurii care il pot ajuta.<\/span><\/p>\n<p><span style=\"color: #808080;\">Va fi oare suficient pentru a izb\u00e2ndi \u00een confruntarea cu cel al c\u0103rui renume umple de groaz\u0103 chiar \u0219i propria breasl\u0103? Va reu\u0219i Jack s\u0103 fac\u0103 alegerile corecte, care s\u0103-i aduc\u0103 lini\u0219tea sau va triumfa din nou r\u0103ul?<\/span><\/p>\n<\/div>\n<\/div>\n<\/div>\n<\/div>\n<\/div>\n<\/div>\n<hr \/>\n<p><span style=\"color: #333333;\"><strong>&#8220;Pre\u021bul S\u00e2ngelui&#8221; <\/strong>de C\u0103t\u0103lin Ioni\u021b\u0103<br \/>\n<\/span><\/p>\n<ul>\n<li><b>Genul:<\/b> Poli\u021bist<\/li>\n<li><b>Editura:<\/b> StoryCraft Publishing<\/li>\n<li><b>Cod ISBN:<\/b> 978-606-9505-73-1<\/li>\n<li><strong>Format:<\/strong> 20 * 13 cm<\/li>\n<li><b>Coperta:<\/b>\u00a0bro\u0219at\u0103<\/li>\n<li><strong>Nr. pagini la interior:<\/strong> 304<\/li>\n<\/ul>\n<p><span style=\"color: #808080;\">Jack Wyler este un detectiv particular c\u0103zut \u00een patima b\u0103uturii, care nu a mai luat un caz de peste \u0219ase luni. C\u00e2nd afl\u0103 c\u0103 feti\u021ba lui nu mai are de tr\u0103it dec\u00e2t c\u00e2teva s\u0103pt\u0103m\u00e2ni f\u0103r\u0103 o opera\u021bie costisitoare, totul devine o curs\u0103 contra cronometru pentru a rezolva un caz de crim\u0103 care s\u0103-i aduc\u0103 banii pentru plata opera\u021biei.<\/span><\/p>\n<hr \/>\n<p><span style=\"color: #333333;\"><strong>&#8220;Bastardul\u201d <\/strong>de Daniel Z\u0103rnescu<br \/>\n<\/span><\/p>\n<ul>\n<li><b>Genul:<\/b> Fic\u021biune istoric\u0103<\/li>\n<li><b>Editura:<\/b> Stepout Publishing House<\/li>\n<li><b>Cod ISBN:<\/b> 978-606-8655-63-5<\/li>\n<li><strong>Format:<\/strong> 20 * 13 cm<\/li>\n<li><b>Coperta:<\/b> bro\u0219at\u0103<\/li>\n<li><strong>Nr. pagini la interior:<\/strong> 304<\/li>\n<\/ul>\n<div class=\"woocommerce-product-details__short-description\"><span style=\"color: #808080;\">Suntem pe teritoriul Celor Trei Dacii, tres Daciae, in anul 270 d.Hr. Imparatul Aurelian, proaspat numit pe tron, decide sa ii urmareasca pe tervingi si pe infamul lor lider, Cannabaudes, dincolo de Dunare.\u2028Scopul este sa ii goneasca o data pentru totdeauna din propriul teritoriu, ca sa se poata concentra pe lucrurile cu adevarat importante.\u2028Imperiul este pe marginea prapastiei. La nord: Britannia, Gallia si Hispania s-au desprins de Roma si au format Imperiul Galic. La est: Siria, Palestina si Egipt au format si ele Imperiul de la Palmira.\u2028Trei imperii, trei imparati. Ce se intampla in Dacia va duce la renasterea Romei sau la disparitia ei.<\/span><\/div>\n<p><span style=\"color: #808080;\">\u00a0<\/span><\/p>\n","protected":false},"excerpt":{"rendered":"<div class=\"woocommerce-product-details__short-description\">\n<p>Pachetul <strong>\u201cAsasinul Siberian + Pre\u021bul S\u00e2ngelui + Bastardul\u201d<\/strong> con\u021bine:<\/p>\n<ol>\n<li>Cartea \u201cAsasinul Siberian\u201d de C\u0103t\u0103lin Ioni\u021b\u0103<\/li>\n<li>Cartea \u201cPre\u021bul S\u00e2ngelui\u201d de C\u0103t\u0103lin Ioni\u021b\u0103<\/li>\n<li>Cartea \u201cBastardul\u201d de Daniel Z\u0103rnescu<\/li>\n<\/ol>\n<\/div>\n","protected":false},"featured_media":11663,"template":"","meta":{"_acf_changed":false},"product_brand":[],"product_cat":[261],"product_tag":[311],"class_list":{"0":"post-11662","1":"product","2":"type-product","3":"status-publish","4":"has-post-thumbnail","6":"product_cat-pachete","7":"product_tag-pachete","8":"pa_autori-catalin-ionita","9":"pa_autori-daniel-zarnescu","11":"first","12":"instock","13":"sale","14":"taxable","15":"shipping-taxable","16":"purchasable","17":"product-type-simple"},"acf":[],"aioseo_notices":[],"_links":{"self":[{"href":"https:\/\/www.storycraft.ro\/shop\/wp-json\/wp\/v2\/product\/11662","targetHints":{"allow":["GET"]}}],"collection":[{"href":"https:\/\/www.storycraft.ro\/shop\/wp-json\/wp\/v2\/product"}],"about":[{"href":"https:\/\/www.storycraft.ro\/shop\/wp-json\/wp\/v2\/types\/product"}],"wp:featuredmedia":[{"embeddable":true,"href":"https:\/\/www.storycraft.ro\/shop\/wp-json\/wp\/v2\/media\/11663"}],"wp:attachment":[{"href":"https:\/\/www.storycraft.ro\/shop\/wp-json\/wp\/v2\/media?parent=11662"}],"wp:term":[{"taxonomy":"product_brand","embeddable":true,"href":"https:\/\/www.storycraft.ro\/shop\/wp-json\/wp\/v2\/product_brand?post=11662"},{"taxonomy":"product_cat","embeddable":true,"href":"https:\/\/www.storycraft.ro\/shop\/wp-json\/wp\/v2\/product_cat?post=11662"},{"taxonomy":"product_tag","embeddable":true,"href":"https:\/\/www.storycraft.ro\/shop\/wp-json\/wp\/v2\/product_tag?post=11662"}],"curies":[{"name":"wp","href":"https:\/\/api.w.org\/{rel}","templated":true}]}}