{"id":11665,"date":"2022-12-27T16:11:09","date_gmt":"2022-12-27T14:11:09","guid":{"rendered":"https:\/\/www.storycraft.ro\/shop\/?post_type=product&#038;p=11665"},"modified":"2026-04-01T10:49:23","modified_gmt":"2026-04-01T07:49:23","slug":"asasinul-siberian-pretul-sangelui-liceul13","status":"publish","type":"product","link":"https:\/\/www.storycraft.ro\/shop\/asasinul-siberian-pretul-sangelui-liceul13\/","title":{"rendered":"Asasinul Siberian + Pre\u021bul S\u00e2ngelui + Liceul 13"},"content":{"rendered":"<p><span style=\"color: #333333;\">Pachetul <strong>\u201cAsasinul Siberian + Pre\u021bul S\u00e2ngelui + Liceul 13\u201d<\/strong> con\u021bine:<\/span><\/p>\n<ol>\n<li>Cartea \u201cAsasinul Siberian\u201d de C\u0103t\u0103lin Ioni\u021b\u0103<\/li>\n<li>Cartea \u201cPre\u021bul S\u00e2ngelui\u201d de C\u0103t\u0103lin Ioni\u021b\u0103<\/li>\n<li>Cartea \u201cLiceul 13\u201d de Radu Octavian<\/li>\n<\/ol>\n<hr \/>\n<p><span style=\"color: #333333;\"><strong>&#8220;Asasinul siberian&#8221;<\/strong> de C\u0103t\u0103lin Ioni\u021b\u0103<br \/>\n<\/span><\/p>\n<ul>\n<li><strong>Genul:<\/strong> Poli\u021bist<\/li>\n<li><strong>Editura:<\/strong>\u00a0StoryCraft Publishing<\/li>\n<li><strong>Cod ISBN:<\/strong> 978-606-95057-8-6<\/li>\n<li><strong>Format:<\/strong> 19,5 * 12,5 cm<\/li>\n<li><strong>Coperta:<\/strong>\u00a0bro\u0219at\u0103<\/li>\n<li><strong>Nr. pagini la interior:<\/strong> 320<\/li>\n<\/ul>\n<div class=\"woocommerce-product-details__short-description\">\n<div class=\"et_pb_module et_pb_text et_pb_text_22 et_pb_text_align_left et_pb_bg_layout_light\">\n<div class=\"et_pb_text_inner\">\n<div class=\"et_pb_column et_pb_column_1_2 et_pb_column_28 et_pb_css_mix_blend_mode_passthrough\">\n<div class=\"et_pb_module et_pb_text et_pb_text_56 et_pb_text_align_left et_pb_bg_layout_light\">\n<div class=\"et_pb_text_inner\">\n<div class=\"et_pb_text_inner\">\n<p><span style=\"color: #808080;\">Jack Wyler, un detectiv particular din ora\u0219ul Jacksonville a fost martor c\u00e2nd so\u021bia sa a fost \u00eempu\u0219cat\u0103 de un asasin periculos \u0219i de atunci a decis c\u0103 se va r\u0103zbuna.<\/span><\/p>\n<\/div>\n<\/div>\n<\/div>\n<div class=\"et_pb_module et_pb_text et_pb_text_58 et_pb_text_align_left et_pb_bg_layout_light\">\n<div class=\"et_pb_text_inner\">\n<p><span style=\"color: #808080;\">C\u00e2nd destinul \u00eei aduce din nou \u00een acela\u0219i loc, lupta devine inevitabil\u0103. Un aliat nea\u0219teptat \u0219i un prieten vechi sunt singurii care il pot ajuta.<\/span><\/p>\n<p><span style=\"color: #808080;\">Va fi oare suficient pentru a izb\u00e2ndi \u00een confruntarea cu cel al c\u0103rui renume umple de groaz\u0103 chiar \u0219i propria breasl\u0103? Va reu\u0219i Jack s\u0103 fac\u0103 alegerile corecte, care s\u0103-i aduc\u0103 lini\u0219tea sau va triumfa din nou r\u0103ul?<\/span><\/p>\n<\/div>\n<\/div>\n<\/div>\n<\/div>\n<\/div>\n<\/div>\n<hr \/>\n<p><span style=\"color: #333333;\"><strong>&#8220;Pre\u021bul S\u00e2ngelui&#8221; <\/strong>de C\u0103t\u0103lin Ioni\u021b\u0103<br \/>\n<\/span><\/p>\n<ul>\n<li><b>Genul:<\/b> Poli\u021bist<\/li>\n<li><b>Editura:<\/b> StoryCraft Publishing<\/li>\n<li><b>Cod ISBN:<\/b> 978-606-9505-73-1<\/li>\n<li><strong>Format:<\/strong> 20 * 13 cm<\/li>\n<li><b>Coperta:<\/b>\u00a0bro\u0219at\u0103<\/li>\n<li><strong>Nr. pagini la interior:<\/strong> 304<\/li>\n<\/ul>\n<p><span style=\"color: #808080;\">Jack Wyler este un detectiv particular c\u0103zut \u00een patima b\u0103uturii, care nu a mai luat un caz de peste \u0219ase luni. C\u00e2nd afl\u0103 c\u0103 feti\u021ba lui nu mai are de tr\u0103it dec\u00e2t c\u00e2teva s\u0103pt\u0103m\u00e2ni f\u0103r\u0103 o opera\u021bie costisitoare, totul devine o curs\u0103 contra cronometru pentru a rezolva un caz de crim\u0103 care s\u0103-i aduc\u0103 banii pentru plata opera\u021biei.<\/span><\/p>\n<hr \/>\n<p><span style=\"color: #333333;\"><strong>&#8220;Liceul 13\u201d <\/strong>de Radu Octavian<\/span><\/p>\n<ul>\n<li><strong>Genul:<\/strong> Horror, Paranormal<\/li>\n<li><strong>Editura:<\/strong>\u00a0StoryCraft Publishing<\/li>\n<li><strong>Cod ISBN:<\/strong> 978-606-95057-6-2<\/li>\n<li><strong>Format:<\/strong> 19 * 12 cm<\/li>\n<li><strong>Coperta:<\/strong>\u00a0bro\u0219at\u0103<\/li>\n<li><strong>Nr. pagini la interior:<\/strong> 324<\/li>\n<\/ul>\n<p>&nbsp;<\/p>\n<div class=\"woocommerce-product-details__short-description\"><span style=\"color: #808080;\">\u00centr-o noapte de iarn\u0103, Maria Stanciu, elev\u0103 \u00een clasa a XII-a A a Colegiului Na\u021bional \u201cScarlat Demetrescu\u201d, se sinucide arunc\u00e2ndu-se \u00een fa\u021ba unui tren.\u2028Vlad Dinu, colegul de clasa al Mariei, ajunge \u00een posesia jurnalului fetei \u0219i dezvolt\u0103 o curiozitate puternic\u0103 fa\u021b\u0103 de motivul din spatele gestului ei. \u00cen cur\u00e2nd, \u00eens\u0103, un lan\u021b de mor\u021bi \u00eenfior\u0103toare, aparent accidentale, \u00eei vizeaz\u0103, unul c\u00e2te unul, pe fo\u0219tii ei colegi.\u2028Vlad ajunge s\u0103 fie prins \u00eentr-un joc periculos, \u00een care trebuie s\u0103 afle cine este criminalul, \u00eenainte ca acesta s\u0103 ajung\u0103 la el \u0219i la restul colegilor lui. \u00cens\u0103 \u0219ocul absolut \u00eel are \u00een momentul \u00een care observ\u0103 c\u0103 toate indiciile duc spre\u2026 Maria Stanciu.<\/span><\/div>\n<p><span style=\"color: #808080;\">\u00a0<\/span><\/p>\n","protected":false},"excerpt":{"rendered":"<div class=\"woocommerce-product-details__short-description\">\n<p>Pachetul <strong>\u201cAsasinul Siberian + Pre\u021bul S\u00e2ngelui + Bastardul\u201d<\/strong> con\u021bine:<\/p>\n<ol>\n<li>Cartea \u201cAsasinul Siberian\u201d de C\u0103t\u0103lin Ioni\u021b\u0103<\/li>\n<li>Cartea \u201cPre\u021bul S\u00e2ngelui\u201d de C\u0103t\u0103lin Ioni\u021b\u0103<\/li>\n<li>Cartea \u201cLiceul 13\u201d de Radu Octavian<\/li>\n<\/ol>\n<\/div>\n","protected":false},"featured_media":11666,"template":"","meta":{"_acf_changed":false},"product_brand":[],"product_cat":[261],"product_tag":[311],"class_list":{"0":"post-11665","1":"product","2":"type-product","3":"status-publish","4":"has-post-thumbnail","6":"product_cat-pachete","7":"product_tag-pachete","8":"pa_autori-catalin-ionita","9":"pa_autori-radu-octavian","11":"first","12":"outofstock","13":"sale","14":"taxable","15":"shipping-taxable","16":"purchasable","17":"product-type-simple"},"acf":[],"aioseo_notices":[],"_links":{"self":[{"href":"https:\/\/www.storycraft.ro\/shop\/wp-json\/wp\/v2\/product\/11665","targetHints":{"allow":["GET"]}}],"collection":[{"href":"https:\/\/www.storycraft.ro\/shop\/wp-json\/wp\/v2\/product"}],"about":[{"href":"https:\/\/www.storycraft.ro\/shop\/wp-json\/wp\/v2\/types\/product"}],"wp:featuredmedia":[{"embeddable":true,"href":"https:\/\/www.storycraft.ro\/shop\/wp-json\/wp\/v2\/media\/11666"}],"wp:attachment":[{"href":"https:\/\/www.storycraft.ro\/shop\/wp-json\/wp\/v2\/media?parent=11665"}],"wp:term":[{"taxonomy":"product_brand","embeddable":true,"href":"https:\/\/www.storycraft.ro\/shop\/wp-json\/wp\/v2\/product_brand?post=11665"},{"taxonomy":"product_cat","embeddable":true,"href":"https:\/\/www.storycraft.ro\/shop\/wp-json\/wp\/v2\/product_cat?post=11665"},{"taxonomy":"product_tag","embeddable":true,"href":"https:\/\/www.storycraft.ro\/shop\/wp-json\/wp\/v2\/product_tag?post=11665"}],"curies":[{"name":"wp","href":"https:\/\/api.w.org\/{rel}","templated":true}]}}