{"id":12393,"date":"2023-02-14T09:17:04","date_gmt":"2023-02-14T07:17:04","guid":{"rendered":"https:\/\/www.storycraft.ro\/shop\/?post_type=product&#038;p=12393"},"modified":"2026-02-13T16:37:16","modified_gmt":"2026-02-13T14:37:16","slug":"jurnalul-generalului","status":"publish","type":"product","link":"https:\/\/www.storycraft.ro\/shop\/jurnalul-generalului\/","title":{"rendered":"Jurnalul Generalului"},"content":{"rendered":"<p><span style=\"color: #000000;\"><strong>Agenda Jurnalul Generalului:<\/strong><\/span><\/p>\n<ul>\n<li><span style=\"color: #000000;\">unul dintre cele mai bune sisteme de organizare personal\u0103 \u0219i descoperire a voca\u021biei existente pe pia\u021b\u0103;<\/span><\/li>\n<li><span style=\"color: #000000;\">este o agend\u0103 care, \u00een primul r\u00e2nd, te pune s\u0103 te define\u0219ti pe tine \u0219i lucrurile pe care le vrei (are un chestionar foarte detaliat la \u00eenceputul agendei, ca s\u0103 po\u021bi, apoi, defini viziunea ta);<\/span><\/li>\n<li><span style=\"color: #000000;\">vei \u00een\u021belege cum s\u0103 atingi echilibrul \u0219i s\u0103 nu la\u0219i la o parte s\u0103n\u0103tatea, familia sau prietenii;<\/span><\/li>\n<li><span style=\"color: #000000;\">te va \u021bine conectat la obiectivele (visurile) tale \u0219i \u00ee\u021bi va aduce aminte constant de ele.<\/span><\/li>\n<\/ul>\n","protected":false},"excerpt":{"rendered":"<ul>\n<li><span style=\"color: #000000;\"><strong>Genul:<\/strong> Horror, Paranormal<\/span><\/li>\n<li><span style=\"color: #000000;\"><strong>Editura:<\/strong>\u00a0StoryCraft Publishing<\/span><\/li>\n<li><span style=\"color: #000000;\"><strong>Cod ISBN:<\/strong> 978-606-95057-6-2<\/span><\/li>\n<li><span style=\"color: #000000;\"><strong>Format:<\/strong> 19,5 * 12,5 cm<\/span><\/li>\n<li><span style=\"color: #000000;\"><strong>Coperta:<\/strong>\u00a0bro\u0219at\u0103<\/span><\/li>\n<li><span style=\"color: #000000;\"><strong>Nr. pagini la interior:<\/strong> 324<\/span><\/li>\n<\/ul>\n<p>&nbsp;<\/p>\n<p>&nbsp;<\/p>\n","protected":false},"featured_media":12397,"template":"","meta":{"_acf_changed":false},"product_brand":[],"product_cat":[283,320],"product_tag":[312],"class_list":{"0":"post-12393","1":"product","2":"type-product","3":"status-publish","4":"has-post-thumbnail","6":"product_cat-carti-dezvoltare-personala","7":"product_cat-mindmap","8":"product_tag-produse-individuale","9":"pa_autori-daniel-zarnescu","11":"first","12":"instock","13":"sale","14":"taxable","15":"shipping-taxable","16":"purchasable","17":"product-type-simple"},"acf":[],"aioseo_notices":[],"_links":{"self":[{"href":"https:\/\/www.storycraft.ro\/shop\/wp-json\/wp\/v2\/product\/12393","targetHints":{"allow":["GET"]}}],"collection":[{"href":"https:\/\/www.storycraft.ro\/shop\/wp-json\/wp\/v2\/product"}],"about":[{"href":"https:\/\/www.storycraft.ro\/shop\/wp-json\/wp\/v2\/types\/product"}],"wp:featuredmedia":[{"embeddable":true,"href":"https:\/\/www.storycraft.ro\/shop\/wp-json\/wp\/v2\/media\/12397"}],"wp:attachment":[{"href":"https:\/\/www.storycraft.ro\/shop\/wp-json\/wp\/v2\/media?parent=12393"}],"wp:term":[{"taxonomy":"product_brand","embeddable":true,"href":"https:\/\/www.storycraft.ro\/shop\/wp-json\/wp\/v2\/product_brand?post=12393"},{"taxonomy":"product_cat","embeddable":true,"href":"https:\/\/www.storycraft.ro\/shop\/wp-json\/wp\/v2\/product_cat?post=12393"},{"taxonomy":"product_tag","embeddable":true,"href":"https:\/\/www.storycraft.ro\/shop\/wp-json\/wp\/v2\/product_tag?post=12393"}],"curies":[{"name":"wp","href":"https:\/\/api.w.org\/{rel}","templated":true}]}}