{"id":12936,"date":"2023-03-29T12:01:33","date_gmt":"2023-03-29T09:01:33","guid":{"rendered":"https:\/\/www.storycraft.ro\/shop\/?post_type=product&#038;p=12936"},"modified":"2026-04-08T10:39:06","modified_gmt":"2026-04-08T07:39:06","slug":"baietelul-care-nu-a-primit-cadou","status":"publish","type":"product","link":"https:\/\/www.storycraft.ro\/shop\/baietelul-care-nu-a-primit-cadou\/","title":{"rendered":"B\u0103ie\u021belul care nu a primit cadou"},"content":{"rendered":"<p><span style=\"color: #000000;\"><strong>Se spune c\u0103 atunci c\u00e2nd e\u0219ti copil, totul se simte mai puternic<\/strong>. Uneori at\u00e2t de puternic, \u00eenc\u00e2t amintirea poate r\u0103m\u00e2ne al\u0103turi de tine toat\u0103 via\u021ba. <\/span><span style=\"color: #000000;\">Acest lucru s-a \u00eent\u00e2mplat \u0219i cu Rare\u0219 Modoranu, un b\u0103rbat de 57 de ani, care \u00eenc\u0103 mai poart\u0103 asupra lui urmele unui moment dureros din copil\u0103rie. <\/span><span style=\"color: #000000;\">Va reu\u0219i Rare\u0219 s\u0103 lase trecutul \u00een urm\u0103 \u0219i s\u0103 descopere, \u00een sf\u00e2r\u0219it, care sunt lucrurile care conteaz\u0103 cu adev\u0103rat \u00een via\u021b\u0103?<\/span><\/p>\n","protected":false},"excerpt":{"rendered":"<p>B\u0103ie\u021belul care nu a primit cadou<\/p>\n<ul>\n<li><span style=\"color: #000000;\"><strong>Genul:<\/strong> Fic\u021biune realist\u0103<\/span><\/li>\n<li><span style=\"color: #000000;\"><strong>Editura:<\/strong>\u00a0StoryCraft Publishing<\/span><\/li>\n<li><span style=\"color: #000000;\"><strong>Cod ISBN:<\/strong> <small>978-606-95651-0-0<\/small><\/span><\/li>\n<li><span style=\"color: #000000;\"><strong>Format:<\/strong>\u00a019,5 * 12,5 cm<\/span><\/li>\n<li><span style=\"color: #000000;\"><strong>Coperta:<\/strong>\u00a0bro\u0219at\u0103<\/span><\/li>\n<li><span style=\"color: #000000;\"><strong>Nr. pagini la interior:<\/strong> 378<\/span><\/li>\n<\/ul>\n<p>&nbsp;<\/p>\n","protected":false},"featured_media":27227,"template":"","meta":{"_acf_changed":false},"product_brand":[],"product_cat":[281],"product_tag":[312],"class_list":{"0":"post-12936","1":"product","2":"type-product","3":"status-publish","4":"has-post-thumbnail","6":"product_cat-contemporan","7":"product_tag-produse-individuale","8":"pa_autori-alexandra-bulac","10":"first","11":"instock","12":"sale","13":"taxable","14":"shipping-taxable","15":"purchasable","16":"product-type-simple"},"acf":[],"aioseo_notices":[],"_links":{"self":[{"href":"https:\/\/www.storycraft.ro\/shop\/wp-json\/wp\/v2\/product\/12936","targetHints":{"allow":["GET"]}}],"collection":[{"href":"https:\/\/www.storycraft.ro\/shop\/wp-json\/wp\/v2\/product"}],"about":[{"href":"https:\/\/www.storycraft.ro\/shop\/wp-json\/wp\/v2\/types\/product"}],"wp:featuredmedia":[{"embeddable":true,"href":"https:\/\/www.storycraft.ro\/shop\/wp-json\/wp\/v2\/media\/27227"}],"wp:attachment":[{"href":"https:\/\/www.storycraft.ro\/shop\/wp-json\/wp\/v2\/media?parent=12936"}],"wp:term":[{"taxonomy":"product_brand","embeddable":true,"href":"https:\/\/www.storycraft.ro\/shop\/wp-json\/wp\/v2\/product_brand?post=12936"},{"taxonomy":"product_cat","embeddable":true,"href":"https:\/\/www.storycraft.ro\/shop\/wp-json\/wp\/v2\/product_cat?post=12936"},{"taxonomy":"product_tag","embeddable":true,"href":"https:\/\/www.storycraft.ro\/shop\/wp-json\/wp\/v2\/product_tag?post=12936"}],"curies":[{"name":"wp","href":"https:\/\/api.w.org\/{rel}","templated":true}]}}