{"id":13284,"date":"2023-04-12T11:33:05","date_gmt":"2023-04-12T08:33:05","guid":{"rendered":"https:\/\/www.storycraft.ro\/shop\/?post_type=product&#038;p=13284"},"modified":"2026-04-17T16:00:01","modified_gmt":"2026-04-17T13:00:01","slug":"tati-nu-pleca-atingeri-de-vanilie-compozitie-pentru-lorena-inutilii","status":"publish","type":"product","link":"https:\/\/www.storycraft.ro\/shop\/tati-nu-pleca-atingeri-de-vanilie-compozitie-pentru-lorena-inutilii\/","title":{"rendered":"Tati, nu pleca! + Atingeri de Vanilie + Compozi\u021bie pentru Lorena + Inutilii"},"content":{"rendered":"<p><span style=\"color: #000000;\">Pachetul <strong>\u201cTati, nu pleca! + Atingeri de Vanilie + Compozi\u021bie pentru Lorena + Inutilii\u201d<\/strong> con\u021bine:<\/span><\/p>\n<ol>\n<li><span style=\"color: #000000;\">Cartea \u201cTati, nu pleca!\u201d de Radu Chivulescu<\/span><\/li>\n<li><span style=\"color: #000000;\">Cartea \u201cAtingeri de Vanilie\u201d de Daniela Dumitru<\/span><\/li>\n<li><span style=\"color: #000000;\">Cartea \u201cCompozi\u021bie pentru Lorena\u201d de O\u2019Neil Herego<\/span><\/li>\n<li><span style=\"color: #000000;\">Cartea \u201cInutilii\u201d de Cornelia Voiculescu<\/span><\/li>\n<\/ol>\n<hr \/>\n<div class=\"woocommerce-product-details__short-description\">\n<div class=\"et_pb_module et_pb_text et_pb_text_22 et_pb_text_align_left et_pb_bg_layout_light\">\n<div class=\"et_pb_text_inner\">\n<div class=\"et_pb_column et_pb_column_1_2 et_pb_column_28 et_pb_css_mix_blend_mode_passthrough\">\n<p><span style=\"color: #000000;\"><strong>\u201cTati, nu pleca!\u201d <\/strong>de Radu Chivulescu<strong><br \/>\n<\/strong><\/span><\/p>\n<ul>\n<li><span style=\"color: #000000;\"><strong>Genul:<\/strong> Fic\u021biune realist\u0103<\/span><\/li>\n<li><span style=\"color: #000000;\"><strong>Editura:<\/strong> StoryCraft Publishing<\/span><\/li>\n<li><span style=\"color: #000000;\"><strong>Cod ISBN:<\/strong>\u00a0978-606-95057-9-3<\/span><\/li>\n<li><span style=\"color: #000000;\"><strong>Format:<\/strong> 19,5 * 12,5 cm<\/span><\/li>\n<li><span style=\"color: #000000;\"><strong>Coperta:<\/strong> bro\u0219at\u0103<\/span><\/li>\n<li><span style=\"color: #000000;\"><strong>Nr. pagini la interior:<\/strong> 322<\/span><\/li>\n<\/ul>\n<div class=\"woocommerce-product-details__short-description\">\n<div class=\"woocommerce-product-details__short-description\">\n<p><span style=\"color: #000000;\">David este un ba\u0306iat curios. La cei 7 ani ai sa\u0306i, activita\u0306t\u0326ile lui preferate sunt jucatul cu prietenii s\u0326i ascultatul pe la us\u0326i. Nu e vina lui ca\u0306 adult\u0326ii sunt mult mai interesant\u0326i atunci ca\u0302nd sunt singuri.<\/span><\/p>\n<p><span style=\"color: #000000;\">I\u0302nsa\u0306 act\u0326iunile lui au consecint\u0326e mai grave atunci ca\u0302nd, fa\u0306ra\u0306 sa\u0306 i\u0302nt\u0326eleaga\u0306 ce s-a i\u0302nta\u0302mplat, i\u0302i deseneaza\u0306 pe tata\u0306l s\u0326i pe bona sa, fa\u0306ca\u0302nd sex i\u0302n buca\u0306ta\u0306rie, as\u0326a cum i-a va\u0306zut el pe gaura cheii. Din acel moment ca\u0306snicia pa\u0306rint\u0326ilor lui s\u0326i viat\u0326a lui David se schimba\u0306 radical iar David nu mai are deca\u0302t o singura\u0306 opt\u0326iune: sa\u0306 faca\u0306 orice ca sa\u0306-i aduca\u0306 pe mami s\u0326i pe tati i\u0302napoi i\u0302mpreuna\u0306.<\/span><\/p>\n<\/div>\n<\/div>\n<\/div>\n<\/div>\n<\/div>\n<\/div>\n<hr \/>\n<p><span style=\"color: #000000;\"><strong>\u201cAtingeri de Vanilie\u201d <\/strong>de Daniela Dumitru<strong><br \/>\n<\/strong><\/span><\/p>\n<ul>\n<li><span style=\"color: #000000;\"><strong>Genul:<\/strong> Romance, Erotic<\/span><\/li>\n<li><span style=\"color: #000000;\"><strong>Editura:<\/strong> StoryCraft Publishing<\/span><\/li>\n<li><span style=\"color: #000000;\"><strong>Cod ISBN:<\/strong> 978-606-95057-5-5<\/span><\/li>\n<li><span style=\"color: #000000;\"><strong>Format:<\/strong> 20 * 13 cm<\/span><\/li>\n<li><span style=\"color: #000000;\"><strong>Coperta:<\/strong> bro\u0219at\u0103<\/span><\/li>\n<li><span style=\"color: #000000;\"><strong>Nr. pagini la interior:<\/strong> 432<\/span><\/li>\n<\/ul>\n<p><span style=\"color: #000000;\">Chinuit\u0103 de un trecut traumatizant \u0219i o rela\u021bie toxic\u0103 cu mama ei, rebela \u0219i ireverentioasa Ela \u0219i-a g\u0103sit lini\u0219tea \u0219i stabilitatea \u00eentr-un job \u201ec\u0103ldu\u021b\u201d de corporatist\u0103. Noul CEO, Max, stric\u0103 totul c\u00e2nd schimb\u0103 regulile \u0219i o aduce s\u0103 lucreze aproape de el.<\/span><\/p>\n<p><span style=\"color: #000000;\">Pornind de la un joc de atrac\u021bie aparent nevinovat, cei doi se trezesc prin\u0219i \u00eentr-o poveste de iubire visceral\u0103, pasional\u0103 \u0219i epuizant\u0103, \u00een care fiecare reprezint\u0103 pentru cel\u0103lalt eliberarea de propriul trecut \u0219i de traume.<\/span><\/p>\n<p><span style=\"color: #000000;\">Sco\u021b\u00e2nd la iveal\u0103 frica de prejudec\u0103\u021bi \u0219i nevoia dureroas\u0103 de a fi iubi\u021bi,\u00a0<em>Atingeri de vanilie<\/em>, spune povestea a doi \u00eendr\u0103gosti\u021bi care nu au dreptul la fericire \u00eempreun\u0103 \u0219i ne las\u0103 cu o \u00eentrebare: \u201eC\u00e2te bariere poate sparge un simplu sentiment?<\/span><\/p>\n<hr \/>\n<p><span style=\"color: #000000;\"><strong>\u201cCompozi\u021bie pentru Lorena\u201d<\/strong> de O\u2019Neil Herego<\/span><\/p>\n<ul>\n<li><span style=\"color: #000000;\"><strong>Genul:<\/strong> Comedie, Romantic<\/span><\/li>\n<li><span style=\"color: #000000;\"><strong>Editura:<\/strong>\u00a0StoryCraft Publishing<\/span><\/li>\n<li><span style=\"color: #000000;\"><strong>Cod ISBN:<\/strong> <small>978-606-95057-7-9<\/small><\/span><\/li>\n<li><span style=\"color: #000000;\"><strong>Format:<\/strong> 19,5 * 12,5 cm<\/span><\/li>\n<li><span style=\"color: #000000;\"><strong>Coperta:<\/strong>\u00a0bro\u0219at\u0103<\/span><\/li>\n<li><span style=\"color: #000000;\"><strong>Nr. pagini la interior:<\/strong>\u00a0 370<\/span><\/li>\n<\/ul>\n<div class=\"woocommerce-product-details__short-description\">\n<div class=\"et_pb_module et_pb_text et_pb_text_22 et_pb_text_align_left et_pb_bg_layout_light\">\n<div class=\"et_pb_text_inner\">\n<div class=\"et_pb_column et_pb_column_1_2 et_pb_column_28 et_pb_css_mix_blend_mode_passthrough\">\n<p><span style=\"color: #000000;\">Lorena \u0219i-a ales singur\u0103 destinul. Cu o facultate terminat\u0103 \u0219i un masterat luat cu nota 10, credea c\u0103 o a\u0219teapt\u0103 o carier\u0103 \u00eenfloritoare. Afl\u0103 \u00eens\u0103 rapid c\u0103, pentru a ob\u021bine un job potrivit, e necesar s\u0103-\u0219i uzeze mai pu\u021bin creierul, \u0219i mai mult genunchii, \u0219i trage concluzia c\u0103 cea mai bun\u0103 strategie profesional\u0103 este s\u0103 ofere oamenilor ce vor. A\u0219a c\u0103 devine prostituat\u0103 pe centur\u0103, sub patronajul \u0219i protec\u021bia comisarului Jean Chirtoac\u0103.<\/span><\/p>\n<p><span style=\"color: #000000;\">Via\u021ba \u0219i rutina ei zilnic\u0103 se schimb\u0103 c\u00e2nd \u00eel \u00eent\u00e2lne\u0219te pe Relu, un t\u00e2n\u0103r student la conservator, la \u201earma\u201d violoncel. Lungan, timid \u0219i ve\u0219nic ciufulit, Relu pare a fi ie\u0219irea ei c\u0103tre o alt\u0103 lume, departe de mizeria centurii. \u00cens\u0103, speriat de posibilitatea de a o pierde pe frumoasa Lorena, comisarul Chirtoac\u0103 se transform\u0103 rapid din protector \u00een satrap. Ceea ce Lorena credea c\u0103 va fi o trecere fireasc\u0103 la urm\u0103toarea etap\u0103 a vie\u021bii ei se dovede\u0219te a fi o lupt\u0103 cr\u00e2ncen\u0103 pentru libertate.<\/span><\/p>\n<\/div>\n<\/div>\n<\/div>\n<\/div>\n<hr \/>\n<p><span style=\"color: #000000;\"><strong>\u201cInutilii\u201d <\/strong>de Cornelia Voiculescu<strong><br \/>\n<\/strong><\/span><\/p>\n<ul>\n<li><span style=\"color: #000000;\"><strong>Genul:<\/strong> Distopie<\/span><\/li>\n<li><span style=\"color: #000000;\"><strong>Editura:<\/strong> StoryCraft Publishing<\/span><\/li>\n<li><span style=\"color: #000000;\"><strong>Cod ISBN:<\/strong>\u00a0978-606-9505-72-4<\/span><\/li>\n<li><span style=\"color: #000000;\"><strong>Format:<\/strong> 20 * 13 cm<\/span><\/li>\n<li><span style=\"color: #000000;\"><strong>Coperta:<\/strong> bro\u0219at\u0103<\/span><\/li>\n<li><span style=\"color: #000000;\"><strong>Nr. pagini la interior:<\/strong> 320<\/span><\/li>\n<\/ul>\n<div class=\"woocommerce-product-details__short-description\">\n<div class=\"woocommerce-product-details__short-description\">\n<p><span style=\"color: #000000;\">Inutilii, cartea de debut a Corneliei Voiculescu, este o distopie terifiant\u0103, prin implica\u021biile morale pe care le propune. \u00centr-o societate postapocaliptic\u0103 de dup\u0103 Al III-lea R\u0103zboi Mondial, care a distrus mare parte din planet\u0103, resursele sunt extrem de limitate. Din cauza asta, cei considera\u021bi \u201cinutili\u201d (b\u0103tr\u00e2nii de peste 70 de ani, persoanele cu handicap sau cu boli terminale) sunt sacrifica\u021bi de c\u0103tre adolescen\u021bi, \u00eentr-un \u201cRitual de Primenire\u201d prin care ace\u0219tia \u00ee\u0219i ob\u021bin statutul de adul\u021bi.<\/span><\/p>\n<p><span style=\"color: #000000;\">Bjorn Anderson, care abia a \u00eemplinit 16 ani, se afl\u0103 \u00een fa\u021ba celei mai grele \u00eencerc\u0103ri din via\u021ba lui: va trebui s\u0103 \u00ee\u0219i sacrifice bunicul, fa\u021b\u0103 de care are o leg\u0103tur\u0103 emo\u021bional\u0103 puternic\u0103, sub pretextul acestui ritual.<\/span><\/p>\n<\/div>\n<\/div>\n","protected":false},"excerpt":{"rendered":"<div class=\"woocommerce-product-details__short-description\">\n<p>Pachetul <strong>\u201cPentru Elise + Atingeri de Vanilie + Compozi\u021bie pentru Lorena + B\u0103ie\u021belul care nu a primit cadou\u201d<\/strong> con\u021bine:<\/p>\n<ol>\n<li>Cartea \u201cPentru Elise\u201d de Teodora Sm\u00eentanc\u0103-Strugariu<\/li>\n<li>Cartea \u201cAtingeri de Vanilie\u201d de Daniela Dumitru<\/li>\n<li>Cartea \u201cCompozi\u021bie pentru Lorena\u201d de O\u2019Neil Herego<\/li>\n<li>Cartea \u201cB\u0103ie\u021belul care nu a primit cadou\u201d de Alexandra Bulac<\/li>\n<\/ol>\n<\/div>\n","protected":false},"featured_media":20521,"template":"","meta":{"_acf_changed":false},"product_brand":[],"product_cat":[261],"product_tag":[311],"class_list":{"0":"post-13284","1":"product","2":"type-product","3":"status-publish","4":"has-post-thumbnail","6":"product_cat-pachete","7":"product_tag-pachete","8":"pa_autori-cornelia-voiculescu","9":"pa_autori-daniela-dumitru","10":"pa_autori-oneil-herego","11":"pa_autori-radu-chivulescu","13":"first","14":"outofstock","15":"sale","16":"taxable","17":"shipping-taxable","18":"purchasable","19":"product-type-simple"},"acf":[],"aioseo_notices":[],"_links":{"self":[{"href":"https:\/\/www.storycraft.ro\/shop\/wp-json\/wp\/v2\/product\/13284","targetHints":{"allow":["GET"]}}],"collection":[{"href":"https:\/\/www.storycraft.ro\/shop\/wp-json\/wp\/v2\/product"}],"about":[{"href":"https:\/\/www.storycraft.ro\/shop\/wp-json\/wp\/v2\/types\/product"}],"wp:featuredmedia":[{"embeddable":true,"href":"https:\/\/www.storycraft.ro\/shop\/wp-json\/wp\/v2\/media\/20521"}],"wp:attachment":[{"href":"https:\/\/www.storycraft.ro\/shop\/wp-json\/wp\/v2\/media?parent=13284"}],"wp:term":[{"taxonomy":"product_brand","embeddable":true,"href":"https:\/\/www.storycraft.ro\/shop\/wp-json\/wp\/v2\/product_brand?post=13284"},{"taxonomy":"product_cat","embeddable":true,"href":"https:\/\/www.storycraft.ro\/shop\/wp-json\/wp\/v2\/product_cat?post=13284"},{"taxonomy":"product_tag","embeddable":true,"href":"https:\/\/www.storycraft.ro\/shop\/wp-json\/wp\/v2\/product_tag?post=13284"}],"curies":[{"name":"wp","href":"https:\/\/api.w.org\/{rel}","templated":true}]}}