{"id":13421,"date":"2023-04-19T12:31:57","date_gmt":"2023-04-19T09:31:57","guid":{"rendered":"https:\/\/www.storycraft.ro\/shop\/?post_type=product&#038;p=13421"},"modified":"2026-01-23T10:11:23","modified_gmt":"2026-01-23T08:11:23","slug":"baietelul-care-nu-a-primit-cadou-intersectii-copy","status":"publish","type":"product","link":"https:\/\/www.storycraft.ro\/shop\/baietelul-care-nu-a-primit-cadou-intersectii-copy\/","title":{"rendered":"B\u0103ie\u021belul care nu a primit cadou + Intersec\u021bii"},"content":{"rendered":"<p>Pachetul con\u021bine:<\/p>\n<ul>\n<li>cartea &#8220;B\u0103ie\u021belul care nu a primit cadou&#8221; de Alexandra Bulac<\/li>\n<li>cartea &#8220;Intersec\u021bii&#8221; de Daniel Z\u0103rnescu<\/li>\n<\/ul>\n<hr \/>\n<p>&nbsp;<\/p>\n<p><strong>\u201cB\u0103ie\u021belul care nu a primit cadou\u201d <\/strong>de Alexandra Bulac<strong><br \/>\n<\/strong><\/p>\n<ul>\n<li><strong>Genul:<\/strong> Fic\u021biune realist\u0103<\/li>\n<li><strong>Editura:<\/strong> StoryCraft Publishing<\/li>\n<li><strong>Cod ISBN:<\/strong> <small>978-606-95651-0-0<\/small><\/li>\n<li><strong>Format:<\/strong> 19,5 * 12,5 cm<\/li>\n<li><strong>Coperta:<\/strong> bro\u0219at\u0103<\/li>\n<li><strong>Nr. pagini la interior:<\/strong> 378<\/li>\n<\/ul>\n<p>&nbsp;<\/p>\n<div class=\"woocommerce-product-details__short-description\">\n<p>Se spune c\u0103 atunci c\u00e2nd e\u0219ti copil, totul se simte mai puternic. Uneori at\u00e2t de puternic, \u00eenc\u00e2t amintirea poate r\u0103m\u00e2ne al\u0103turi de tine toat\u0103 via\u021ba.<\/p>\n<p>Acest lucru s-a \u00eent\u00e2mplat \u0219i cu Rare\u0219 Modoranu, un b\u0103rbat de 57 de ani, care \u00eenc\u0103 mai poart\u0103 asupra lui urmele unui moment dureros din copil\u0103rie.<\/p>\n<p>\u00centre obsesia pentru bani, conflictele dese cu so\u021bia \u0219i cuvintele greoaie ale tat\u0103lui s\u0103u, va reu\u0219i Rare\u0219 s\u0103 lase trecutul \u00een urm\u0103 \u0219i s\u0103 descopere, \u00een sf\u00e2r\u0219it, care sunt lucrurile care conteaz\u0103 cu adev\u0103rat \u00een via\u021b\u0103?<\/p>\n<\/div>\n<hr \/>\n<p><strong>\u201cIntersec\u021bii\u201d\u00a0<\/strong><\/p>\n<ul>\n<li><b>Genul:<\/b>\u00a0Fic\u021biune Realist\u0103, Psihologic<\/li>\n<li><b>Cod ISBN:<\/b>\u00a0978-606-95057-4-8<\/li>\n<li><b>Editura:<\/b>\u00a0StoryCraft Publishing<\/li>\n<li><b>Colec\u021bie:<\/b>\u00a0Premium<\/li>\n<li><b>Coperta:<\/b>\u00a0bro\u0219at\u0103<\/li>\n<li><strong>Format:<\/strong>\u00a020 * 13 cm<\/li>\n<li><strong>Nr. pagini la interior:<\/strong>\u00a0240<\/li>\n<\/ul>\n<p>Bucure\u0219ti, 2018. Adrian Ploie\u0219teanu este un antreprenor multimilionar, care \u0219i-a f\u0103cut averea \u00een Rom\u00e2nia postdecembrist\u0103, dar care se lupt\u0103 pentru supravie\u021buirea afacerilor lui \u0219i a imaginii construite \u00een zeci de ani de capitalism mioritic. Manipulator, bun psiholog, impulsiv, foarte bun \u00een negociere, este dispus s\u0103 fac\u0103 orice ca s\u0103 r\u0103m\u00e2n\u0103 \u00een v\u00e2rful lan\u021bului trofic. \u00centr-o zi, \u00eentr-un alt col\u021b al \u021b\u0103rii, un str\u0103in misterios, aparent nebun, vagabond \u0219i cer\u0219etor, \u00ee\u0219i face apari\u021bia \u00eentr-un or\u0103\u0219el de provincie, cu un secret teribil pe care \u00eel poart\u0103 cu el. Dou\u0103 destine, aparent f\u0103r\u0103 nicio legatur\u0103 \u00eentre ele, se \u00eentretaie \u00eentr-o poveste vie, care pulseaz\u0103 a realism, cu fiecare pagin\u0103 pe care o cite\u0219ti.<\/p>\n<ul>\n<li style=\"list-style-type: none;\"><\/li>\n<\/ul>\n","protected":false},"excerpt":{"rendered":"<p>Pachetul con\u021bine:<\/p>\n<ul>\n<li>cartea &#8220;B\u0103ie\u021belul care nu a primit cadou&#8221; de Alexandra Bulac<\/li>\n<li>cartea &#8220;Intersec\u021bii&#8221; de Daniel Z\u0103rnescu<\/li>\n<\/ul>\n","protected":false},"featured_media":13423,"template":"","meta":{"_acf_changed":false},"product_brand":[],"product_cat":[261],"product_tag":[311],"class_list":{"0":"post-13421","1":"product","2":"type-product","3":"status-publish","4":"has-post-thumbnail","6":"product_cat-pachete","7":"product_tag-pachete","8":"pa_autori-alexandra-bulac","9":"pa_autori-radu-chivulescu","11":"first","12":"instock","13":"sale","14":"taxable","15":"shipping-taxable","16":"purchasable","17":"product-type-simple"},"acf":[],"aioseo_notices":[],"_links":{"self":[{"href":"https:\/\/www.storycraft.ro\/shop\/wp-json\/wp\/v2\/product\/13421","targetHints":{"allow":["GET"]}}],"collection":[{"href":"https:\/\/www.storycraft.ro\/shop\/wp-json\/wp\/v2\/product"}],"about":[{"href":"https:\/\/www.storycraft.ro\/shop\/wp-json\/wp\/v2\/types\/product"}],"wp:featuredmedia":[{"embeddable":true,"href":"https:\/\/www.storycraft.ro\/shop\/wp-json\/wp\/v2\/media\/13423"}],"wp:attachment":[{"href":"https:\/\/www.storycraft.ro\/shop\/wp-json\/wp\/v2\/media?parent=13421"}],"wp:term":[{"taxonomy":"product_brand","embeddable":true,"href":"https:\/\/www.storycraft.ro\/shop\/wp-json\/wp\/v2\/product_brand?post=13421"},{"taxonomy":"product_cat","embeddable":true,"href":"https:\/\/www.storycraft.ro\/shop\/wp-json\/wp\/v2\/product_cat?post=13421"},{"taxonomy":"product_tag","embeddable":true,"href":"https:\/\/www.storycraft.ro\/shop\/wp-json\/wp\/v2\/product_tag?post=13421"}],"curies":[{"name":"wp","href":"https:\/\/api.w.org\/{rel}","templated":true}]}}