{"id":14218,"date":"2023-05-31T08:45:01","date_gmt":"2023-05-31T05:45:01","guid":{"rendered":"https:\/\/www.storycraft.ro\/shop\/?post_type=product&#038;p=14218"},"modified":"2026-04-27T15:24:07","modified_gmt":"2026-04-27T12:24:07","slug":"doren-un-hot-neobisnuit","status":"publish","type":"product","link":"https:\/\/www.storycraft.ro\/shop\/doren-un-hot-neobisnuit\/","title":{"rendered":"Doren &#8211; un ho\u021b neobi\u0219nuit"},"content":{"rendered":"<p><span style=\"color: #000000;\"><strong>Via\u021ba lui Doren pare rupt\u0103 din pove\u0219ti.<\/strong> Locuie\u0219te \u00eentr-un castel \u00eempreun\u0103 cu tat\u0103l lui \u0219i este lipsit de griji. Este, \u00eens\u0103, lipsit \u0219i de \u00eencrederea tat\u0103lui care \u00eenc\u0103 \u00eel trateaz\u0103 ca pe un copil, de\u0219i are o v\u00e2rst\u0103 respectabil\u0103.<\/span><\/p>\n<p><span style=\"color: #000000;\"><strong>C\u00e2nd afl\u0103 c\u0103 problemele financiare ale p\u0103rintelui s\u0103u \u00eei pot da via\u021ba peste cap<\/strong>, Doren nu ezit\u0103 s\u0103 se arunce \u00een jungla urban\u0103 bucure\u0219tean\u0103 pentru a \u00eencerca s\u0103-i dovedeasc\u0103 acestuia c\u0103 este vrednic de numele pe care-l poart\u0103. \u00cei scap\u0103, \u00eens\u0103, cateva aspecte importante: nu \u0219tie nimic despre via\u021ba de ora\u0219, pentru c\u0103 a tr\u0103it \u00eentr-un castel rupt de civiliza\u021bie, iar planul s\u0103u e imposibil de realizat pe timpul zilei\u2026 pentru c\u0103 e vampir.<\/span><\/p>\n","protected":false},"excerpt":{"rendered":"<ul>\n<li><span style=\"color: #000000;\"><strong>Genul:<\/strong> Fantasy, Urban<\/span><\/li>\n<li><span style=\"color: #000000;\"><strong>Editura:<\/strong>\u00a0StoryCraft Publishing<\/span><\/li>\n<li><span style=\"color: #000000;\"><strong>Cod ISBN:<\/strong>\u00a0<small>978-606-95651-2-4<\/small><\/span><\/li>\n<li><span style=\"color: #000000;\"><strong>Format:<\/strong> 12,5 * 19,5 cm<\/span><\/li>\n<li><span style=\"color: #000000;\"><strong>Coperta:<\/strong>\u00a0bro\u0219at\u0103<\/span><\/li>\n<li><span style=\"color: #000000;\"><strong>Nr. pagini la interior:<\/strong> 336<\/span><\/li>\n<\/ul>\n<p>&nbsp;<\/p>\n","protected":false},"featured_media":34789,"template":"","meta":{"_acf_changed":false},"product_brand":[],"product_cat":[267,276,266],"product_tag":[312],"class_list":{"0":"post-14218","1":"product","2":"type-product","3":"status-publish","4":"has-post-thumbnail","6":"product_cat-young-adult","7":"product_cat-comedie","8":"product_cat-fantasy","9":"product_tag-produse-individuale","10":"pa_autori-catalin-ionita","12":"first","13":"instock","14":"sale","15":"taxable","16":"shipping-taxable","17":"purchasable","18":"product-type-simple"},"acf":[],"aioseo_notices":[],"_links":{"self":[{"href":"https:\/\/www.storycraft.ro\/shop\/wp-json\/wp\/v2\/product\/14218","targetHints":{"allow":["GET"]}}],"collection":[{"href":"https:\/\/www.storycraft.ro\/shop\/wp-json\/wp\/v2\/product"}],"about":[{"href":"https:\/\/www.storycraft.ro\/shop\/wp-json\/wp\/v2\/types\/product"}],"wp:featuredmedia":[{"embeddable":true,"href":"https:\/\/www.storycraft.ro\/shop\/wp-json\/wp\/v2\/media\/34789"}],"wp:attachment":[{"href":"https:\/\/www.storycraft.ro\/shop\/wp-json\/wp\/v2\/media?parent=14218"}],"wp:term":[{"taxonomy":"product_brand","embeddable":true,"href":"https:\/\/www.storycraft.ro\/shop\/wp-json\/wp\/v2\/product_brand?post=14218"},{"taxonomy":"product_cat","embeddable":true,"href":"https:\/\/www.storycraft.ro\/shop\/wp-json\/wp\/v2\/product_cat?post=14218"},{"taxonomy":"product_tag","embeddable":true,"href":"https:\/\/www.storycraft.ro\/shop\/wp-json\/wp\/v2\/product_tag?post=14218"}],"curies":[{"name":"wp","href":"https:\/\/api.w.org\/{rel}","templated":true}]}}