{"id":14226,"date":"2023-05-31T09:22:33","date_gmt":"2023-05-31T06:22:33","guid":{"rendered":"https:\/\/www.storycraft.ro\/shop\/?post_type=product&#038;p=14226"},"modified":"2026-04-01T10:47:06","modified_gmt":"2026-04-01T07:47:06","slug":"doren-liceul-13-sapte-porti","status":"publish","type":"product","link":"https:\/\/www.storycraft.ro\/shop\/doren-liceul-13-sapte-porti\/","title":{"rendered":"Doren + Liceul 13 + \u0218apte Porti"},"content":{"rendered":"<p><span style=\"color: #333333;\">Pachetul\u00a0con\u021bine:<\/span><\/p>\n<ol>\n<li>Cartea \u201cDoren, un ho\u021b neobi\u0219nuit\u201d de C\u0103t\u0103lin Ioni\u021b\u0103<\/li>\n<li>Cartea \u201cLiceul 13\u201d de Radu Octavian<\/li>\n<li>Cartea \u201c\u0218apte Por\u021bi\u201d de Radu Octavian<\/li>\n<\/ol>\n<hr \/>\n<p><strong>Cartea \u201c\u0218apte Por\u021bi\u201d<\/strong><\/p>\n<ul>\n<li><b>Cod ISBN:<\/b>\u00a0978-606-9505-70-0<\/li>\n<li><b>Genul:<\/b>\u00a0Fantasy, Dark Fiction<\/li>\n<li><b>Editura:<\/b>\u00a0StoryCraft Publishing<\/li>\n<li><b>Coperta:<\/b>\u00a0bro\u0219at\u0103<\/li>\n<li><strong>Format:<\/strong>\u00a020 * 13 cm<\/li>\n<li><strong>Nr. pagini la interior:<\/strong>\u00a0256<\/li>\n<\/ul>\n<p>Jayden Wiker, un t\u00e2n\u0103r student de 22 de ani, b\u0103iat de bani gata dintr-o familie disfunc\u021bional\u0103, considerat de profesorii s\u0103i unul dintre cei mai de\u0219tep\u021bi elevi din district, ajunge obsedat de ideea de a deveni supraom.<\/p>\n<p>Adus la disperare de inutilitatea \u00eencerc\u0103rilor lui, intr\u0103 \u00een contact cu un individ misterios, pe nume Randall Blackwell, care \u00eei ofer\u0103 o unealt\u0103 cu care poate conjura demoni. Astfel, ajunge s\u0103 interac\u021bioneze cu o entitate care pare s\u0103 aib\u0103 inten\u021bii malefice.<\/p>\n<p>&nbsp;<\/p>\n<hr \/>\n<p><span style=\"color: #333333;\"><strong>&#8220;Liceul 13&#8221;<\/strong> de Radu Octavian<\/span><\/p>\n<ul>\n<li><strong>Genul:<\/strong> Horror, Paranormal<\/li>\n<li><strong>Editura:<\/strong>\u00a0StoryCraft Publishing<\/li>\n<li><strong>Cod ISBN:<\/strong> 978-606-95057-6-2<\/li>\n<li><strong>Format:<\/strong> 19 * 12 cm<\/li>\n<li><strong>Coperta:<\/strong>\u00a0bro\u0219at\u0103<\/li>\n<li><strong>Nr. pagini la interior:<\/strong> 324<\/li>\n<\/ul>\n<p><span style=\"color: #808080;\">\u00centr-o noapte de iarn\u0103, Maria Stanciu, elev\u0103 \u00een clasa a XII-a A a Colegiului Na\u021bional \u201cScarlat Demetrescu\u201d, se sinucide arunc\u00e2ndu-se \u00een fa\u021ba unui tren.\u2028Vlad Dinu, colegul de clasa al Mariei, ajunge \u00een posesia jurnalului fetei \u0219i dezvolt\u0103 o curiozitate puternic\u0103 fa\u021b\u0103 de motivul din spatele gestului ei. \u00cen cur\u00e2nd, \u00eens\u0103, un lan\u021b de mor\u021bi \u00eenfior\u0103toare, aparent accidentale, \u00eei vizeaz\u0103, unul c\u00e2te unul, pe fo\u0219tii ei colegi.\u2028Vlad ajunge s\u0103 fie prins \u00eentr-un joc periculos, \u00een care trebuie s\u0103 afle cine este criminalul, \u00eenainte ca acesta s\u0103 ajung\u0103 la el \u0219i la restul colegilor lui. \u00cens\u0103 \u0219ocul absolut \u00eel are \u00een momentul \u00een care observ\u0103 c\u0103 toate indiciile duc spre\u2026 Maria Stanciu.<\/span><\/p>\n<hr \/>\n<p><span style=\"color: #333333;\"><strong>&#8220;Doren, un ho\u021b neobi\u0219nuit&#8221; <\/strong>de C\u0103t\u0103lin Ioni\u021b\u0103<br \/>\n<\/span><\/p>\n<ul>\n<li><strong>Genul:<\/strong>\u00a0Fantasy, Urban<\/li>\n<li><strong>Editura:<\/strong>\u00a0StoryCraft Publishing<\/li>\n<li><strong>Cod ISBN:<\/strong>\u00a0<small>978-606-95651-2-4<\/small><\/li>\n<li><strong>Format:<\/strong>\u00a012,5 * 19,5 cm<\/li>\n<li><strong>Coperta:<\/strong>\u00a0bro\u0219at\u0103<\/li>\n<li><strong>Nr. pagini la interior:<\/strong>\u00a0336<\/li>\n<\/ul>\n<div class=\"woocommerce-product-details__short-description\">\n<p>Via\u021ba lui Doren pare rupt\u0103 din pove\u0219ti. Locuie\u0219te \u00eentr-un castel \u00eempreun\u0103 cu tat\u0103l lui \u0219i este lipsit de griji. Este, \u00eens\u0103, lipsit \u0219i de \u00eencrederea tat\u0103lui care \u00eenc\u0103 \u00eel trateaz\u0103 ca pe un copil, de\u0219i are o v\u00e2rst\u0103 respectabil\u0103.<\/p>\n<p>C\u00e2nd afl\u0103 c\u0103 problemele financiare ale p\u0103rintelui s\u0103u \u00eei pot da via\u021ba peste cap, Doren nu ezit\u0103 s\u0103 se arunce \u00een jungla urban\u0103 bucure\u0219tean\u0103 pentru a \u00eencerca s\u0103-i dovedeasc\u0103 acestuia c\u0103 este vrednic de numele pe care-l poart\u0103. \u00cei scap\u0103, \u00eens\u0103, cateva aspecte importante: nu \u0219tie nimic despre via\u021ba de ora\u0219, pentru c\u0103 a tr\u0103it \u00eentr-un castel rupt de civiliza\u021bie, iar planul s\u0103u e imposibil de realizat pe timpul zilei\u2026 pentru c\u0103 e vampir.<\/p>\n<\/div>\n<p><span style=\"color: #808080;\">\u00a0<\/span><\/p>\n","protected":false},"excerpt":{"rendered":"<p>Pachetul <strong>\u201cPentru Elise + Liceul 13 + Inutilii\u201d<\/strong> con\u021bine:<\/p>\n<ol>\n<li>Cartea \u201cPentru Elise\u201d de Teodora Sm\u00eentanc\u0103-Strugariu<\/li>\n<li>Cartea \u201cLiceul 13\u201d de Radu Octavian<\/li>\n<li>Cartea \u201cInutilii\u201d de Cornelia Voiculescu<\/li>\n<\/ol>\n","protected":false},"featured_media":14227,"template":"","meta":{"_acf_changed":false},"product_brand":[],"product_cat":[261],"product_tag":[311],"class_list":{"0":"post-14226","1":"product","2":"type-product","3":"status-publish","4":"has-post-thumbnail","6":"product_cat-pachete","7":"product_tag-pachete","8":"pa_autori-catalin-ionita","9":"pa_autori-radu-octavian","11":"first","12":"outofstock","13":"sale","14":"taxable","15":"shipping-taxable","16":"purchasable","17":"product-type-simple"},"acf":[],"aioseo_notices":[],"_links":{"self":[{"href":"https:\/\/www.storycraft.ro\/shop\/wp-json\/wp\/v2\/product\/14226","targetHints":{"allow":["GET"]}}],"collection":[{"href":"https:\/\/www.storycraft.ro\/shop\/wp-json\/wp\/v2\/product"}],"about":[{"href":"https:\/\/www.storycraft.ro\/shop\/wp-json\/wp\/v2\/types\/product"}],"wp:featuredmedia":[{"embeddable":true,"href":"https:\/\/www.storycraft.ro\/shop\/wp-json\/wp\/v2\/media\/14227"}],"wp:attachment":[{"href":"https:\/\/www.storycraft.ro\/shop\/wp-json\/wp\/v2\/media?parent=14226"}],"wp:term":[{"taxonomy":"product_brand","embeddable":true,"href":"https:\/\/www.storycraft.ro\/shop\/wp-json\/wp\/v2\/product_brand?post=14226"},{"taxonomy":"product_cat","embeddable":true,"href":"https:\/\/www.storycraft.ro\/shop\/wp-json\/wp\/v2\/product_cat?post=14226"},{"taxonomy":"product_tag","embeddable":true,"href":"https:\/\/www.storycraft.ro\/shop\/wp-json\/wp\/v2\/product_tag?post=14226"}],"curies":[{"name":"wp","href":"https:\/\/api.w.org\/{rel}","templated":true}]}}