{"id":14874,"date":"2023-07-12T16:45:28","date_gmt":"2023-07-12T13:45:28","guid":{"rendered":"https:\/\/www.storycraft.ro\/shop\/?post_type=product&#038;p=14874"},"modified":"2026-04-01T10:47:05","modified_gmt":"2026-04-01T07:47:05","slug":"utopia","status":"publish","type":"product","link":"https:\/\/www.storycraft.ro\/shop\/utopia\/","title":{"rendered":"Pachet  Utopia"},"content":{"rendered":"<p><strong>Pachetul con\u021bine urmatoarele c\u0103r\u021bi:<\/strong><\/p>\n<ol>\n<li>Cartea \u201cDoren, un ho\u021b neobi\u0219nuit\u201d de C\u0103t\u0103lin Ioni\u021b\u0103<\/li>\n<li>Cartea \u201cLiceul 13\u201d de Radu Octavian<\/li>\n<li>Cartea \u201cInutilii\u201d de Cornelia Voiculescu<\/li>\n<\/ol>\n<p>&nbsp;<\/p>\n<hr \/>\n<h3><strong>Cartea \u201cDoren, un ho\u021b neobi\u0219nuit\u201d de C\u0103t\u0103lin Ioni\u021b\u0103:<\/strong><\/h3>\n<ul>\n<li><strong>Genul:<\/strong>\u00a0Fantasy, Urban<\/li>\n<li><strong>Editura:<\/strong>\u00a0StoryCraft Publishing<\/li>\n<li><strong>Cod ISBN:<\/strong>\u00a0<small>978-606-95651-2-4<\/small><\/li>\n<li><strong>Format:<\/strong>\u00a012,5 * 19,5 cm<\/li>\n<li><strong>Coperta:<\/strong>\u00a0bro\u0219at\u0103<\/li>\n<li><strong>Nr. pagini la interior:<\/strong>\u00a0336<\/li>\n<\/ul>\n<div class=\"woocommerce-product-details__short-description\">\n<p>Via\u021ba lui Doren pare rupt\u0103 din pove\u0219ti. Locuie\u0219te \u00eentr-un castel \u00eempreun\u0103 cu tat\u0103l lui \u0219i este lipsit de griji. Este, \u00eens\u0103, lipsit \u0219i de \u00eencrederea tat\u0103lui care \u00eenc\u0103 \u00eel trateaz\u0103 ca pe un copil, de\u0219i are o v\u00e2rst\u0103 respectabil\u0103.<\/p>\n<p>C\u00e2nd afl\u0103 c\u0103 problemele financiare ale p\u0103rintelui s\u0103u \u00eei pot da via\u021ba peste cap, Doren nu ezit\u0103 s\u0103 se arunce \u00een jungla urban\u0103 bucure\u0219tean\u0103 pentru a \u00eencerca s\u0103-i dovedeasc\u0103 acestuia c\u0103 este vrednic de numele pe care-l poart\u0103. \u00cei scap\u0103, \u00eens\u0103, cateva aspecte importante: nu \u0219tie nimic despre via\u021ba de ora\u0219, pentru c\u0103 a tr\u0103it \u00eentr-un castel rupt de civiliza\u021bie, iar planul s\u0103u e imposibil de realizat pe timpul zilei\u2026 pentru c\u0103 e vampir.<\/p>\n<\/div>\n<hr \/>\n<h3><strong>Liceul 13\u201d<\/strong> de Radu Octavian<\/h3>\n<ul>\n<li><strong>Genul:<\/strong> Horror, Paranormal<\/li>\n<li><strong>Editura:<\/strong>\u00a0StoryCraft Publishing<\/li>\n<li><strong>Cod ISBN:<\/strong> 978-606-95057-6-2<\/li>\n<li><strong>Format:<\/strong> 19 * 12 cm<\/li>\n<li><strong>Coperta:<\/strong>\u00a0bro\u0219at\u0103<\/li>\n<li><strong>Nr. pagini la interior:<\/strong> 324<\/li>\n<\/ul>\n<p>\u00centr-o noapte de iarn\u0103, Maria Stanciu, elev\u0103 \u00een clasa a XII-a A a Colegiului Na\u021bional \u201cScarlat Demetrescu\u201d, se sinucide arunc\u00e2ndu-se \u00een fa\u021ba unui tren.\u2028Vlad Dinu, colegul de clasa al Mariei, ajunge \u00een posesia jurnalului fetei \u0219i dezvolt\u0103 o curiozitate puternic\u0103 fa\u021b\u0103 de motivul din spatele gestului ei. \u00cen cur\u00e2nd, \u00eens\u0103, un lan\u021b de mor\u021bi \u00eenfior\u0103toare, aparent accidentale, \u00eei vizeaz\u0103, unul c\u00e2te unul, pe fo\u0219tii ei colegi.\u2028Vlad ajunge s\u0103 fie prins \u00eentr-un joc periculos, \u00een care trebuie s\u0103 afle cine este criminalul, \u00eenainte ca acesta s\u0103 ajung\u0103 la el \u0219i la restul colegilor lui. \u00cens\u0103 \u0219ocul absolut \u00eel are \u00een momentul \u00een care observ\u0103 c\u0103 toate indiciile duc spre\u2026 Maria Stanciu.<\/p>\n<hr \/>\n<h3><strong>\u201cInutilii\u201d <\/strong>de Cornelia Voiculescu<\/h3>\n<ul>\n<li><b>Genul:<\/b> Distopie<\/li>\n<li><b>Editura:<\/b> StoryCraft Publishing<\/li>\n<li><b>Cod ISBN:<\/b> 978-606-9505-72-4<\/li>\n<li><strong>Format:<\/strong> 20 * 13 cm<\/li>\n<li><b>Coperta:<\/b>\u00a0bro\u0219at\u0103<\/li>\n<li><strong>Nr. pagini la interior:<\/strong> 320<\/li>\n<\/ul>\n<div class=\"woocommerce-product-details__short-description\">\n<p>Inutilii, cartea de debut a Corneliei Voiculescu, este o distopie terifiant\u0103, prin implica\u021biile morale pe care le propune. \u00centr-o societate postapocaliptic\u0103 de dup\u0103 Al III-lea R\u0103zboi Mondial, care a distrus mare parte din planet\u0103, resursele sunt extrem de limitate. Din cauza asta, cei considera\u021bi \u201cinutili\u201d (b\u0103tr\u00e2nii de peste 70 de ani, persoanele cu handicap sau cu boli terminale) sunt sacrifica\u021bi de c\u0103tre adolescen\u021bi, \u00eentr-un \u201cRitual de Primenire\u201d prin care ace\u0219tia \u00ee\u0219i ob\u021bin statutul de adul\u021bi.<\/p>\n<p>Bjorn Anderson, care abia a \u00eemplinit 16 ani, se afl\u0103 \u00een fa\u021ba celei mai grele \u00eencerc\u0103ri din via\u021ba lui: va trebui s\u0103 \u00ee\u0219i sacrifice bunicul, fa\u021b\u0103 de care are o leg\u0103tur\u0103 emo\u021bional\u0103 puternic\u0103, sub pretextul acestui ritual.<\/p>\n<\/div>\n<p>&nbsp;<\/p>\n<p>&nbsp;<\/p>\n<div class=\"woocommerce-product-details__short-description\">\n<p>&nbsp;<\/p>\n<\/div>\n","protected":false},"excerpt":{"rendered":"<p>Pachetul con\u021bine urmatoarele c\u0103r\u021bi :<\/p>\n<ol>\n<li>Cartea \u201cDoren, un ho\u021b neobi\u0219nuit\u201d de C\u0103t\u0103lin Ioni\u021b\u0103<\/li>\n<li>Cartea \u201cLiceul 13\u201d de Radu Octavian<\/li>\n<li>Cartea \u201cInutilii\u201d de Cornelia Voiculescu<\/li>\n<\/ol>\n","protected":false},"featured_media":14876,"template":"","meta":{"_acf_changed":false},"product_brand":[],"product_cat":[261],"product_tag":[311],"class_list":{"0":"post-14874","1":"product","2":"type-product","3":"status-publish","4":"has-post-thumbnail","6":"product_cat-pachete","7":"product_tag-pachete","8":"pa_autori-catalin-ionita","9":"pa_autori-cornelia-voiculescu","10":"pa_autori-radu-octavian","12":"first","13":"outofstock","14":"sale","15":"taxable","16":"shipping-taxable","17":"purchasable","18":"product-type-simple"},"acf":[],"aioseo_notices":[],"_links":{"self":[{"href":"https:\/\/www.storycraft.ro\/shop\/wp-json\/wp\/v2\/product\/14874","targetHints":{"allow":["GET"]}}],"collection":[{"href":"https:\/\/www.storycraft.ro\/shop\/wp-json\/wp\/v2\/product"}],"about":[{"href":"https:\/\/www.storycraft.ro\/shop\/wp-json\/wp\/v2\/types\/product"}],"wp:featuredmedia":[{"embeddable":true,"href":"https:\/\/www.storycraft.ro\/shop\/wp-json\/wp\/v2\/media\/14876"}],"wp:attachment":[{"href":"https:\/\/www.storycraft.ro\/shop\/wp-json\/wp\/v2\/media?parent=14874"}],"wp:term":[{"taxonomy":"product_brand","embeddable":true,"href":"https:\/\/www.storycraft.ro\/shop\/wp-json\/wp\/v2\/product_brand?post=14874"},{"taxonomy":"product_cat","embeddable":true,"href":"https:\/\/www.storycraft.ro\/shop\/wp-json\/wp\/v2\/product_cat?post=14874"},{"taxonomy":"product_tag","embeddable":true,"href":"https:\/\/www.storycraft.ro\/shop\/wp-json\/wp\/v2\/product_tag?post=14874"}],"curies":[{"name":"wp","href":"https:\/\/api.w.org\/{rel}","templated":true}]}}