{"id":15266,"date":"2023-07-25T12:48:22","date_gmt":"2023-07-25T09:48:22","guid":{"rendered":"https:\/\/www.storycraft.ro\/shop\/?post_type=product&#038;p=15266"},"modified":"2026-04-01T10:47:05","modified_gmt":"2026-04-01T07:47:05","slug":"fata-cu-val-albastru-liceul-13","status":"publish","type":"product","link":"https:\/\/www.storycraft.ro\/shop\/fata-cu-val-albastru-liceul-13\/","title":{"rendered":"Fata cu v\u0103l albastru + Liceul 13"},"content":{"rendered":"<p>Pachetul con\u021bine urm\u0103toarele c\u0103r\u021bi :<\/p>\n<ol>\n<li>Cartea \u201cFata cu v\u0103l albastru\u201d de \u0218tefana Chels\u0103u<\/li>\n<li>Cartea \u201cLiceul 13\u201d de Radu Octavian<\/li>\n<\/ol>\n<hr \/>\n<h3><strong>Cartea \u201cFata cu v\u0103l albastru\u201d de \u0218tefana Chels\u0103u:<\/strong><\/h3>\n<ul>\n<li><strong>Genul:<\/strong>\u00a0Fic\u021biune realist\u0103, Family Saga<\/li>\n<li><strong>Editura:<\/strong>\u00a0StoryCraft Publishing<\/li>\n<li><strong>Cod ISBN:<\/strong>\u00a0<small>978-606-95651-3-1<\/small><\/li>\n<li><strong>Format:<\/strong>\u00a012,5 * 19,5 cm<\/li>\n<li><strong>Coperta:<\/strong>\u00a0bro\u0219at\u0103<\/li>\n<li><strong>Nr. pagini la interior:<\/strong>\u00a0270<\/li>\n<\/ul>\n<div class=\"woocommerce-product-details__short-description\">\n<p>Aisha tr\u0103ie\u0219te \u00eentr-o familie musulman\u0103 strict\u0103, unde obsesiile, regulile extreme \u0219i abuzurile tat\u0103lui ei fac parte din cotidian. Dorin\u021ba de a se elibera de el devine cu at\u00e2t mai mare c\u00e2nd acesta o arunc\u0103 cu for\u021ba \u00eentr-o c\u0103s\u0103torie aranjat\u0103, cu un om pe care nu l-a v\u0103zut niciodat\u0103.<\/p>\n<p>C\u00e2nd \u00eent\u00e2lne\u0219te un b\u0103rbat care pare s\u0103 vin\u0103 din alt\u0103 lume, de care se \u00eendr\u0103goste\u0219te, Aisha e convins\u0103 c\u0103 e \u00een stare de orice pentru a-\u0219i c\u00e2\u0219tiga libertatea al\u0103turi de el. Afl\u0103, \u00eens\u0103, c\u0103 pre\u021bul pentru propria fericire poate fi moartea cuiva drag.<\/p>\n<\/div>\n<hr \/>\n<h3><strong>Cartea &#8220;Liceul 13&#8221; de Radu Octavian<\/strong><\/h3>\n<ul>\n<li><strong>Genul:<\/strong>\u00a0Horror, Paranormal<\/li>\n<li><strong>Editura:<\/strong>\u00a0StoryCraft Publishing<\/li>\n<li><strong>Cod ISBN:<\/strong>\u00a0978-606-95057-6-2<\/li>\n<li><strong>Format:<\/strong>\u00a019,5 * 12,5 cm<\/li>\n<li><strong>Coperta:<\/strong>\u00a0bro\u0219at\u0103<\/li>\n<li><strong>Nr. pagini la interior:<\/strong>\u00a0324<\/li>\n<\/ul>\n<p>\u00centr-o noapte de iarn\u0103, Maria Stanciu, elev\u0103 \u00een clasa a XII-a A a Colegiului Na\u021bional \u201cScarlat Demetrescu\u201d, se sinucide arunc\u00e2ndu-se \u00een fa\u021ba unui tren.<\/p>\n<p>Vlad Dinu, colegul de clasa al Mariei, ajunge \u00een posesia jurnalului fetei \u0219i dezvolt\u0103 o curiozitate puternic\u0103 fa\u021b\u0103 de motivul din spatele gestului ei. \u00cen cur\u00e2nd, \u00eens\u0103, un lan\u021b de mor\u021bi \u00eenfior\u0103toare, aparent accidentale, \u00eei vizeaz\u0103, unul c\u00e2te unul, pe fo\u0219tii ei colegi.<\/p>\n<p>Vlad ajunge s\u0103 fie prins \u00eentr-un joc periculos, \u00een care trebuie s\u0103 afle cine este criminalul, \u00eenainte ca acesta s\u0103 ajung\u0103 la el \u0219i la restul colegilor lui. \u00cens\u0103 \u0219ocul absolut \u00eel are \u00een momentul \u00een care observ\u0103 c\u0103 toate indiciile duc spre\u2026 Maria Stanciu.<\/p>\n","protected":false},"excerpt":{"rendered":"<p>Pachetul con\u021bine urm\u0103toarele c\u0103r\u021bi :<\/p>\n<ol>\n<li>Cartea \u201cFata cu v\u0103l albastru\u201d de \u0218tefana Chels\u0103u<\/li>\n<li>Cartea \u201cLiceul 13\u201d de Radu Octavian<\/li>\n<\/ol>\n","protected":false},"featured_media":15259,"template":"","meta":{"_acf_changed":false},"product_brand":[],"product_cat":[261],"product_tag":[311],"class_list":{"0":"post-15266","1":"product","2":"type-product","3":"status-publish","4":"has-post-thumbnail","6":"product_cat-pachete","7":"product_tag-pachete","8":"pa_autori-radu-octavian","9":"pa_autori-stefana-chelsau","11":"first","12":"outofstock","13":"sale","14":"taxable","15":"shipping-taxable","16":"purchasable","17":"product-type-simple"},"acf":[],"aioseo_notices":[],"_links":{"self":[{"href":"https:\/\/www.storycraft.ro\/shop\/wp-json\/wp\/v2\/product\/15266","targetHints":{"allow":["GET"]}}],"collection":[{"href":"https:\/\/www.storycraft.ro\/shop\/wp-json\/wp\/v2\/product"}],"about":[{"href":"https:\/\/www.storycraft.ro\/shop\/wp-json\/wp\/v2\/types\/product"}],"wp:featuredmedia":[{"embeddable":true,"href":"https:\/\/www.storycraft.ro\/shop\/wp-json\/wp\/v2\/media\/15259"}],"wp:attachment":[{"href":"https:\/\/www.storycraft.ro\/shop\/wp-json\/wp\/v2\/media?parent=15266"}],"wp:term":[{"taxonomy":"product_brand","embeddable":true,"href":"https:\/\/www.storycraft.ro\/shop\/wp-json\/wp\/v2\/product_brand?post=15266"},{"taxonomy":"product_cat","embeddable":true,"href":"https:\/\/www.storycraft.ro\/shop\/wp-json\/wp\/v2\/product_cat?post=15266"},{"taxonomy":"product_tag","embeddable":true,"href":"https:\/\/www.storycraft.ro\/shop\/wp-json\/wp\/v2\/product_tag?post=15266"}],"curies":[{"name":"wp","href":"https:\/\/api.w.org\/{rel}","templated":true}]}}