{"id":15307,"date":"2023-07-28T08:49:29","date_gmt":"2023-07-28T05:49:29","guid":{"rendered":"https:\/\/www.storycraft.ro\/shop\/?post_type=product&#038;p=15307"},"modified":"2026-02-11T13:51:33","modified_gmt":"2026-02-11T11:51:33","slug":"fata-cu-val-albastru-oferta","status":"publish","type":"product","link":"https:\/\/www.storycraft.ro\/shop\/fata-cu-val-albastru-oferta\/","title":{"rendered":"Fata cu v\u0103l albastru"},"content":{"rendered":"<p><span style=\"color: #000000;\"><strong>Aisha tr\u0103ie\u0219te \u00eentr-o familie musulman\u0103 strict\u0103<\/strong>, unde obsesiile, regulile extreme \u0219i abuzurile tat\u0103lui ei fac parte din cotidian. Dorin\u021ba de a se elibera de el devine cu at\u00e2t mai mare c\u00e2nd acesta o arunc\u0103 cu for\u021ba \u00eentr-o c\u0103s\u0103torie aranjat\u0103, cu un om pe care nu l-a v\u0103zut niciodat\u0103.<\/span><\/p>\n<p><span style=\"color: #000000;\"><strong>C\u00e2nd \u00eent\u00e2lne\u0219te un b\u0103rbat care pare s\u0103 vin\u0103 din alt\u0103 lume<\/strong>, de care se \u00eendr\u0103goste\u0219te, Aisha e convins\u0103 c\u0103 e \u00een stare de orice pentru a-\u0219i c\u00e2\u0219tiga libertatea al\u0103turi de el. Afl\u0103, \u00eens\u0103, c\u0103 pre\u021bul pentru propria fericire poate fi moartea cuiva drag.<\/span><\/p>\n","protected":false},"excerpt":{"rendered":"<p>Fata cu v\u0103l albastru: <span style=\"color: #000000;\"><strong>Aisha tr\u0103ie\u0219te \u00eentr-o familie musulman\u0103 strict\u0103, <\/strong><\/span><span style=\"color: #000000;\">unde obsesiile, regulile extreme \u0219i abuzurile tat\u0103lui ei fac parte din cotidian.<\/span><\/p>\n","protected":false},"featured_media":27208,"template":"","meta":{"_acf_changed":false},"product_brand":[],"product_cat":[269,281],"product_tag":[312],"class_list":{"0":"post-15307","1":"product","2":"type-product","3":"status-publish","4":"has-post-thumbnail","6":"product_cat-dragoste","7":"product_cat-contemporan","8":"product_tag-produse-individuale","9":"pa_autori-stefana-chelsau","11":"first","12":"instock","13":"sale","14":"taxable","15":"shipping-taxable","16":"purchasable","17":"product-type-simple"},"acf":[],"aioseo_notices":[],"_links":{"self":[{"href":"https:\/\/www.storycraft.ro\/shop\/wp-json\/wp\/v2\/product\/15307","targetHints":{"allow":["GET"]}}],"collection":[{"href":"https:\/\/www.storycraft.ro\/shop\/wp-json\/wp\/v2\/product"}],"about":[{"href":"https:\/\/www.storycraft.ro\/shop\/wp-json\/wp\/v2\/types\/product"}],"wp:featuredmedia":[{"embeddable":true,"href":"https:\/\/www.storycraft.ro\/shop\/wp-json\/wp\/v2\/media\/27208"}],"wp:attachment":[{"href":"https:\/\/www.storycraft.ro\/shop\/wp-json\/wp\/v2\/media?parent=15307"}],"wp:term":[{"taxonomy":"product_brand","embeddable":true,"href":"https:\/\/www.storycraft.ro\/shop\/wp-json\/wp\/v2\/product_brand?post=15307"},{"taxonomy":"product_cat","embeddable":true,"href":"https:\/\/www.storycraft.ro\/shop\/wp-json\/wp\/v2\/product_cat?post=15307"},{"taxonomy":"product_tag","embeddable":true,"href":"https:\/\/www.storycraft.ro\/shop\/wp-json\/wp\/v2\/product_tag?post=15307"}],"curies":[{"name":"wp","href":"https:\/\/api.w.org\/{rel}","templated":true}]}}