{"id":16074,"date":"2023-08-23T13:59:38","date_gmt":"2023-08-23T10:59:38","guid":{"rendered":"https:\/\/www.storycraft.ro\/shop\/?post_type=product&#038;p=16074"},"modified":"2025-01-13T19:30:21","modified_gmt":"2025-01-13T17:30:21","slug":"1924-razboiul-care-a-tinut-trei-zile","status":"publish","type":"product","link":"https:\/\/www.storycraft.ro\/shop\/1924-razboiul-care-a-tinut-trei-zile\/","title":{"rendered":"1924 &#8211; r\u0103zboiul care a \u021binut trei zile"},"content":{"rendered":"<p><span style=\"color: #000000;\"><strong>Iustin Batisceff, cel mai mic dintre cei trei b\u0103ie\u021bi ai unei v\u0103duve de origine rus\u0103 din Basarabia<\/strong>, este cunoscut ca fiind scandalagiu, b\u0103t\u0103u\u0219 \u0219i cu un simt al drept\u0103\u021bii foarte dezvoltat. Se bate prin birtul satului frecvent, nu ezita sa pedepseasc\u0103 exemplar copiii mai mari din sat, atunci c\u00e2nd sunt r\u0103i cu cei mici, iar c\u00e2nd vine vorba de familie, nu ezita s\u0103 \u00ee\u0219i caute singur dreptatea cu pumnul.<\/span><\/p>\n<p><span style=\"color: #000000;\"><strong>\u00centr-una dintre zile prime\u0219te un r\u0103va\u0219 de la Andrei Kliushnikov<\/strong>, comisar politic venit de peste Prut cu g\u00e2ndul de a agita apele si de a for\u021ba o dezlipire a Basarabiei de regatul Rom\u00e2niei. C\u00e2nd ajunge fa\u021b\u0103 \u00een fa\u021b\u0103 cu Nenin \u0219i este invitat a se al\u0103tura revoltei, Iustin simte o fascina\u021bie inexplicabil\u0103 fa\u021b\u0103 de liderul ei. Totul \u00eens\u0103 se precipit\u0103, \u00een momentul \u00een care i se d\u0103 o pu\u0219ca \u00een m\u00e2n\u0103 \u0219i i se cere s\u0103 \u00eel omoare pe primarul satului, ca s\u0103 fac\u0103 dovada loialit\u0103\u021bii lui.<\/span><\/p>\n","protected":false},"excerpt":{"rendered":"<ul>\n<li><span style=\"color: #000000;\"><strong>Genul:<\/strong> Thriller, Fic\u021biune istoric\u0103<\/span><\/li>\n<li><span style=\"color: #000000;\"><strong>Editura:<\/strong>\u00a0StoryCraft Publishing<\/span><\/li>\n<li><span style=\"color: #000000;\"><strong>Cod ISBN:<\/strong>\u00a0<small>978-606-95651-6-2<\/small><\/span><\/li>\n<li><span style=\"color: #000000;\"><strong>Format:<\/strong> 12,5 * 19,5 cm<\/span><\/li>\n<li><span style=\"color: #000000;\"><strong>Coperta:<\/strong>\u00a0bro\u0219at\u0103<\/span><\/li>\n<li><span style=\"color: #000000;\"><strong>Nr. pagini la interior:<\/strong> 282<\/span><\/li>\n<\/ul>\n<p>&nbsp;<\/p>\n","protected":false},"featured_media":27226,"template":"","meta":{"_acf_changed":false},"product_brand":[],"product_cat":[263,308],"product_tag":[312],"class_list":{"0":"post-16074","1":"product","2":"type-product","3":"status-publish","4":"has-post-thumbnail","6":"product_cat-fictiune-istorica","7":"product_cat-thriller","8":"product_tag-produse-individuale","9":"pa_autori-andrei-tiganas","11":"first","12":"instock","13":"sale","14":"taxable","15":"shipping-taxable","16":"purchasable","17":"product-type-simple"},"acf":[],"aioseo_notices":[],"_links":{"self":[{"href":"https:\/\/www.storycraft.ro\/shop\/wp-json\/wp\/v2\/product\/16074","targetHints":{"allow":["GET"]}}],"collection":[{"href":"https:\/\/www.storycraft.ro\/shop\/wp-json\/wp\/v2\/product"}],"about":[{"href":"https:\/\/www.storycraft.ro\/shop\/wp-json\/wp\/v2\/types\/product"}],"wp:featuredmedia":[{"embeddable":true,"href":"https:\/\/www.storycraft.ro\/shop\/wp-json\/wp\/v2\/media\/27226"}],"wp:attachment":[{"href":"https:\/\/www.storycraft.ro\/shop\/wp-json\/wp\/v2\/media?parent=16074"}],"wp:term":[{"taxonomy":"product_brand","embeddable":true,"href":"https:\/\/www.storycraft.ro\/shop\/wp-json\/wp\/v2\/product_brand?post=16074"},{"taxonomy":"product_cat","embeddable":true,"href":"https:\/\/www.storycraft.ro\/shop\/wp-json\/wp\/v2\/product_cat?post=16074"},{"taxonomy":"product_tag","embeddable":true,"href":"https:\/\/www.storycraft.ro\/shop\/wp-json\/wp\/v2\/product_tag?post=16074"}],"curies":[{"name":"wp","href":"https:\/\/api.w.org\/{rel}","templated":true}]}}