{"id":16212,"date":"2023-09-01T08:20:26","date_gmt":"2023-09-01T05:20:26","guid":{"rendered":"https:\/\/www.storycraft.ro\/shop\/?post_type=product&#038;p=16212"},"modified":"2025-07-28T14:26:43","modified_gmt":"2025-07-28T11:26:43","slug":"jukai-intunericul-deplin-doren","status":"publish","type":"product","link":"https:\/\/www.storycraft.ro\/shop\/jukai-intunericul-deplin-doren\/","title":{"rendered":"Jukai, \u00eentunericul deplin + Doren"},"content":{"rendered":"<p>Pachetul con\u021bine urm\u0103toarele c\u0103r\u021bi :<\/p>\n<ol>\n<li>Cartea \u201cJukai, \u00eentunericul deplin\u201d de Adrian Agache<\/li>\n<li>Cartea \u201cDoren, un ho\u021b neobi\u0219nuit\u201d de C\u0103t\u0103lin Ioni\u021b\u0103<\/li>\n<\/ol>\n<hr \/>\n<h3><strong>Cartea \u201cJukai, \u00eentunericul deplin\u201d de <\/strong><strong>Adriana Agache<\/strong><strong>:<\/strong><\/h3>\n<ul>\n<li><strong>Genul:<\/strong>\u00a0Horror, Paranormal<\/li>\n<li><strong>Editura:<\/strong>\u00a0StoryCraft Publishing<\/li>\n<li><strong>Cod ISBN:<\/strong>\u00a0978-606-95651-4-8<\/li>\n<li><strong>Format:<\/strong>\u00a012,5 * 19,5 cm<\/li>\n<li><strong>Coperta:<\/strong>\u00a0bro\u0219at\u0103<\/li>\n<li><strong>Nr. pagini la interior:<\/strong>\u00a0420<\/li>\n<\/ul>\n<div class=\"woocommerce-product-details__short-description\">\n<p>Ultimul an din via\u021ba lui Yuki Harada a fost un adev\u0103rat co\u0219mar. Parintii ei au divortat, a trebuit sa se mute din ora\u0219ul ei natal, iar sora ei mai mare, idolul ei \u0219i singura persoana \u00een care avea \u00eencredere, a disp\u0103rut f\u0103r\u0103 urm\u0103. Cand un coleg de clasa ii propune o excursie \u00een Aokigahara, padurea sinucigasilor, Yuki decide sa mearga sa isi caute sora, sperand din tot sufletul ca o va g\u0103si \u00een via\u021ba. Doar ca, la fel ca Yuki, padurea are propriile ei secrete.<\/p>\n<\/div>\n<hr \/>\n<h3><strong>Cartea \u201cDoren, un ho\u021b neobi\u0219nuit\u201d de C\u0103t\u0103lin Ioni\u021b\u0103:<\/strong><\/h3>\n<ul>\n<li><strong>Genul:<\/strong>\u00a0Fantasy, Urban<\/li>\n<li><strong>Editura:<\/strong>\u00a0StoryCraft Publishing<\/li>\n<li><strong>Cod ISBN:<\/strong>\u00a0<small>978-606-95651-2-4<\/small><\/li>\n<li><strong>Format:<\/strong>\u00a012,5 * 19,5 cm<\/li>\n<li><strong>Coperta:<\/strong>\u00a0bro\u0219at\u0103<\/li>\n<li><strong>Nr. pagini la interior:<\/strong>\u00a0336<\/li>\n<\/ul>\n<div class=\"woocommerce-product-details__short-description\">\n<p>Via\u021ba lui Doren pare rupt\u0103 din pove\u0219ti. Locuie\u0219te \u00eentr-un castel \u00eempreun\u0103 cu tat\u0103l lui \u0219i este lipsit de griji. Este, \u00eens\u0103, lipsit \u0219i de \u00eencrederea tat\u0103lui care \u00eenc\u0103 \u00eel trateaz\u0103 ca pe un copil, de\u0219i are o v\u00e2rst\u0103 respectabil\u0103.<\/p>\n<p>C\u00e2nd afl\u0103 c\u0103 problemele financiare ale p\u0103rintelui s\u0103u \u00eei pot da via\u021ba peste cap, Doren nu ezit\u0103 s\u0103 se arunce \u00een jungla urban\u0103 bucure\u0219tean\u0103 pentru a \u00eencerca s\u0103-i dovedeasc\u0103 acestuia c\u0103 este vrednic de numele pe care-l poart\u0103. \u00cei scap\u0103, \u00eens\u0103, cateva aspecte importante: nu \u0219tie nimic despre via\u021ba de ora\u0219, pentru c\u0103 a tr\u0103it \u00eentr-un castel rupt de civiliza\u021bie, iar planul s\u0103u e imposibil de realizat pe timpul zilei\u2026 pentru c\u0103 e vampir.<\/p>\n<\/div>\n","protected":false},"excerpt":{"rendered":"<p>Pachetul con\u021bine urm\u0103toarele c\u0103r\u021bi :<\/p>\n<ol>\n<li>Cartea \u201cJukai, \u00eentunericul deplin\u201d de Adrian Agache<\/li>\n<li>Cartea \u201cDoren, un ho\u021b neobi\u0219nuit\u201d de C\u0103t\u0103lin Ioni\u021b\u0103<\/li>\n<\/ol>\n","protected":false},"featured_media":16733,"template":"","meta":{"_acf_changed":false},"product_brand":[],"product_cat":[261],"product_tag":[311],"class_list":{"0":"post-16212","1":"product","2":"type-product","3":"status-publish","4":"has-post-thumbnail","6":"product_cat-pachete","7":"product_tag-pachete","8":"pa_autori-adriana-agache","9":"pa_autori-catalin-ionita","11":"first","12":"instock","13":"sale","14":"taxable","15":"shipping-taxable","16":"purchasable","17":"product-type-simple"},"acf":[],"aioseo_notices":[],"_links":{"self":[{"href":"https:\/\/www.storycraft.ro\/shop\/wp-json\/wp\/v2\/product\/16212","targetHints":{"allow":["GET"]}}],"collection":[{"href":"https:\/\/www.storycraft.ro\/shop\/wp-json\/wp\/v2\/product"}],"about":[{"href":"https:\/\/www.storycraft.ro\/shop\/wp-json\/wp\/v2\/types\/product"}],"wp:featuredmedia":[{"embeddable":true,"href":"https:\/\/www.storycraft.ro\/shop\/wp-json\/wp\/v2\/media\/16733"}],"wp:attachment":[{"href":"https:\/\/www.storycraft.ro\/shop\/wp-json\/wp\/v2\/media?parent=16212"}],"wp:term":[{"taxonomy":"product_brand","embeddable":true,"href":"https:\/\/www.storycraft.ro\/shop\/wp-json\/wp\/v2\/product_brand?post=16212"},{"taxonomy":"product_cat","embeddable":true,"href":"https:\/\/www.storycraft.ro\/shop\/wp-json\/wp\/v2\/product_cat?post=16212"},{"taxonomy":"product_tag","embeddable":true,"href":"https:\/\/www.storycraft.ro\/shop\/wp-json\/wp\/v2\/product_tag?post=16212"}],"curies":[{"name":"wp","href":"https:\/\/api.w.org\/{rel}","templated":true}]}}