{"id":16217,"date":"2023-09-01T08:52:22","date_gmt":"2023-09-01T05:52:22","guid":{"rendered":"https:\/\/www.storycraft.ro\/shop\/?post_type=product&#038;p=16217"},"modified":"2026-05-06T11:04:03","modified_gmt":"2026-05-06T08:04:03","slug":"1924-razboiul-care-a-tinut-trei-zile-liceul-13-inutilii-bastardul","status":"publish","type":"product","link":"https:\/\/www.storycraft.ro\/shop\/1924-razboiul-care-a-tinut-trei-zile-liceul-13-inutilii-bastardul\/","title":{"rendered":"1924 &#8211; R\u0103zboiul care a \u021binut trei zile + Liceul 13 + Inutilii + Bastardul"},"content":{"rendered":"<p>Pachetul con\u021bine urm\u0103toarele c\u0103r\u021bi :<\/p>\n<ol>\n<li>Cartea \u201c1924 &#8211; R\u0103zboiul care a \u021binut trei zile\u201d de Andrei \u021aig\u0103na\u0219<\/li>\n<li>Cartea \u201cLiceul 13\u201d de Radu Octavian<\/li>\n<li>Cartea \u201cInutilii\u201d de Cornelia Voiculescu<\/li>\n<li>Cartea \u201eBastardul\u201d de Daniel Z\u0103rnescu<\/li>\n<\/ol>\n<hr \/>\n<h3><strong>Cartea \u201c1924 &#8211; R\u0103zboiul care a \u021binut trei zile\u201d de Andrei \u021aig\u0103na\u0219<\/strong><\/h3>\n<ul>\n<li><strong>Genul:<\/strong> Thriller, Fic\u021biune istoric\u0103<\/li>\n<li><strong>Editura:<\/strong>\u00a0StoryCraft Publishing<\/li>\n<li><strong>Cod ISBN:<\/strong> 978-606-95651-6-2<\/li>\n<li><strong>Format:<\/strong>\u00a019,5 * 12,5 cm<\/li>\n<li><strong>Coperta:<\/strong>\u00a0bro\u0219at\u0103<\/li>\n<li><strong>Nr. pagini la interior:<\/strong> 282<\/li>\n<\/ul>\n<p>Iustin Batisceff, cel mai mic dintre cei trei b\u0103ieti ai unei v\u0103duve de origine rus\u0103 din Basarabia, este cunoscut ca fiind scandalagiu, batau\u0219 \u0219i cu un simt al dreptatii foarte dezvoltat. Se bate prin birtul satului frecvent, nu ezita sa pedepseasca exemplar copiii mai mari din sat, atunci cand sunt rai cu cei mici, iar cand vine vorba de familie, nu ezita sa isi caute singur dreptatea cu pumnul.<\/p>\n<p>Intr-una dintre zile primeste un ravas de la Andrei Kliushnikov, comisar politic venit de peste Prut cu gandul de a agita apele si de a forta o dezlipire a Basarabiei de regatul Romaniei. Cand ajunge fata in fata cu Nenin si este invitat a se alatura revoltei, Iustin simte o fascinatie inexplicabila fata de liderul ei. Totul insa se precipita, in momentul in care i se da o pusca in mana si i se cere sa il omoare pe primarul satului, ca sa faca dovada loialitatii lui.<\/p>\n<hr \/>\n<h3><strong>Liceul 13\u201d<\/strong>\u00a0de Radu Octavian<\/h3>\n<ul>\n<li><strong>Genul:<\/strong>\u00a0Horror, Paranormal<\/li>\n<li><strong>Editura:<\/strong>\u00a0StoryCraft Publishing<\/li>\n<li><strong>Cod ISBN:<\/strong>\u00a0978-606-95057-6-2<\/li>\n<li><strong>Format:<\/strong>\u00a019 * 12 cm<\/li>\n<li><strong>Coperta:<\/strong>\u00a0bro\u0219at\u0103<\/li>\n<li><strong>Nr. pagini la interior:<\/strong>\u00a0324<\/li>\n<\/ul>\n<p>\u00centr-o noapte de iarn\u0103, Maria Stanciu, elev\u0103 \u00een clasa a XII-a A a Colegiului Na\u021bional \u201cScarlat Demetrescu\u201d, se sinucide arunc\u00e2ndu-se \u00een fa\u021ba unui tren.\u2028Vlad Dinu, colegul de clasa al Mariei, ajunge \u00een posesia jurnalului fetei \u0219i dezvolt\u0103 o curiozitate puternic\u0103 fa\u021b\u0103 de motivul din spatele gestului ei. \u00cen cur\u00e2nd, \u00eens\u0103, un lan\u021b de mor\u021bi \u00eenfior\u0103toare, aparent accidentale, \u00eei vizeaz\u0103, unul c\u00e2te unul, pe fo\u0219tii ei colegi.\u2028Vlad ajunge s\u0103 fie prins \u00eentr-un joc periculos, \u00een care trebuie s\u0103 afle cine este criminalul, \u00eenainte ca acesta s\u0103 ajung\u0103 la el \u0219i la restul colegilor lui. \u00cens\u0103 \u0219ocul absolut \u00eel are \u00een momentul \u00een care observ\u0103 c\u0103 toate indiciile duc spre\u2026 Maria Stanciu.<\/p>\n<hr \/>\n<h3><strong>\u201cInutilii\u201d\u00a0<\/strong>de Cornelia Voiculescu<\/h3>\n<ul>\n<li><b>Genul:<\/b>\u00a0Distopie<\/li>\n<li><b>Editura:<\/b>\u00a0StoryCraft Publishing<\/li>\n<li><b>Cod ISBN:<\/b>\u00a0978-606-9505-72-4<\/li>\n<li><strong>Format:<\/strong>\u00a020 * 13 cm<\/li>\n<li><b>Coperta:<\/b>\u00a0bro\u0219at\u0103<\/li>\n<li><strong>Nr. pagini la interior:<\/strong>\u00a0320<\/li>\n<\/ul>\n<div class=\"woocommerce-product-details__short-description\">\n<p>Inutilii, cartea de debut a Corneliei Voiculescu, este o distopie terifiant\u0103, prin implica\u021biile morale pe care le propune. \u00centr-o societate postapocaliptic\u0103 de dup\u0103 Al III-lea R\u0103zboi Mondial, care a distrus mare parte din planet\u0103, resursele sunt extrem de limitate. Din cauza asta, cei considera\u021bi \u201cinutili\u201d (b\u0103tr\u00e2nii de peste 70 de ani, persoanele cu handicap sau cu boli terminale) sunt sacrifica\u021bi de c\u0103tre adolescen\u021bi, \u00eentr-un \u201cRitual de Primenire\u201d prin care ace\u0219tia \u00ee\u0219i ob\u021bin statutul de adul\u021bi.<\/p>\n<p>Bjorn Anderson, care abia a \u00eemplinit 16 ani, se afl\u0103 \u00een fa\u021ba celei mai grele \u00eencerc\u0103ri din via\u021ba lui: va trebui s\u0103 \u00ee\u0219i sacrifice bunicul, fa\u021b\u0103 de care are o leg\u0103tur\u0103 emo\u021bional\u0103 puternic\u0103, sub pretextul acestui ritual.<\/p>\n<hr \/>\n<h3><span style=\"color: #000000;\"><strong>Cartea \u201cBastardul\u201d, de Daniel Z\u0103rnescu<\/strong><\/span><\/h3>\n<ul>\n<li>\n<div><span style=\"color: #000000;\"><b>Cod ISBN:<\/b>\u00a0978-606-8655-63-5<\/span><\/div>\n<\/li>\n<li>\n<div><span style=\"color: #000000;\"><b>Categoria:<\/b>\u00a0Beletristic\u0103, Fic\u021biune istoric\u0103<\/span><\/div>\n<\/li>\n<li>\n<div><span style=\"color: #000000;\"><b>Editura:<\/b>\u00a0Stepout Publishing House<\/span><\/div>\n<\/li>\n<li>\n<div><span style=\"color: #000000;\"><b>Colectie:<\/b>\u00a0Ghiozdanul cu c\u0103r\u021bi<\/span><\/div>\n<\/li>\n<li>\n<div><span style=\"color: #000000;\"><b>Coperta:<\/b>\u00a0bro\u0219at\u0103<\/span><\/div>\n<\/li>\n<li>\n<div><span style=\"color: #000000;\"><strong>Format:<\/strong>\u00a020 * 13 cm<\/span><\/div>\n<\/li>\n<li>\n<div><span style=\"color: #000000;\"><strong>Nr. pagini la interior:<\/strong>\u00a0304<\/span><\/div>\n<\/li>\n<\/ul>\n<div><span style=\"color: #000000;\"><em>C\u00e2teodat\u0103, c\u00e2nd te afli \u00een mijlocul b\u0103t\u0103liei, mintea \u00ee\u021bi joac\u0103 feste \u0219i iei decizii necugetate. Deja linia noastr\u0103 era format\u0103 din jum\u0103tate de centurie, ca num\u0103r, iar el \u2013 un singur c\u0103l\u0103re\u021b cu calul lui. \u0218i venea direct c\u0103tre noi. C\u0103tre mine! Am l\u0103sat scutul jos.<\/em><\/span><\/div>\n<div><\/div>\n<div><span style=\"color: #000000;\"><em>\u201cSoldaaaat!\u201d, s-a auzit vocea disperat\u0103 a lui Flavius, din spatele meu. \u201cCe faci? Scutul sus! \u021aine linia!\u201d<\/em><\/span><\/div>\n<div><\/div>\n<div><span style=\"color: #000000;\"><em>Atunci m-a recunoscut, pentru c\u0103 i-am sim\u021bit nervii p\u00e2n\u0103 \u00een spatele urechilor. Dac\u0103 ar fi fost l\u00e2ng\u0103 mine, m-ar fi sf\u00e2\u0219iat cu m\u00e2inile goale.<\/em><\/span><\/div>\n<div><\/div>\n<div><span style=\"color: #000000;\"><em>\u201cTiberiuuuuus! Mi\u0219c\u0103-\u021bi curul \u00eenapoi \u0219i \u021bine linia! E <\/em><\/span><span style=\"color: #000000;\"><em>un ordin!\u201d<\/em><\/span><\/div>\n<div><\/div>\n<div><span style=\"color: #000000;\">***<\/span><\/div>\n<div><\/div>\n<div><span style=\"color: #000000;\">Suntem pe teritoriul Celor Trei Dacii, tres Daciae, in anul 270 d.Hr. Imparatul Aurelian, proaspat numit pe tron, decide sa ii urmareasca pe tervingi si pe infamul lor lider, Cannabaudes, dincolo de Dunare.<\/span><\/div>\n<div><\/div>\n<div><span style=\"color: #000000;\">Scopul este sa ii goneasca o data pentru totdeauna din propriul teritoriu, ca sa se poata concentra pe lucrurile cu adevarat importante.<\/span><\/div>\n<div><\/div>\n<div><span style=\"color: #000000;\">Imperiul este pe marginea prapastiei. La nord: Britannia, Gallia si Hispania s-au desprins de Roma si au format Imperiul Galic. La est: Siria, Palestina si Egipt au format si ele Imperiul de la Palmira.<\/span><\/div>\n<div><\/div>\n<div><span style=\"color: #000000;\">Trei imperii, trei imparati. Ce se intampla in Dacia va duce la renasterea Romei sau la disparitia ei.<\/span><\/div>\n<\/div>\n","protected":false},"excerpt":{"rendered":"<p>Pachetul con\u021bine urm\u0103toarele c\u0103r\u021bi :<\/p>\n<ol>\n<li>Cartea \u201c1924 &#8211; R\u0103zboiul care a \u021binut trei zile\u201d de Andrei \u021aig\u0103na\u0219<\/li>\n<li>Cartea \u201cLiceul 13\u201d de Radu Octavian<\/li>\n<li>Cartea \u201cInutilii\u201d de Cornelia Voiculescu<\/li>\n<li>Cartea \u201eBastardul\u201d de Daniel Z\u0103rnescu<\/li>\n<\/ol>\n","protected":false},"featured_media":16215,"template":"","meta":{"_acf_changed":false},"product_brand":[],"product_cat":[261],"product_tag":[311],"class_list":{"0":"post-16217","1":"product","2":"type-product","3":"status-publish","4":"has-post-thumbnail","6":"product_cat-pachete","7":"product_tag-pachete","8":"pa_autori-andrei-tiganas","9":"pa_autori-cornelia-voiculescu","10":"pa_autori-daniel-zarnescu","11":"pa_autori-radu-octavian","13":"first","14":"instock","15":"sale","16":"taxable","17":"shipping-taxable","18":"purchasable","19":"product-type-simple"},"acf":[],"aioseo_notices":[],"_links":{"self":[{"href":"https:\/\/www.storycraft.ro\/shop\/wp-json\/wp\/v2\/product\/16217","targetHints":{"allow":["GET"]}}],"collection":[{"href":"https:\/\/www.storycraft.ro\/shop\/wp-json\/wp\/v2\/product"}],"about":[{"href":"https:\/\/www.storycraft.ro\/shop\/wp-json\/wp\/v2\/types\/product"}],"wp:featuredmedia":[{"embeddable":true,"href":"https:\/\/www.storycraft.ro\/shop\/wp-json\/wp\/v2\/media\/16215"}],"wp:attachment":[{"href":"https:\/\/www.storycraft.ro\/shop\/wp-json\/wp\/v2\/media?parent=16217"}],"wp:term":[{"taxonomy":"product_brand","embeddable":true,"href":"https:\/\/www.storycraft.ro\/shop\/wp-json\/wp\/v2\/product_brand?post=16217"},{"taxonomy":"product_cat","embeddable":true,"href":"https:\/\/www.storycraft.ro\/shop\/wp-json\/wp\/v2\/product_cat?post=16217"},{"taxonomy":"product_tag","embeddable":true,"href":"https:\/\/www.storycraft.ro\/shop\/wp-json\/wp\/v2\/product_tag?post=16217"}],"curies":[{"name":"wp","href":"https:\/\/api.w.org\/{rel}","templated":true}]}}