{"id":16736,"date":"2023-09-28T21:32:39","date_gmt":"2023-09-28T18:32:39","guid":{"rendered":"https:\/\/www.storycraft.ro\/shop\/?post_type=product&#038;p=16736"},"modified":"2026-05-06T11:04:02","modified_gmt":"2026-05-06T08:04:02","slug":"jukai-intunericul-deplin-sapte-porti-liceul-13","status":"publish","type":"product","link":"https:\/\/www.storycraft.ro\/shop\/jukai-intunericul-deplin-sapte-porti-liceul-13\/","title":{"rendered":"Jukai, \u00eentunericul deplin + \u0218apte Por\u021bi + Liceul 13"},"content":{"rendered":"<p>Pachetul con\u021bine urm\u0103toarele c\u0103r\u021bi :<\/p>\n<ol>\n<li>Cartea \u201cJukai, \u00eentunericul deplin\u201d de Adrian Agache<\/li>\n<li>Cartea \u201c\u0218apte Por\u021bi\u201d de Radu Octavian<\/li>\n<li>Cartea \u201cLiceul 13\u201d de Radu Octavian<\/li>\n<\/ol>\n<hr \/>\n<h3><strong>Cartea \u201cJukai, \u00eentunericul deplin\u201d de <\/strong><strong>Adriana Agache<\/strong><strong>:<\/strong><\/h3>\n<ul>\n<li><strong>Genul:<\/strong>\u00a0Horror, Paranormal<\/li>\n<li><strong>Editura:<\/strong>\u00a0StoryCraft Publishing<\/li>\n<li><strong>Cod ISBN:<\/strong>\u00a0978-606-95651-4-8<\/li>\n<li><strong>Format:<\/strong>\u00a012,5 * 19,5 cm<\/li>\n<li><strong>Coperta:<\/strong>\u00a0bro\u0219at\u0103<\/li>\n<li><strong>Nr. pagini la interior:<\/strong>\u00a0420<\/li>\n<\/ul>\n<div class=\"woocommerce-product-details__short-description\">\n<p>Ultimul an din via\u021ba lui Yuki Harada a fost un adev\u0103rat co\u0219mar. Parintii ei au divortat, a trebuit sa se mute din ora\u0219ul ei natal, iar sora ei mai mare, idolul ei \u0219i singura persoana \u00een care avea \u00eencredere, a disp\u0103rut f\u0103r\u0103 urm\u0103. Cand un coleg de clasa ii propune o excursie \u00een Aokigahara, padurea sinucigasilor, Yuki decide sa mearga sa isi caute sora, sperand din tot sufletul ca o va g\u0103si \u00een via\u021ba. Doar ca, la fel ca Yuki, padurea are propriile ei secrete.<\/p>\n<\/div>\n<hr \/>\n<h3><strong>Liceul 13\u201d<\/strong> de Radu Octavian<\/h3>\n<ul>\n<li><strong>Genul:<\/strong> Horror, Paranormal<\/li>\n<li><strong>Editura:<\/strong>\u00a0StoryCraft Publishing<\/li>\n<li><strong>Cod ISBN:<\/strong> 978-606-95057-6-2<\/li>\n<li><strong>Format:<\/strong> 19 * 12 cm<\/li>\n<li><strong>Coperta:<\/strong>\u00a0bro\u0219at\u0103<\/li>\n<li><strong>Nr. pagini la interior:<\/strong> 324<\/li>\n<\/ul>\n<p>\u00centr-o noapte de iarn\u0103, Maria Stanciu, elev\u0103 \u00een clasa a XII-a A a Colegiului Na\u021bional \u201cScarlat Demetrescu\u201d, se sinucide arunc\u00e2ndu-se \u00een fa\u021ba unui tren. Vlad Dinu, colegul de clasa al Mariei, ajunge \u00een posesia jurnalului fetei \u0219i dezvolt\u0103 o curiozitate puternic\u0103 fa\u021b\u0103 de motivul din spatele gestului ei. \u00cen cur\u00e2nd, \u00eens\u0103, un lan\u021b de mor\u021bi \u00eenfior\u0103toare, aparent accidentale, \u00eei vizeaz\u0103, unul c\u00e2te unul, pe fo\u0219tii ei colegi. Vlad ajunge s\u0103 fie prins \u00eentr-un joc periculos, \u00een care trebuie s\u0103 afle cine este criminalul, \u00eenainte ca acesta s\u0103 ajung\u0103 la el \u0219i la restul colegilor lui. \u00cens\u0103 \u0219ocul absolut \u00eel are \u00een momentul \u00een care observ\u0103 c\u0103 toate indiciile duc spre\u2026 Maria Stanciu.<\/p>\n<hr \/>\n<p><strong>Cartea \u201c\u0218apte Por\u021bi\u201d<\/strong><\/p>\n<ul>\n<li><b>Cod ISBN:<\/b>\u00a0978-606-9505-70-0<\/li>\n<li><b>Genul:<\/b>\u00a0Fantasy, Dark Fiction<\/li>\n<li><b>Editura:<\/b>\u00a0StoryCraft Publishing<\/li>\n<li><b>Coperta:<\/b>\u00a0bro\u0219at\u0103<\/li>\n<li><strong>Format:<\/strong>\u00a020 * 13 cm<\/li>\n<li><strong>Nr. pagini la interior:<\/strong>\u00a0256<\/li>\n<\/ul>\n<p>Jayden Wiker, un t\u00e2n\u0103r student de 22 de ani, b\u0103iat de bani gata dintr-o familie disfunc\u021bional\u0103, considerat de profesorii s\u0103i unul dintre cei mai de\u0219tep\u021bi elevi din district, ajunge obsedat de ideea de a deveni supraom.<\/p>\n<p>Adus la disperare de inutilitatea \u00eencerc\u0103rilor lui, intr\u0103 \u00een contact cu un individ misterios, pe nume Randall Blackwell, care \u00eei ofer\u0103 o unealt\u0103 cu care poate conjura demoni. Astfel, ajunge s\u0103 interac\u021bioneze cu o entitate care pare s\u0103 aib\u0103 inten\u021bii malefice.<\/p>\n","protected":false},"excerpt":{"rendered":"<p>Pachetul con\u021bine urm\u0103toarele c\u0103r\u021bi :<\/p>\n<ol>\n<li>Cartea \u201cJukai, \u00eentunericul deplin\u201d de Adrian Agache<\/li>\n<li>Cartea \u201c\u0218apte Por\u021bi\u201d de Radu Octavian<\/li>\n<li>Cartea \u201cLiceul 13\u201d de Radu Octavian<\/li>\n<li style=\"list-style-type: none;\"><\/li>\n<\/ol>\n","protected":false},"featured_media":16735,"template":"","meta":{"_acf_changed":false},"product_brand":[],"product_cat":[261],"product_tag":[311],"class_list":{"0":"post-16736","1":"product","2":"type-product","3":"status-publish","4":"has-post-thumbnail","6":"product_cat-pachete","7":"product_tag-pachete","8":"pa_autori-adriana-agache","9":"pa_autori-radu-octavian","11":"first","12":"instock","13":"sale","14":"taxable","15":"shipping-taxable","16":"purchasable","17":"product-type-simple"},"acf":[],"aioseo_notices":[],"_links":{"self":[{"href":"https:\/\/www.storycraft.ro\/shop\/wp-json\/wp\/v2\/product\/16736","targetHints":{"allow":["GET"]}}],"collection":[{"href":"https:\/\/www.storycraft.ro\/shop\/wp-json\/wp\/v2\/product"}],"about":[{"href":"https:\/\/www.storycraft.ro\/shop\/wp-json\/wp\/v2\/types\/product"}],"wp:featuredmedia":[{"embeddable":true,"href":"https:\/\/www.storycraft.ro\/shop\/wp-json\/wp\/v2\/media\/16735"}],"wp:attachment":[{"href":"https:\/\/www.storycraft.ro\/shop\/wp-json\/wp\/v2\/media?parent=16736"}],"wp:term":[{"taxonomy":"product_brand","embeddable":true,"href":"https:\/\/www.storycraft.ro\/shop\/wp-json\/wp\/v2\/product_brand?post=16736"},{"taxonomy":"product_cat","embeddable":true,"href":"https:\/\/www.storycraft.ro\/shop\/wp-json\/wp\/v2\/product_cat?post=16736"},{"taxonomy":"product_tag","embeddable":true,"href":"https:\/\/www.storycraft.ro\/shop\/wp-json\/wp\/v2\/product_tag?post=16736"}],"curies":[{"name":"wp","href":"https:\/\/api.w.org\/{rel}","templated":true}]}}