{"id":16748,"date":"2023-09-29T12:12:41","date_gmt":"2023-09-29T09:12:41","guid":{"rendered":"https:\/\/www.storycraft.ro\/shop\/?post_type=product&#038;p=16748"},"modified":"2026-05-06T11:04:01","modified_gmt":"2026-05-06T08:04:01","slug":"jukai-intunericul-deplin-fata-cu-val-albastru-inutilii-liceul-13","status":"publish","type":"product","link":"https:\/\/www.storycraft.ro\/shop\/jukai-intunericul-deplin-fata-cu-val-albastru-inutilii-liceul-13\/","title":{"rendered":"Jukai, \u00eentunericul deplin + Fata cu v\u0103l albastru + Inutilii + Liceul 13"},"content":{"rendered":"<p>Pachetul con\u021bine urm\u0103toarele c\u0103r\u021bi :<\/p>\n<ol>\n<li>Cartea \u201cJukai, \u00eentunericul deplin\u201d de Adrian Agache<\/li>\n<li>Cartea \u201cFata cu v\u0103l albastru&#8221; de \u0218tefan Chels\u0103u<\/li>\n<li>Cartea \u201cLiceul 13\u201d de Radu Octavian<\/li>\n<li>Cartea &#8220;Inutilii&#8221; de Cornelia Voiculescu<\/li>\n<\/ol>\n<hr \/>\n<h3><strong>Cartea \u201cJukai, \u00eentunericul deplin\u201d de <\/strong><strong>Adriana Agache<\/strong><strong>:<\/strong><\/h3>\n<ul>\n<li><strong>Genul:<\/strong>\u00a0Horror, Paranormal<\/li>\n<li><strong>Editura:<\/strong>\u00a0StoryCraft Publishing<\/li>\n<li><strong>Cod ISBN:<\/strong>\u00a0978-606-95651-4-8<\/li>\n<li><strong>Format:<\/strong>\u00a012,5 * 19,5 cm<\/li>\n<li><strong>Coperta:<\/strong>\u00a0bro\u0219at\u0103<\/li>\n<li><strong>Nr. pagini la interior:<\/strong>\u00a0420<\/li>\n<\/ul>\n<div class=\"woocommerce-product-details__short-description\">\n<p>Ultimul an din via\u021ba lui Yuki Harada a fost un adev\u0103rat co\u0219mar. Parintii ei au divortat, a trebuit sa se mute din ora\u0219ul ei natal, iar sora ei mai mare, idolul ei \u0219i singura persoana \u00een care avea \u00eencredere, a disp\u0103rut f\u0103r\u0103 urm\u0103. Cand un coleg de clasa ii propune o excursie \u00een Aokigahara, padurea sinucigasilor, Yuki decide sa mearga sa isi caute sora, sperand din tot sufletul ca o va g\u0103si \u00een via\u021ba. Doar ca, la fel ca Yuki, padurea are propriile ei secrete.<\/p>\n<\/div>\n<hr \/>\n<h3><strong>\u201cInutilii\u201d\u00a0<\/strong>de Cornelia Voiculescu<\/h3>\n<ul>\n<li><b>Genul:<\/b>\u00a0Distopie<\/li>\n<li><b>Editura:<\/b>\u00a0StoryCraft Publishing<\/li>\n<li><b>Cod ISBN:<\/b>\u00a0978-606-9505-72-4<\/li>\n<li><strong>Format:<\/strong>\u00a020 * 13 cm<\/li>\n<li><b>Coperta:<\/b>\u00a0bro\u0219at\u0103<\/li>\n<li><strong>Nr. pagini la interior:<\/strong>\u00a0320<\/li>\n<\/ul>\n<div class=\"woocommerce-product-details__short-description\">\n<p>Inutilii, cartea de debut a Corneliei Voiculescu, este o distopie terifiant\u0103, prin implica\u021biile morale pe care le propune. \u00centr-o societate postapocaliptic\u0103 de dup\u0103 Al III-lea R\u0103zboi Mondial, care a distrus mare parte din planet\u0103, resursele sunt extrem de limitate. Din cauza asta, cei considera\u021bi \u201cinutili\u201d (b\u0103tr\u00e2nii de peste 70 de ani, persoanele cu handicap sau cu boli terminale) sunt sacrifica\u021bi de c\u0103tre adolescen\u021bi, \u00eentr-un \u201cRitual de Primenire\u201d prin care ace\u0219tia \u00ee\u0219i ob\u021bin statutul de adul\u021bi.<\/p>\n<p>Bjorn Anderson, care abia a \u00eemplinit 16 ani, se afl\u0103 \u00een fa\u021ba celei mai grele \u00eencerc\u0103ri din via\u021ba lui: va trebui s\u0103 \u00ee\u0219i sacrifice bunicul, fa\u021b\u0103 de care are o leg\u0103tur\u0103 emo\u021bional\u0103 puternic\u0103, sub pretextul acestui ritual.<\/p>\n<hr \/>\n<\/div>\n<h3><strong>Cartea \u201c<\/strong><strong>Liceul 13\u201d<\/strong> de Radu Octavian<\/h3>\n<ul>\n<li><strong>Genul:<\/strong> Horror, Paranormal<\/li>\n<li><strong>Editura:<\/strong>\u00a0StoryCraft Publishing<\/li>\n<li><strong>Cod ISBN:<\/strong> 978-606-95057-6-2<\/li>\n<li><strong>Format:<\/strong> 19 * 12 cm<\/li>\n<li><strong>Coperta:<\/strong>\u00a0bro\u0219at\u0103<\/li>\n<li><strong>Nr. pagini la interior:<\/strong> 324<\/li>\n<\/ul>\n<p>\u00centr-o noapte de iarn\u0103, Maria Stanciu, elev\u0103 \u00een clasa a XII-a A a Colegiului Na\u021bional \u201cScarlat Demetrescu\u201d, se sinucide arunc\u00e2ndu-se \u00een fa\u021ba unui tren. Vlad Dinu, colegul de clasa al Mariei, ajunge \u00een posesia jurnalului fetei \u0219i dezvolt\u0103 o curiozitate puternic\u0103 fa\u021b\u0103 de motivul din spatele gestului ei. \u00cen cur\u00e2nd, \u00eens\u0103, un lan\u021b de mor\u021bi \u00eenfior\u0103toare, aparent accidentale, \u00eei vizeaz\u0103, unul c\u00e2te unul, pe fo\u0219tii ei colegi. Vlad ajunge s\u0103 fie prins \u00eentr-un joc periculos, \u00een care trebuie s\u0103 afle cine este criminalul, \u00eenainte ca acesta s\u0103 ajung\u0103 la el \u0219i la restul colegilor lui. \u00cens\u0103 \u0219ocul absolut \u00eel are \u00een momentul \u00een care observ\u0103 c\u0103 toate indiciile duc spre\u2026 Maria Stanciu.<\/p>\n<hr \/>\n<h3><strong>Cartea \u201cFata cu v\u0103l albastru\u201d de \u0218tefana Chels\u0103u:<\/strong><\/h3>\n<ul>\n<li><strong>Genul:<\/strong>\u00a0Fic\u021biune realist\u0103, Family Saga<\/li>\n<li><strong>Editura:<\/strong>\u00a0StoryCraft Publishing<\/li>\n<li><strong>Cod ISBN:<\/strong>\u00a0<small>978-606-95651-3-1<\/small><\/li>\n<li><strong>Format:<\/strong>\u00a012,5 * 19,5 cm<\/li>\n<li><strong>Coperta:<\/strong>\u00a0bro\u0219at\u0103<\/li>\n<li><strong>Nr. pagini la interior:<\/strong>\u00a0270<\/li>\n<\/ul>\n<div class=\"woocommerce-product-details__short-description\">\n<p>Aisha tr\u0103ie\u0219te \u00eentr-o familie musulman\u0103 strict\u0103, unde obsesiile, regulile extreme \u0219i abuzurile tat\u0103lui ei fac parte din cotidian. Dorin\u021ba de a se elibera de el devine cu at\u00e2t mai mare c\u00e2nd acesta o arunc\u0103 cu for\u021ba \u00eentr-o c\u0103s\u0103torie aranjat\u0103, cu un om pe care nu l-a v\u0103zut niciodat\u0103.<\/p>\n<p>C\u00e2nd \u00eent\u00e2lne\u0219te un b\u0103rbat care pare s\u0103 vin\u0103 din alt\u0103 lume, de care se \u00eendr\u0103goste\u0219te, Aisha e convins\u0103 c\u0103 e \u00een stare de orice pentru a-\u0219i c\u00e2\u0219tiga libertatea al\u0103turi de el. Afl\u0103, \u00eens\u0103, c\u0103 pre\u021bul pentru propria fericire poate fi moartea cuiva drag.<\/p>\n<\/div>\n","protected":false},"excerpt":{"rendered":"<p>Pachetul con\u021bine urm\u0103toarele c\u0103r\u021bi :<\/p>\n<ol>\n<li>Cartea \u201cJukai, \u00eentunericul deplin\u201d de Adrian Agache<\/li>\n<li>Cartea \u201cFata cu v\u0103l albastru&#8221; de \u0218tefan Chels\u0103u<\/li>\n<li>Cartea \u201cLiceul 13\u201d de Radu Octavian<\/li>\n<li>Cartea &#8220;Inutilii&#8221; de Cornelia Voiculescu<\/li>\n<\/ol>\n","protected":false},"featured_media":16734,"template":"","meta":{"_acf_changed":false},"product_brand":[],"product_cat":[261],"product_tag":[311],"class_list":{"0":"post-16748","1":"product","2":"type-product","3":"status-publish","4":"has-post-thumbnail","6":"product_cat-pachete","7":"product_tag-pachete","8":"pa_autori-adriana-agache","9":"pa_autori-cornelia-voiculescu","10":"pa_autori-radu-octavian","11":"pa_autori-stefana-chelsau","13":"first","14":"instock","15":"sale","16":"taxable","17":"shipping-taxable","18":"purchasable","19":"product-type-simple"},"acf":[],"aioseo_notices":[],"_links":{"self":[{"href":"https:\/\/www.storycraft.ro\/shop\/wp-json\/wp\/v2\/product\/16748","targetHints":{"allow":["GET"]}}],"collection":[{"href":"https:\/\/www.storycraft.ro\/shop\/wp-json\/wp\/v2\/product"}],"about":[{"href":"https:\/\/www.storycraft.ro\/shop\/wp-json\/wp\/v2\/types\/product"}],"wp:featuredmedia":[{"embeddable":true,"href":"https:\/\/www.storycraft.ro\/shop\/wp-json\/wp\/v2\/media\/16734"}],"wp:attachment":[{"href":"https:\/\/www.storycraft.ro\/shop\/wp-json\/wp\/v2\/media?parent=16748"}],"wp:term":[{"taxonomy":"product_brand","embeddable":true,"href":"https:\/\/www.storycraft.ro\/shop\/wp-json\/wp\/v2\/product_brand?post=16748"},{"taxonomy":"product_cat","embeddable":true,"href":"https:\/\/www.storycraft.ro\/shop\/wp-json\/wp\/v2\/product_cat?post=16748"},{"taxonomy":"product_tag","embeddable":true,"href":"https:\/\/www.storycraft.ro\/shop\/wp-json\/wp\/v2\/product_tag?post=16748"}],"curies":[{"name":"wp","href":"https:\/\/api.w.org\/{rel}","templated":true}]}}