{"id":17015,"date":"2023-10-17T08:53:51","date_gmt":"2023-10-17T05:53:51","guid":{"rendered":"https:\/\/www.storycraft.ro\/shop\/?post_type=product&#038;p=17015"},"modified":"2026-04-08T10:38:22","modified_gmt":"2026-04-08T07:38:22","slug":"fabrica-de-nori","status":"publish","type":"product","link":"https:\/\/www.storycraft.ro\/shop\/fabrica-de-nori\/","title":{"rendered":"Fabrica de nori"},"content":{"rendered":"<p><span style=\"color: #000000;\"><strong>Ola se bucur\u0103 din plin de via\u021ba ei lini\u0219tit\u0103 pe T\u0103r\u00e2mul P\u0103durii de Stejari<\/strong>. E un loc magic \u00een care toate animalele din p\u0103dure o iubesc, tat\u0103l s\u0103u ar face orice pentru ea, iar Tom, fr\u0103\u021biorul ei mereu pus pe \u0219otii, nu se dezlipe\u0219te de ea nici c\u00e2nd doarme.<\/span><\/p>\n<p><span style=\"color: #000000;\">\u00centr-o diminea\u021b\u0103, \u00eens\u0103, cei doi fra\u021bi se trezesc f\u0103r\u0103 tat\u0103l lor, care pare c\u0103 a disp\u0103rut f\u0103r\u0103 urm\u0103. Situa\u021bia se complic\u0103 \u0219i mai mult c\u00e2nd Tom este r\u0103pit de o vr\u0103jitoare rea din alt t\u0103r\u00e2m.<\/span><\/p>\n<p><span style=\"color: #000000;\"><strong>Cu sus\u021binerea \u00eentregii p\u0103duri, Ola \u00ee\u0219i ia inima \u00een din\u021bi<\/strong> \u0219i pleac\u0103 \u00een aventura vie\u021bii ei. Va merge pe T\u0103r\u00e2mul Pe\u0219terilor s\u0103 \u00ee\u0219i caute tat\u0103l \u0219i s\u0103-\u0219i scoat\u0103 fratele din ghearele vr\u0103jitoarei Kala.<\/span><\/p>\n","protected":false},"excerpt":{"rendered":"<ul>\n<li><span style=\"color: #000000;\"><strong>Genul:<\/strong> Fantasy, Fairy Tales<\/span><\/li>\n<li><span style=\"color: #000000;\"><strong>Editura:<\/strong>\u00a0StoryCraft Publishing<\/span><\/li>\n<li><span style=\"color: #000000;\"><strong>Cod ISBN:<\/strong> 978-606-95651-5-5<\/span><\/li>\n<li><span style=\"color: #000000;\"><strong>Format:<\/strong> 12,5 * 19,5 cm<\/span><\/li>\n<li><span style=\"color: #000000;\"><strong>Coperta:<\/strong>\u00a0bro\u0219at\u0103<\/span><\/li>\n<li><span style=\"color: #000000;\"><strong>Nr. pagini la interior:<\/strong> 294<\/span><\/li>\n<\/ul>\n<p>&nbsp;<\/p>\n","protected":false},"featured_media":17017,"template":"","meta":{"_acf_changed":false},"product_brand":[],"product_cat":[266],"product_tag":[312],"class_list":{"0":"post-17015","1":"product","2":"type-product","3":"status-publish","4":"has-post-thumbnail","6":"product_cat-fantasy","7":"product_tag-produse-individuale","8":"pa_autori-mirela-teodorescu","10":"first","11":"instock","12":"sale","13":"taxable","14":"shipping-taxable","15":"purchasable","16":"product-type-simple"},"acf":[],"aioseo_notices":[],"_links":{"self":[{"href":"https:\/\/www.storycraft.ro\/shop\/wp-json\/wp\/v2\/product\/17015","targetHints":{"allow":["GET"]}}],"collection":[{"href":"https:\/\/www.storycraft.ro\/shop\/wp-json\/wp\/v2\/product"}],"about":[{"href":"https:\/\/www.storycraft.ro\/shop\/wp-json\/wp\/v2\/types\/product"}],"wp:featuredmedia":[{"embeddable":true,"href":"https:\/\/www.storycraft.ro\/shop\/wp-json\/wp\/v2\/media\/17017"}],"wp:attachment":[{"href":"https:\/\/www.storycraft.ro\/shop\/wp-json\/wp\/v2\/media?parent=17015"}],"wp:term":[{"taxonomy":"product_brand","embeddable":true,"href":"https:\/\/www.storycraft.ro\/shop\/wp-json\/wp\/v2\/product_brand?post=17015"},{"taxonomy":"product_cat","embeddable":true,"href":"https:\/\/www.storycraft.ro\/shop\/wp-json\/wp\/v2\/product_cat?post=17015"},{"taxonomy":"product_tag","embeddable":true,"href":"https:\/\/www.storycraft.ro\/shop\/wp-json\/wp\/v2\/product_tag?post=17015"}],"curies":[{"name":"wp","href":"https:\/\/api.w.org\/{rel}","templated":true}]}}