{"id":17158,"date":"2023-10-23T08:29:28","date_gmt":"2023-10-23T05:29:28","guid":{"rendered":"https:\/\/www.storycraft.ro\/shop\/?post_type=product&#038;p=17158"},"modified":"2025-07-28T12:05:36","modified_gmt":"2025-07-28T09:05:36","slug":"fabrica-de-nori-fata-cu-val","status":"publish","type":"product","link":"https:\/\/www.storycraft.ro\/shop\/fabrica-de-nori-fata-cu-val\/","title":{"rendered":"Fabrica de nori + Fata cu v\u0103l"},"content":{"rendered":"<p>Pachetul con\u021bine urm\u0103toarele c\u0103r\u021bi :<\/p>\n<ol>\n<li>Cartea \u201cFabrica de nori\u201d de Mirela Teodorescu<\/li>\n<li>Cartea \u201cFata cu v\u0103l albastru&#8221; de \u0218tefana Chels\u0103u<\/li>\n<\/ol>\n<hr \/>\n<h3><strong>Cartea \u201cFabrica de nori\u201d de Mirela Teodorescu<\/strong><strong>:<\/strong><\/h3>\n<ul>\n<li><strong>Genul:<\/strong> Fantasy, Fairy Tales<\/li>\n<li><strong>Editura:<\/strong>\u00a0StoryCraft Publishing<\/li>\n<li><strong>Cod ISBN:<\/strong> 978-606-95651-5-5<\/li>\n<li><strong>Format:<\/strong>\u00a012,5 * 19,5 cm<\/li>\n<li><strong>Coperta:<\/strong>\u00a0bro\u0219at\u0103<\/li>\n<li><strong>Nr. pagini la interior:<\/strong> 294<\/li>\n<\/ul>\n<div class=\"woocommerce-product-details__short-description\">\n<p>Ola se bucur\u0103 din plin de via\u021ba ei lini\u0219tit\u0103 pe T\u0103r\u00e2mul P\u0103durii de Stejari. E un loc magic \u00een care toate animalele din p\u0103dure o iubesc, tat\u0103l s\u0103u ar face orice pentru ea, iar Tom, fr\u0103\u021biorul ei mereu pus pe \u0219otii, nu se dezlipe\u0219te de ea nici c\u00e2nd doarme. \u00centr-o diminea\u021b\u0103, \u00eens\u0103, cei doi fra\u021bi se trezesc f\u0103r\u0103 tat\u0103l lor, care pare c\u0103 a disp\u0103rut f\u0103r\u0103 urm\u0103. Situa\u021bia se complic\u0103 \u0219i mai mult c\u00e2nd Tom este r\u0103pit de o vr\u0103jitoare rea din alt t\u0103r\u00e2m. Cu sus\u021binerea \u00eentregii p\u0103duri, Ola \u00ee\u0219i ia inima \u00een din\u021bi \u0219i pleac\u0103 \u00een aventura vie\u021bii ei. Va merge pe T\u0103r\u00e2mul Pe\u0219terilor s\u0103 \u00ee\u0219i caute tat\u0103l \u0219i s\u0103-\u0219i scoat\u0103 fratele din ghearele vr\u0103jitoarei Kala.<\/p>\n<\/div>\n<hr \/>\n<h3><strong>Cartea \u201cFata cu v\u0103l albastru\u201d de \u0218tefana Chels\u0103u:<\/strong><\/h3>\n<ul>\n<li><strong>Genul:<\/strong>\u00a0Fic\u021biune realist\u0103, Family Saga<\/li>\n<li><strong>Editura:<\/strong>\u00a0StoryCraft Publishing<\/li>\n<li><strong>Cod ISBN:<\/strong>\u00a0<small>978-606-95651-3-1<\/small><\/li>\n<li><strong>Format:<\/strong>\u00a012,5 * 19,5 cm<\/li>\n<li><strong>Coperta:<\/strong>\u00a0bro\u0219at\u0103<\/li>\n<li><strong>Nr. pagini la interior:<\/strong>\u00a0270<\/li>\n<\/ul>\n<div class=\"woocommerce-product-details__short-description\">\n<p>Aisha tr\u0103ie\u0219te \u00eentr-o familie musulman\u0103 strict\u0103, unde obsesiile, regulile extreme \u0219i abuzurile tat\u0103lui ei fac parte din cotidian. Dorin\u021ba de a se elibera de el devine cu at\u00e2t mai mare c\u00e2nd acesta o arunc\u0103 cu for\u021ba \u00eentr-o c\u0103s\u0103torie aranjat\u0103, cu un om pe care nu l-a v\u0103zut niciodat\u0103.<\/p>\n<p>C\u00e2nd \u00eent\u00e2lne\u0219te un b\u0103rbat care pare s\u0103 vin\u0103 din alt\u0103 lume, de care se \u00eendr\u0103goste\u0219te, Aisha e convins\u0103 c\u0103 e \u00een stare de orice pentru a-\u0219i c\u00e2\u0219tiga libertatea al\u0103turi de el. Afl\u0103, \u00eens\u0103, c\u0103 pre\u021bul pentru propria fericire poate fi moartea cuiva drag.<\/p>\n<\/div>\n","protected":false},"excerpt":{"rendered":"<p>Pachetul con\u021bine urm\u0103toarele c\u0103r\u021bi :<\/p>\n<ol>\n<li>Cartea \u201cFabrica de nori\u201d de Mirela Teodorescu<\/li>\n<li>Cartea \u201cFata cu v\u0103l albastru&#8221; de \u0218tefana Chels\u0103u<\/li>\n<\/ol>\n","protected":false},"featured_media":17161,"template":"","meta":{"_acf_changed":false},"product_brand":[],"product_cat":[261],"product_tag":[311],"class_list":{"0":"post-17158","1":"product","2":"type-product","3":"status-publish","4":"has-post-thumbnail","6":"product_cat-pachete","7":"product_tag-pachete","8":"pa_autori-mirela-teodorescu","9":"pa_autori-stefana-chelsau","11":"first","12":"instock","13":"sale","14":"taxable","15":"shipping-taxable","16":"purchasable","17":"product-type-simple"},"acf":[],"aioseo_notices":[],"_links":{"self":[{"href":"https:\/\/www.storycraft.ro\/shop\/wp-json\/wp\/v2\/product\/17158","targetHints":{"allow":["GET"]}}],"collection":[{"href":"https:\/\/www.storycraft.ro\/shop\/wp-json\/wp\/v2\/product"}],"about":[{"href":"https:\/\/www.storycraft.ro\/shop\/wp-json\/wp\/v2\/types\/product"}],"wp:featuredmedia":[{"embeddable":true,"href":"https:\/\/www.storycraft.ro\/shop\/wp-json\/wp\/v2\/media\/17161"}],"wp:attachment":[{"href":"https:\/\/www.storycraft.ro\/shop\/wp-json\/wp\/v2\/media?parent=17158"}],"wp:term":[{"taxonomy":"product_brand","embeddable":true,"href":"https:\/\/www.storycraft.ro\/shop\/wp-json\/wp\/v2\/product_brand?post=17158"},{"taxonomy":"product_cat","embeddable":true,"href":"https:\/\/www.storycraft.ro\/shop\/wp-json\/wp\/v2\/product_cat?post=17158"},{"taxonomy":"product_tag","embeddable":true,"href":"https:\/\/www.storycraft.ro\/shop\/wp-json\/wp\/v2\/product_tag?post=17158"}],"curies":[{"name":"wp","href":"https:\/\/api.w.org\/{rel}","templated":true}]}}