{"id":17571,"date":"2023-11-14T22:11:15","date_gmt":"2023-11-14T20:11:15","guid":{"rendered":"https:\/\/www.storycraft.ro\/shop\/?post_type=product&#038;p=17571"},"modified":"2026-04-08T10:36:25","modified_gmt":"2026-04-08T07:36:25","slug":"dezvoltare-personala","status":"publish","type":"product","link":"https:\/\/www.storycraft.ro\/shop\/dezvoltare-personala\/","title":{"rendered":"Dezvoltare personal\u0103"},"content":{"rendered":"<p><span style=\"color: #000000;\"><strong>Johann Strauss simte c\u0103 este f\u0103cut pentru mai mult<\/strong>. Este agent imobiliar, cu un venit bunicel, dar nu suficient c\u00e2t s\u0103 asigure o via\u021b\u0103 confortabil\u0103 so\u021biei \u0219i fiicei cu handicap mintal grav.<\/span><\/p>\n<p><span style=\"color: #000000;\">C\u00e2nd \u0219eful s\u0103u \u00eel trimite la un curs de dezvoltare personal\u0103 pentru a-\u0219i \u00eembun\u0103t\u0103\u021bi aptitudinile de v\u00e2nz\u0103tor, este fascinat de personalitatea trainerului Doru Mare\u0219, pe care \u00eel ia ca mentor.<\/span><\/p>\n<p><span style=\"color: #000000;\"><strong>\u00cenv\u0103\u021b\u00e2nd tehnici de manipulare \u0219i uit\u00e2nd de orice busol\u0103 moral\u0103<\/strong>, Johann urc\u0103 repede pe scara social\u0103. Numai c\u0103 pre\u021bul pentru ascensiunea sa devine din ce \u00een ce mai mare\u2026<\/span><\/p>\n","protected":false},"excerpt":{"rendered":"<p>\u201dDezvoltare personal\u0103\u201d: <span style=\"color: #000000;\"><strong>Johann Strauss simte c\u0103 este f\u0103cut pentru mai mult<\/strong>. Este agent imobiliar, cu un venit bunicel, dar nu suficient c\u00e2t s\u0103 asigure o via\u021b\u0103 confortabil\u0103 so\u021biei \u0219i fiicei cu handicap mintal grav.<\/span><\/p>\n","protected":false},"featured_media":27203,"template":"","meta":{"_acf_changed":false},"product_brand":[],"product_cat":[281],"product_tag":[312],"class_list":{"0":"post-17571","1":"product","2":"type-product","3":"status-publish","4":"has-post-thumbnail","6":"product_cat-contemporan","7":"product_tag-produse-individuale","8":"pa_autori-cornelia-voiculescu","10":"first","11":"instock","12":"sale","13":"taxable","14":"shipping-taxable","15":"purchasable","16":"product-type-simple"},"acf":[],"aioseo_notices":[],"_links":{"self":[{"href":"https:\/\/www.storycraft.ro\/shop\/wp-json\/wp\/v2\/product\/17571","targetHints":{"allow":["GET"]}}],"collection":[{"href":"https:\/\/www.storycraft.ro\/shop\/wp-json\/wp\/v2\/product"}],"about":[{"href":"https:\/\/www.storycraft.ro\/shop\/wp-json\/wp\/v2\/types\/product"}],"wp:featuredmedia":[{"embeddable":true,"href":"https:\/\/www.storycraft.ro\/shop\/wp-json\/wp\/v2\/media\/27203"}],"wp:attachment":[{"href":"https:\/\/www.storycraft.ro\/shop\/wp-json\/wp\/v2\/media?parent=17571"}],"wp:term":[{"taxonomy":"product_brand","embeddable":true,"href":"https:\/\/www.storycraft.ro\/shop\/wp-json\/wp\/v2\/product_brand?post=17571"},{"taxonomy":"product_cat","embeddable":true,"href":"https:\/\/www.storycraft.ro\/shop\/wp-json\/wp\/v2\/product_cat?post=17571"},{"taxonomy":"product_tag","embeddable":true,"href":"https:\/\/www.storycraft.ro\/shop\/wp-json\/wp\/v2\/product_tag?post=17571"}],"curies":[{"name":"wp","href":"https:\/\/api.w.org\/{rel}","templated":true}]}}