{"id":17577,"date":"2023-11-14T22:37:35","date_gmt":"2023-11-14T20:37:35","guid":{"rendered":"https:\/\/www.storycraft.ro\/shop\/?post_type=product&#038;p=17577"},"modified":"2026-04-08T10:38:55","modified_gmt":"2026-04-08T07:38:55","slug":"lasa-intunericul-sa-te-invaluie","status":"publish","type":"product","link":"https:\/\/www.storycraft.ro\/shop\/lasa-intunericul-sa-te-invaluie\/","title":{"rendered":"Las\u0103 \u00eentunericul s\u0103 te \u00eenv\u0103luie"},"content":{"rendered":"<p><span style=\"font-weight: 400; color: #000000;\"><strong>Ioan, un psiholog cel mult mediocru<\/strong>, \u00ee\u0219i \u00eemparte timpul \u00eentre singur\u0103tatea de acas\u0103, pr\u00e2nzul cu cei doi prieteni ai lui \u0219i \u0219edin\u021bele de terapie. Singurele persoane care par sa dea sens vie\u021bii sale sunt patru dintre clien\u021bii lui, care nu mai sunt \u00een via\u021b\u0103. Da, sunt mor\u021bi \u0219i Ioan face terapie cu fantome.<\/span><\/p>\n<p><span style=\"font-weight: 400; color: #000000;\"><strong>Lucrurile iau \u00eens\u0103 o turnur\u0103 sinistr\u0103<\/strong> atunci c\u00e2nd clien\u021bii lui fantom\u0103 \u00eencep s\u0103 fie devora\u021bi de o apari\u021bie \u00eentunecat\u0103 ivit\u0103 de nic\u0103ieri. Ioan e singurul care \u00ee\u0219i poate salva n\u0103lucile dragi de soarta \u00eengrozitoare care le p\u00e2nde\u0219te, dar nimic din form\u0103rile sale nu l-a preg\u0103tit pentru o b\u0103t\u0103lie cu supranaturalul. \u00centr-o lupt\u0103 disperat\u0103, ca un vis febril, se vede nevoit s\u0103 confrunte demonul ce \u00eel h\u0103r\u021buie\u0219te, precum \u0219i proprii s\u0103i demoni pe care i-a \u021binut \u00eengropa\u021bi de-a lungul \u00eentregii sale vie\u021bi.<\/span><\/p>\n","protected":false},"excerpt":{"rendered":"<p>Las\u0103 \u00eentunericul s\u0103 te \u00eenv\u0103luie<\/p>\n<ul>\n<li><span style=\"color: #000000;\"><strong>Genul:<\/strong> Thriller, Psihologic<\/span><\/li>\n<li><span style=\"color: #000000;\"><strong>Editura:<\/strong>\u00a0StoryCraft Publishing<\/span><\/li>\n<li><span style=\"color: #000000;\"><strong>Cod ISBN:<\/strong> 978-606-95757-2-7<\/span><\/li>\n<li><span style=\"color: #000000;\"><strong>Format:<\/strong> 12,5 * 19,5 cm<\/span><\/li>\n<li><span style=\"color: #000000;\"><strong>Coperta:<\/strong>\u00a0bro\u0219at\u0103<\/span><\/li>\n<li><span style=\"color: #000000;\"><strong>Nr. pagini la interior:<\/strong> 402<\/span><\/li>\n<\/ul>\n<p>&nbsp;<\/p>\n","protected":false},"featured_media":27213,"template":"","meta":{"_acf_changed":false},"product_brand":[],"product_cat":[308],"product_tag":[312],"class_list":{"0":"post-17577","1":"product","2":"type-product","3":"status-publish","4":"has-post-thumbnail","6":"product_cat-thriller","7":"product_tag-produse-individuale","8":"pa_autori-maria-voss","10":"first","11":"instock","12":"sale","13":"taxable","14":"shipping-taxable","15":"purchasable","16":"product-type-simple"},"acf":[],"aioseo_notices":[],"_links":{"self":[{"href":"https:\/\/www.storycraft.ro\/shop\/wp-json\/wp\/v2\/product\/17577","targetHints":{"allow":["GET"]}}],"collection":[{"href":"https:\/\/www.storycraft.ro\/shop\/wp-json\/wp\/v2\/product"}],"about":[{"href":"https:\/\/www.storycraft.ro\/shop\/wp-json\/wp\/v2\/types\/product"}],"wp:featuredmedia":[{"embeddable":true,"href":"https:\/\/www.storycraft.ro\/shop\/wp-json\/wp\/v2\/media\/27213"}],"wp:attachment":[{"href":"https:\/\/www.storycraft.ro\/shop\/wp-json\/wp\/v2\/media?parent=17577"}],"wp:term":[{"taxonomy":"product_brand","embeddable":true,"href":"https:\/\/www.storycraft.ro\/shop\/wp-json\/wp\/v2\/product_brand?post=17577"},{"taxonomy":"product_cat","embeddable":true,"href":"https:\/\/www.storycraft.ro\/shop\/wp-json\/wp\/v2\/product_cat?post=17577"},{"taxonomy":"product_tag","embeddable":true,"href":"https:\/\/www.storycraft.ro\/shop\/wp-json\/wp\/v2\/product_tag?post=17577"}],"curies":[{"name":"wp","href":"https:\/\/api.w.org\/{rel}","templated":true}]}}