{"id":17578,"date":"2023-11-14T22:52:40","date_gmt":"2023-11-14T20:52:40","guid":{"rendered":"https:\/\/www.storycraft.ro\/shop\/?post_type=product&#038;p=17578"},"modified":"2026-04-08T10:36:53","modified_gmt":"2026-04-08T07:36:53","slug":"fara-tine","status":"publish","type":"product","link":"https:\/\/www.storycraft.ro\/shop\/fara-tine\/","title":{"rendered":"F\u0103r\u0103 tine"},"content":{"rendered":"<p><span style=\"color: #000000;\"><strong>Lena \u00eencearc\u0103 din r\u0103sputeri s\u0103 fie o so\u021bie bun\u0103 \u0219i o mam\u0103 exemplar\u0103<\/strong>, uneori chiar cu pre\u021bul propriei cariere. Cu toate astea, \u0219eful ei o propune pentru o promovare nea\u0219teptat\u0103, recompens\u0103 pentru dedicarea de care d\u0103 dovad\u0103. Totul se schimb\u0103 c\u00e2nd Andrei, so\u021bul ei, o anun\u021b\u0103 c\u0103 a acceptat un job nou la Milano, f\u0103r\u0103 ca m\u0103car s\u0103 discute \u00eenainte cu ea despre asta.<\/span><\/p>\n<p><span style=\"color: #000000;\"><strong>Cu o mam\u0103 bolnav\u0103 de Alzheimer, internat\u0103 la un azil din Rom\u00e2nia<\/strong>, o fiic\u0103 adolescent\u0103 rebel\u0103 \u0219i o carier\u0103 pe care este nevoit\u0103 s\u0103 o \u00eencheie pentru a o sprijini pe cea a so\u021bului, povestea Lenei cap\u0103t\u0103 nuan\u021be dramatice \u00een momentul \u00een care afl\u0103 c\u0103 acesta este \u00eendr\u0103gostit de o alt\u0103 femeie.<\/span><\/p>\n","protected":false},"excerpt":{"rendered":"<ul>\n<li><span style=\"color: #000000;\"><strong>Genul:<\/strong> Fic\u021biune realist\u0103, Social<\/span><\/li>\n<li><span style=\"color: #000000;\"><strong>Editura:<\/strong>\u00a0StoryCraft Publishing<\/span><\/li>\n<li><span style=\"color: #000000;\"><strong>Cod ISBN:<\/strong> 978-606-95757-0-3<\/span><\/li>\n<li><span style=\"color: #000000;\"><strong>Format:<\/strong> 12,5 * 19,5 cm<\/span><\/li>\n<li><span style=\"color: #000000;\"><strong>Coperta:<\/strong>\u00a0bro\u0219at\u0103<\/span><\/li>\n<li><span style=\"color: #000000;\"><strong>Nr. pagini la interior:<\/strong> 288<\/span><\/li>\n<\/ul>\n<p>&nbsp;<\/p>\n","protected":false},"featured_media":27207,"template":"","meta":{"_acf_changed":false},"product_brand":[],"product_cat":[281],"product_tag":[312],"class_list":{"0":"post-17578","1":"product","2":"type-product","3":"status-publish","4":"has-post-thumbnail","6":"product_cat-contemporan","7":"product_tag-produse-individuale","8":"pa_autori-roxana-stanescu","10":"first","11":"instock","12":"sale","13":"taxable","14":"shipping-taxable","15":"purchasable","16":"product-type-simple"},"acf":[],"aioseo_notices":[],"_links":{"self":[{"href":"https:\/\/www.storycraft.ro\/shop\/wp-json\/wp\/v2\/product\/17578","targetHints":{"allow":["GET"]}}],"collection":[{"href":"https:\/\/www.storycraft.ro\/shop\/wp-json\/wp\/v2\/product"}],"about":[{"href":"https:\/\/www.storycraft.ro\/shop\/wp-json\/wp\/v2\/types\/product"}],"wp:featuredmedia":[{"embeddable":true,"href":"https:\/\/www.storycraft.ro\/shop\/wp-json\/wp\/v2\/media\/27207"}],"wp:attachment":[{"href":"https:\/\/www.storycraft.ro\/shop\/wp-json\/wp\/v2\/media?parent=17578"}],"wp:term":[{"taxonomy":"product_brand","embeddable":true,"href":"https:\/\/www.storycraft.ro\/shop\/wp-json\/wp\/v2\/product_brand?post=17578"},{"taxonomy":"product_cat","embeddable":true,"href":"https:\/\/www.storycraft.ro\/shop\/wp-json\/wp\/v2\/product_cat?post=17578"},{"taxonomy":"product_tag","embeddable":true,"href":"https:\/\/www.storycraft.ro\/shop\/wp-json\/wp\/v2\/product_tag?post=17578"}],"curies":[{"name":"wp","href":"https:\/\/api.w.org\/{rel}","templated":true}]}}