{"id":17579,"date":"2023-11-14T23:01:59","date_gmt":"2023-11-14T21:01:59","guid":{"rendered":"https:\/\/www.storycraft.ro\/shop\/?post_type=product&#038;p=17579"},"modified":"2026-04-08T10:37:58","modified_gmt":"2026-04-08T07:37:58","slug":"psy-fi","status":"publish","type":"product","link":"https:\/\/www.storycraft.ro\/shop\/psy-fi\/","title":{"rendered":"Pachetul Psy Fi"},"content":{"rendered":"<p>Pachetul con\u021bine urm\u0103toarele c\u0103r\u021bi :<\/p>\n<ol>\n<li>Cartea \u201cDezvoltare Personal\u0103\u201d de Cornelia Voiculescu<\/li>\n<li>Cartea \u201cLas\u0103 \u00eentunericul s\u0103 te \u00eenv\u0103luie\u201d de Maria Voss<\/li>\n<li>Cartea \u201cF\u0103r\u0103 tine\u201d de Roxana St\u0103nescu<\/li>\n<\/ol>\n<hr \/>\n<h3><strong>Cartea \u201cDezvoltare personal\u0103\u201d de Cornelia Voiculescu:<\/strong><\/h3>\n<ul>\n<li><strong>Genul:<\/strong>\u00a0Fic\u021biune realist\u0103, psihologic<\/li>\n<li><strong>Editura:<\/strong>\u00a0StoryCraft Publishing<\/li>\n<li><strong>Cod ISBN:<\/strong>\u00a0978-606-95651-9-3<\/li>\n<li><strong>Format:<\/strong>\u00a012,5 * 19,5 cm<\/li>\n<li><strong>Coperta:<\/strong>\u00a0bro\u0219at\u0103<\/li>\n<li><strong>Nr. pagini la interior:<\/strong>\u00a0384<\/li>\n<\/ul>\n<div class=\"woocommerce-product-details__short-description\">\n<p>Johann Strauss simte c\u0103 este f\u0103cut pentru mai mult. Este agent imobiliar, cu un venit bunicel, dar nu suficient c\u00e2t s\u0103 asigure o via\u021b\u0103 confortabil\u0103 so\u021biei \u0219i fiicei cu handicap mintal grav. C\u00e2nd \u0219eful s\u0103u \u00eel trimite la un curs de dezvoltare personal\u0103 pentru a-\u0219i \u00eembun\u0103t\u0103\u021bi aptitudinile de v\u00e2nz\u0103tor, este fascinat de personalitatea trainerului Doru Mare\u0219, pe care \u00eel ia ca mentor. \u00cenv\u0103\u021b\u00e2nd tehnici de manipulare \u0219i uit\u00e2nd de orice busol\u0103 moral\u0103, Johann urc\u0103 repede pe scara social\u0103. Numai c\u0103 pre\u021bul pentru ascensiunea sa devine din ce \u00een ce mai mare\u2026<\/p>\n<\/div>\n<hr \/>\n<h3><strong>Cartea <\/strong><strong>\u201cLas\u0103 \u00eentunericul s\u0103 te \u00eenv\u0103luie\u201d <\/strong>de Maria Voss<\/h3>\n<ul>\n<li><strong>Genul:<\/strong>\u00a0Thriller, Psihologic<\/li>\n<li><strong>Editura:<\/strong>\u00a0StoryCraft Publishing<\/li>\n<li><strong>Cod ISBN:<\/strong>\u00a0978-606-95757-2-7<\/li>\n<li><strong>Format:<\/strong>\u00a012,5 * 19,5 cm<\/li>\n<li><strong>Coperta:<\/strong>\u00a0bro\u0219at\u0103<\/li>\n<li><strong>Nr. pagini la interior:<\/strong>\u00a0402<\/li>\n<\/ul>\n<p>Ioan, un psiholog cel mult mediocru, \u00ee\u0219i \u00eemparte timpul \u00eentre singuratatea de acas\u0103, pranzul cu cei doi prieteni ai lui \u0219i \u0219edin\u021bele de terapie. Singurele persoane care par sa dea sens vie\u021bii sale sunt patru dintre clien\u021bii lui, care nu mai sunt \u00een via\u021ba. Da, sunt mor\u021bi \u0219i Ioan face terapie cu fantome. Lucrurile iau \u00eens\u0103 o turnur\u0103 sinistr\u0103 atunci c\u00e2nd clien\u021bii lui fantom\u0103, \u00eencep s\u0103 fie devora\u021bi de o apari\u021bie \u00eentunecat\u0103 ivit\u0103 de nic\u0103ieri. Ioan e singurul care \u00ee\u0219i poate salva n\u0103lucile dragi de soarta \u00eengrozitoare care le p\u00e2nde\u0219te, dar nimic din form\u0103rile sale nu l-a preg\u0103tit pentru o b\u0103t\u0103lie cu supranaturalul. \u00centr-o lupt\u0103 disperat\u0103, ca un vis febril, se vede nevoit s\u0103 confrunte demonul ce \u00eel h\u0103r\u021buie\u0219te, precum \u0219i proprii s\u0103i demoni pe care i-a \u021binut \u00eengropa\u021bi de-a lungul \u00eentregii sale vie\u021bi.<\/p>\n<div class=\"woocommerce-product-details__short-description\">\n<div class=\"woocommerce-product-details__short-description\">\n<hr \/>\n<h3><strong>Cartea \u201cF\u0103r\u0103 tine\u201d de Roxana St\u0103nescu:<\/strong><\/h3>\n<ul>\n<li><strong>Genul:<\/strong>\u00a0Fic\u021biune realist\u0103, Social<\/li>\n<li><strong>Editura:<\/strong>\u00a0StoryCraft Publishing<\/li>\n<li><strong>Cod ISBN:<\/strong>\u00a0978-606-95757-0-3<\/li>\n<li><strong>Format:<\/strong>\u00a012,5 * 19,5 cm<\/li>\n<li><strong>Coperta:<\/strong>\u00a0bro\u0219at\u0103<\/li>\n<li><strong>Nr. pagini la interior:<\/strong>\u00a0288<\/li>\n<\/ul>\n<div>\n<p>Lena \u00eencearc\u0103 din r\u0103sputeri s\u0103 fie o so\u021bie bun\u0103 \u0219i o mam\u0103 exemplar\u0103, uneori chiar cu pre\u021bul propriei cariere. Cu toate astea, \u0219eful ei o propune pentru o promovare nea\u0219teptat\u0103, recompens\u0103 pentru dedicarea de care d\u0103 dovad\u0103. Totul se schimb\u0103 c\u00e2nd Andrei, so\u021bul ei, o anun\u021b\u0103 c\u0103 a acceptat un job nou la Milano, f\u0103r\u0103 ca m\u0103car s\u0103 discute \u00eenainte cu ea despre asta. Cu o mam\u0103 bolnav\u0103 de Alzheimer, internat\u0103 la un azil din Rom\u00e2nia, o fiic\u0103 adolescent\u0103 rebel\u0103 \u0219i o carier\u0103 pe care este nevoit\u0103 s\u0103 o \u00eencheie pentru a o sprijini pe cea a so\u021bului, povestea Lenei cap\u0103t\u0103 nuan\u021be dramatice \u00een momentul \u00een care afl\u0103 c\u0103 acesta este \u00eendr\u0103gostit de o alt\u0103 femeie.<\/p>\n<\/div>\n<\/div>\n<\/div>\n","protected":false},"excerpt":{"rendered":"<p>Pachetul con\u021bine urm\u0103toarele c\u0103r\u021bi :<\/p>\n<ol>\n<li>Cartea \u201cDezvoltare Personal\u0103\u201d de Cornelia Voiculescu<\/li>\n<li>Cartea \u201cLas\u0103 \u00eentunericul s\u0103 te \u00eenv\u0103luie\u201d de Maria Voss<\/li>\n<li>Cartea \u201cF\u0103r\u0103 tine\u201d de Roxana St\u0103nescu<\/li>\n<\/ol>\n","protected":false},"featured_media":17581,"template":"","meta":{"_acf_changed":false},"product_brand":[],"product_cat":[261],"product_tag":[311],"class_list":{"0":"post-17579","1":"product","2":"type-product","3":"status-publish","4":"has-post-thumbnail","6":"product_cat-pachete","7":"product_tag-pachete","8":"pa_autori-cornelia-voiculescu","9":"pa_autori-maria-voss","10":"pa_autori-roxana-stanescu","12":"first","13":"instock","14":"sale","15":"taxable","16":"shipping-taxable","17":"purchasable","18":"product-type-simple"},"acf":[],"aioseo_notices":[],"_links":{"self":[{"href":"https:\/\/www.storycraft.ro\/shop\/wp-json\/wp\/v2\/product\/17579","targetHints":{"allow":["GET"]}}],"collection":[{"href":"https:\/\/www.storycraft.ro\/shop\/wp-json\/wp\/v2\/product"}],"about":[{"href":"https:\/\/www.storycraft.ro\/shop\/wp-json\/wp\/v2\/types\/product"}],"wp:featuredmedia":[{"embeddable":true,"href":"https:\/\/www.storycraft.ro\/shop\/wp-json\/wp\/v2\/media\/17581"}],"wp:attachment":[{"href":"https:\/\/www.storycraft.ro\/shop\/wp-json\/wp\/v2\/media?parent=17579"}],"wp:term":[{"taxonomy":"product_brand","embeddable":true,"href":"https:\/\/www.storycraft.ro\/shop\/wp-json\/wp\/v2\/product_brand?post=17579"},{"taxonomy":"product_cat","embeddable":true,"href":"https:\/\/www.storycraft.ro\/shop\/wp-json\/wp\/v2\/product_cat?post=17579"},{"taxonomy":"product_tag","embeddable":true,"href":"https:\/\/www.storycraft.ro\/shop\/wp-json\/wp\/v2\/product_tag?post=17579"}],"curies":[{"name":"wp","href":"https:\/\/api.w.org\/{rel}","templated":true}]}}