{"id":17649,"date":"2023-11-16T11:34:34","date_gmt":"2023-11-16T09:34:34","guid":{"rendered":"https:\/\/www.storycraft.ro\/shop\/?post_type=product&#038;p=17649"},"modified":"2026-04-08T10:38:14","modified_gmt":"2026-04-08T07:38:14","slug":"eu-nu-sunt-supermami","status":"publish","type":"product","link":"https:\/\/www.storycraft.ro\/shop\/eu-nu-sunt-supermami\/","title":{"rendered":"Eu nu sunt SuperMami"},"content":{"rendered":"<p><span style=\"color: #000000;\"><strong>Olivia este, de cele mai multe ori, cea mai de\u0219teapt\u0103 persoan\u0103 dintr-o \u00eenc\u0103pere<\/strong>. La urma urmei, \u0219tie s\u0103 creeze inimi \u00een laborator \u0219i e la un pas de a inova viitorul transplanturilor de organe. \u0218i c\u00e2nd credea c\u0103 nimic nu o mai poate opri s\u0103 schimbe lumea, un test de sarcin\u0103 pozitiv \u00eei d\u0103 via\u021ba peste cap. Nu \u00een\u021belege gre\u0219it, \u00ee\u0219i iube\u0219te \u0219i so\u021bul, \u0219i cei doi copii de acas\u0103, dar acum e cel mai nepotrivit moment pentru o a treia sarcin\u0103.<\/span><\/p>\n<p><span style=\"color: #000000;\"><strong>C\u00e2nd e nevoit\u0103 s\u0103 \u021bin\u0103 piept at\u00e2t colegilor de la Institut<\/strong> &#8211; care vor s\u0103 pun\u0103 m\u00e2na pe cercetarea ei, dar \u0219i propriei familii &#8211; care o vrea mai mult acas\u0103, lucrurile iau o \u00eentors\u0103tur\u0103 dramatic\u0103. O carte care arat\u0103 lupta femeii \u00eendr\u0103gostite de munca ei \u0219i etapele prin care trece \u00een timpul sarcinii \u0219i dup\u0103 na\u0219tere.<\/span><\/p>\n","protected":false},"excerpt":{"rendered":"<p>Eu nu sunt SuperMami &#8211; <span style=\"color: #000000;\"><strong>Olivia este, de cele mai multe ori, cea mai de\u0219teapt\u0103 persoan\u0103 dintr-o \u00eenc\u0103pere.<\/strong><\/span><\/p>\n<ul>\n<li><span style=\"color: #000000;\"><strong>Genul:<\/strong> Fic\u021biune realist\u0103, Psihologic<\/span><\/li>\n<li><span style=\"color: #000000;\"><strong>Editura:<\/strong>\u00a0StoryCraft Publishing<\/span><\/li>\n<li><span style=\"color: #000000;\"><strong>Cod ISBN: <\/strong>978-606-95757-1-0<\/span><\/li>\n<li><span style=\"color: #000000;\"><strong>Format:<\/strong> 12,5 * 19,5 cm<\/span><\/li>\n<li><span style=\"color: #000000;\"><strong>Coperta:<\/strong>\u00a0bro\u0219at\u0103<\/span><\/li>\n<li><span style=\"color: #000000;\"><strong>Nr. pagini la interior:<\/strong> 420<\/span><\/li>\n<\/ul>\n<p>&nbsp;<\/p>\n","protected":false},"featured_media":27205,"template":"","meta":{"_acf_changed":false},"product_brand":[],"product_cat":[281],"product_tag":[312],"class_list":{"0":"post-17649","1":"product","2":"type-product","3":"status-publish","4":"has-post-thumbnail","6":"product_cat-contemporan","7":"product_tag-produse-individuale","8":"pa_autori-roxana-popa","10":"first","11":"instock","12":"sale","13":"taxable","14":"shipping-taxable","15":"purchasable","16":"product-type-simple"},"acf":[],"aioseo_notices":[],"_links":{"self":[{"href":"https:\/\/www.storycraft.ro\/shop\/wp-json\/wp\/v2\/product\/17649","targetHints":{"allow":["GET"]}}],"collection":[{"href":"https:\/\/www.storycraft.ro\/shop\/wp-json\/wp\/v2\/product"}],"about":[{"href":"https:\/\/www.storycraft.ro\/shop\/wp-json\/wp\/v2\/types\/product"}],"wp:featuredmedia":[{"embeddable":true,"href":"https:\/\/www.storycraft.ro\/shop\/wp-json\/wp\/v2\/media\/27205"}],"wp:attachment":[{"href":"https:\/\/www.storycraft.ro\/shop\/wp-json\/wp\/v2\/media?parent=17649"}],"wp:term":[{"taxonomy":"product_brand","embeddable":true,"href":"https:\/\/www.storycraft.ro\/shop\/wp-json\/wp\/v2\/product_brand?post=17649"},{"taxonomy":"product_cat","embeddable":true,"href":"https:\/\/www.storycraft.ro\/shop\/wp-json\/wp\/v2\/product_cat?post=17649"},{"taxonomy":"product_tag","embeddable":true,"href":"https:\/\/www.storycraft.ro\/shop\/wp-json\/wp\/v2\/product_tag?post=17649"}],"curies":[{"name":"wp","href":"https:\/\/api.w.org\/{rel}","templated":true}]}}