{"id":18017,"date":"2023-12-06T00:11:49","date_gmt":"2023-12-05T22:11:49","guid":{"rendered":"https:\/\/www.storycraft.ro\/shop\/?post_type=product&#038;p=18017"},"modified":"2026-04-17T15:59:59","modified_gmt":"2026-04-17T12:59:59","slug":"supermami-fata-cu-val-albastru-atingeri-de-vanilie-fara-tine","status":"publish","type":"product","link":"https:\/\/www.storycraft.ro\/shop\/supermami-fata-cu-val-albastru-atingeri-de-vanilie-fara-tine\/","title":{"rendered":"SuperMami + Fata cu v\u0103l albastru + Atingeri de vanilie + F\u0103r\u0103 tine"},"content":{"rendered":"<p><span style=\"color: #000000\">Pachetul con\u021bine urm\u0103toarele c\u0103r\u021bi :<\/span><\/p>\n<ol>\n<li><span style=\"color: #000000\">Cartea \u201cEu nu sunt SuperMami\u201d de Roxana Popa<\/span><\/li>\n<li><span style=\"color: #000000\">Cartea \u201cFata cu v\u0103l albastru\u201d de \u0218tefana Chels\u0103u<\/span><\/li>\n<li><span style=\"color: #000000\">Cartea \u201cAtingeri de vanilie\u201d de Daniela Dumitru<\/span><\/li>\n<li><span style=\"color: #000000\">Cartea \u201cF\u0103r\u0103 tine\u201d de Roxana St\u0103nescu<\/span><\/li>\n<\/ol>\n<hr \/>\n<h3><strong><span style=\"color: #000000\">Cartea \u201cEu nu sunt SuperMami\u201d de Roxana Popa:<\/span><\/strong><\/h3>\n<ul>\n<li><span style=\"color: #000000\"><strong>Genul:<\/strong>\u00a0Fic\u021biune realist\u0103, Psihologic<\/span><\/li>\n<li><span style=\"color: #000000\"><strong>Editura:<\/strong>\u00a0StoryCraft Publishing<\/span><\/li>\n<li><span style=\"color: #000000\"><strong>Cod ISBN:\u00a0<\/strong>978-606-95757-1-0<\/span><\/li>\n<li><span style=\"color: #000000\"><strong>Format:<\/strong>\u00a012,5 * 19,5 cm<\/span><\/li>\n<li><span style=\"color: #000000\"><strong>Coperta:<\/strong>\u00a0bro\u0219at\u0103<\/span><\/li>\n<li><span style=\"color: #000000\"><strong>Nr. pagini la interior:<\/strong>\u00a0420<\/span><\/li>\n<\/ul>\n<div class=\"woocommerce-product-details__short-description\">\n<p><span style=\"color: #000000\">Olivia este, de cele mai multe ori, cea mai de\u0219teapt\u0103 persoan\u0103 dintr-o \u00eenc\u0103pere. La urma urmei, \u0219tie s\u0103 creeze inimi \u00een laborator \u0219i e la un pas de a inova viitorul transplanturilor de organe. \u0218i c\u00e2nd credea c\u0103 nimic nu o mai poate opri s\u0103 schimbe lumea, un test de sarcin\u0103 pozitiv \u00eei d\u0103 via\u021ba peste cap. Nu \u00een\u021belege gre\u0219it, \u00ee\u0219i iube\u0219te \u0219i so\u021bul, \u0219i cei doi copii de acas\u0103, dar acum e cel mai nepotrivit moment pentru o a treia sarcin\u0103. C\u00e2nd e nevoit\u0103 s\u0103 \u021bin\u0103 piept at\u00e2t colegilor de la Institut \u2013 care vor s\u0103 pun\u0103 m\u00e2na pe cercetarea ei, dar \u0219i propriei familii \u2013 care o vrea mai mult acas\u0103, lucrurile iau o \u00eentors\u0103tur\u0103 dramatic\u0103. O carte care arat\u0103 lupta femeii \u00eendr\u0103gostite de munca ei \u0219i etapele prin care trece \u00een timpul sarcinii \u0219i dup\u0103 na\u0219tere.<\/span><\/p>\n<\/div>\n<hr \/>\n<h3><span style=\"color: #000000\"><strong>Cartea \u201cFata cu v\u0103l albastru\u201d de \u0218tefana Chels\u0103u:<\/strong><\/span><\/h3>\n<ul>\n<li><span style=\"color: #000000\"><strong>Genul:<\/strong>\u00a0Fic\u021biune realist\u0103, Family Saga<\/span><\/li>\n<li><span style=\"color: #000000\"><strong>Editura:<\/strong>\u00a0StoryCraft Publishing<\/span><\/li>\n<li><span style=\"color: #000000\"><strong>Cod ISBN:<\/strong>\u00a0<small>978-606-95651-3-1<\/small><\/span><\/li>\n<li><span style=\"color: #000000\"><strong>Format:<\/strong>\u00a012,5 * 19,5 cm<\/span><\/li>\n<li><span style=\"color: #000000\"><strong>Coperta:<\/strong>\u00a0bro\u0219at\u0103<\/span><\/li>\n<li><span style=\"color: #000000\"><strong>Nr. pagini la interior:<\/strong>\u00a0270<\/span><\/li>\n<\/ul>\n<div class=\"woocommerce-product-details__short-description\">\n<p><span style=\"color: #000000\">Aisha tr\u0103ie\u0219te \u00eentr-o familie musulman\u0103 strict\u0103, unde obsesiile, regulile extreme \u0219i abuzurile tat\u0103lui ei fac parte din cotidian. Dorin\u021ba de a se elibera de el devine cu at\u00e2t mai mare c\u00e2nd acesta o arunc\u0103 cu for\u021ba \u00eentr-o c\u0103s\u0103torie aranjat\u0103, cu un om pe care nu l-a v\u0103zut niciodat\u0103.<\/span><\/p>\n<p><span style=\"color: #000000\">C\u00e2nd \u00eent\u00e2lne\u0219te un b\u0103rbat care pare s\u0103 vin\u0103 din alt\u0103 lume, de care se \u00eendr\u0103goste\u0219te, Aisha e convins\u0103 c\u0103 e \u00een stare de orice pentru a-\u0219i c\u00e2\u0219tiga libertatea al\u0103turi de el. Afl\u0103, \u00eens\u0103, c\u0103 pre\u021bul pentru propria fericire poate fi moartea cuiva drag.<\/span><\/p>\n<\/div>\n<hr \/>\n<h3><strong><span style=\"color: #000000\">Cartea \u201cAtingeri de vanilie\u201d de Daniela Dumitru:<\/span><\/strong><\/h3>\n<ul>\n<li><span style=\"color: #000000\"><strong>Genul:<\/strong>\u00a0Romance, Erotic<\/span><\/li>\n<li><span style=\"color: #000000\"><strong>Editura:<\/strong>\u00a0StoryCraft Publishing<\/span><\/li>\n<li><span style=\"color: #000000\"><strong>Cod ISBN:<\/strong>\u00a0978-606-95057-5-5<\/span><\/li>\n<li><span style=\"color: #000000\"><strong>Format:<\/strong>\u00a020 * 13 cm<\/span><\/li>\n<li><span style=\"color: #000000\"><strong>Coperta:<\/strong>\u00a0bro\u0219at\u0103<\/span><\/li>\n<li><span style=\"color: #000000\"><strong>Nr. pagini la interior:<\/strong>\u00a0432<\/span><\/li>\n<\/ul>\n<div class=\"woocommerce-product-details__short-description\">\n<p><span style=\"color: #000000\">Chinuit\u0103 de un trecut traumatizant \u0219i o rela\u021bie toxic\u0103 cu mama ei, rebela \u0219i ireverentioasa Ela \u0219i-a g\u0103sit lini\u0219tea \u0219i stabilitatea \u00eentr-un job \u201ec\u0103ldu\u021b\u201d de corporatist\u0103. Noul CEO, Max, stric\u0103 totul c\u00e2nd schimb\u0103 regulile \u0219i o aduce s\u0103 lucreze aproape de el.<\/span><\/p>\n<p><span style=\"color: #000000\">Pornind de la un joc de atrac\u021bie aparent nevinovat, cei doi se trezesc prin\u0219i \u00eentr-o poveste de iubire visceral\u0103, pasional\u0103 \u0219i epuizant\u0103, \u00een care fiecare reprezint\u0103 pentru cel\u0103lalt eliberarea de propriul trecut \u0219i de traume.<\/span><\/p>\n<p><span style=\"color: #000000\">Sco\u021b\u00e2nd la iveal\u0103 frica de prejudec\u0103\u021bi \u0219i nevoia dureroas\u0103 de a fi iubi\u021bi,\u00a0<em>Atingeri de vanilie<\/em>, spune povestea a doi \u00eendr\u0103gosti\u021bi care nu au dreptul la fericire \u00eempreun\u0103 \u0219i ne las\u0103 cu o \u00eentrebare: \u201eC\u00e2te bariere poate sparge un simplu sentiment?<\/span><\/p>\n<hr \/>\n<h3><strong><span style=\"color: #000000\">Cartea \u201cF\u0103r\u0103 tine\u201d de Roxana St\u0103nescu:<\/span><\/strong><\/h3>\n<ul>\n<li><span style=\"color: #000000\"><strong>Editura:<\/strong>\u00a0StoryCraft Publishing<\/span><\/li>\n<li><span style=\"color: #000000\"><strong>Cod ISBN:<\/strong>\u00a0978-606-95757-0-3<\/span><\/li>\n<li><span style=\"color: #000000\"><strong>Format:<\/strong>\u00a012,5 * 19,5 cm<\/span><\/li>\n<li><span style=\"color: #000000\"><strong>Coperta:<\/strong>\u00a0bro\u0219at\u0103<\/span><\/li>\n<li><span style=\"color: #000000\"><strong>Nr. pagini la interior:<\/strong>\u00a0288<\/span><\/li>\n<\/ul>\n<div class=\"woocommerce-product-details__short-description\">\n<p><span style=\"color: #000000\">Lena \u00eencearc\u0103 din r\u0103sputeri s\u0103 fie o so\u021bie bun\u0103 \u0219i o mam\u0103 exemplar\u0103, uneori chiar cu pre\u021bul propriei cariere. Cu toate astea, \u0219eful ei o propune pentru o promovare nea\u0219teptat\u0103, recompens\u0103 pentru dedicarea de care d\u0103 dovad\u0103. Totul se schimb\u0103 c\u00e2nd Andrei, so\u021bul ei, o anun\u021b\u0103 c\u0103 a acceptat un job nou la Milano, f\u0103r\u0103 ca m\u0103car s\u0103 discute \u00eenainte cu ea despre asta.<\/span><\/p>\n<p><span style=\"color: #000000\">Cu o mam\u0103 bolnav\u0103 de Alzheimer, internat\u0103 la un azil din Rom\u00e2nia, o fiic\u0103 adolescent\u0103 rebel\u0103 \u0219i o carier\u0103 pe care este nevoit\u0103 s\u0103 o \u00eencheie pentru a o sprijini pe cea a so\u021bului, povestea Lenei cap\u0103t\u0103 nuan\u021be dramatice \u00een momentul \u00een care afl\u0103 c\u0103 acesta este \u00eendr\u0103gostit de o alt\u0103 femeie.<\/span><\/p>\n<\/div>\n<\/div>\n","protected":false},"excerpt":{"rendered":"<p>Pachetul con\u021bine urm\u0103toarele c\u0103r\u021bi :<\/p>\n<ol>\n<li>Cartea \u201cEu nu sunt SuperMami\u201d de Roxana Popa<\/li>\n<li>Cartea \u201cFata cu v\u0103l albastru\u201d de \u0218tefana Chels\u0103u<\/li>\n<li>Cartea \u201cAtingeri de vanilie\u201d de Daniela Dumitru<\/li>\n<li>Cartea \u201cF\u0103r\u0103 tine\u201d de Roxana St\u0103nescu<\/li>\n<\/ol>\n","protected":false},"featured_media":18013,"template":"","meta":{"_acf_changed":false},"product_brand":[],"product_cat":[261],"product_tag":[311],"class_list":{"0":"post-18017","1":"product","2":"type-product","3":"status-publish","4":"has-post-thumbnail","6":"product_cat-pachete","7":"product_tag-pachete","8":"pa_autori-daniela-dumitru","9":"pa_autori-roxana-popa","10":"pa_autori-roxana-stanescu","11":"pa_autori-stefana-chelsau","13":"first","14":"outofstock","15":"sale","16":"taxable","17":"shipping-taxable","18":"purchasable","19":"product-type-simple"},"acf":[],"aioseo_notices":[],"_links":{"self":[{"href":"https:\/\/www.storycraft.ro\/shop\/wp-json\/wp\/v2\/product\/18017","targetHints":{"allow":["GET"]}}],"collection":[{"href":"https:\/\/www.storycraft.ro\/shop\/wp-json\/wp\/v2\/product"}],"about":[{"href":"https:\/\/www.storycraft.ro\/shop\/wp-json\/wp\/v2\/types\/product"}],"wp:featuredmedia":[{"embeddable":true,"href":"https:\/\/www.storycraft.ro\/shop\/wp-json\/wp\/v2\/media\/18013"}],"wp:attachment":[{"href":"https:\/\/www.storycraft.ro\/shop\/wp-json\/wp\/v2\/media?parent=18017"}],"wp:term":[{"taxonomy":"product_brand","embeddable":true,"href":"https:\/\/www.storycraft.ro\/shop\/wp-json\/wp\/v2\/product_brand?post=18017"},{"taxonomy":"product_cat","embeddable":true,"href":"https:\/\/www.storycraft.ro\/shop\/wp-json\/wp\/v2\/product_cat?post=18017"},{"taxonomy":"product_tag","embeddable":true,"href":"https:\/\/www.storycraft.ro\/shop\/wp-json\/wp\/v2\/product_tag?post=18017"}],"curies":[{"name":"wp","href":"https:\/\/api.w.org\/{rel}","templated":true}]}}