{"id":19107,"date":"2024-01-30T08:57:07","date_gmt":"2024-01-30T06:57:07","guid":{"rendered":"https:\/\/www.storycraft.ro\/shop\/?post_type=product&#038;p=19107"},"modified":"2026-04-08T10:18:28","modified_gmt":"2026-04-08T07:18:28","slug":"intoarcerea-in-infern","status":"publish","type":"product","link":"https:\/\/www.storycraft.ro\/shop\/intoarcerea-in-infern\/","title":{"rendered":"\u00centoarcerea \u00een infern"},"content":{"rendered":"<p><span style=\"color: #000000;\"><strong>Alex este un militar retras din Afghanistan.<\/strong> Dup\u0103 mai multe tururi militare, cele optzeci \u0219i trei de suflete luate \u00eei macin\u0103 con\u0219tiin\u021ba \u0219i \u00eei b\u00e2ntuie co\u0219marurile. Titlul de \u201eRomanian Reaper\u201d care \u00eel urm\u0103re\u0219te nu \u00eel \u00eenc\u0103lze\u0219te absolut deloc. \u00centors \u00een \u021bar\u0103, este singur, alcoolic \u0219i \u00eenchis emo\u021bional. Rutina distructiv\u0103 se schimb\u0103 atunci c\u00e2nd este chemat \u00eenapoi \u00een Kandahar pentru a-i ajuta pe fo\u0219tii s\u0103i colegi \u00eentr-o opera\u021biune de salvare de ostatici.<\/span><\/p>\n<p><span style=\"color: #000000;\"><strong>\u00cens\u0103 Alex nu este dispus s\u0103 se \u00eentoarc\u0103 la sursa co\u0219marurilor sale<\/strong> \u0219i s\u0103 adauge alte vie\u021bi pe lista celor optzeci \u0219i trei. Cu toate acestea, se simte obligat s\u0103 accepte noua misiune c\u00e2nd afl\u0103 c\u0103 unul dintre ostatici este Julie, jurnalista cu care a avut o rela\u021bie str\u00e2ns\u0103 \u00een timpul ultimei sale misiuni \u00een Afganistan.<\/span><\/p>\n","protected":false},"excerpt":{"rendered":"<ul>\n<li><span style=\"color: #000000;\"><strong>Genul:<\/strong> Thriller, Ac\u021biune<\/span><\/li>\n<li><span style=\"color: #000000;\"><strong>Editura:<\/strong>\u00a0StoryCraft Publishing<\/span><\/li>\n<li><span style=\"color: #000000;\"><strong>Cod ISBN: <\/strong>978-606-95757-1-0<\/span><\/li>\n<li><span style=\"color: #000000;\"><strong>Format:<\/strong> 12,5 * 19,5 cm<\/span><\/li>\n<li><span style=\"color: #000000;\"><strong>Coperta:<\/strong>\u00a0bro\u0219at\u0103<\/span><\/li>\n<li><span style=\"color: #000000;\"><strong>Nr. pagini la interior:<\/strong> 258<\/span><\/li>\n<\/ul>\n<p>&nbsp;<\/p>\n","protected":false},"featured_media":27210,"template":"","meta":{"_acf_changed":false},"product_brand":[],"product_cat":[308],"product_tag":[312],"class_list":{"0":"post-19107","1":"product","2":"type-product","3":"status-publish","4":"has-post-thumbnail","6":"product_cat-thriller","7":"product_tag-produse-individuale","8":"pa_autori-alina-ariton","10":"first","11":"instock","12":"sale","13":"taxable","14":"shipping-taxable","15":"purchasable","16":"product-type-simple"},"acf":[],"aioseo_notices":[],"_links":{"self":[{"href":"https:\/\/www.storycraft.ro\/shop\/wp-json\/wp\/v2\/product\/19107","targetHints":{"allow":["GET"]}}],"collection":[{"href":"https:\/\/www.storycraft.ro\/shop\/wp-json\/wp\/v2\/product"}],"about":[{"href":"https:\/\/www.storycraft.ro\/shop\/wp-json\/wp\/v2\/types\/product"}],"wp:featuredmedia":[{"embeddable":true,"href":"https:\/\/www.storycraft.ro\/shop\/wp-json\/wp\/v2\/media\/27210"}],"wp:attachment":[{"href":"https:\/\/www.storycraft.ro\/shop\/wp-json\/wp\/v2\/media?parent=19107"}],"wp:term":[{"taxonomy":"product_brand","embeddable":true,"href":"https:\/\/www.storycraft.ro\/shop\/wp-json\/wp\/v2\/product_brand?post=19107"},{"taxonomy":"product_cat","embeddable":true,"href":"https:\/\/www.storycraft.ro\/shop\/wp-json\/wp\/v2\/product_cat?post=19107"},{"taxonomy":"product_tag","embeddable":true,"href":"https:\/\/www.storycraft.ro\/shop\/wp-json\/wp\/v2\/product_tag?post=19107"}],"curies":[{"name":"wp","href":"https:\/\/api.w.org\/{rel}","templated":true}]}}