{"id":19123,"date":"2024-01-30T16:20:40","date_gmt":"2024-01-30T14:20:40","guid":{"rendered":"https:\/\/www.storycraft.ro\/shop\/?post_type=product&#038;p=19123"},"modified":"2026-04-01T10:47:00","modified_gmt":"2026-04-01T07:47:00","slug":"intoarcerea-in-infern-bastardul-1924-inutilii","status":"publish","type":"product","link":"https:\/\/www.storycraft.ro\/shop\/intoarcerea-in-infern-bastardul-1924-inutilii\/","title":{"rendered":"\u00centoarcerea \u00een Infern + Bastardul + 1924 + Inutilii"},"content":{"rendered":"<p>Pachetul con\u021bine urm\u0103toarele c\u0103r\u021bi :<\/p>\n<ol>\n<li>Cartea \u201c\u00centoarcerea \u00een Infern\u201d de Alin Ariton<\/li>\n<li>Cartea \u201cBastardul\u201d de Daniel Z\u0103rnescu<\/li>\n<li>Cartea \u201c1924 &#8211; R\u0103zboiul care a \u021binut trei zile\u201d de Andrei \u021aig\u0103na\u0219<\/li>\n<li>Cartea \u201cInutilii\u201d de Cornelia Voiculescu<\/li>\n<\/ol>\n<hr \/>\n<h3><strong>Cartea \u201c\u00centoarcerea \u00een Infern\u201d de Alin Ariton<\/strong><\/h3>\n<ul>\n<li><strong>Genul:<\/strong>\u00a0Thriller, Ac\u021biune<\/li>\n<li><strong>Editura:<\/strong>\u00a0StoryCraft Publishing<\/li>\n<li><strong>Cod ISBN:\u00a0<\/strong>978-606-95757-1-0<\/li>\n<li><strong>Format:<\/strong>\u00a012,5 * 19,5 cm<\/li>\n<li><strong>Coperta:<\/strong>\u00a0bro\u0219at\u0103<\/li>\n<li><strong>Nr. pagini la interior:<\/strong>\u00a0258<\/li>\n<\/ul>\n<p>Alex este un militar retras din Afghanistan. Dup\u0103 mai multe tururi militare, cele optzeci \u0219i trei de suflete luate \u00eei macin\u0103 con\u0219tiin\u021ba \u0219i \u00eei b\u00e2ntuie co\u0219marurile. Titlul de \u201eRomanian Reaper\u201d care \u00eel urm\u0103re\u0219te nu \u00eel \u00eenc\u0103lze\u0219te absolut deloc. \u00centors \u00een \u021bar\u0103, este singur, alcoolic \u0219i \u00eenchis emo\u021bional. Rutina distructiv\u0103 se schimb\u0103 atunci c\u00e2nd este chemat \u00eenapoi \u00een Kandahar pentru a-i ajuta pe fo\u0219tii s\u0103i colegi \u00eentr-o opera\u021biune de salvare de ostatici.<\/p>\n<p>\u00cens\u0103 Alex nu este dispus s\u0103 se \u00eentoarc\u0103 la sursa co\u0219marurilor sale \u0219i s\u0103 adauge alte vie\u021bi pe lista celor optzeci \u0219i trei. Cu toate acestea, se simte obligat s\u0103 accepte noua misiune c\u00e2nd afl\u0103 c\u0103 unul dintre ostatici este Julie, jurnalista cu care a avut o rela\u021bie str\u00e2ns\u0103 \u00een timpul ultimei sale misiuni \u00een Afganistan.<\/p>\n<hr \/>\n<h3><strong>Cartea \u201c1924 \u2013 R\u0103zboiul care a \u021binut trei zile\u201d de Andrei \u021aig\u0103na\u0219<\/strong><\/h3>\n<ul>\n<li><strong>Genul:<\/strong>\u00a0Thriller, Fic\u021biune istoric\u0103<\/li>\n<li><strong>Editura:<\/strong>\u00a0StoryCraft Publishing<\/li>\n<li><strong>Cod ISBN:<\/strong>\u00a0978-606-95651-6-2<\/li>\n<li><strong>Format:<\/strong>\u00a019,5 * 12,5 cm<\/li>\n<li><strong>Coperta:<\/strong>\u00a0bro\u0219at\u0103<\/li>\n<li><strong>Nr. pagini la interior:<\/strong>\u00a0282<\/li>\n<\/ul>\n<p>Iustin Batisceff, cel mai mic dintre cei trei b\u0103ieti ai unei v\u0103duve de origine rus\u0103 din Basarabia, este cunoscut ca fiind scandalagiu, batau\u0219 \u0219i cu un simt al dreptatii foarte dezvoltat. Se bate prin birtul satului frecvent, nu ezita sa pedepseasca exemplar copiii mai mari din sat, atunci cand sunt rai cu cei mici, iar cand vine vorba de familie, nu ezita sa isi caute singur dreptatea cu pumnul.<\/p>\n<p>Intr-una dintre zile primeste un ravas de la Andrei Kliushnikov, comisar politic venit de peste Prut cu gandul de a agita apele si de a forta o dezlipire a Basarabiei de regatul Romaniei. Cand ajunge fata in fata cu Nenin si este invitat a se alatura revoltei, Iustin simte o fascinatie inexplicabila fata de liderul ei. Totul insa se precipita, in momentul in care i se da o pusca in mana si i se cere sa il omoare pe primarul satului, ca sa faca dovada loialitatii lui.<\/p>\n<hr \/>\n<h3><strong>\u201cInutilii\u201d\u00a0<\/strong>de Cornelia Voiculescu<\/h3>\n<ul>\n<li><b>Genul:<\/b>\u00a0Distopie<\/li>\n<li><b>Editura:<\/b>\u00a0StoryCraft Publishing<\/li>\n<li><b>Cod ISBN:<\/b>\u00a0978-606-9505-72-4<\/li>\n<li><strong>Format:<\/strong>\u00a020 * 13 cm<\/li>\n<li><b>Coperta:<\/b>\u00a0bro\u0219at\u0103<\/li>\n<li><strong>Nr. pagini la interior:<\/strong>\u00a0320<\/li>\n<\/ul>\n<div class=\"woocommerce-product-details__short-description\">\n<p>Inutilii, cartea de debut a Corneliei Voiculescu, este o distopie terifiant\u0103, prin implica\u021biile morale pe care le propune. \u00centr-o societate postapocaliptic\u0103 de dup\u0103 Al III-lea R\u0103zboi Mondial, care a distrus mare parte din planet\u0103, resursele sunt extrem de limitate. Din cauza asta, cei considera\u021bi \u201cinutili\u201d (b\u0103tr\u00e2nii de peste 70 de ani, persoanele cu handicap sau cu boli terminale) sunt sacrifica\u021bi de c\u0103tre adolescen\u021bi, \u00eentr-un \u201cRitual de Primenire\u201d prin care ace\u0219tia \u00ee\u0219i ob\u021bin statutul de adul\u021bi.<\/p>\n<p>Bjorn Anderson, care abia a \u00eemplinit 16 ani, se afl\u0103 \u00een fa\u021ba celei mai grele \u00eencerc\u0103ri din via\u021ba lui: va trebui s\u0103 \u00ee\u0219i sacrifice bunicul, fa\u021b\u0103 de care are o leg\u0103tur\u0103 emo\u021bional\u0103 puternic\u0103, sub pretextul acestui ritual.<\/p>\n<hr \/>\n<h3><span style=\"color: #000000;\"><strong>Cartea \u201cBastardul\u201d, de Daniel Z\u0103rnescu<\/strong><\/span><\/h3>\n<ul>\n<li>\n<div><span style=\"color: #000000;\"><b>Cod ISBN:<\/b>\u00a0978-606-8655-63-5<\/span><\/div>\n<\/li>\n<li>\n<div><span style=\"color: #000000;\"><b>Categoria:<\/b>\u00a0Beletristic\u0103, Fic\u021biune istoric\u0103<\/span><\/div>\n<\/li>\n<li>\n<div><span style=\"color: #000000;\"><b>Editura:<\/b>\u00a0Stepout Publishing House<\/span><\/div>\n<\/li>\n<li>\n<div><span style=\"color: #000000;\"><b>Colectie:<\/b>\u00a0Ghiozdanul cu c\u0103r\u021bi<\/span><\/div>\n<\/li>\n<li>\n<div><span style=\"color: #000000;\"><b>Coperta:<\/b>\u00a0bro\u0219at\u0103<\/span><\/div>\n<\/li>\n<li>\n<div><span style=\"color: #000000;\"><strong>Format:<\/strong>\u00a020 * 13 cm<\/span><\/div>\n<\/li>\n<li>\n<div><span style=\"color: #000000;\"><strong>Nr. pagini la interior:<\/strong>\u00a0304<\/span><\/div>\n<\/li>\n<\/ul>\n<div><span style=\"color: #000000;\">Suntem pe teritoriul Celor Trei Dacii, tres Daciae, in anul 270 d.Hr. Imparatul Aurelian, proaspat numit pe tron, decide sa ii urmareasca pe tervingi si pe infamul lor lider, Cannabaudes, dincolo de Dunare. <\/span><span style=\"color: #000000;\">Scopul este sa ii goneasca o data pentru totdeauna din propriul teritoriu, ca sa se poata concentra pe lucrurile cu adevarat importante. <\/span><span style=\"color: #000000;\">Imperiul este pe marginea prapastiei. La nord: Britannia, Gallia si Hispania s-au desprins de Roma si au format Imperiul Galic. La est: Siria, Palestina si Egipt au format si ele Imperiul de la Palmira. <\/span><span style=\"color: #000000;\">Trei imperii, trei imparati. Ce se intampla in Dacia va duce la renasterea Romei sau la disparitia ei.<\/span><\/div>\n<\/div>\n","protected":false},"excerpt":{"rendered":"<p>Pachetul con\u021bine urm\u0103toarele c\u0103r\u021bi :<\/p>\n<ol>\n<li>Cartea \u201c1924 &#8211; R\u0103zboiul care a \u021binut trei zile\u201d de Andrei \u021aig\u0103na\u0219<\/li>\n<li>Cartea \u201cLiceul 13\u201d de Radu Octavian<\/li>\n<li>Cartea \u201cInutilii\u201d de Cornelia Voiculescu<\/li>\n<li>Cartea \u201eBastardul\u201d de Daniel Z\u0103rnescu<\/li>\n<\/ol>\n","protected":false},"featured_media":19127,"template":"","meta":{"_acf_changed":false},"product_brand":[],"product_cat":[261],"product_tag":[311],"class_list":{"0":"post-19123","1":"product","2":"type-product","3":"status-publish","4":"has-post-thumbnail","6":"product_cat-pachete","7":"product_tag-pachete","8":"pa_autori-alina-ariton","9":"pa_autori-andrei-tiganas","10":"pa_autori-cornelia-voiculescu","11":"pa_autori-daniel-zarnescu","13":"first","14":"outofstock","15":"sale","16":"taxable","17":"shipping-taxable","18":"purchasable","19":"product-type-simple"},"acf":[],"aioseo_notices":[],"_links":{"self":[{"href":"https:\/\/www.storycraft.ro\/shop\/wp-json\/wp\/v2\/product\/19123","targetHints":{"allow":["GET"]}}],"collection":[{"href":"https:\/\/www.storycraft.ro\/shop\/wp-json\/wp\/v2\/product"}],"about":[{"href":"https:\/\/www.storycraft.ro\/shop\/wp-json\/wp\/v2\/types\/product"}],"wp:featuredmedia":[{"embeddable":true,"href":"https:\/\/www.storycraft.ro\/shop\/wp-json\/wp\/v2\/media\/19127"}],"wp:attachment":[{"href":"https:\/\/www.storycraft.ro\/shop\/wp-json\/wp\/v2\/media?parent=19123"}],"wp:term":[{"taxonomy":"product_brand","embeddable":true,"href":"https:\/\/www.storycraft.ro\/shop\/wp-json\/wp\/v2\/product_brand?post=19123"},{"taxonomy":"product_cat","embeddable":true,"href":"https:\/\/www.storycraft.ro\/shop\/wp-json\/wp\/v2\/product_cat?post=19123"},{"taxonomy":"product_tag","embeddable":true,"href":"https:\/\/www.storycraft.ro\/shop\/wp-json\/wp\/v2\/product_tag?post=19123"}],"curies":[{"name":"wp","href":"https:\/\/api.w.org\/{rel}","templated":true}]}}