{"id":19124,"date":"2024-01-30T16:22:33","date_gmt":"2024-01-30T14:22:33","guid":{"rendered":"https:\/\/www.storycraft.ro\/shop\/?post_type=product&#038;p=19124"},"modified":"2024-01-30T17:28:03","modified_gmt":"2024-01-30T15:28:03","slug":"intoarcerea-in-infern-1924","status":"publish","type":"product","link":"https:\/\/www.storycraft.ro\/shop\/intoarcerea-in-infern-1924\/","title":{"rendered":"\u00centoarcerea \u00een Infern + 1924"},"content":{"rendered":"<p>Pachetul con\u021bine urm\u0103toarele c\u0103r\u021bi :<\/p>\n<ol>\n<li>Cartea \u201c\u00centoarcerea \u00een Infern\u201d, de Alin Ariton<\/li>\n<li>Cartea \u201c1924 &#8211; R\u0103zboiul care a \u021binut trei zile\u201d, de Andrei \u021aig\u0103na\u0219<\/li>\n<\/ol>\n<hr \/>\n<h3><strong>Cartea <\/strong><strong>\u201c<\/strong><strong>\u00centoarcerea \u00een Infern<\/strong><strong>\u201d<\/strong><strong>, de Alin Ariton<\/strong><\/h3>\n<ul>\n<li><strong>Genul:<\/strong>\u00a0Thriller, Ac\u021biune<\/li>\n<li><strong>Editura:<\/strong>\u00a0StoryCraft Publishing<\/li>\n<li><strong>Cod ISBN:\u00a0<\/strong>978-606-95757-1-0<\/li>\n<li><strong>Format:<\/strong>\u00a012,5 * 19,5 cm<\/li>\n<li><strong>Coperta:<\/strong>\u00a0bro\u0219at\u0103<\/li>\n<li><strong>Nr. pagini la interior:<\/strong>\u00a0258<\/li>\n<\/ul>\n<p>Alex este un militar retras din Afghanistan. Dup\u0103 mai multe tururi militare, cele optzeci \u0219i trei de suflete luate \u00eei macin\u0103 con\u0219tiin\u021ba \u0219i \u00eei b\u00e2ntuie co\u0219marurile. Titlul de \u201eRomanian Reaper\u201d care \u00eel urm\u0103re\u0219te nu \u00eel \u00eenc\u0103lze\u0219te absolut deloc. \u00centors \u00een \u021bar\u0103, este singur, alcoolic \u0219i \u00eenchis emo\u021bional. Rutina distructiv\u0103 se schimb\u0103 atunci c\u00e2nd este chemat \u00eenapoi \u00een Kandahar pentru a-i ajuta pe fo\u0219tii s\u0103i colegi \u00eentr-o opera\u021biune de salvare de ostatici.<\/p>\n<p>\u00cens\u0103 Alex nu este dispus s\u0103 se \u00eentoarc\u0103 la sursa co\u0219marurilor sale \u0219i s\u0103 adauge alte vie\u021bi pe lista celor optzeci \u0219i trei. Cu toate acestea, se simte obligat s\u0103 accepte noua misiune c\u00e2nd afl\u0103 c\u0103 unul dintre ostatici este Julie, jurnalista cu care a avut o rela\u021bie str\u00e2ns\u0103 \u00een timpul ultimei sale misiuni \u00een Afganistan.<\/p>\n<hr \/>\n<h3><strong>Cartea \u201c1924 &#8211; R\u0103zboiul care a \u021binut trei zile\u201d de Andrei \u021aig\u0103na\u0219<\/strong><\/h3>\n<ul>\n<li><strong>Genul:<\/strong> Thriller, Fic\u021biune istoric\u0103<\/li>\n<li><strong>Editura:<\/strong>\u00a0StoryCraft Publishing<\/li>\n<li><strong>Cod ISBN:<\/strong> 978-606-95651-6-2<\/li>\n<li><strong>Format:<\/strong>\u00a019,5 * 12,5 cm<\/li>\n<li><strong>Coperta:<\/strong>\u00a0bro\u0219at\u0103<\/li>\n<li><strong>Nr. pagini la interior:<\/strong> 282<\/li>\n<\/ul>\n<p>Iustin Batisceff, cel mai mic dintre cei trei b\u0103ieti ai unei v\u0103duve de origine rus\u0103 din Basarabia, este cunoscut ca fiind scandalagiu, batau\u0219 \u0219i cu un simt al dreptatii foarte dezvoltat. Se bate prin birtul satului frecvent, nu ezita sa pedepseasca exemplar copiii mai mari din sat, atunci cand sunt rai cu cei mici, iar cand vine vorba de familie, nu ezita sa isi caute singur dreptatea cu pumnul.<\/p>\n<p>Intr-una dintre zile primeste un ravas de la Andrei Kliushnikov, comisar politic venit de peste Prut cu gandul de a agita apele si de a forta o dezlipire a Basarabiei de regatul Romaniei. Cand ajunge fata in fata cu Nenin si este invitat a se alatura revoltei, Iustin simte o fascinatie inexplicabila fata de liderul ei. Totul insa se precipita, in momentul in care i se da o pusca in mana si i se cere sa il omoare pe primarul satului, ca sa faca dovada loialitatii lui.<\/p>\n","protected":false},"excerpt":{"rendered":"<p>Pachetul con\u021bine urm\u0103toarele c\u0103r\u021bi :<\/p>\n<ol>\n<li>Cartea \u201c\u00centoarcerea \u00een Infern\u201d, de Alin Ariton<\/li>\n<li>Cartea \u201c1924 &#8211; R\u0103zboiul care a \u021binut trei zile\u201d, de Andrei \u021aig\u0103na\u0219<\/li>\n<\/ol>\n","protected":false},"featured_media":19126,"template":"","meta":{"_acf_changed":false},"product_brand":[],"product_cat":[261],"product_tag":[311],"class_list":{"0":"post-19124","1":"product","2":"type-product","3":"status-publish","4":"has-post-thumbnail","6":"product_cat-pachete","7":"product_tag-pachete","8":"pa_autori-alina-ariton","9":"pa_autori-andrei-tiganas","11":"first","12":"instock","13":"sale","14":"taxable","15":"shipping-taxable","16":"purchasable","17":"product-type-simple"},"acf":[],"aioseo_notices":[],"_links":{"self":[{"href":"https:\/\/www.storycraft.ro\/shop\/wp-json\/wp\/v2\/product\/19124","targetHints":{"allow":["GET"]}}],"collection":[{"href":"https:\/\/www.storycraft.ro\/shop\/wp-json\/wp\/v2\/product"}],"about":[{"href":"https:\/\/www.storycraft.ro\/shop\/wp-json\/wp\/v2\/types\/product"}],"wp:featuredmedia":[{"embeddable":true,"href":"https:\/\/www.storycraft.ro\/shop\/wp-json\/wp\/v2\/media\/19126"}],"wp:attachment":[{"href":"https:\/\/www.storycraft.ro\/shop\/wp-json\/wp\/v2\/media?parent=19124"}],"wp:term":[{"taxonomy":"product_brand","embeddable":true,"href":"https:\/\/www.storycraft.ro\/shop\/wp-json\/wp\/v2\/product_brand?post=19124"},{"taxonomy":"product_cat","embeddable":true,"href":"https:\/\/www.storycraft.ro\/shop\/wp-json\/wp\/v2\/product_cat?post=19124"},{"taxonomy":"product_tag","embeddable":true,"href":"https:\/\/www.storycraft.ro\/shop\/wp-json\/wp\/v2\/product_tag?post=19124"}],"curies":[{"name":"wp","href":"https:\/\/api.w.org\/{rel}","templated":true}]}}