{"id":19424,"date":"2024-02-14T23:11:29","date_gmt":"2024-02-14T21:11:29","guid":{"rendered":"https:\/\/www.storycraft.ro\/shop\/?post_type=product&#038;p=19424"},"modified":"2025-11-21T16:16:16","modified_gmt":"2025-11-21T14:16:16","slug":"lasa-intunericul-sa-te-invaluie-jukai-sapte-porti-inutilii","status":"publish","type":"product","link":"https:\/\/www.storycraft.ro\/shop\/lasa-intunericul-sa-te-invaluie-jukai-sapte-porti-inutilii\/","title":{"rendered":"Pachetul \u00eentunecat: Las\u0103 \u00eentunericul s\u0103 te \u00eenv\u0103luie + Jukai + \u0218apte Por\u021bi + Inutilii"},"content":{"rendered":"<p><span style=\"color: #000000;\">Pachetul \u00eentunecat con\u021bine urm\u0103toarele c\u0103r\u021bi :<\/span><\/p>\n<ol>\n<li><span style=\"color: #000000;\">Cartea \u201cLas\u0103 \u00eentunericul s\u0103 te \u00eenv\u0103luie\u201d de Maria Voss<\/span><\/li>\n<li><span style=\"color: #000000;\">Cartea \u201c\u0218apte Por\u021bi\u201d de Radu Octavian<\/span><\/li>\n<li><span style=\"color: #000000;\">Cartea \u201cJukai, \u00eentunericul deplin&#8221; de Adriana Agache<br \/>\n<\/span><\/li>\n<li>Cartea &#8220;Inutilii&#8221; de Cornelia Voiculescu<\/li>\n<\/ol>\n<div class=\"woocommerce-product-details__short-description\">\n<p>&nbsp;<\/p>\n<\/div>\n","protected":false},"excerpt":{"rendered":"<p><span style=\"color: #000000;\">Pachetul \u00eentunecat con\u021bine urm\u0103toarele c\u0103r\u021bi :<\/span><\/p>\n<ol>\n<li><span style=\"color: #000000;\">Cartea \u201cLas\u0103 \u00eentunericul s\u0103 te \u00eenv\u0103luie\u201d de Maria Voss<\/span><\/li>\n<li><span style=\"color: #000000;\">Cartea \u201c\u0218apte Por\u021bi\u201d de Radu Octavian<\/span><\/li>\n<li><span style=\"color: #000000;\">Cartea \u201cJukai, \u00eentunericul deplin&#8221; de Adriana Agache<br \/>\n<\/span><\/li>\n<li>Cartea &#8220;Inutilii&#8221; de Cornelia Voiculescu<\/li>\n<\/ol>\n","protected":false},"featured_media":19423,"template":"","meta":{"_acf_changed":false},"product_brand":[],"product_cat":[261],"product_tag":[311],"class_list":{"0":"post-19424","1":"product","2":"type-product","3":"status-publish","4":"has-post-thumbnail","6":"product_cat-pachete","7":"product_tag-pachete","8":"pa_autori-adriana-agache","9":"pa_autori-cornelia-voiculescu","10":"pa_autori-maria-voss","11":"pa_autori-radu-octavian","13":"first","14":"instock","15":"sale","16":"taxable","17":"shipping-taxable","18":"purchasable","19":"product-type-simple"},"acf":[],"aioseo_notices":[],"_links":{"self":[{"href":"https:\/\/www.storycraft.ro\/shop\/wp-json\/wp\/v2\/product\/19424","targetHints":{"allow":["GET"]}}],"collection":[{"href":"https:\/\/www.storycraft.ro\/shop\/wp-json\/wp\/v2\/product"}],"about":[{"href":"https:\/\/www.storycraft.ro\/shop\/wp-json\/wp\/v2\/types\/product"}],"wp:featuredmedia":[{"embeddable":true,"href":"https:\/\/www.storycraft.ro\/shop\/wp-json\/wp\/v2\/media\/19423"}],"wp:attachment":[{"href":"https:\/\/www.storycraft.ro\/shop\/wp-json\/wp\/v2\/media?parent=19424"}],"wp:term":[{"taxonomy":"product_brand","embeddable":true,"href":"https:\/\/www.storycraft.ro\/shop\/wp-json\/wp\/v2\/product_brand?post=19424"},{"taxonomy":"product_cat","embeddable":true,"href":"https:\/\/www.storycraft.ro\/shop\/wp-json\/wp\/v2\/product_cat?post=19424"},{"taxonomy":"product_tag","embeddable":true,"href":"https:\/\/www.storycraft.ro\/shop\/wp-json\/wp\/v2\/product_tag?post=19424"}],"curies":[{"name":"wp","href":"https:\/\/api.w.org\/{rel}","templated":true}]}}